{"id":209,"date":"2021-07-01T09:09:44","date_gmt":"2021-07-01T08:09:44","guid":{"rendered":"https:\/\/www.peterlang.com\/home\/"},"modified":"2026-01-07T14:22:11","modified_gmt":"2026-01-07T14:22:11","slug":"home","status":"publish","type":"page","link":"https:\/\/www.peterlang.com\/de\/","title":{"rendered":"Home"},"content":{"rendered":"\n\n\r\n\r\n<div class=\"appeal-spacer  appeal-spacer--69d0958117c59\" aria-hidden=\"true\">\r\n    <style>\r\n        .appeal-spacer--69d0958117c59 { height: 50px; }<!--\r\n        -->@media (max-width: 1919px) {\r\n            .appeal-spacer--69d0958117c59 { height: 50px; }\r\n        }<!--\r\n        -->@media (max-width: 1023px) {\r\n            .appeal-spacer--69d0958117c59 { height: 25px; }\r\n        }<!--\r\n        -->@media (max-width: 599px) {\r\n            .appeal-spacer--69d0958117c59 { height: 25px; }\r\n        }\r\n    <\/style>\r\n<\/div>\r\n\n\n\r\n\r\n<section class=\"books js-book-carousel\">\r\n  <div class=\"books__container\">\r\n    <div class=\"books__titles\">\r\n      <h2 class=\"books__title\">Highlights<\/h2>\r\n      <h3 class=\"books__subtitle\">Durchsuchen Sie unsere neuen und lesenswerten Titel<\/h3>\r\n    <\/div>\r\n  \r\n    <book-carousel class=\"books__slider\" :ids='[\"1619275\",\"1505920\",\"1538798\",\"1408260\",\"1585630\",\"1483780\",\"1556124\",\"1490171\",\"1498348\",\"1503259\"]'><\/book-carousel>\r\n  <\/div>\r\n<\/section>\n\n\r\n\r\n<section data-loaded class=\"related-news related-news--container related-news--orange related-news--background-image\">\r\n  <div class=\"related-news__container\">\r\n    <img decoding=\"async\" class=\"related-news__background\" src=\"https:\/\/www.peterlang.com\/app\/themes\/peter-lang\/images\/patterns\/block-pattern.png\" alt=\"block background\">\r\n          <h3 class=\"related-news__title\">Neuigkeiten<\/h3>\r\n              <p class=\"related-news__text\">Lesen Sie mehr zu Unternehmensereignissen und -veranstaltungen<\/p>\r\n              <div class=\"related-news__news related-news__news--init draggable\">\r\n                  <div class=\"related-news__item\">\r\n            <a class=\"related-news__link\" href=\"https:\/\/www.peterlang.com\/de\/angebote-bibliocon-2025\/\"><\/a>\r\n                          <h4 class=\"related-news__post-title\">Besuchen Sie uns vom 24.-27.6.2025 auf dem BID &#8211; 9. Bibliothekskongress 2025 \/ 113. BiblioCon in Bremen<\/h4>\r\n                        <p class=\"related-news__date\">Apr 30th, 2025<\/p>\r\n          <\/div>\r\n                  <div class=\"related-news__item\">\r\n            <a class=\"related-news__link\" href=\"https:\/\/www.peterlang.com\/de\/an-award-for-un-prix-pour-marine-borel\/\"><\/a>\r\n                          <h4 class=\"related-news__post-title\">An award for \/ Un prix pour MARINE BOREL<\/h4>\r\n                        <p class=\"related-news__date\">Mar 10th, 2025<\/p>\r\n          <\/div>\r\n                  <div class=\"related-news__item\">\r\n            <a class=\"related-news__link\" href=\"https:\/\/www.peterlang.com\/de\/call-for-chapters-new-counterpoints-title\/\"><\/a>\r\n                          <h4 class=\"related-news__post-title\">Call for Chapters: New &#8216;Counterpoints&#8217; title<\/h4>\r\n                        <p class=\"related-news__date\">Oct 15th, 2024<\/p>\r\n          <\/div>\r\n              <\/div>\r\n      <\/div>\r\n<\/section>\n\n\n\n<section class=\"cta__section \">\n\t<div class=\"cta__container\">\n    <div class=\"cta__content\">\n  \t\t<h1 class=\"cta__title\">Ver\u00f6ffentlichen Sie mit uns<\/h1>\n  \t\t  \t\t\t<p class=\"cta__text\">M\u00f6chten Sie Ihre Forschungsergebnisse ver\u00f6ffentlichen? Lesen Sie mehr dar\u00fcber, warum die Peter Lang Group die ideale Verlagswahl f\u00fcr Ihre Publikation ist<\/p>\n  \t\t  \t\t  \t\t\t<a href=\"http:\/\/www.peterlang.com\/de\/fur-autoren\/\" class=\"button\">Erfahren Sie mehr<\/a>\n  \t\t    <\/div>\n\t<\/div>\n<\/section> \n\n\r\n\r\n<div class=\"appeal-spacer  appeal-spacer--69d09581190bc\" aria-hidden=\"true\">\r\n    <style>\r\n        .appeal-spacer--69d09581190bc { height: 100px; }<!--\r\n        -->@media (max-width: 1919px) {\r\n            .appeal-spacer--69d09581190bc { height: 100px; }\r\n        }<!--\r\n        -->@media (max-width: 1023px) {\r\n            .appeal-spacer--69d09581190bc { height: 50px; }\r\n        }<!--\r\n        -->@media (max-width: 599px) {\r\n            .appeal-spacer--69d09581190bc { height: 50px; }\r\n        }\r\n    <\/style>\r\n<\/div>\r\n\n\n\r\n\r\n<div class=\"appeal-spacer  appeal-spacer--69d09581191e2\" aria-hidden=\"true\">\r\n    <style>\r\n        .appeal-spacer--69d09581191e2 { height: 50px; }<!--\r\n        -->@media (max-width: 1919px) {\r\n            .appeal-spacer--69d09581191e2 { height: 50px; }\r\n        }<!--\r\n        -->@media (max-width: 1023px) {\r\n            .appeal-spacer--69d09581191e2 { height: 25px; }\r\n        }<!--\r\n        -->@media (max-width: 599px) {\r\n            .appeal-spacer--69d09581191e2 { height: 25px; }\r\n        }\r\n    <\/style>\r\n<\/div>\r\n","protected":false},"excerpt":{"rendered":"","protected":false},"author":1,"featured_media":0,"parent":0,"menu_order":0,"comment_status":"closed","ping_status":"closed","template":"","meta":{"_acf_changed":false,"content-type":"","footnotes":""},"class_list":["post-209","page","type-page","status-publish","hentry"],"acf":[],"yoast_head":"<!-- This site is optimized with the Yoast SEO Premium plugin v24.6 (Yoast SEO v24.9) - https:\/\/yoast.com\/wordpress\/plugins\/seo\/ -->\n<title>Buchverlag finden f\u00fcr hochwertige Ver\u00f6ffentlichungen<\/title>\n<meta name=\"description\" content=\"Finden Sie den passenden Buchverlag f\u00fcr Ihre akademische Ver\u00f6ffentlichung. Peter Lang unterst\u00fctzt Sie bei jedem Schritt des Publikationsprozesses.\" \/>\n<meta name=\"robots\" content=\"index, follow, max-snippet:-1, max-image-preview:large, max-video-preview:-1\" \/>\n<link rel=\"canonical\" href=\"https:\/\/www.peterlang.com\/de\/\" \/>\n<meta property=\"og:locale\" content=\"de_DE\" \/>\n<meta property=\"og:type\" content=\"article\" \/>\n<meta property=\"og:title\" content=\"Home\" \/>\n<meta property=\"og:description\" content=\"Finden Sie den passenden Buchverlag f\u00fcr Ihre akademische Ver\u00f6ffentlichung. Peter Lang unterst\u00fctzt Sie bei jedem Schritt des Publikationsprozesses.\" \/>\n<meta property=\"og:url\" content=\"https:\/\/www.peterlang.com\/de\/\" \/>\n<meta property=\"og:site_name\" content=\"Peter Lang\" \/>\n<meta property=\"article:modified_time\" content=\"2026-01-07T14:22:11+00:00\" \/>\n<meta name=\"twitter:card\" content=\"summary_large_image\" \/>\n<script type=\"application\/ld+json\" class=\"yoast-schema-graph\">{\"@context\":\"https:\/\/schema.org\",\"@graph\":[{\"@type\":\"WebPage\",\"@id\":\"https:\/\/www.peterlang.com\/de\/\",\"url\":\"https:\/\/www.peterlang.com\/de\/\",\"name\":\"Buchverlag finden f\u00fcr hochwertige Ver\u00f6ffentlichungen\",\"isPartOf\":{\"@id\":\"https:\/\/www.peterlang.com\/#website\"},\"datePublished\":\"2021-07-01T08:09:44+00:00\",\"dateModified\":\"2026-01-07T14:22:11+00:00\",\"description\":\"Finden Sie den passenden Buchverlag f\u00fcr Ihre akademische Ver\u00f6ffentlichung. Peter Lang unterst\u00fctzt Sie bei jedem Schritt des Publikationsprozesses.\",\"breadcrumb\":{\"@id\":\"https:\/\/www.peterlang.com\/de\/#breadcrumb\"},\"inLanguage\":\"de-DE\",\"potentialAction\":[{\"@type\":\"ReadAction\",\"target\":[\"https:\/\/www.peterlang.com\/de\/\"]}]},{\"@type\":\"BreadcrumbList\",\"@id\":\"https:\/\/www.peterlang.com\/de\/#breadcrumb\",\"itemListElement\":[{\"@type\":\"ListItem\",\"position\":1,\"name\":\"Home\",\"item\":\"https:\/\/www.peterlang.com\/de\/\"},{\"@type\":\"ListItem\",\"position\":2,\"name\":\"Home\"}]},{\"@type\":\"WebSite\",\"@id\":\"https:\/\/www.peterlang.com\/#website\",\"url\":\"https:\/\/www.peterlang.com\/\",\"name\":\"Peter Lang\",\"description\":\"Peter Lang specializes in the Humanities and Social Sciences, covering the complete publication spectrum from monographs to student textbooks.\",\"potentialAction\":[{\"@type\":\"SearchAction\",\"target\":{\"@type\":\"EntryPoint\",\"urlTemplate\":\"https:\/\/www.peterlang.com\/?s={search_term_string}\"},\"query-input\":{\"@type\":\"PropertyValueSpecification\",\"valueRequired\":true,\"valueName\":\"search_term_string\"}}],\"inLanguage\":\"de-DE\"}]}<\/script>\n<!-- \/ Yoast SEO Premium plugin. -->","yoast_head_json":{"title":"Buchverlag finden f\u00fcr hochwertige Ver\u00f6ffentlichungen","description":"Finden Sie den passenden Buchverlag f\u00fcr Ihre akademische Ver\u00f6ffentlichung. Peter Lang unterst\u00fctzt Sie bei jedem Schritt des Publikationsprozesses.","robots":{"index":"index","follow":"follow","max-snippet":"max-snippet:-1","max-image-preview":"max-image-preview:large","max-video-preview":"max-video-preview:-1"},"canonical":"https:\/\/www.peterlang.com\/de\/","og_locale":"de_DE","og_type":"article","og_title":"Home","og_description":"Finden Sie den passenden Buchverlag f\u00fcr Ihre akademische Ver\u00f6ffentlichung. Peter Lang unterst\u00fctzt Sie bei jedem Schritt des Publikationsprozesses.","og_url":"https:\/\/www.peterlang.com\/de\/","og_site_name":"Peter Lang","article_modified_time":"2026-01-07T14:22:11+00:00","twitter_card":"summary_large_image","schema":{"@context":"https:\/\/schema.org","@graph":[{"@type":"WebPage","@id":"https:\/\/www.peterlang.com\/de\/","url":"https:\/\/www.peterlang.com\/de\/","name":"Buchverlag finden f\u00fcr hochwertige Ver\u00f6ffentlichungen","isPartOf":{"@id":"https:\/\/www.peterlang.com\/#website"},"datePublished":"2021-07-01T08:09:44+00:00","dateModified":"2026-01-07T14:22:11+00:00","description":"Finden Sie den passenden Buchverlag f\u00fcr Ihre akademische Ver\u00f6ffentlichung. Peter Lang unterst\u00fctzt Sie bei jedem Schritt des Publikationsprozesses.","breadcrumb":{"@id":"https:\/\/www.peterlang.com\/de\/#breadcrumb"},"inLanguage":"de-DE","potentialAction":[{"@type":"ReadAction","target":["https:\/\/www.peterlang.com\/de\/"]}]},{"@type":"BreadcrumbList","@id":"https:\/\/www.peterlang.com\/de\/#breadcrumb","itemListElement":[{"@type":"ListItem","position":1,"name":"Home","item":"https:\/\/www.peterlang.com\/de\/"},{"@type":"ListItem","position":2,"name":"Home"}]},{"@type":"WebSite","@id":"https:\/\/www.peterlang.com\/#website","url":"https:\/\/www.peterlang.com\/","name":"Peter Lang","description":"Peter Lang specializes in the Humanities and Social Sciences, covering the complete publication spectrum from monographs to student textbooks.","potentialAction":[{"@type":"SearchAction","target":{"@type":"EntryPoint","urlTemplate":"https:\/\/www.peterlang.com\/?s={search_term_string}"},"query-input":{"@type":"PropertyValueSpecification","valueRequired":true,"valueName":"search_term_string"}}],"inLanguage":"de-DE"}]}},"_links":{"self":[{"href":"https:\/\/www.peterlang.com\/de\/wp-json\/wp\/v2\/pages\/209","targetHints":{"allow":["GET"]}}],"collection":[{"href":"https:\/\/www.peterlang.com\/de\/wp-json\/wp\/v2\/pages"}],"about":[{"href":"https:\/\/www.peterlang.com\/de\/wp-json\/wp\/v2\/types\/page"}],"author":[{"embeddable":true,"href":"https:\/\/www.peterlang.com\/de\/wp-json\/wp\/v2\/users\/1"}],"replies":[{"embeddable":true,"href":"https:\/\/www.peterlang.com\/de\/wp-json\/wp\/v2\/comments?post=209"}],"version-history":[{"count":224,"href":"https:\/\/www.peterlang.com\/de\/wp-json\/wp\/v2\/pages\/209\/revisions"}],"predecessor-version":[{"id":55319,"href":"https:\/\/www.peterlang.com\/de\/wp-json\/wp\/v2\/pages\/209\/revisions\/55319"}],"wp:attachment":[{"href":"https:\/\/www.peterlang.com\/de\/wp-json\/wp\/v2\/media?parent=209"}],"curies":[{"name":"wp","href":"https:\/\/api.w.org\/{rel}","templated":true}]}}