{"id":21233,"date":"2024-04-03T11:25:38","date_gmt":"2024-04-03T10:25:38","guid":{"rendered":"https:\/\/www.peterlang.com\/?page_id=21233"},"modified":"2025-01-13T11:48:12","modified_gmt":"2025-01-13T11:48:12","slug":"2024-emerging-scholars-competition","status":"publish","type":"page","link":"https:\/\/www.peterlang.com\/de\/2024-emerging-scholars-competition\/","title":{"rendered":"2024 Emerging Scholars Competition"},"content":{"rendered":"\n\n\r\n<section class=\"secondary-nav remove-spacing\" data-block=\"appeal\/secondary-nav\">\r\n  <div class=\"secondary-nav__container\">\r\n    <div class=\"secondary-nav__arrow secondary-nav__arrow--left\">\r\n      <svg version=\"1.1\" id=\"Capa_1\" xmlns=\"http:\/\/www.w3.org\/2000\/svg\" xmlns:xlink=\"http:\/\/www.w3.org\/1999\/xlink\" x=\"0px\" y=\"0px\"\r\n\t width=\"792.033px\" height=\"792.033px\" viewBox=\"0 0 792.033 792.033\" style=\"enable-background:new 0 0 792.033 792.033;\"\r\n\t xml:space=\"preserve\">\r\n<g>\r\n\t<g id=\"_x38_\">\r\n\t\t<g>\r\n\t\t\t<path d=\"M617.858,370.896L221.513,9.705c-13.006-12.94-34.099-12.94-47.105,0c-13.006,12.939-13.006,33.934,0,46.874\r\n\t\t\t\tl372.447,339.438L174.441,735.454c-13.006,12.94-13.006,33.935,0,46.874s34.099,12.939,47.104,0l396.346-361.191\r\n\t\t\t\tc6.932-6.898,9.904-16.043,9.441-25.087C627.763,386.972,624.792,377.828,617.858,370.896z\"\/>\r\n\t\t<\/g>\r\n\t<\/g>\r\n<\/g>\r\n<g>\r\n<\/g>\r\n<g>\r\n<\/g>\r\n<g>\r\n<\/g>\r\n<g>\r\n<\/g>\r\n<g>\r\n<\/g>\r\n<g>\r\n<\/g>\r\n<g>\r\n<\/g>\r\n<g>\r\n<\/g>\r\n<g>\r\n<\/g>\r\n<g>\r\n<\/g>\r\n<g>\r\n<\/g>\r\n<g>\r\n<\/g>\r\n<g>\r\n<\/g>\r\n<g>\r\n<\/g>\r\n<g>\r\n<\/g>\r\n<\/svg>\r\n    <\/div>\r\n    <nav class=\"secondary-nav__nav\">\r\n              <ul class=\"secondary-nav__links draggable\">\r\n                                    <li class=\"secondary-nav__link\">\r\n                                <a href=\"https:\/\/www.peterlang.com\/de\/2024-emerging-scholars-competition\/#esc-geschichte\">Geschichte<\/a>\r\n              <\/li>\r\n                              <\/ul>\r\n          <\/nav>\r\n    <div class=\"secondary-nav__arrow secondary-nav__arrow--right\">\r\n      <svg version=\"1.1\" id=\"Capa_1\" xmlns=\"http:\/\/www.w3.org\/2000\/svg\" xmlns:xlink=\"http:\/\/www.w3.org\/1999\/xlink\" x=\"0px\" y=\"0px\"\r\n\t width=\"792.033px\" height=\"792.033px\" viewBox=\"0 0 792.033 792.033\" style=\"enable-background:new 0 0 792.033 792.033;\"\r\n\t xml:space=\"preserve\">\r\n<g>\r\n\t<g id=\"_x38_\">\r\n\t\t<g>\r\n\t\t\t<path d=\"M617.858,370.896L221.513,9.705c-13.006-12.94-34.099-12.94-47.105,0c-13.006,12.939-13.006,33.934,0,46.874\r\n\t\t\t\tl372.447,339.438L174.441,735.454c-13.006,12.94-13.006,33.935,0,46.874s34.099,12.939,47.104,0l396.346-361.191\r\n\t\t\t\tc6.932-6.898,9.904-16.043,9.441-25.087C627.763,386.972,624.792,377.828,617.858,370.896z\"\/>\r\n\t\t<\/g>\r\n\t<\/g>\r\n<\/g>\r\n<g>\r\n<\/g>\r\n<g>\r\n<\/g>\r\n<g>\r\n<\/g>\r\n<g>\r\n<\/g>\r\n<g>\r\n<\/g>\r\n<g>\r\n<\/g>\r\n<g>\r\n<\/g>\r\n<g>\r\n<\/g>\r\n<g>\r\n<\/g>\r\n<g>\r\n<\/g>\r\n<g>\r\n<\/g>\r\n<g>\r\n<\/g>\r\n<g>\r\n<\/g>\r\n<g>\r\n<\/g>\r\n<g>\r\n<\/g>\r\n<\/svg>\r\n    <\/div>\r\n  <\/div>\r\n<\/section>\n\n\r\n\r\n<div class=\"appeal-spacer  appeal-spacer--69f20d3275a79\" aria-hidden=\"true\">\r\n    <style>\r\n        .appeal-spacer--69f20d3275a79 { height: 50px; }<!--\r\n        -->@media (max-width: 1919px) {\r\n            .appeal-spacer--69f20d3275a79 { height: 50px; }\r\n        }<!--\r\n        -->@media (max-width: 1023px) {\r\n            .appeal-spacer--69f20d3275a79 { height: 25px; }\r\n        }<!--\r\n        -->@media (max-width: 599px) {\r\n            .appeal-spacer--69f20d3275a79 { height: 25px; }\r\n        }\r\n    <\/style>\r\n<\/div>\r\n\n\n\n<p class=\"has-text-align-center has-t-p-font-size\">Peter Lang freut sich, die Gewinnerinnen der <strong>Peter Lang 2024 Emerging Scholars Competition<\/strong> in<strong> Environmental Humanities <\/strong>bekannt zu geben.<\/p>\n\n\n\n<h2 class=\"wp-block-heading has-text-align-center has-t-h-2-font-size\">Gewinnerinnen<\/h2>\n\n\n\n<p class=\"has-text-align-center has-t-p-font-size\">Yolanda L\u00f3pez-Maldonado<\/p>\n\n\n\n<p class=\"has-text-align-center has-t-p-font-size\"><em>Indigenous Knowledge Explained<\/em><\/p>\n\n\n\n<p class=\"has-text-align-center has-t-p-font-size\"><em>und<\/em><\/p>\n\n\n\n<p class=\"has-text-align-center has-t-p-font-size\">Amy Ainsworth<\/p>\n\n\n\n<p class=\"has-text-align-center has-t-p-font-size\"><em>The Ecological and the ecoGothic in German Literature and Culture (1885-1930)<\/em><\/p>\n\n\n\r\n\r\n<div class=\"appeal-spacer  appeal-spacer--69f20d3275fa0\" aria-hidden=\"true\">\r\n    <style>\r\n        .appeal-spacer--69f20d3275fa0 { height: 25px; }<!--\r\n        -->@media (max-width: 1919px) {\r\n            .appeal-spacer--69f20d3275fa0 { height: 25px; }\r\n        }<!--\r\n        -->@media (max-width: 1023px) {\r\n            .appeal-spacer--69f20d3275fa0 { height: 15px; }\r\n        }<!--\r\n        -->@media (max-width: 599px) {\r\n            .appeal-spacer--69f20d3275fa0 { height: 15px; }\r\n        }\r\n    <\/style>\r\n<\/div>\r\n\n\n\n<p class=\"has-text-align-center has-t-p-font-size\">Dieser Gewinnertitel wird in der Buchreihe <a href=\"https:\/\/www.peterlang.com\/series\/paia\" target=\"_blank\" rel=\"noreferrer noopener\" title=\"Erfahren Sie mehr \u00fcber die Buchreihe 'Plants and Animals: Interdisciplinary Approaches'\"><em>Plants and Animals: Interdisciplinary Approaches<\/em><\/a> ver\u00f6ffentlicht.<\/p>\n\n\n<div class=\"wp-block-image\">\n<figure class=\"aligncenter size-full\"><img loading=\"lazy\" decoding=\"async\" width=\"662\" height=\"196\" src=\"https:\/\/www.peterlang.com\/app\/uploads\/2024\/12\/image-2.jpeg\" alt=\"\" class=\"wp-image-42757\" srcset=\"https:\/\/www.peterlang.com\/app\/uploads\/2024\/12\/image-2.jpeg 662w, https:\/\/www.peterlang.com\/app\/uploads\/2024\/12\/image-2-300x89.jpeg 300w\" sizes=\"auto, (max-width: 662px) 100vw, 662px\" \/><\/figure>\n<\/div>\n\n\n<p class=\"has-t-p-font-size\">Wir gratulieren unseren Gewinnerinnen und bedanken uns bei unserem hochkar\u00e4tigen Editorial Board sowie bei allen, die am Wettbewerb teilgenommen haben.<\/p>\n\n\n\n<p class=\"has-t-p-font-size\">Die Peter Lang Emerging Scholars Competition ist ein j\u00e4hrlich stattfindender Wettbewerb in ausgew\u00e4hlten Fachbereichen. Bitte informieren Sie sich <a href=\"https:\/\/www.peterlang.com\/de\/2025-emerging-scholars-competition\/\" title=\"Erfahren Sie mehr \u00fcber die n\u00e4chsten Wettbewerbe der Peter Lang Emerging Scholars Competition\">hier<\/a> \u00fcber die n\u00e4chsten Wettbewerbe.<\/p>\n\n\n\n<p class=\"has-t-p-font-size\">F\u00fcr weitere Informationen wenden Sie sich gerne an Dr. Laurel Plapp (l.plapp@peterlang.com) oder Dr. Phil Dunshea (p.dunshea@peterlang.com).<\/p>\n\n\n\r\n\r\n<div class=\"appeal-spacer  appeal-spacer--69f20d3277e16\" aria-hidden=\"true\">\r\n    <style>\r\n        .appeal-spacer--69f20d3277e16 { height: 50px; }<!--\r\n        -->@media (max-width: 1919px) {\r\n            .appeal-spacer--69f20d3277e16 { height: 50px; }\r\n        }<!--\r\n        -->@media (max-width: 1023px) {\r\n            .appeal-spacer--69f20d3277e16 { height: 25px; }\r\n        }<!--\r\n        -->@media (max-width: 599px) {\r\n            .appeal-spacer--69f20d3277e16 { height: 25px; }\r\n        }\r\n    <\/style>\r\n<\/div>\r\n\n\n\n<p class=\"anchor has-t-h-2-font-size\" id=\"esc-geschichte\"><strong>Geschichte<\/strong><\/p>\n\n\n\n<p class=\"has-t-p-font-size\">Die Peter Lang Emerging Scholars Competition <em>(fr\u00fcher bekannt als Young Scholars Competition)<\/em> ist ein j\u00e4hrlicher Wettbewerb f\u00fcr Nachwuchswissenschaftler:innen in ausgew\u00e4hlten Bereichen. Er findet seit 2011 jedes Jahr, unter anderem in den Bereichen Black Studies, Irish Studies, Women&#8217;s Writing, Education, French Studies und weiteren, statt.<\/p>\n\n\n\n<p class=\"has-t-p-font-size\">Bei jedem Wettbewerb werden Buchvorschl\u00e4ge f\u00fcr Monografien von Nachwuchswissenschaftlern zur Bewertung durch ein angesehenes Editorial Board eingeladen. Die Gewinner:innen erhalten einen Vertrag f\u00fcr ein vollst\u00e4ndig finanziertes Buch und den Titel der Gewinner:innen. Auch die Zweitplatzierten und andere Teilnehmer:innen erhalten die M\u00f6glichkeit zur Ver\u00f6ffentlichung.<\/p>\n\n\n\n<p class=\"has-t-p-font-size\">Wir sind stolz darauf, im Laufe der Jahre \u00fcber 30 Gewinner:innen des Wettbewerbs zu haben, und wir freuen uns, einige unserer Gewinnerb\u00fccher vorzustellen. Sehen Sie sich die Interviews mit drei Gewinnern unseres Franz\u00f6sisch-Wettbewerbs 2019 an &#8211; <a href=\"https:\/\/www.youtube.com\/watch?v=TEMC5aR2fZ0\">Polly Galis<\/a>,&nbsp;<a href=\"https:\/\/www.youtube.com\/watch?v=90uBWT6s1ZY\">Mathew Rickard<\/a>, and <a href=\"https:\/\/www.youtube.com\/watch?v=z2NGIkWCzRI\" target=\"_blank\" rel=\"noreferrer noopener\">Natalie Berkman<\/a> &#8211;&nbsp;und erfahren Sie, was der Gewinn des Wettbewerbs f\u00fcr sie bedeutet.<\/p>\n\n\n\r\n\r\n<section class=\"books js-book-carousel\">\r\n  <div class=\"books__container\">\r\n    <div class=\"books__titles\">\r\n      <h2 class=\"books__title\"><\/h2>\r\n      <h3 class=\"books__subtitle\"><\/h3>\r\n    <\/div>\r\n  \r\n    <book-carousel class=\"books__slider\" :ids='[\"1288815\",\"1140532\",\"1188353\",\"1055271\",\"1057902\",\"1056603\",\"1056647\",\"1055884\",\"1052531\",\"1053377\"]'><\/book-carousel>\r\n  <\/div>\r\n<\/section>\n\n\n\n\n<section class=\"testimonial\">\n\t<div class=\"testimonial__bg\"><\/div>\n\t<div class=\"testimonial__container\">\n\t\t \n\t\t<div class=\"testimonial__content\">\n\t\t\t<blockquote class=\"testimonial__quote\">\n\t\t\t\t<p><\/p>\n\t\t\t<\/blockquote>\n\t\t\t<p class=\"testimonial__caption\"><\/p>\n\t\t<\/div>\n\t<\/div>\n<\/section>\n\n\r\n\r\n<div class=\"appeal-spacer  appeal-spacer--69f20d3278789\" aria-hidden=\"true\">\r\n    <style>\r\n        .appeal-spacer--69f20d3278789 { height: 50px; }<!--\r\n        -->@media (max-width: 1919px) {\r\n            .appeal-spacer--69f20d3278789 { height: 50px; }\r\n        }<!--\r\n        -->@media (max-width: 1023px) {\r\n            .appeal-spacer--69f20d3278789 { height: 25px; }\r\n        }<!--\r\n        -->@media (max-width: 599px) {\r\n            .appeal-spacer--69f20d3278789 { height: 25px; }\r\n        }\r\n    <\/style>\r\n<\/div>\r\n","protected":false},"excerpt":{"rendered":"<p>Peter Lang freut sich, die Gewinnerinnen der Peter Lang 2024 Emerging Scholars Competition in Environmental Humanities bekannt zu geben. Gewinnerinnen Yolanda L\u00f3pez-Maldonado Indigenous Knowledge Explained und Amy Ainsworth The Ecological and the ecoGothic in German Literature and Culture (1885-1930) Dieser Gewinnertitel wird in der Buchreihe Plants and Animals: Interdisciplinary Approaches ver\u00f6ffentlicht. Wir gratulieren unseren Gewinnerinnen [&hellip;]<\/p>\n","protected":false},"author":23,"featured_media":0,"parent":0,"menu_order":0,"comment_status":"closed","ping_status":"closed","template":"","meta":{"_acf_changed":false,"content-type":"","footnotes":""},"class_list":["post-21233","page","type-page","status-publish","hentry"],"acf":[],"yoast_head":"<!-- This site is optimized with the Yoast SEO Premium plugin v24.6 (Yoast SEO v24.9) - https:\/\/yoast.com\/wordpress\/plugins\/seo\/ -->\n<title>Emerging Scholars Competition 2024 \u2013 Umweltforschung f\u00f6rdern<\/title>\n<meta name=\"description\" content=\"Nehmen Sie am Emerging Scholars Competition 2024 teil und gewinnen Sie eine Gold Open Access-Publikation. Jetzt Vorschlag einreichen!\" \/>\n<meta name=\"robots\" content=\"index, follow, max-snippet:-1, max-image-preview:large, max-video-preview:-1\" \/>\n<link rel=\"canonical\" href=\"https:\/\/www.peterlang.com\/de\/2024-emerging-scholars-competition\/\" \/>\n<meta property=\"og:locale\" content=\"de_DE\" \/>\n<meta property=\"og:type\" content=\"article\" \/>\n<meta property=\"og:title\" content=\"2024 Emerging Scholars Competition\" \/>\n<meta property=\"og:description\" content=\"Nehmen Sie am Emerging Scholars Competition 2024 teil und gewinnen Sie eine Gold Open Access-Publikation. Jetzt Vorschlag einreichen!\" \/>\n<meta property=\"og:url\" content=\"https:\/\/www.peterlang.com\/de\/2024-emerging-scholars-competition\/\" \/>\n<meta property=\"og:site_name\" content=\"Peter Lang\" \/>\n<meta property=\"article:modified_time\" content=\"2025-01-13T11:48:12+00:00\" \/>\n<meta property=\"og:image\" content=\"https:\/\/www.peterlang.com\/app\/uploads\/2024\/12\/image-2.jpeg\" \/>\n<meta name=\"twitter:card\" content=\"summary_large_image\" \/>\n<meta name=\"twitter:label1\" content=\"Est. reading time\" \/>\n\t<meta name=\"twitter:data1\" content=\"2 minutes\" \/>\n<script type=\"application\/ld+json\" class=\"yoast-schema-graph\">{\"@context\":\"https:\/\/schema.org\",\"@graph\":[{\"@type\":\"WebPage\",\"@id\":\"https:\/\/www.peterlang.com\/de\/2024-emerging-scholars-competition\/\",\"url\":\"https:\/\/www.peterlang.com\/de\/2024-emerging-scholars-competition\/\",\"name\":\"Emerging Scholars Competition 2024 \u2013 Umweltforschung f\u00f6rdern\",\"isPartOf\":{\"@id\":\"https:\/\/www.peterlang.com\/#website\"},\"primaryImageOfPage\":{\"@id\":\"https:\/\/www.peterlang.com\/de\/2024-emerging-scholars-competition\/#primaryimage\"},\"image\":{\"@id\":\"https:\/\/www.peterlang.com\/de\/2024-emerging-scholars-competition\/#primaryimage\"},\"thumbnailUrl\":\"https:\/\/www.peterlang.com\/app\/uploads\/2024\/12\/image-2.jpeg\",\"datePublished\":\"2024-04-03T10:25:38+00:00\",\"dateModified\":\"2025-01-13T11:48:12+00:00\",\"description\":\"Nehmen Sie am Emerging Scholars Competition 2024 teil und gewinnen Sie eine Gold Open Access-Publikation. Jetzt Vorschlag einreichen!\",\"breadcrumb\":{\"@id\":\"https:\/\/www.peterlang.com\/de\/2024-emerging-scholars-competition\/#breadcrumb\"},\"inLanguage\":\"de-DE\",\"potentialAction\":[{\"@type\":\"ReadAction\",\"target\":[\"https:\/\/www.peterlang.com\/de\/2024-emerging-scholars-competition\/\"]}]},{\"@type\":\"ImageObject\",\"inLanguage\":\"de-DE\",\"@id\":\"https:\/\/www.peterlang.com\/de\/2024-emerging-scholars-competition\/#primaryimage\",\"url\":\"https:\/\/www.peterlang.com\/app\/uploads\/2024\/12\/image-2.jpeg\",\"contentUrl\":\"https:\/\/www.peterlang.com\/app\/uploads\/2024\/12\/image-2.jpeg\"},{\"@type\":\"BreadcrumbList\",\"@id\":\"https:\/\/www.peterlang.com\/de\/2024-emerging-scholars-competition\/#breadcrumb\",\"itemListElement\":[{\"@type\":\"ListItem\",\"position\":1,\"name\":\"Home\",\"item\":\"https:\/\/www.peterlang.com\/de\/\"},{\"@type\":\"ListItem\",\"position\":2,\"name\":\"2024 Emerging Scholars Competition\"}]},{\"@type\":\"WebSite\",\"@id\":\"https:\/\/www.peterlang.com\/#website\",\"url\":\"https:\/\/www.peterlang.com\/\",\"name\":\"Peter Lang\",\"description\":\"Peter Lang specializes in the Humanities and Social Sciences, covering the complete publication spectrum from monographs to student textbooks.\",\"potentialAction\":[{\"@type\":\"SearchAction\",\"target\":{\"@type\":\"EntryPoint\",\"urlTemplate\":\"https:\/\/www.peterlang.com\/?s={search_term_string}\"},\"query-input\":{\"@type\":\"PropertyValueSpecification\",\"valueRequired\":true,\"valueName\":\"search_term_string\"}}],\"inLanguage\":\"de-DE\"}]}<\/script>\n<!-- \/ Yoast SEO Premium plugin. -->","yoast_head_json":{"title":"Emerging Scholars Competition 2024 \u2013 Umweltforschung f\u00f6rdern","description":"Nehmen Sie am Emerging Scholars Competition 2024 teil und gewinnen Sie eine Gold Open Access-Publikation. Jetzt Vorschlag einreichen!","robots":{"index":"index","follow":"follow","max-snippet":"max-snippet:-1","max-image-preview":"max-image-preview:large","max-video-preview":"max-video-preview:-1"},"canonical":"https:\/\/www.peterlang.com\/de\/2024-emerging-scholars-competition\/","og_locale":"de_DE","og_type":"article","og_title":"2024 Emerging Scholars Competition","og_description":"Nehmen Sie am Emerging Scholars Competition 2024 teil und gewinnen Sie eine Gold Open Access-Publikation. Jetzt Vorschlag einreichen!","og_url":"https:\/\/www.peterlang.com\/de\/2024-emerging-scholars-competition\/","og_site_name":"Peter Lang","article_modified_time":"2025-01-13T11:48:12+00:00","og_image":[{"url":"https:\/\/www.peterlang.com\/app\/uploads\/2024\/12\/image-2.jpeg","type":"","width":"","height":""}],"twitter_card":"summary_large_image","twitter_misc":{"Est. reading time":"2 minutes"},"schema":{"@context":"https:\/\/schema.org","@graph":[{"@type":"WebPage","@id":"https:\/\/www.peterlang.com\/de\/2024-emerging-scholars-competition\/","url":"https:\/\/www.peterlang.com\/de\/2024-emerging-scholars-competition\/","name":"Emerging Scholars Competition 2024 \u2013 Umweltforschung f\u00f6rdern","isPartOf":{"@id":"https:\/\/www.peterlang.com\/#website"},"primaryImageOfPage":{"@id":"https:\/\/www.peterlang.com\/de\/2024-emerging-scholars-competition\/#primaryimage"},"image":{"@id":"https:\/\/www.peterlang.com\/de\/2024-emerging-scholars-competition\/#primaryimage"},"thumbnailUrl":"https:\/\/www.peterlang.com\/app\/uploads\/2024\/12\/image-2.jpeg","datePublished":"2024-04-03T10:25:38+00:00","dateModified":"2025-01-13T11:48:12+00:00","description":"Nehmen Sie am Emerging Scholars Competition 2024 teil und gewinnen Sie eine Gold Open Access-Publikation. Jetzt Vorschlag einreichen!","breadcrumb":{"@id":"https:\/\/www.peterlang.com\/de\/2024-emerging-scholars-competition\/#breadcrumb"},"inLanguage":"de-DE","potentialAction":[{"@type":"ReadAction","target":["https:\/\/www.peterlang.com\/de\/2024-emerging-scholars-competition\/"]}]},{"@type":"ImageObject","inLanguage":"de-DE","@id":"https:\/\/www.peterlang.com\/de\/2024-emerging-scholars-competition\/#primaryimage","url":"https:\/\/www.peterlang.com\/app\/uploads\/2024\/12\/image-2.jpeg","contentUrl":"https:\/\/www.peterlang.com\/app\/uploads\/2024\/12\/image-2.jpeg"},{"@type":"BreadcrumbList","@id":"https:\/\/www.peterlang.com\/de\/2024-emerging-scholars-competition\/#breadcrumb","itemListElement":[{"@type":"ListItem","position":1,"name":"Home","item":"https:\/\/www.peterlang.com\/de\/"},{"@type":"ListItem","position":2,"name":"2024 Emerging Scholars Competition"}]},{"@type":"WebSite","@id":"https:\/\/www.peterlang.com\/#website","url":"https:\/\/www.peterlang.com\/","name":"Peter Lang","description":"Peter Lang specializes in the Humanities and Social Sciences, covering the complete publication spectrum from monographs to student textbooks.","potentialAction":[{"@type":"SearchAction","target":{"@type":"EntryPoint","urlTemplate":"https:\/\/www.peterlang.com\/?s={search_term_string}"},"query-input":{"@type":"PropertyValueSpecification","valueRequired":true,"valueName":"search_term_string"}}],"inLanguage":"de-DE"}]}},"_links":{"self":[{"href":"https:\/\/www.peterlang.com\/de\/wp-json\/wp\/v2\/pages\/21233","targetHints":{"allow":["GET"]}}],"collection":[{"href":"https:\/\/www.peterlang.com\/de\/wp-json\/wp\/v2\/pages"}],"about":[{"href":"https:\/\/www.peterlang.com\/de\/wp-json\/wp\/v2\/types\/page"}],"author":[{"embeddable":true,"href":"https:\/\/www.peterlang.com\/de\/wp-json\/wp\/v2\/users\/23"}],"replies":[{"embeddable":true,"href":"https:\/\/www.peterlang.com\/de\/wp-json\/wp\/v2\/comments?post=21233"}],"version-history":[{"count":44,"href":"https:\/\/www.peterlang.com\/de\/wp-json\/wp\/v2\/pages\/21233\/revisions"}],"predecessor-version":[{"id":43251,"href":"https:\/\/www.peterlang.com\/de\/wp-json\/wp\/v2\/pages\/21233\/revisions\/43251"}],"wp:attachment":[{"href":"https:\/\/www.peterlang.com\/de\/wp-json\/wp\/v2\/media?parent=21233"}],"curies":[{"name":"wp","href":"https:\/\/api.w.org\/{rel}","templated":true}]}}