{"id":28657,"date":"2024-06-12T14:19:56","date_gmt":"2024-06-12T13:19:56","guid":{"rendered":"https:\/\/www.peterlang.com\/?page_id=28657"},"modified":"2025-01-14T16:17:20","modified_gmt":"2025-01-14T16:17:20","slug":"diversitaet-gleichberechtigung-und-inklusion-bei-peter-lang","status":"publish","type":"page","link":"https:\/\/www.peterlang.com\/de\/diversitaet-gleichberechtigung-und-inklusion-bei-peter-lang\/","title":{"rendered":"Diversit\u00e4t, Gleichberechtigung und Inklusion"},"content":{"rendered":"\n\n\r\n<section class=\"secondary-nav remove-spacing\" data-block=\"appeal\/secondary-nav\">\r\n  <div class=\"secondary-nav__container\">\r\n    <div class=\"secondary-nav__arrow secondary-nav__arrow--left\">\r\n      <svg version=\"1.1\" id=\"Capa_1\" xmlns=\"http:\/\/www.w3.org\/2000\/svg\" xmlns:xlink=\"http:\/\/www.w3.org\/1999\/xlink\" x=\"0px\" y=\"0px\"\r\n\t width=\"792.033px\" height=\"792.033px\" viewBox=\"0 0 792.033 792.033\" style=\"enable-background:new 0 0 792.033 792.033;\"\r\n\t xml:space=\"preserve\">\r\n<g>\r\n\t<g id=\"_x38_\">\r\n\t\t<g>\r\n\t\t\t<path d=\"M617.858,370.896L221.513,9.705c-13.006-12.94-34.099-12.94-47.105,0c-13.006,12.939-13.006,33.934,0,46.874\r\n\t\t\t\tl372.447,339.438L174.441,735.454c-13.006,12.94-13.006,33.935,0,46.874s34.099,12.939,47.104,0l396.346-361.191\r\n\t\t\t\tc6.932-6.898,9.904-16.043,9.441-25.087C627.763,386.972,624.792,377.828,617.858,370.896z\"\/>\r\n\t\t<\/g>\r\n\t<\/g>\r\n<\/g>\r\n<g>\r\n<\/g>\r\n<g>\r\n<\/g>\r\n<g>\r\n<\/g>\r\n<g>\r\n<\/g>\r\n<g>\r\n<\/g>\r\n<g>\r\n<\/g>\r\n<g>\r\n<\/g>\r\n<g>\r\n<\/g>\r\n<g>\r\n<\/g>\r\n<g>\r\n<\/g>\r\n<g>\r\n<\/g>\r\n<g>\r\n<\/g>\r\n<g>\r\n<\/g>\r\n<g>\r\n<\/g>\r\n<g>\r\n<\/g>\r\n<\/svg>\r\n    <\/div>\r\n    <nav class=\"secondary-nav__nav\">\r\n              <ul class=\"secondary-nav__links draggable\">\r\n                                        <\/ul>\r\n          <\/nav>\r\n    <div class=\"secondary-nav__arrow secondary-nav__arrow--right\">\r\n      <svg version=\"1.1\" id=\"Capa_1\" xmlns=\"http:\/\/www.w3.org\/2000\/svg\" xmlns:xlink=\"http:\/\/www.w3.org\/1999\/xlink\" x=\"0px\" y=\"0px\"\r\n\t width=\"792.033px\" height=\"792.033px\" viewBox=\"0 0 792.033 792.033\" style=\"enable-background:new 0 0 792.033 792.033;\"\r\n\t xml:space=\"preserve\">\r\n<g>\r\n\t<g id=\"_x38_\">\r\n\t\t<g>\r\n\t\t\t<path d=\"M617.858,370.896L221.513,9.705c-13.006-12.94-34.099-12.94-47.105,0c-13.006,12.939-13.006,33.934,0,46.874\r\n\t\t\t\tl372.447,339.438L174.441,735.454c-13.006,12.94-13.006,33.935,0,46.874s34.099,12.939,47.104,0l396.346-361.191\r\n\t\t\t\tc6.932-6.898,9.904-16.043,9.441-25.087C627.763,386.972,624.792,377.828,617.858,370.896z\"\/>\r\n\t\t<\/g>\r\n\t<\/g>\r\n<\/g>\r\n<g>\r\n<\/g>\r\n<g>\r\n<\/g>\r\n<g>\r\n<\/g>\r\n<g>\r\n<\/g>\r\n<g>\r\n<\/g>\r\n<g>\r\n<\/g>\r\n<g>\r\n<\/g>\r\n<g>\r\n<\/g>\r\n<g>\r\n<\/g>\r\n<g>\r\n<\/g>\r\n<g>\r\n<\/g>\r\n<g>\r\n<\/g>\r\n<g>\r\n<\/g>\r\n<g>\r\n<\/g>\r\n<g>\r\n<\/g>\r\n<\/svg>\r\n    <\/div>\r\n  <\/div>\r\n<\/section>\n\n\r\n\r\n<div class=\"appeal-spacer  appeal-spacer--69d9106c2ef71\" aria-hidden=\"true\">\r\n    <style>\r\n        .appeal-spacer--69d9106c2ef71 { height: 50px; }<!--\r\n        -->@media (max-width: 1919px) {\r\n            .appeal-spacer--69d9106c2ef71 { height: 50px; }\r\n        }<!--\r\n        -->@media (max-width: 1023px) {\r\n            .appeal-spacer--69d9106c2ef71 { height: 25px; }\r\n        }<!--\r\n        -->@media (max-width: 599px) {\r\n            .appeal-spacer--69d9106c2ef71 { height: 25px; }\r\n        }\r\n    <\/style>\r\n<\/div>\r\n\n\n\n<p class=\"has-t-p-font-size\">Als Wissenschaftsverlag sind wir uns unserer Rolle bei der Gestaltung von interdisziplin\u00e4ren Diskursen und Gespr\u00e4chen bewusst, einschlie\u00dflich der Frage, welchen Stimmen und Themen Raum gegeben wird. Wir bekennen uns zu Vielfalt, Gleichberechtigung und Inklusion und verpflichten uns, einen entsprechenden Umgang in allen Bereichen des Verlagsprozesses zu f\u00f6rdern, einschlie\u00dflich Akquise, Peer Review und Marketing. Daf\u00fcr m\u00f6chten wir uns einsetzen.<\/p>\n\n\n\n<p class=\"has-t-p-font-size\">Um dieses Bekenntnis mit Leben zu f\u00fcllen, wird unsere Arbeitsgruppe f\u00fcr Diversit\u00e4t, Gleichberechtigung und Inklusion unsere internen und externen Verlagsprozesse unter diesen Gesichtspunkten analysieren und Ver\u00e4nderungsprozesse ansto\u00dfen. Dazu geh\u00f6rt, dass wir uns weiterbilden, an Gespr\u00e4chen \u00fcber Gleichberechtigung in der Branche teilnehmen, bestehende strukturelle Ungleichheiten und unbewusste Vorurteile untersuchen und abbauen und das Feedback, die Perspektiven sowie die identit\u00e4tsstiftenden Hintergr\u00fcnde unserer\u202fGesch\u00e4ftspartner:innen\u202fin allen Bereichen ber\u00fccksichtigen.<\/p>\n\n\n\r\n\r\n<div class=\"appeal-spacer  appeal-spacer--69d9106c2f408\" aria-hidden=\"true\">\r\n    <style>\r\n        .appeal-spacer--69d9106c2f408 { height: 50px; }<!--\r\n        -->@media (max-width: 1919px) {\r\n            .appeal-spacer--69d9106c2f408 { height: 50px; }\r\n        }<!--\r\n        -->@media (max-width: 1023px) {\r\n            .appeal-spacer--69d9106c2f408 { height: 25px; }\r\n        }<!--\r\n        -->@media (max-width: 599px) {\r\n            .appeal-spacer--69d9106c2f408 { height: 25px; }\r\n        }\r\n    <\/style>\r\n<\/div>\r\n\n\n\n<h2 class=\"wp-block-heading has-t-h-2-font-size\"><strong>Katalog zu &#8220;Diversit\u00e4t, Gleichberechtigung und Inklusion&#8221;<\/strong><\/h2>\n\n\n\n<p class=\"has-t-p-font-size\">Entdecken Sie die Top-Titel zu diesem Thema in unserem neuesten Katalog.<\/p>\n\n\n\n<div class=\"wp-block-columns are-vertically-aligned-top is-layout-flex wp-container-core-columns-is-layout-9d6595d7 wp-block-columns-is-layout-flex\">\n<div class=\"wp-block-column is-vertically-aligned-top is-layout-flow wp-block-column-is-layout-flow\" id=\"Linguistics-and-Translation-Studies-2023\"><div class=\"wp-block-image is-resized is-style-default\">\n<figure class=\"aligncenter size-full\"><a href=\"https:\/\/issuu.com\/peterlangpublishing\/docs\/dei_2024\"><img loading=\"lazy\" decoding=\"async\" width=\"1241\" height=\"1754\" src=\"https:\/\/www.peterlang.com\/app\/uploads\/2024\/11\/DEI-2024_Cover.jpg\" alt=\"\" class=\"wp-image-37191\" style=\"object-fit:cover;width:310px;height:439px\" srcset=\"https:\/\/www.peterlang.com\/app\/uploads\/2024\/11\/DEI-2024_Cover.jpg 1241w, https:\/\/www.peterlang.com\/app\/uploads\/2024\/11\/DEI-2024_Cover-212x300.jpg 212w, https:\/\/www.peterlang.com\/app\/uploads\/2024\/11\/DEI-2024_Cover-725x1024.jpg 725w, https:\/\/www.peterlang.com\/app\/uploads\/2024\/11\/DEI-2024_Cover-768x1085.jpg 768w, https:\/\/www.peterlang.com\/app\/uploads\/2024\/11\/DEI-2024_Cover-1087x1536.jpg 1087w\" sizes=\"auto, (max-width: 1241px) 100vw, 1241px\" \/><\/a><\/figure>\n<\/div>\n\n\n<h3 class=\"wp-block-heading has-text-align-center has-velvet-blue-color has-text-color has-t-h-3-font-size\" id=\"Linguistics-and-Translation-Studies-2023\">Diversity, Equity and Inclusion 2024<\/h3>\n\n\n\n<p class=\"has-text-align-center has-t-p-font-size\"><a href=\"https:\/\/www.peterlang.com\/app\/uploads\/2024\/11\/DEI-2024_spread.pdf\"><\/a><a href=\"https:\/\/www.peterlang.com\/app\/uploads\/2024\/11\/DEI-2024_spread.pdf\">Download Sie die&nbsp;Diversity, Equity and Inclusion 2024&nbsp;Liste als pdf hier<\/a><\/p>\n<\/div>\n<\/div>\n\n\n\r\n\r\n<div class=\"appeal-spacer  appeal-spacer--69d9106c31707\" aria-hidden=\"true\">\r\n    <style>\r\n        .appeal-spacer--69d9106c31707 { height: 50px; }<!--\r\n        -->@media (max-width: 1919px) {\r\n            .appeal-spacer--69d9106c31707 { height: 50px; }\r\n        }<!--\r\n        -->@media (max-width: 1023px) {\r\n            .appeal-spacer--69d9106c31707 { height: 25px; }\r\n        }<!--\r\n        -->@media (max-width: 599px) {\r\n            .appeal-spacer--69d9106c31707 { height: 25px; }\r\n        }\r\n    <\/style>\r\n<\/div>\r\n\n\n\n<h2 class=\"wp-block-heading has-t-h-2-font-size\"><strong>Emerging Scholars Competition<\/strong><\/h2>\n\n\n\n<p class=\"has-t-p-font-size\">Die Peter Lang-Arbeitsgruppe &#8220;Diversit\u00e4t, Gleichberechtigung und Inklusion&#8221; f\u00fchrt einen j\u00e4hrlichen Wettbewerb f\u00fcr Nachwuchswissenschaftler:innen durch, um junge Forscher:innen zu unterst\u00fctzen.&nbsp;Informationen zum aktuellen Wettbewerb im Bereich der Queer Studies sind auf der Seite des Wettbewerbs f\u00fcr aufstrebende Wissenschaftler:innen verf\u00fcgbar.<\/p>\n\n\n\n\n<section class=\"tiles-section remove-spacing\">\n\t<div class=\"tiles__container\">\n\t\t\t\t\t<div class=\"tiles \">\n\t\t\t\t\t\t\t\t\t\t\t\t\t\t <a href=\"https:\/\/www.peterlang.com\/de\/2024-emerging-scholars-competition\/\" class=\"tile\">\n\t\t\t\t\t\t\t\t\t\t\t\t\t<h3 class=\"tile__title\">Die Gewinner:innen des Peter Lang-Wettbewerbs f\u00fcr Nachwuchswissenschaftler:innen 2024<\/h3>\n\t\t\t\t\t\t\t<p class=\"tile__description\"><\/p>\n\t\t\t\t\t\t\t <\/a>\n\t\t\t\t\t\t\t\t\t\t\t\t\t\t\t\t <a href=\"https:\/\/www.peterlang.com\/winners-announced-for-the-2023-peter-lang-emerging-scholars-competition\/\" class=\"tile\">\n\t\t\t\t\t\t\t\t\t\t\t\t\t<h3 class=\"tile__title\">Die Gewinner:innen des Peter Lang-Wettbewerbs f\u00fcr Nachwuchswissenschaftler:innen 2023<\/h3>\n\t\t\t\t\t\t\t<p class=\"tile__description\"><\/p>\n\t\t\t\t\t\t\t <\/a>\n\t\t\t\t\t\t\t\t\t\t\t\t\t\t\t\t <a href=\"https:\/\/www.peterlang.com\/winners-announced-for-the-2022-peter-lang-emerging-scholars-competition\/\" class=\"tile\">\n\t\t\t\t\t\t\t\t\t\t\t\t\t<h3 class=\"tile__title\">Die Gewinner:innen des Peter Lang-Wettbewerbs f\u00fcr Nachwuchswissenschaftler:innen 2022<\/h3>\n\t\t\t\t\t\t\t<p class=\"tile__description\"><\/p>\n\t\t\t\t\t\t\t <\/a>\n\t\t\t\t\t\t\t\t\t\t\t\t\t\t\t\t <a href=\"https:\/\/www.peterlang.com\/winners-announced-for-the-2021-peter-lang-emerging-scholars-competition\/\" class=\"tile\">\n\t\t\t\t\t\t\t\t\t\t\t\t\t<h3 class=\"tile__title\">Die Gewinner:innen des Peter Lang-Wettbewerbs f\u00fcr Nachwuchswissenschaftler:innen 2021<\/h3>\n\t\t\t\t\t\t\t<p class=\"tile__description\"><\/p>\n\t\t\t\t\t\t\t <\/a>\n\t\t\t\t\t\t\t<\/div>\n<\/div>\n<\/section>\n\n\n\r\n\r\n<div class=\"appeal-spacer  appeal-spacer--69d9106c32188\" aria-hidden=\"true\">\r\n    <style>\r\n        .appeal-spacer--69d9106c32188 { height: 50px; }<!--\r\n        -->@media (max-width: 1919px) {\r\n            .appeal-spacer--69d9106c32188 { height: 50px; }\r\n        }<!--\r\n        -->@media (max-width: 1023px) {\r\n            .appeal-spacer--69d9106c32188 { height: 25px; }\r\n        }<!--\r\n        -->@media (max-width: 599px) {\r\n            .appeal-spacer--69d9106c32188 { height: 25px; }\r\n        }\r\n    <\/style>\r\n<\/div>\r\n\n\n\r\n\r\n<section class=\"books js-book-carousel\">\r\n  <div class=\"books__container\">\r\n    <div class=\"books__titles\">\r\n      <h2 class=\"books__title\">Neueste Titel<\/h2>\r\n      <h3 class=\"books__subtitle\"><\/h3>\r\n    <\/div>\r\n  \r\n    <book-carousel class=\"books__slider\" :ids='[\"1484174\",\"1488088\",\"1455333\",\"1418257\",\"1422979\",\"1282331\",\"1056882\",\"1289254\",\"1307806\",\"1326015\"]'><\/book-carousel>\r\n  <\/div>\r\n<\/section>\n\n\r\n\r\n<div class=\"appeal-spacer  appeal-spacer--69d9106c326b7\" aria-hidden=\"true\">\r\n    <style>\r\n        .appeal-spacer--69d9106c326b7 { height: 50px; }<!--\r\n        -->@media (max-width: 1919px) {\r\n            .appeal-spacer--69d9106c326b7 { height: 50px; }\r\n        }<!--\r\n        -->@media (max-width: 1023px) {\r\n            .appeal-spacer--69d9106c326b7 { height: 25px; }\r\n        }<!--\r\n        -->@media (max-width: 599px) {\r\n            .appeal-spacer--69d9106c326b7 { height: 25px; }\r\n        }\r\n    <\/style>\r\n<\/div>\r\n\n\n\n<h1 class=\"wp-block-heading\"><strong>Blog-Beitr\u00e4ge<\/strong><\/h1>\n\n\n\n<h1 class=\"wp-block-heading\"><\/h1>\n\n\n\n\n<section class=\"tiles-section remove-spacing\">\n\t<div class=\"tiles__container\">\n\t\t\t\t\t<div class=\"tiles \">\n\t\t\t\t\t\t\t\t\t\t\t\t\t\t <a href=\"https:\/\/www.peterlang.com\/article\/writing-about-the-next-generation\/\" class=\"tile\">\n\t\t\t\t\t\t\t\t\t\t\t\t\t<h3 class=\"tile__title\">Writing about \u201cThe Next Generation\u201d<\/h3>\n\t\t\t\t\t\t\t<p class=\"tile__description\"><\/p>\n\t\t\t\t\t\t\t <\/a>\n\t\t\t\t\t\t\t\t\t\t\t\t\t\t\t\t <a href=\"https:\/\/www.peterlang.com\/article\/barbie-from-bodies-to-empowerment\/\" class=\"tile\">\n\t\t\t\t\t\t\t\t\t\t\t\t\t<h3 class=\"tile__title\">Barbie: From Bodies to \u2018Empowerment\u2019<\/h3>\n\t\t\t\t\t\t\t<p class=\"tile__description\"><\/p>\n\t\t\t\t\t\t\t <\/a>\n\t\t\t\t\t\t\t\t\t\t\t\t\t\t\t\t <a href=\"https:\/\/www.peterlang.com\/article\/pride-at-the-games\/\" class=\"tile\">\n\t\t\t\t\t\t\t\t\t\t\t\t\t<h3 class=\"tile__title\">Pride at the Games<\/h3>\n\t\t\t\t\t\t\t<p class=\"tile__description\"><\/p>\n\t\t\t\t\t\t\t <\/a>\n\t\t\t\t\t\t\t\t\t\t\t\t\t\t\t\t <a href=\"https:\/\/www.peterlang.com\/article\/the-art-and-science-of-true-eyed-seeing-the-common-ground-and-cause-of-goethean-and-indigenous-science\/\" class=\"tile\">\n\t\t\t\t\t\t\t\t\t\t\t\t\t<h3 class=\"tile__title\">The Art and Science of True-eyed Seeing: The Common Ground and Cause of Goethean and Indigenous Science<\/h3>\n\t\t\t\t\t\t\t<p class=\"tile__description\"><\/p>\n\t\t\t\t\t\t\t <\/a>\n\t\t\t\t\t\t\t<\/div>\n<\/div>\n<\/section>\n\n\n\r\n\r\n<div class=\"appeal-spacer  appeal-spacer--69d9106c32deb\" aria-hidden=\"true\">\r\n    <style>\r\n        .appeal-spacer--69d9106c32deb { height: 50px; }<!--\r\n        -->@media (max-width: 1919px) {\r\n            .appeal-spacer--69d9106c32deb { height: 50px; }\r\n        }<!--\r\n        -->@media (max-width: 1023px) {\r\n            .appeal-spacer--69d9106c32deb { height: 25px; }\r\n        }<!--\r\n        -->@media (max-width: 599px) {\r\n            .appeal-spacer--69d9106c32deb { height: 25px; }\r\n        }\r\n    <\/style>\r\n<\/div>\r\n","protected":false},"excerpt":{"rendered":"<p>Als Wissenschaftsverlag sind wir uns unserer Rolle bei der Gestaltung von interdisziplin\u00e4ren Diskursen und Gespr\u00e4chen bewusst, einschlie\u00dflich der Frage, welchen Stimmen und Themen Raum gegeben wird. Wir bekennen uns zu Vielfalt, Gleichberechtigung und Inklusion und verpflichten uns, einen entsprechenden Umgang in allen Bereichen des Verlagsprozesses zu f\u00f6rdern, einschlie\u00dflich Akquise, Peer Review und Marketing. Daf\u00fcr m\u00f6chten [&hellip;]<\/p>\n","protected":false},"author":23,"featured_media":0,"parent":0,"menu_order":0,"comment_status":"closed","ping_status":"closed","template":"","meta":{"_acf_changed":false,"content-type":"","footnotes":""},"class_list":["post-28657","page","type-page","status-publish","hentry"],"acf":[],"yoast_head":"<!-- This site is optimized with the Yoast SEO Premium plugin v24.6 (Yoast SEO v24.9) - https:\/\/yoast.com\/wordpress\/plugins\/seo\/ -->\n<title>Diversit\u00e4t &amp; Inklusion \u2013 Engagement bei der Peter Lang Group<\/title>\n<meta name=\"description\" content=\"Erfahren Sie mehr \u00fcber das Engagement der Peter Lang Group f\u00fcr Diversit\u00e4t, Gleichberechtigung und Inklusion im akademischen Verlagswesen \u2013 unser Einsatz f\u00fcr Chancengleichheit.\" \/>\n<meta name=\"robots\" content=\"index, follow, max-snippet:-1, max-image-preview:large, max-video-preview:-1\" \/>\n<link rel=\"canonical\" href=\"https:\/\/www.peterlang.com\/de\/diversitaet-gleichberechtigung-und-inklusion-bei-peter-lang\/\" \/>\n<meta property=\"og:locale\" content=\"de_DE\" \/>\n<meta property=\"og:type\" content=\"article\" \/>\n<meta property=\"og:title\" content=\"Diversit\u00e4t, Gleichberechtigung und Inklusion\" \/>\n<meta property=\"og:description\" content=\"Erfahren Sie mehr \u00fcber das Engagement der Peter Lang Group f\u00fcr Diversit\u00e4t, Gleichberechtigung und Inklusion im akademischen Verlagswesen \u2013 unser Einsatz f\u00fcr Chancengleichheit.\" \/>\n<meta property=\"og:url\" content=\"https:\/\/www.peterlang.com\/de\/diversitaet-gleichberechtigung-und-inklusion-bei-peter-lang\/\" \/>\n<meta property=\"og:site_name\" content=\"Peter Lang\" \/>\n<meta property=\"article:modified_time\" content=\"2025-01-14T16:17:20+00:00\" \/>\n<meta property=\"og:image\" content=\"https:\/\/www.peterlang.com\/app\/uploads\/2024\/11\/DEI-2024_Cover.jpg\" \/>\n<meta name=\"twitter:card\" content=\"summary_large_image\" \/>\n<meta name=\"twitter:label1\" content=\"Est. reading time\" \/>\n\t<meta name=\"twitter:data1\" content=\"2 minutes\" \/>\n<script type=\"application\/ld+json\" class=\"yoast-schema-graph\">{\"@context\":\"https:\/\/schema.org\",\"@graph\":[{\"@type\":\"WebPage\",\"@id\":\"https:\/\/www.peterlang.com\/de\/diversitaet-gleichberechtigung-und-inklusion-bei-peter-lang\/\",\"url\":\"https:\/\/www.peterlang.com\/de\/diversitaet-gleichberechtigung-und-inklusion-bei-peter-lang\/\",\"name\":\"Diversit\u00e4t & Inklusion \u2013 Engagement bei der Peter Lang Group\",\"isPartOf\":{\"@id\":\"https:\/\/www.peterlang.com\/#website\"},\"primaryImageOfPage\":{\"@id\":\"https:\/\/www.peterlang.com\/de\/diversitaet-gleichberechtigung-und-inklusion-bei-peter-lang\/#primaryimage\"},\"image\":{\"@id\":\"https:\/\/www.peterlang.com\/de\/diversitaet-gleichberechtigung-und-inklusion-bei-peter-lang\/#primaryimage\"},\"thumbnailUrl\":\"https:\/\/www.peterlang.com\/app\/uploads\/2024\/11\/DEI-2024_Cover.jpg\",\"datePublished\":\"2024-06-12T13:19:56+00:00\",\"dateModified\":\"2025-01-14T16:17:20+00:00\",\"description\":\"Erfahren Sie mehr \u00fcber das Engagement der Peter Lang Group f\u00fcr Diversit\u00e4t, Gleichberechtigung und Inklusion im akademischen Verlagswesen \u2013 unser Einsatz f\u00fcr Chancengleichheit.\",\"breadcrumb\":{\"@id\":\"https:\/\/www.peterlang.com\/de\/diversitaet-gleichberechtigung-und-inklusion-bei-peter-lang\/#breadcrumb\"},\"inLanguage\":\"de-DE\",\"potentialAction\":[{\"@type\":\"ReadAction\",\"target\":[\"https:\/\/www.peterlang.com\/de\/diversitaet-gleichberechtigung-und-inklusion-bei-peter-lang\/\"]}]},{\"@type\":\"ImageObject\",\"inLanguage\":\"de-DE\",\"@id\":\"https:\/\/www.peterlang.com\/de\/diversitaet-gleichberechtigung-und-inklusion-bei-peter-lang\/#primaryimage\",\"url\":\"https:\/\/www.peterlang.com\/app\/uploads\/2024\/11\/DEI-2024_Cover.jpg\",\"contentUrl\":\"https:\/\/www.peterlang.com\/app\/uploads\/2024\/11\/DEI-2024_Cover.jpg\"},{\"@type\":\"BreadcrumbList\",\"@id\":\"https:\/\/www.peterlang.com\/de\/diversitaet-gleichberechtigung-und-inklusion-bei-peter-lang\/#breadcrumb\",\"itemListElement\":[{\"@type\":\"ListItem\",\"position\":1,\"name\":\"Home\",\"item\":\"https:\/\/www.peterlang.com\/de\/\"},{\"@type\":\"ListItem\",\"position\":2,\"name\":\"Diversit\u00e4t, Gleichberechtigung und Inklusion\"}]},{\"@type\":\"WebSite\",\"@id\":\"https:\/\/www.peterlang.com\/#website\",\"url\":\"https:\/\/www.peterlang.com\/\",\"name\":\"Peter Lang\",\"description\":\"Peter Lang specializes in the Humanities and Social Sciences, covering the complete publication spectrum from monographs to student textbooks.\",\"potentialAction\":[{\"@type\":\"SearchAction\",\"target\":{\"@type\":\"EntryPoint\",\"urlTemplate\":\"https:\/\/www.peterlang.com\/?s={search_term_string}\"},\"query-input\":{\"@type\":\"PropertyValueSpecification\",\"valueRequired\":true,\"valueName\":\"search_term_string\"}}],\"inLanguage\":\"de-DE\"}]}<\/script>\n<!-- \/ Yoast SEO Premium plugin. -->","yoast_head_json":{"title":"Diversit\u00e4t & Inklusion \u2013 Engagement bei der Peter Lang Group","description":"Erfahren Sie mehr \u00fcber das Engagement der Peter Lang Group f\u00fcr Diversit\u00e4t, Gleichberechtigung und Inklusion im akademischen Verlagswesen \u2013 unser Einsatz f\u00fcr Chancengleichheit.","robots":{"index":"index","follow":"follow","max-snippet":"max-snippet:-1","max-image-preview":"max-image-preview:large","max-video-preview":"max-video-preview:-1"},"canonical":"https:\/\/www.peterlang.com\/de\/diversitaet-gleichberechtigung-und-inklusion-bei-peter-lang\/","og_locale":"de_DE","og_type":"article","og_title":"Diversit\u00e4t, Gleichberechtigung und Inklusion","og_description":"Erfahren Sie mehr \u00fcber das Engagement der Peter Lang Group f\u00fcr Diversit\u00e4t, Gleichberechtigung und Inklusion im akademischen Verlagswesen \u2013 unser Einsatz f\u00fcr Chancengleichheit.","og_url":"https:\/\/www.peterlang.com\/de\/diversitaet-gleichberechtigung-und-inklusion-bei-peter-lang\/","og_site_name":"Peter Lang","article_modified_time":"2025-01-14T16:17:20+00:00","og_image":[{"url":"https:\/\/www.peterlang.com\/app\/uploads\/2024\/11\/DEI-2024_Cover.jpg","type":"","width":"","height":""}],"twitter_card":"summary_large_image","twitter_misc":{"Est. reading time":"2 minutes"},"schema":{"@context":"https:\/\/schema.org","@graph":[{"@type":"WebPage","@id":"https:\/\/www.peterlang.com\/de\/diversitaet-gleichberechtigung-und-inklusion-bei-peter-lang\/","url":"https:\/\/www.peterlang.com\/de\/diversitaet-gleichberechtigung-und-inklusion-bei-peter-lang\/","name":"Diversit\u00e4t & Inklusion \u2013 Engagement bei der Peter Lang Group","isPartOf":{"@id":"https:\/\/www.peterlang.com\/#website"},"primaryImageOfPage":{"@id":"https:\/\/www.peterlang.com\/de\/diversitaet-gleichberechtigung-und-inklusion-bei-peter-lang\/#primaryimage"},"image":{"@id":"https:\/\/www.peterlang.com\/de\/diversitaet-gleichberechtigung-und-inklusion-bei-peter-lang\/#primaryimage"},"thumbnailUrl":"https:\/\/www.peterlang.com\/app\/uploads\/2024\/11\/DEI-2024_Cover.jpg","datePublished":"2024-06-12T13:19:56+00:00","dateModified":"2025-01-14T16:17:20+00:00","description":"Erfahren Sie mehr \u00fcber das Engagement der Peter Lang Group f\u00fcr Diversit\u00e4t, Gleichberechtigung und Inklusion im akademischen Verlagswesen \u2013 unser Einsatz f\u00fcr Chancengleichheit.","breadcrumb":{"@id":"https:\/\/www.peterlang.com\/de\/diversitaet-gleichberechtigung-und-inklusion-bei-peter-lang\/#breadcrumb"},"inLanguage":"de-DE","potentialAction":[{"@type":"ReadAction","target":["https:\/\/www.peterlang.com\/de\/diversitaet-gleichberechtigung-und-inklusion-bei-peter-lang\/"]}]},{"@type":"ImageObject","inLanguage":"de-DE","@id":"https:\/\/www.peterlang.com\/de\/diversitaet-gleichberechtigung-und-inklusion-bei-peter-lang\/#primaryimage","url":"https:\/\/www.peterlang.com\/app\/uploads\/2024\/11\/DEI-2024_Cover.jpg","contentUrl":"https:\/\/www.peterlang.com\/app\/uploads\/2024\/11\/DEI-2024_Cover.jpg"},{"@type":"BreadcrumbList","@id":"https:\/\/www.peterlang.com\/de\/diversitaet-gleichberechtigung-und-inklusion-bei-peter-lang\/#breadcrumb","itemListElement":[{"@type":"ListItem","position":1,"name":"Home","item":"https:\/\/www.peterlang.com\/de\/"},{"@type":"ListItem","position":2,"name":"Diversit\u00e4t, Gleichberechtigung und Inklusion"}]},{"@type":"WebSite","@id":"https:\/\/www.peterlang.com\/#website","url":"https:\/\/www.peterlang.com\/","name":"Peter Lang","description":"Peter Lang specializes in the Humanities and Social Sciences, covering the complete publication spectrum from monographs to student textbooks.","potentialAction":[{"@type":"SearchAction","target":{"@type":"EntryPoint","urlTemplate":"https:\/\/www.peterlang.com\/?s={search_term_string}"},"query-input":{"@type":"PropertyValueSpecification","valueRequired":true,"valueName":"search_term_string"}}],"inLanguage":"de-DE"}]}},"_links":{"self":[{"href":"https:\/\/www.peterlang.com\/de\/wp-json\/wp\/v2\/pages\/28657","targetHints":{"allow":["GET"]}}],"collection":[{"href":"https:\/\/www.peterlang.com\/de\/wp-json\/wp\/v2\/pages"}],"about":[{"href":"https:\/\/www.peterlang.com\/de\/wp-json\/wp\/v2\/types\/page"}],"author":[{"embeddable":true,"href":"https:\/\/www.peterlang.com\/de\/wp-json\/wp\/v2\/users\/23"}],"replies":[{"embeddable":true,"href":"https:\/\/www.peterlang.com\/de\/wp-json\/wp\/v2\/comments?post=28657"}],"version-history":[{"count":27,"href":"https:\/\/www.peterlang.com\/de\/wp-json\/wp\/v2\/pages\/28657\/revisions"}],"predecessor-version":[{"id":43336,"href":"https:\/\/www.peterlang.com\/de\/wp-json\/wp\/v2\/pages\/28657\/revisions\/43336"}],"wp:attachment":[{"href":"https:\/\/www.peterlang.com\/de\/wp-json\/wp\/v2\/media?parent=28657"}],"curies":[{"name":"wp","href":"https:\/\/api.w.org\/{rel}","templated":true}]}}