{"id":28907,"date":"2024-06-28T14:07:42","date_gmt":"2024-06-28T13:07:42","guid":{"rendered":"https:\/\/www.peterlang.com\/?page_id=28907"},"modified":"2025-01-13T15:12:54","modified_gmt":"2025-01-13T15:12:54","slug":"open-eba","status":"publish","type":"page","link":"https:\/\/www.peterlang.com\/de\/serviceleistungen\/open-eba\/","title":{"rendered":"Open EBA"},"content":{"rendered":"\n\n\r\n<section class=\"secondary-nav\" data-block=\"appeal\/secondary-nav\">\r\n  <div class=\"secondary-nav__container\">\r\n    <div class=\"secondary-nav__arrow secondary-nav__arrow--left\">\r\n      <svg version=\"1.1\" id=\"Capa_1\" xmlns=\"http:\/\/www.w3.org\/2000\/svg\" xmlns:xlink=\"http:\/\/www.w3.org\/1999\/xlink\" x=\"0px\" y=\"0px\"\r\n\t width=\"792.033px\" height=\"792.033px\" viewBox=\"0 0 792.033 792.033\" style=\"enable-background:new 0 0 792.033 792.033;\"\r\n\t xml:space=\"preserve\">\r\n<g>\r\n\t<g id=\"_x38_\">\r\n\t\t<g>\r\n\t\t\t<path d=\"M617.858,370.896L221.513,9.705c-13.006-12.94-34.099-12.94-47.105,0c-13.006,12.939-13.006,33.934,0,46.874\r\n\t\t\t\tl372.447,339.438L174.441,735.454c-13.006,12.94-13.006,33.935,0,46.874s34.099,12.939,47.104,0l396.346-361.191\r\n\t\t\t\tc6.932-6.898,9.904-16.043,9.441-25.087C627.763,386.972,624.792,377.828,617.858,370.896z\"\/>\r\n\t\t<\/g>\r\n\t<\/g>\r\n<\/g>\r\n<g>\r\n<\/g>\r\n<g>\r\n<\/g>\r\n<g>\r\n<\/g>\r\n<g>\r\n<\/g>\r\n<g>\r\n<\/g>\r\n<g>\r\n<\/g>\r\n<g>\r\n<\/g>\r\n<g>\r\n<\/g>\r\n<g>\r\n<\/g>\r\n<g>\r\n<\/g>\r\n<g>\r\n<\/g>\r\n<g>\r\n<\/g>\r\n<g>\r\n<\/g>\r\n<g>\r\n<\/g>\r\n<g>\r\n<\/g>\r\n<\/svg>\r\n    <\/div>\r\n    <nav class=\"secondary-nav__nav\">\r\n              <ul class=\"secondary-nav__links draggable\">\r\n                                    <li class=\"secondary-nav__link\">\r\n                                <a href=\"https:\/\/www.peterlang.com\/de\/serviceleistungen\/open-eba\/#Was-ist-Open-EBA?\">Was ist Open EBA?<\/a>\r\n              <\/li>\r\n                                                <li class=\"secondary-nav__link\">\r\n                                <a href=\"https:\/\/www.peterlang.com\/de\/serviceleistungen\/open-eba\/#Ihre-Vorteile\">Ihre Vorteile<\/a>\r\n              <\/li>\r\n                              <\/ul>\r\n          <\/nav>\r\n    <div class=\"secondary-nav__arrow secondary-nav__arrow--right\">\r\n      <svg version=\"1.1\" id=\"Capa_1\" xmlns=\"http:\/\/www.w3.org\/2000\/svg\" xmlns:xlink=\"http:\/\/www.w3.org\/1999\/xlink\" x=\"0px\" y=\"0px\"\r\n\t width=\"792.033px\" height=\"792.033px\" viewBox=\"0 0 792.033 792.033\" style=\"enable-background:new 0 0 792.033 792.033;\"\r\n\t xml:space=\"preserve\">\r\n<g>\r\n\t<g id=\"_x38_\">\r\n\t\t<g>\r\n\t\t\t<path d=\"M617.858,370.896L221.513,9.705c-13.006-12.94-34.099-12.94-47.105,0c-13.006,12.939-13.006,33.934,0,46.874\r\n\t\t\t\tl372.447,339.438L174.441,735.454c-13.006,12.94-13.006,33.935,0,46.874s34.099,12.939,47.104,0l396.346-361.191\r\n\t\t\t\tc6.932-6.898,9.904-16.043,9.441-25.087C627.763,386.972,624.792,377.828,617.858,370.896z\"\/>\r\n\t\t<\/g>\r\n\t<\/g>\r\n<\/g>\r\n<g>\r\n<\/g>\r\n<g>\r\n<\/g>\r\n<g>\r\n<\/g>\r\n<g>\r\n<\/g>\r\n<g>\r\n<\/g>\r\n<g>\r\n<\/g>\r\n<g>\r\n<\/g>\r\n<g>\r\n<\/g>\r\n<g>\r\n<\/g>\r\n<g>\r\n<\/g>\r\n<g>\r\n<\/g>\r\n<g>\r\n<\/g>\r\n<g>\r\n<\/g>\r\n<g>\r\n<\/g>\r\n<g>\r\n<\/g>\r\n<\/svg>\r\n    <\/div>\r\n  <\/div>\r\n<\/section>\n\n\r\n\r\n<div class=\"appeal-spacer  appeal-spacer--69d72f38f2c3c\" aria-hidden=\"true\">\r\n    <style>\r\n        .appeal-spacer--69d72f38f2c3c { height: 60px; }<!--\r\n        -->@media (max-width: 1919px) {\r\n            .appeal-spacer--69d72f38f2c3c { height: 50px; }\r\n        }<!--\r\n        -->@media (max-width: 1023px) {\r\n            .appeal-spacer--69d72f38f2c3c { height: 25px; }\r\n        }<!--\r\n        -->@media (max-width: 599px) {\r\n            .appeal-spacer--69d72f38f2c3c { height: 25px; }\r\n        }\r\n    <\/style>\r\n<\/div>\r\n\n\n\n<p>Wir setzen uns daf\u00fcr ein, den Wandel beim Open Access-Publizieren voranzutreiben. F\u00fcr diesen Wandel ben\u00f6tigen Bibliotheken neue Modelle, die mit den bestehenden Erwerbsmodellen auf dem Markt konkurrieren k\u00f6nnen. Gleichzeitig m\u00fcssen sie die M\u00f6glichkeit bieten, OA-Titel ohne zus\u00e4tzliche Kosten zu finanzieren. Um dies zu erm\u00f6glichen, haben wir Open EBA entwickelt.<\/p>\n\n\n\r\n\r\n<div class=\"appeal-spacer  appeal-spacer--69d72f38f2ed4\" aria-hidden=\"true\">\r\n    <style>\r\n        .appeal-spacer--69d72f38f2ed4 { height: 50px; }<!--\r\n        -->@media (max-width: 1919px) {\r\n            .appeal-spacer--69d72f38f2ed4 { height: 50px; }\r\n        }<!--\r\n        -->@media (max-width: 1023px) {\r\n            .appeal-spacer--69d72f38f2ed4 { height: 25px; }\r\n        }<!--\r\n        -->@media (max-width: 599px) {\r\n            .appeal-spacer--69d72f38f2ed4 { height: 25px; }\r\n        }\r\n    <\/style>\r\n<\/div>\r\n\n\n\n<h2 class=\"wp-block-heading has-t-h-2-font-size\" id=\"Was-ist-Open-EBA?\"><strong><strong>Was ist Open EBA?<\/strong>&nbsp;<\/strong><\/h2>\n\n\n\n<p>Open EBA (Evidence Based Acquisition) ist ein Open Access-Modell, das auf dem bekannten und erfolgreichen Evidence Based Acquisition-Modell basiert. Wie beim traditionellen EBA zahlen Sie bei Open EBA als Bibliothek im Voraus einen Betrag und erhalten dann f\u00fcr ein Jahr Zugang zu unserem gesamten Katalog. Nach Ablauf des Jahres k\u00f6nnen Sie die zur Verf\u00fcgung gestellten Nutzungsdaten verwenden, um im Wert des EBA die besten Titel dauerhaft f\u00fcr Ihre Bibliothek zu erwerben. Das Besondere an unserem neuen Modell ist jedoch, dass Sie das in EBA investierte Geld auch verwenden k\u00f6nnen, um Open Access Book Processing Charges (BPCs) zu bezahlen, wobei der Preis der BPCs mit dem EBA-Guthaben verrechnet wird.<\/p>\n\n\n\r\n\r\n<div class=\"appeal-spacer  appeal-spacer--69d72f38f318f\" aria-hidden=\"true\">\r\n    <style>\r\n        .appeal-spacer--69d72f38f318f { height: 50px; }<!--\r\n        -->@media (max-width: 1919px) {\r\n            .appeal-spacer--69d72f38f318f { height: 50px; }\r\n        }<!--\r\n        -->@media (max-width: 1023px) {\r\n            .appeal-spacer--69d72f38f318f { height: 25px; }\r\n        }<!--\r\n        -->@media (max-width: 599px) {\r\n            .appeal-spacer--69d72f38f318f { height: 25px; }\r\n        }\r\n    <\/style>\r\n<\/div>\r\n\n\n\n<h2 class=\"wp-block-heading has-t-h-2-font-size\"><strong><strong>Wie es funktioniert<\/strong><\/strong><\/h2>\n\n\n\n<p>Wir ermitteln, welche Titel von Wissenschaftler:innen Ihrer Universit\u00e4t bei uns publiziert werden. Sie w\u00e4hlen dann die Titel aus, die Sie Open Access ver\u00f6ffentlichen m\u00f6chten. Die Kosten der BPCs k\u00f6nnen anschlie\u00dfend mit dem Preis des EBA bis zu einem Mindestbetrag verrechnet werden. Sie haben somit die M\u00f6glichkeit, Ihr EBA-Budget sowohl f\u00fcr den Kauf von Titeln als auch f\u00fcr BPCs zu verwenden. Sie k\u00f6nnen es so aufteilen, wie es f\u00fcr Ihre Einrichtung am passendsten ist, ohne zus\u00e4tzliche Kosten.<\/p>\n\n\n\n<p>Unabh\u00e4ngig davon, wie Sie das Bibliotheksbudget verteilen, behalten Ihre Nutzer:innen das gesamte Jahr \u00fcber den Zugang zum gleichen umfangreichen Peter Lang-Katalog, selbst wenn Sie den Gro\u00dfteil Ihres Budgets f\u00fcr Open Access ausgeben. Dies erm\u00f6glicht Ihnen erhebliche Einsparungen im Vergleich zu traditionellen Modellen.<\/p>\n\n\n\r\n\r\n<div class=\"appeal-spacer  appeal-spacer--69d72f38f344d\" aria-hidden=\"true\">\r\n    <style>\r\n        .appeal-spacer--69d72f38f344d { height: 50px; }<!--\r\n        -->@media (max-width: 1919px) {\r\n            .appeal-spacer--69d72f38f344d { height: 50px; }\r\n        }<!--\r\n        -->@media (max-width: 1023px) {\r\n            .appeal-spacer--69d72f38f344d { height: 25px; }\r\n        }<!--\r\n        -->@media (max-width: 599px) {\r\n            .appeal-spacer--69d72f38f344d { height: 25px; }\r\n        }\r\n    <\/style>\r\n<\/div>\r\n\n\n\n<h2 class=\"wp-block-heading has-t-h-2-font-size\" id=\"Benefits-of-Open-EBA\"><strong>Ihre Vorteile<\/strong><\/h2>\n\n\n\n<p>\u2013 <strong>Erweitern Sie Ihren Bestand und vermehren Sie Ihre OA-Publikationen: <\/strong>Open EBA bietet Ihnen einen innovativen und effizienten Ansatz, Ihren Bestand zu vergr\u00f6\u00dfern und gleichzeitig sicherzustellen, dass zuk\u00fcnftige Publikationen als Open Access ver\u00f6ffentlicht werden k\u00f6nnen, ohne zus\u00e4tzliche Kosten.<\/p>\n\n\n\n<p>\u2013 <strong>Flexibel und einfach zu handhaben: <\/strong>Unser Modell l\u00e4sst sich leicht an unterschiedliche Publikationsleistungen anpassen, ist einfach zu verwalten und Sie behalten die Kontrolle \u00fcber Ihre Ausgaben.<\/p>\n\n\n\n<p>\u2013<strong> Zugang zu f\u00fchrender akademischer Literatur:<\/strong> Open EBA erm\u00f6glicht Student:innen und Wissenschaftler:innen, den Zugang zu unserem umfangreichen Programm mit \u00fcber 17.500 Publikationen aus den Bereichen Kultur , Linguistik, Geschichte und Recht.<\/p>\n\n\n\n<p>\u2013 <strong>Kosteneffizienz: <\/strong>Unser Modell l\u00f6st das Problem der \u201edoppelten Zahlung\u201c f\u00fcr den Aufbau Ihres Bestandes und Open Access. Es gibt nun ein Modell und eine Preisstruktur, die beides ohne zus\u00e4tzliche Kosten vereinbart.<\/p>\n\n\n\n<p>\u2013 <strong>Kontrolle und Transparenz:<\/strong> Innerhalb des Modells ist ersichtlich, wie hoch die BPCs sind. Sie k\u00f6nnen einfach ausw\u00e4hlen, welche Titel Open Access ver\u00f6ffentlicht werden sollen.<\/p>\n\n\n\r\n\r\n<div class=\"appeal-spacer  appeal-spacer--69d72f38f3b35\" aria-hidden=\"true\">\r\n    <style>\r\n        .appeal-spacer--69d72f38f3b35 { height: 100px; }<!--\r\n        -->@media (max-width: 1919px) {\r\n            .appeal-spacer--69d72f38f3b35 { height: 100px; }\r\n        }<!--\r\n        -->@media (max-width: 1023px) {\r\n            .appeal-spacer--69d72f38f3b35 { height: 50px; }\r\n        }<!--\r\n        -->@media (max-width: 599px) {\r\n            .appeal-spacer--69d72f38f3b35 { height: 25px; }\r\n        }\r\n    <\/style>\r\n<\/div>\r\n\n\n\n<p><strong>Vereinbaren Sie einen Termin mit unserem Sales Team per E-Mail unter <a href=\"mailto:sales@peterlang.com\">sales@peterlang.com<\/a> und erhalten zus\u00e4tzliche Informationen sowie ein individuelles Angebot.<\/strong><\/p>\n\n\n\r\n\r\n<div class=\"appeal-spacer  appeal-spacer--69d72f38f3dea\" aria-hidden=\"true\">\r\n    <style>\r\n        .appeal-spacer--69d72f38f3dea { height: 50px; }<!--\r\n        -->@media (max-width: 1919px) {\r\n            .appeal-spacer--69d72f38f3dea { height: 50px; }\r\n        }<!--\r\n        -->@media (max-width: 1023px) {\r\n            .appeal-spacer--69d72f38f3dea { height: 25px; }\r\n        }<!--\r\n        -->@media (max-width: 599px) {\r\n            .appeal-spacer--69d72f38f3dea { height: 25px; }\r\n        }\r\n    <\/style>\r\n<\/div>\r\n","protected":false},"excerpt":{"rendered":"<p>Wir setzen uns daf\u00fcr ein, den Wandel beim Open Access-Publizieren voranzutreiben. F\u00fcr diesen Wandel ben\u00f6tigen Bibliotheken neue Modelle, die mit den bestehenden Erwerbsmodellen auf dem Markt konkurrieren k\u00f6nnen. Gleichzeitig m\u00fcssen sie die M\u00f6glichkeit bieten, OA-Titel ohne zus\u00e4tzliche Kosten zu finanzieren. Um dies zu erm\u00f6glichen, haben wir Open EBA entwickelt. Was ist Open EBA?&nbsp; Open EBA [&hellip;]<\/p>\n","protected":false},"author":23,"featured_media":0,"parent":4963,"menu_order":0,"comment_status":"closed","ping_status":"closed","template":"","meta":{"_acf_changed":false,"content-type":"","footnotes":""},"class_list":["post-28907","page","type-page","status-publish","hentry"],"acf":[],"yoast_head":"<!-- This site is optimized with the Yoast SEO Premium plugin v24.6 (Yoast SEO v24.9) - https:\/\/yoast.com\/wordpress\/plugins\/seo\/ -->\n<title>Open EBA \u2013 Flexibles Modell f\u00fcr Bibliotheken bei Peter Lang<\/title>\n<meta name=\"description\" content=\"Erfahren Sie, wie das Open EBA von Peter Lang Bibliotheken flexible Erwerbsm\u00f6glichkeiten bietet. Nutzen Sie Ihr Budget f\u00fcr Open Access und zur Bestandserweiterung \u2013 jetzt mehr erfahren!\" \/>\n<meta name=\"robots\" content=\"index, follow, max-snippet:-1, max-image-preview:large, max-video-preview:-1\" \/>\n<link rel=\"canonical\" href=\"https:\/\/www.peterlang.com\/de\/serviceleistungen\/open-eba\/\" \/>\n<meta property=\"og:locale\" content=\"de_DE\" \/>\n<meta property=\"og:type\" content=\"article\" \/>\n<meta property=\"og:title\" content=\"Open EBA\" \/>\n<meta property=\"og:description\" content=\"Erfahren Sie, wie das Open EBA von Peter Lang Bibliotheken flexible Erwerbsm\u00f6glichkeiten bietet. Nutzen Sie Ihr Budget f\u00fcr Open Access und zur Bestandserweiterung \u2013 jetzt mehr erfahren!\" \/>\n<meta property=\"og:url\" content=\"https:\/\/www.peterlang.com\/de\/serviceleistungen\/open-eba\/\" \/>\n<meta property=\"og:site_name\" content=\"Peter Lang\" \/>\n<meta property=\"article:modified_time\" content=\"2025-01-13T15:12:54+00:00\" \/>\n<meta name=\"twitter:card\" content=\"summary_large_image\" \/>\n<meta name=\"twitter:image\" content=\"https:\/\/www.peterlang.com\/app\/uploads\/2022\/09\/PL-OA1-1.png\" \/>\n<meta name=\"twitter:label1\" content=\"Est. reading time\" \/>\n\t<meta name=\"twitter:data1\" content=\"2 minutes\" \/>\n<script type=\"application\/ld+json\" class=\"yoast-schema-graph\">{\"@context\":\"https:\/\/schema.org\",\"@graph\":[{\"@type\":\"WebPage\",\"@id\":\"https:\/\/www.peterlang.com\/de\/serviceleistungen\/open-eba\/\",\"url\":\"https:\/\/www.peterlang.com\/de\/serviceleistungen\/open-eba\/\",\"name\":\"Open EBA \u2013 Flexibles Modell f\u00fcr Bibliotheken bei Peter Lang\",\"isPartOf\":{\"@id\":\"https:\/\/www.peterlang.com\/#website\"},\"datePublished\":\"2024-06-28T13:07:42+00:00\",\"dateModified\":\"2025-01-13T15:12:54+00:00\",\"description\":\"Erfahren Sie, wie das Open EBA von Peter Lang Bibliotheken flexible Erwerbsm\u00f6glichkeiten bietet. Nutzen Sie Ihr Budget f\u00fcr Open Access und zur Bestandserweiterung \u2013 jetzt mehr erfahren!\",\"breadcrumb\":{\"@id\":\"https:\/\/www.peterlang.com\/de\/serviceleistungen\/open-eba\/#breadcrumb\"},\"inLanguage\":\"de-DE\",\"potentialAction\":[{\"@type\":\"ReadAction\",\"target\":[\"https:\/\/www.peterlang.com\/de\/serviceleistungen\/open-eba\/\"]}]},{\"@type\":\"BreadcrumbList\",\"@id\":\"https:\/\/www.peterlang.com\/de\/serviceleistungen\/open-eba\/#breadcrumb\",\"itemListElement\":[{\"@type\":\"ListItem\",\"position\":1,\"name\":\"Home\",\"item\":\"https:\/\/www.peterlang.com\/de\/\"},{\"@type\":\"ListItem\",\"position\":2,\"name\":\"Serviceleistungen\",\"item\":\"https:\/\/www.peterlang.com\/de\/serviceleistungen\/\"},{\"@type\":\"ListItem\",\"position\":3,\"name\":\"Open EBA\"}]},{\"@type\":\"WebSite\",\"@id\":\"https:\/\/www.peterlang.com\/#website\",\"url\":\"https:\/\/www.peterlang.com\/\",\"name\":\"Peter Lang\",\"description\":\"Peter Lang specializes in the Humanities and Social Sciences, covering the complete publication spectrum from monographs to student textbooks.\",\"potentialAction\":[{\"@type\":\"SearchAction\",\"target\":{\"@type\":\"EntryPoint\",\"urlTemplate\":\"https:\/\/www.peterlang.com\/?s={search_term_string}\"},\"query-input\":{\"@type\":\"PropertyValueSpecification\",\"valueRequired\":true,\"valueName\":\"search_term_string\"}}],\"inLanguage\":\"de-DE\"}]}<\/script>\n<!-- \/ Yoast SEO Premium plugin. -->","yoast_head_json":{"title":"Open EBA \u2013 Flexibles Modell f\u00fcr Bibliotheken bei Peter Lang","description":"Erfahren Sie, wie das Open EBA von Peter Lang Bibliotheken flexible Erwerbsm\u00f6glichkeiten bietet. Nutzen Sie Ihr Budget f\u00fcr Open Access und zur Bestandserweiterung \u2013 jetzt mehr erfahren!","robots":{"index":"index","follow":"follow","max-snippet":"max-snippet:-1","max-image-preview":"max-image-preview:large","max-video-preview":"max-video-preview:-1"},"canonical":"https:\/\/www.peterlang.com\/de\/serviceleistungen\/open-eba\/","og_locale":"de_DE","og_type":"article","og_title":"Open EBA","og_description":"Erfahren Sie, wie das Open EBA von Peter Lang Bibliotheken flexible Erwerbsm\u00f6glichkeiten bietet. Nutzen Sie Ihr Budget f\u00fcr Open Access und zur Bestandserweiterung \u2013 jetzt mehr erfahren!","og_url":"https:\/\/www.peterlang.com\/de\/serviceleistungen\/open-eba\/","og_site_name":"Peter Lang","article_modified_time":"2025-01-13T15:12:54+00:00","twitter_card":"summary_large_image","twitter_image":"https:\/\/www.peterlang.com\/app\/uploads\/2022\/09\/PL-OA1-1.png","twitter_misc":{"Est. reading time":"2 minutes"},"schema":{"@context":"https:\/\/schema.org","@graph":[{"@type":"WebPage","@id":"https:\/\/www.peterlang.com\/de\/serviceleistungen\/open-eba\/","url":"https:\/\/www.peterlang.com\/de\/serviceleistungen\/open-eba\/","name":"Open EBA \u2013 Flexibles Modell f\u00fcr Bibliotheken bei Peter Lang","isPartOf":{"@id":"https:\/\/www.peterlang.com\/#website"},"datePublished":"2024-06-28T13:07:42+00:00","dateModified":"2025-01-13T15:12:54+00:00","description":"Erfahren Sie, wie das Open EBA von Peter Lang Bibliotheken flexible Erwerbsm\u00f6glichkeiten bietet. Nutzen Sie Ihr Budget f\u00fcr Open Access und zur Bestandserweiterung \u2013 jetzt mehr erfahren!","breadcrumb":{"@id":"https:\/\/www.peterlang.com\/de\/serviceleistungen\/open-eba\/#breadcrumb"},"inLanguage":"de-DE","potentialAction":[{"@type":"ReadAction","target":["https:\/\/www.peterlang.com\/de\/serviceleistungen\/open-eba\/"]}]},{"@type":"BreadcrumbList","@id":"https:\/\/www.peterlang.com\/de\/serviceleistungen\/open-eba\/#breadcrumb","itemListElement":[{"@type":"ListItem","position":1,"name":"Home","item":"https:\/\/www.peterlang.com\/de\/"},{"@type":"ListItem","position":2,"name":"Serviceleistungen","item":"https:\/\/www.peterlang.com\/de\/serviceleistungen\/"},{"@type":"ListItem","position":3,"name":"Open EBA"}]},{"@type":"WebSite","@id":"https:\/\/www.peterlang.com\/#website","url":"https:\/\/www.peterlang.com\/","name":"Peter Lang","description":"Peter Lang specializes in the Humanities and Social Sciences, covering the complete publication spectrum from monographs to student textbooks.","potentialAction":[{"@type":"SearchAction","target":{"@type":"EntryPoint","urlTemplate":"https:\/\/www.peterlang.com\/?s={search_term_string}"},"query-input":{"@type":"PropertyValueSpecification","valueRequired":true,"valueName":"search_term_string"}}],"inLanguage":"de-DE"}]}},"_links":{"self":[{"href":"https:\/\/www.peterlang.com\/de\/wp-json\/wp\/v2\/pages\/28907","targetHints":{"allow":["GET"]}}],"collection":[{"href":"https:\/\/www.peterlang.com\/de\/wp-json\/wp\/v2\/pages"}],"about":[{"href":"https:\/\/www.peterlang.com\/de\/wp-json\/wp\/v2\/types\/page"}],"author":[{"embeddable":true,"href":"https:\/\/www.peterlang.com\/de\/wp-json\/wp\/v2\/users\/23"}],"replies":[{"embeddable":true,"href":"https:\/\/www.peterlang.com\/de\/wp-json\/wp\/v2\/comments?post=28907"}],"version-history":[{"count":13,"href":"https:\/\/www.peterlang.com\/de\/wp-json\/wp\/v2\/pages\/28907\/revisions"}],"predecessor-version":[{"id":29766,"href":"https:\/\/www.peterlang.com\/de\/wp-json\/wp\/v2\/pages\/28907\/revisions\/29766"}],"up":[{"embeddable":true,"href":"https:\/\/www.peterlang.com\/de\/wp-json\/wp\/v2\/pages\/4963"}],"wp:attachment":[{"href":"https:\/\/www.peterlang.com\/de\/wp-json\/wp\/v2\/media?parent=28907"}],"curies":[{"name":"wp","href":"https:\/\/api.w.org\/{rel}","templated":true}]}}