{"id":3437,"date":"2021-08-04T21:28:16","date_gmt":"2021-08-04T20:28:16","guid":{"rendered":"https:\/\/www.peterlang.com\/?page_id=3437"},"modified":"2026-03-05T11:23:54","modified_gmt":"2026-03-05T11:23:54","slug":"slawische-literatur-kulturwissenschaften","status":"publish","type":"page","link":"https:\/\/www.peterlang.com\/de\/fachgebiete\/slawische-literatur-kulturwissenschaften\/","title":{"rendered":"Slawistik"},"content":{"rendered":"\n\n\r\n\r\n<div class=\"appeal-spacer  appeal-spacer--69d740c44ffe6\" aria-hidden=\"true\">\r\n    <style>\r\n        .appeal-spacer--69d740c44ffe6 { height: 50px; }<!--\r\n        -->@media (max-width: 1919px) {\r\n            .appeal-spacer--69d740c44ffe6 { height: 50px; }\r\n        }<!--\r\n        -->@media (max-width: 1023px) {\r\n            .appeal-spacer--69d740c44ffe6 { height: 25px; }\r\n        }<!--\r\n        -->@media (max-width: 599px) {\r\n            .appeal-spacer--69d740c44ffe6 { height: 0px; }\r\n        }\r\n    <\/style>\r\n<\/div>\r\n\n\n\r\n\r\n<section class=\"books js-book-carousel\">\r\n  <div class=\"books__container\">\r\n    <div class=\"books__titles\">\r\n      <h2 class=\"books__title\">Neue Highlights in Slawische Literatur &#038; Kulturwissenschaften<\/h2>\r\n      <h3 class=\"books__subtitle\">Durchsuchen Sie unsere neuen und lesenswerten Titel<\/h3>\r\n    <\/div>\r\n  \r\n    <book-carousel class=\"books__slider\" :ids='[\"1617320\",\"1452830\",\"1285849\",\"1290262\",\"1290336\",\"1349909\",\"1288826\",\"1466330\",\"1571489\"]'><\/book-carousel>\r\n  <\/div>\r\n<\/section>\n\n\n\n<section class=\"team__section has-background\" data-block=\"appeal\/team\">\n\t<div class=\"team__container\">\n\t\t<h1 class=\"team__title\">Lernen Sie das Lektoratsteam kennen<\/h1>\n\t\t\t\t\t<p class=\"team__intro\">Peter Lang hat Verlagsteams in B\u00fcros auf der ganzen Welt, die sich jeweils auf die lokale Sprache und Inhalte konzentrieren. Folgen Sie den untenstehenden Links, um mehr \u00fcber die einzelnen Lektoren und ihre jeweiligen Fachgebiete zu erfahren:<\/p>\n\t\t\t\t\t\t\t<div class=\"team-members\">\n\t\t\t\t\t\t\t\t\t\t\t\t\t\t<div class=\"team-member\">\n\t\t\t\t\t\t<div class=\"team-member__image\">\n\t\t\t\t\t\t\t<img decoding=\"async\" src=\"https:\/\/www.peterlang.com\/app\/uploads\/2021\/07\/Ulrike_Doring.jpg\" alt=\"\">\n\t\t\t\t\t\t<\/div>\n\t\t\t\t\t\t<div class=\"team-member__text\">\n\t\t\t\t\t\t\t<h3 class=\"team-member__title\">Ulrike D\u00f6ring<\/h3>\n\t\t\t\t\t\t\t<h4 class=\"team-member__role\">Senior Acquisitions Editor<\/h4>\n\t\t\t\t\t\t\t<button class=\"team-member__link\">Click here for more info<\/button>\n\t\t\t\t\t\t<\/div>\n\n\t\t\t\t\t\t<div class=\"modal\">\n\t\t\t\t\t\t\t<div class=\"modal__container\">\n\t\t\t\t\t\t\t\t<div class=\"modal__container-inner\">\n\t\t\t\t\t\t\t\t\t<button class=\"modal__close\">\n\t\t\t\t\t\t\t\t\t\t<div class=\"modal__close-inner\"><\/div>\n\t\t\t\t\t\t\t\t\t<\/button>\n\t\t\t\t\t\t\t\t\t<div class=\"modal__image\">\n\t\t\t\t\t\t\t\t\t\t<img decoding=\"async\" src=\"https:\/\/www.peterlang.com\/app\/uploads\/2021\/07\/Ulrike_Doring.jpg\" alt=\"\">\n\t\t\t\t\t\t\t\t\t<\/div>\n\t\t\t\t\t\t\t\t\t<div class=\"modal__content\">\n\t\t\t\t\t\t\t\t\t\t<h3 class=\"modal__title\">Ulrike D\u00f6ring<\/h3>\n\t\t\t\t\t\t\t\t\t\t<h4 class=\"modal__role\">Senior Acquisitions Editor<\/h4>\n\t\t\t\t\t\t\t\t\t\t<p class=\"modal__description\">Ulrike D\u00f6ring studied German Language and Literature and Pedagogy at the University of Stuttgart and graduated with a master\u2019s degree. Before joining Peter Lang, she has worked as an editor for a German specialist book publisher for many years. Since December 2018, she is responsible for the German and Linguistics program at Peter Lang&#8217;s Bern office and looks forward to discussing book and series proposals, particularly on linguistic and literary topics.<\/p>\n\n\t\t\t\t\t\t\t\t\t\t<div class=\"share\">\n\t\t\t\t\t\t\t\t\t\t\t<div class=\"share-icons\">\n\t\t\t\t\t\t\t\t\t\t\t\t\t\t\t\t\t\t\t\t\t\t\t\t\t\t\t\t\t\t\t\t\t\t\t\t\t\t\t\t\t\t\t\t\t\t\t\t\t\t\t\t\t\t\t\t\t\t\t\t\t<a href=\"mailto:u.doering@peterlang.com?&#038;subject=Ulrike D\u00f6ring : Senior Acquisitions Editor\" target=\"_blank\" class=\"share-icon\">\n\t\t\t\t\t\t\t\t\t\t\t\t\t\t<svg id=\"Group_7\" data-name=\"Group 7\" xmlns=\"http:\/\/www.w3.org\/2000\/svg\" width=\"28\" height=\"19\" viewBox=\"0 0 28 19\">\r\n  <path id=\"Path\" d=\"M26.25,0H1.75A1.609,1.609,0,0,0,0,1.412v.8L14,7,28,2.214v-.8A1.609,1.609,0,0,0,26.25,0Z\" fill=\"#2a2382\"\/>\r\n  <path id=\"Path-2\" data-name=\"Path\" d=\"M14.341,5.941a.846.846,0,0,1-.683,0L0,0V13.2A1.775,1.775,0,0,0,1.75,15h24.5A1.775,1.775,0,0,0,28,13.2V0Z\" transform=\"translate(0 4)\" fill=\"#2a2382\"\/>\r\n<\/svg>\r\n\t\t\t\t\t\t\t\t\t\t\t\t\t<\/a>\n\t\t\t\t\t\t\t\t\t\t\t\t\t\t\t\t\t\t\t\t\t\t\t<\/div>\n\t\t\t\t\t\t\t\t\t\t<\/div>\n\t\t\t\t\t\t\t\t\t<\/div>\n\t\t\t\t\t\t\t\t<\/div>\n\t\t\t\t\t\t\t<\/div>\n\t\t\t\t\t\t<\/div>\n\t\t\t\t\t<\/div>\n\t\t\t\t\t\t\t\t\t\t\t\t\t\t<div class=\"team-member\">\n\t\t\t\t\t\t<div class=\"team-member__image\">\n\t\t\t\t\t\t\t<img decoding=\"async\" src=\"https:\/\/www.peterlang.com\/app\/uploads\/2021\/08\/Editor-photo-Phil-Dunshea-e1629110387282.jpg\" alt=\"\">\n\t\t\t\t\t\t<\/div>\n\t\t\t\t\t\t<div class=\"team-member__text\">\n\t\t\t\t\t\t\t<h3 class=\"team-member__title\">Dr. Phil Dunshea<\/h3>\n\t\t\t\t\t\t\t<h4 class=\"team-member__role\">Senior Acquisitions Editor (Area Studies: Humanities)<\/h4>\n\t\t\t\t\t\t\t<button class=\"team-member__link\">Click here for more info<\/button>\n\t\t\t\t\t\t<\/div>\n\n\t\t\t\t\t\t<div class=\"modal\">\n\t\t\t\t\t\t\t<div class=\"modal__container\">\n\t\t\t\t\t\t\t\t<div class=\"modal__container-inner\">\n\t\t\t\t\t\t\t\t\t<button class=\"modal__close\">\n\t\t\t\t\t\t\t\t\t\t<div class=\"modal__close-inner\"><\/div>\n\t\t\t\t\t\t\t\t\t<\/button>\n\t\t\t\t\t\t\t\t\t<div class=\"modal__image\">\n\t\t\t\t\t\t\t\t\t\t<img decoding=\"async\" src=\"https:\/\/www.peterlang.com\/app\/uploads\/2021\/08\/Editor-photo-Phil-Dunshea-e1629110387282.jpg\" alt=\"\">\n\t\t\t\t\t\t\t\t\t<\/div>\n\t\t\t\t\t\t\t\t\t<div class=\"modal__content\">\n\t\t\t\t\t\t\t\t\t\t<h3 class=\"modal__title\">Dr. Phil Dunshea<\/h3>\n\t\t\t\t\t\t\t\t\t\t<h4 class=\"modal__role\">Senior Acquisitions Editor (Area Studies: Humanities)<\/h4>\n\t\t\t\t\t\t\t\t\t\t<p class=\"modal__description\">Philip Dunshea is Senior Acquisitions Editor for the Humanities at Peter Lang, managing series on History, Literature, Culture and Religious Studies. Philip has an MA (Hons) in History from the University of St Andrews and an MPhil and PhD from the University of Cambridge. Newly arrived in North America from Scotland, he is based in Dundas, Ontario, Canada. Previous roles include Acquisitions Editor for History and the Social Sciences at Peter Lang.<\/p>\n\n\t\t\t\t\t\t\t\t\t\t<div class=\"share\">\n\t\t\t\t\t\t\t\t\t\t\t<div class=\"share-icons\">\n\t\t\t\t\t\t\t\t\t\t\t\t\t\t\t\t\t\t\t\t\t\t\t\t\t\t\t\t\t\t\t\t\t\t\t\t\t\t\t\t\t\t\t\t\t\t\t\t\t\t\t\t\t\t\t\t\t\t\t\t\t<a href=\"mailto:p.dunshea@peterlang.com?&#038;subject=Dr. Phil Dunshea : Senior Acquisitions Editor (Area Studies: Humanities)\" target=\"_blank\" class=\"share-icon\">\n\t\t\t\t\t\t\t\t\t\t\t\t\t\t<svg id=\"Group_7\" data-name=\"Group 7\" xmlns=\"http:\/\/www.w3.org\/2000\/svg\" width=\"28\" height=\"19\" viewBox=\"0 0 28 19\">\r\n  <path id=\"Path\" d=\"M26.25,0H1.75A1.609,1.609,0,0,0,0,1.412v.8L14,7,28,2.214v-.8A1.609,1.609,0,0,0,26.25,0Z\" fill=\"#2a2382\"\/>\r\n  <path id=\"Path-2\" data-name=\"Path\" d=\"M14.341,5.941a.846.846,0,0,1-.683,0L0,0V13.2A1.775,1.775,0,0,0,1.75,15h24.5A1.775,1.775,0,0,0,28,13.2V0Z\" transform=\"translate(0 4)\" fill=\"#2a2382\"\/>\r\n<\/svg>\r\n\t\t\t\t\t\t\t\t\t\t\t\t\t<\/a>\n\t\t\t\t\t\t\t\t\t\t\t\t\t\t\t\t\t\t\t\t\t\t\t<\/div>\n\t\t\t\t\t\t\t\t\t\t<\/div>\n\t\t\t\t\t\t\t\t\t<\/div>\n\t\t\t\t\t\t\t\t<\/div>\n\t\t\t\t\t\t\t<\/div>\n\t\t\t\t\t\t<\/div>\n\t\t\t\t\t<\/div>\n\t\t\t\t\t\t\t\t\t\t\t\t\t\t<div class=\"team-member\">\n\t\t\t\t\t\t<div class=\"team-member__image\">\n\t\t\t\t\t\t\t<img decoding=\"async\" src=\"https:\/\/www.peterlang.com\/app\/uploads\/2021\/07\/Benjamin-Kloss-2.jpg\" alt=\"\">\n\t\t\t\t\t\t<\/div>\n\t\t\t\t\t\t<div class=\"team-member__text\">\n\t\t\t\t\t\t\t<h3 class=\"team-member__title\">Dr. Benjamin Kloss<\/h3>\n\t\t\t\t\t\t\t<h4 class=\"team-member__role\">Senior Acquisitions Editor (Romance Studies \/ Slavic Studies)<\/h4>\n\t\t\t\t\t\t\t<button class=\"team-member__link\">Click here for more info<\/button>\n\t\t\t\t\t\t<\/div>\n\n\t\t\t\t\t\t<div class=\"modal\">\n\t\t\t\t\t\t\t<div class=\"modal__container\">\n\t\t\t\t\t\t\t\t<div class=\"modal__container-inner\">\n\t\t\t\t\t\t\t\t\t<button class=\"modal__close\">\n\t\t\t\t\t\t\t\t\t\t<div class=\"modal__close-inner\"><\/div>\n\t\t\t\t\t\t\t\t\t<\/button>\n\t\t\t\t\t\t\t\t\t<div class=\"modal__image\">\n\t\t\t\t\t\t\t\t\t\t<img decoding=\"async\" src=\"https:\/\/www.peterlang.com\/app\/uploads\/2021\/07\/Benjamin-Kloss-2.jpg\" alt=\"\">\n\t\t\t\t\t\t\t\t\t<\/div>\n\t\t\t\t\t\t\t\t\t<div class=\"modal__content\">\n\t\t\t\t\t\t\t\t\t\t<h3 class=\"modal__title\">Dr. Benjamin Kloss<\/h3>\n\t\t\t\t\t\t\t\t\t\t<h4 class=\"modal__role\">Senior Acquisitions Editor (Romance Studies \/ Slavic Studies)<\/h4>\n\t\t\t\t\t\t\t\t\t\t<p class=\"modal__description\">Benjamin Kloss has been working at Peter Lang since 2004. After studying Hispanic language &#038; literature, English language &#038; literature and psychology at the Free University of Berlin and the University of Salamanca, he worked as a research fellow at the Free University of Berlin from 1999 to 2004, where he was awarded a PhD in Romance studies. As a senior acquisitions editor at Peter Lang, he is responsible for Romance Studies and Slavic Studies.<\/p>\n\n\t\t\t\t\t\t\t\t\t\t<div class=\"share\">\n\t\t\t\t\t\t\t\t\t\t\t<div class=\"share-icons\">\n\t\t\t\t\t\t\t\t\t\t\t\t\t\t\t\t\t\t\t\t\t\t\t\t\t\t\t\t\t\t\t\t\t\t\t\t\t\t\t\t\t\t\t\t\t\t\t\t\t\t\t\t\t\t\t\t\t\t\t\t\t<a href=\"mailto:b.kloss@peterlang.com?&#038;subject=Dr. Benjamin Kloss : Senior Acquisitions Editor (Romance Studies \/ Slavic Studies)\" target=\"_blank\" class=\"share-icon\">\n\t\t\t\t\t\t\t\t\t\t\t\t\t\t<svg id=\"Group_7\" data-name=\"Group 7\" xmlns=\"http:\/\/www.w3.org\/2000\/svg\" width=\"28\" height=\"19\" viewBox=\"0 0 28 19\">\r\n  <path id=\"Path\" d=\"M26.25,0H1.75A1.609,1.609,0,0,0,0,1.412v.8L14,7,28,2.214v-.8A1.609,1.609,0,0,0,26.25,0Z\" fill=\"#2a2382\"\/>\r\n  <path id=\"Path-2\" data-name=\"Path\" d=\"M14.341,5.941a.846.846,0,0,1-.683,0L0,0V13.2A1.775,1.775,0,0,0,1.75,15h24.5A1.775,1.775,0,0,0,28,13.2V0Z\" transform=\"translate(0 4)\" fill=\"#2a2382\"\/>\r\n<\/svg>\r\n\t\t\t\t\t\t\t\t\t\t\t\t\t<\/a>\n\t\t\t\t\t\t\t\t\t\t\t\t\t\t\t\t\t\t\t\t\t\t\t<\/div>\n\t\t\t\t\t\t\t\t\t\t<\/div>\n\t\t\t\t\t\t\t\t\t<\/div>\n\t\t\t\t\t\t\t\t<\/div>\n\t\t\t\t\t\t\t<\/div>\n\t\t\t\t\t\t<\/div>\n\t\t\t\t\t<\/div>\n\t\t\t\t\t\t\t<\/div>\n\t\t\t<\/div>\n<\/section>\n\n\r\n\r\n<div class=\"appeal-spacer  appeal-spacer--69d740c4525ba\" aria-hidden=\"true\">\r\n    <style>\r\n        .appeal-spacer--69d740c4525ba { height: 75px; }<!--\r\n        -->@media (max-width: 1919px) {\r\n            .appeal-spacer--69d740c4525ba { height: 75px; }\r\n        }<!--\r\n        -->@media (max-width: 1023px) {\r\n            .appeal-spacer--69d740c4525ba { height: 50px; }\r\n        }<!--\r\n        -->@media (max-width: 599px) {\r\n            .appeal-spacer--69d740c4525ba { height: 50px; }\r\n        }\r\n    <\/style>\r\n<\/div>\r\n\n\n\n\n<section class=\"cta__section has-background\">\n\t<div class=\"cta__container\">\n    <div class=\"cta__content\">\n  \t\t<h1 class=\"cta__title\">Ver\u00f6ffentlichen Sie mit uns<\/h1>\n  \t\t  \t\t\t<p class=\"cta__text\">M\u00f6chten Sie Ihre Forschungsergebnisse ver\u00f6ffentlichen? Lesen Sie mehr dar\u00fcber, warum die Peter Lang Gruppe die ideale Verlagswahl f\u00fcr Ihre Publikation ist<\/p>\n  \t\t  \t\t  \t\t\t<a href=\"http:\/\/www.peterlang.com\/de\/fur-autoren\/\" class=\"button\">Erfahren Sie mehr<\/a>\n  \t\t    <\/div>\n\t<\/div>\n<\/section> \n\n\n\n\n<section class=\"testimonial\">\n\t<div class=\"testimonial__bg\"><\/div>\n\t<div class=\"testimonial__container\">\n\t\t\t\t<div class=\"testimonial__image\">\n\t\t\t<img decoding=\"async\" src=\"https:\/\/www.peterlang.com\/app\/uploads\/2021\/09\/9783631775738-768x442.jpg\" alt=\"Human Existence and Identity in Modern Age: A Socio-philosophical Reflection book front cover\">\n\t\t<\/div>\n\t\t \n\t\t<div class=\"testimonial__content\">\n\t\t\t<blockquote class=\"testimonial__quote\">\n\t\t\t\t<p>&#8220;We are very thankful also to Esra Bahsi, Senior Acquisitions Editor of the Peter Lang Publishing Group, for her constant help, the heart-to-heart talks, and instant correspondence during the course of this project.&#8221;<\/p>\n\t\t\t<\/blockquote>\n\t\t\t<p class=\"testimonial__caption\">Prof. H\u00fclya Yaldir and Prof. Mirza Iqbal Ashraf, editors of Human Existence and Identity in Modern Age: A Socio-philosophical Reflection<\/p>\n\t\t<\/div>\n\t<\/div>\n<\/section>\n\n\r\n\r\n<div class=\"appeal-spacer  appeal-spacer--69d740c4537cf\" aria-hidden=\"true\">\r\n    <style>\r\n        .appeal-spacer--69d740c4537cf { height: 50px; }<!--\r\n        -->@media (max-width: 1919px) {\r\n            .appeal-spacer--69d740c4537cf { height: 50px; }\r\n        }<!--\r\n        -->@media (max-width: 1023px) {\r\n            .appeal-spacer--69d740c4537cf { height: 25px; }\r\n        }<!--\r\n        -->@media (max-width: 599px) {\r\n            .appeal-spacer--69d740c4537cf { height: 25px; }\r\n        }\r\n    <\/style>\r\n<\/div>\r\n\n\n\n<script charset=\"utf-8\" type=\"text\/javascript\" src=\"\/\/js.hsforms.net\/forms\/shell.js\"><\/script>\n<script>\n  hbspt.forms.create({\n        region: \"na1\",\n        portalId: \"5381528\",\n        formId: \"ab2008ba-7236-4fc1-8444-113e0c5695b4\"\n});\n<\/script>\n\n\n\r\n\r\n<div class=\"appeal-spacer  appeal-spacer--69d740c45398d\" aria-hidden=\"true\">\r\n    <style>\r\n        .appeal-spacer--69d740c45398d { height: 50px; }<!--\r\n        -->@media (max-width: 1919px) {\r\n            .appeal-spacer--69d740c45398d { height: 50px; }\r\n        }<!--\r\n        -->@media (max-width: 1023px) {\r\n            .appeal-spacer--69d740c45398d { height: 25px; }\r\n        }<!--\r\n        -->@media (max-width: 599px) {\r\n            .appeal-spacer--69d740c45398d { height: 25px; }\r\n        }\r\n    <\/style>\r\n<\/div>\r\n\n\n\n\n\n<section class=\"tiles-section tile-section--alt has-background\">\n\t<div class=\"tiles__container\">\n\t\t\t\t<div class=\"tiles tiles--alt\">\n\t\t\t\t\t\t\t\t\t<div class=\"tile tile--blue\">\n\t\t\t\t\t<h3 class=\"tile__title\">Policies<\/h3>\n\t\t\t\t\t\t\t\t\t\t<ul>\n\t\t\t\t\t\t\t\t\t\t\t\t\t\t\t\t\t\t\t\t\t\t\t\t\t\t\t\t<li><a href=\"https:\/\/www.peterlang.com\/privacy-policy\/#Authors-Contributors-and-Editors\">Klicken Sie hier f\u00fcr Datenschutzerkl\u00e4rung f\u00fcr Autoren\/innen, Beitr\u00e4ger\/Innen und Herausgeber\/innen<\/a><\/li>\n\t\t\t\t\t\t\t\t\t\t\t\t\t\t\t\t\t\t\t\t\t\t\t\t\t\t\t\t\t\t\t\t\t\t\t<li><a href=\"https:\/\/www.peterlang.com\/de\/datenschutzerklaerung\/#Autoren\/innen,-Beitr\u00e4ger\/Innen-und-Herausgeber\/innen\">Datenschutzerkl\u00e4rung f\u00fcr Autoren\/innen, Beitr\u00e4ger\/Innen und Herausgeber\/innen<\/a><\/li>\n\t\t\t\t\t\t\t\t\t\t\t\t\t\t\t\t\t\t\t\t\t\t\t\t\t\t\t\t\t\t\t\t\t\t\t<li><a href=\"https:\/\/www.peterlang.com\/app\/uploads\/2021\/07\/Publication_Ethics.pdf\">Publication Ethics<\/a><\/li>\n\t\t\t\t\t\t\t\t\t\t\t\t\t\t\t\t\t\t\t\t\t\t\t\t\t\t\t\t\t\t\t\t\t\t\t<li><a href=\"https:\/\/help.peterlang.com\/hubfs\/Author_Package\/Hinweise_Manuskripteinreichung_Peter_Lang.pdf\">Hinweise zur Manuskripteinreichung<\/a><\/li>\n\t\t\t\t\t\t\t\t\t\t\t\t\t\t\t\t\t\t\t\t\t\t\t\t\t\t\t\t\t\t\t\t\t\t\t<li><a href=\"https:\/\/help.peterlang.com\/hubfs\/Author_Package\/Copyright_Guidelines_Peter_Lang_Group.pdf\">Copyright Guidelines<\/a><\/li>\n\t\t\t\t\t\t\t\t\t\t\t\t\t\t\t\t\t\t\t\t\t\t\t\t\t\t\t\t\t\t\t\t\t\t\t<li><a href=\"https:\/\/help.peterlang.com\/hubfs\/Author_Package\/Indexing_Guidelines_Peter_Lang_Group.pdf\">Indexing Guidelines<\/a><\/li>\n\t\t\t\t\t\t\t\t\t\t\t\t\t\t\t\t\t\t<\/ul>\n\t\t\t\t\t  \t\t<\/div>\n\t\t\t\t\t\t\t\t\t<div class=\"tile tile--blue\">\n\t\t\t\t\t<h3 class=\"tile__title\">Downloads<\/h3>\n\t\t\t\t\t\t\t\t\t\t<ul>\n\t\t\t\t\t\t\t\t\t\t\t\t\t\t\t\t\t\t\t\t\t\t\t\t\t\t\t\t<li><a href=\"https:\/\/www.peterlang.com\/app\/uploads\/2024\/12\/Publikationsanfrage_Peter_Lang_Group.docx\">Publikationsanfrage \u2013 Ihr Buchprojekt<\/a><\/li>\n\t\t\t\t\t\t\t\t\t\t\t\t\t\t\t\t\t\t\t\t\t\t\t\t\t\t\t\t\t\t\t\t\t\t\t<li><a href=\"https:\/\/help.peterlang.com\/hubfs\/Author_Package\/Publishing-Proposal-Form_Series_EN-1%20(1).docx\">Publishing Proposal Form &#8211; Series<\/a><\/li>\n\t\t\t\t\t\t\t\t\t\t\t\t\t\t\t\t\t\t\t\t\t\t\t\t\t\t\t\t\t\t\t\t\t\t\t<li><a href=\"https:\/\/help.peterlang.com\/hubfs\/Author_Package\/Permissions-Template-Letter.docx\">Permissions Template Letter<\/a><\/li>\n\t\t\t\t\t\t\t\t\t\t\t\t\t\t\t\t\t\t\t\t\t\t\t\t\t\t\t\t\t\t\t\t\t\t\t<li><a href=\"https:\/\/www.peterlang.com\/app\/uploads\/2026\/01\/Gestaltungsrichtlinien_Deutsch_Peter_Lang-JAN-2026.pdf\">Gestaltungsrichtlinien \u2013 Deutsch<\/a><\/li>\n\t\t\t\t\t\t\t\t\t\t\t\t\t\t\t\t\t\t\t\t\t\t\t\t\t\t\t\t\t\t\t\t\t\t\t<li><a href=\"https:\/\/www.peterlang.com\/app\/uploads\/2026\/01\/Style_Guidelines_American_English_Peter_Lang-JAN-2026.pdf\">Style Guidelines &#8211; American English<\/a><\/li>\n\t\t\t\t\t\t\t\t\t\t\t\t\t\t\t\t\t\t\t\t\t\t\t\t\t\t\t\t\t\t\t\t\t\t\t<li><a href=\"https:\/\/www.peterlang.com\/app\/uploads\/2026\/01\/Style_Guidelines_British_English_Peter_Lang-JAN-2026.pdf\">Style Guidelines &#8211; British English<\/a><\/li>\n\t\t\t\t\t\t\t\t\t\t\t\t\t\t\t\t\t\t\t\t\t\t\t\t\t\t\t\t\t\t\t\t\t\t\t<li><a href=\"https:\/\/help.peterlang.com\/hubfs\/Author_Package\/Guide_stylistique_fran%C3%A7ais_Peter_Lang.pdf\">Guide stylistique \u2013 Fran\u00e7ais<\/a><\/li>\n\t\t\t\t\t\t\t\t\t\t\t\t\t\t\t\t\t\t\t\t\t\t\t\t\t\t\t\t\t\t\t\t\t\t\t<li><a href=\"https:\/\/www.peterlang.com\/app\/uploads\/2026\/01\/Guia_de_estilo_espanol_Peter_Lang-JAN-2026.pdf\">Gu\u00eda_de_estilo &#8211; Espa\u00f1ol<\/a><\/li>\n\t\t\t\t\t\t\t\t\t\t\t\t\t\t\t\t\t\t<\/ul>\n\t\t\t\t\t  \t\t<\/div>\n\t\t\t\t\t<\/div>\n\t\t\t<\/div>\n<\/section> ","protected":false},"excerpt":{"rendered":"","protected":false},"author":1,"featured_media":0,"parent":3401,"menu_order":0,"comment_status":"closed","ping_status":"closed","template":"","meta":{"_acf_changed":false,"content-type":"","footnotes":""},"class_list":["post-3437","page","type-page","status-publish","hentry"],"acf":[],"yoast_head":"<!-- This site is optimized with the Yoast SEO Premium plugin v24.6 (Yoast SEO v24.9) - https:\/\/yoast.com\/wordpress\/plugins\/seo\/ -->\n<title>Slawistik \u2013 Literatur &amp; Kulturwissenschaften bei Peter Lang<\/title>\n<meta name=\"description\" content=\"Entdecken Sie die neuesten Titel zur slawischen Literatur und Kulturwissenschaften bei Peter Lang. Forschung zu slawischen Sprachen, Literatur und Geschichte \u2013 jetzt mehr erfahren!\" \/>\n<meta name=\"robots\" content=\"index, follow, max-snippet:-1, max-image-preview:large, max-video-preview:-1\" \/>\n<link rel=\"canonical\" href=\"https:\/\/www.peterlang.com\/de\/fachgebiete\/slawische-literatur-kulturwissenschaften\/\" \/>\n<meta property=\"og:locale\" content=\"de_DE\" \/>\n<meta property=\"og:type\" content=\"article\" \/>\n<meta property=\"og:title\" content=\"Slawistik\" \/>\n<meta property=\"og:description\" content=\"Entdecken Sie die neuesten Titel zur slawischen Literatur und Kulturwissenschaften bei Peter Lang. Forschung zu slawischen Sprachen, Literatur und Geschichte \u2013 jetzt mehr erfahren!\" \/>\n<meta property=\"og:url\" content=\"https:\/\/www.peterlang.com\/de\/fachgebiete\/slawische-literatur-kulturwissenschaften\/\" \/>\n<meta property=\"og:site_name\" content=\"Peter Lang\" \/>\n<meta property=\"article:modified_time\" content=\"2026-03-05T11:23:54+00:00\" \/>\n<meta name=\"twitter:card\" content=\"summary_large_image\" \/>\n<script type=\"application\/ld+json\" class=\"yoast-schema-graph\">{\"@context\":\"https:\/\/schema.org\",\"@graph\":[{\"@type\":\"WebPage\",\"@id\":\"https:\/\/www.peterlang.com\/de\/fachgebiete\/slawische-literatur-kulturwissenschaften\/\",\"url\":\"https:\/\/www.peterlang.com\/de\/fachgebiete\/slawische-literatur-kulturwissenschaften\/\",\"name\":\"Slawistik \u2013 Literatur & Kulturwissenschaften bei Peter Lang\",\"isPartOf\":{\"@id\":\"https:\/\/www.peterlang.com\/#website\"},\"datePublished\":\"2021-08-04T20:28:16+00:00\",\"dateModified\":\"2026-03-05T11:23:54+00:00\",\"description\":\"Entdecken Sie die neuesten Titel zur slawischen Literatur und Kulturwissenschaften bei Peter Lang. Forschung zu slawischen Sprachen, Literatur und Geschichte \u2013 jetzt mehr erfahren!\",\"breadcrumb\":{\"@id\":\"https:\/\/www.peterlang.com\/de\/fachgebiete\/slawische-literatur-kulturwissenschaften\/#breadcrumb\"},\"inLanguage\":\"de-DE\",\"potentialAction\":[{\"@type\":\"ReadAction\",\"target\":[\"https:\/\/www.peterlang.com\/de\/fachgebiete\/slawische-literatur-kulturwissenschaften\/\"]}]},{\"@type\":\"BreadcrumbList\",\"@id\":\"https:\/\/www.peterlang.com\/de\/fachgebiete\/slawische-literatur-kulturwissenschaften\/#breadcrumb\",\"itemListElement\":[{\"@type\":\"ListItem\",\"position\":1,\"name\":\"Home\",\"item\":\"https:\/\/www.peterlang.com\/de\/\"},{\"@type\":\"ListItem\",\"position\":2,\"name\":\"Fachgebiete\",\"item\":\"https:\/\/www.peterlang.com\/de\/fachgebiete\/\"},{\"@type\":\"ListItem\",\"position\":3,\"name\":\"Slawistik\"}]},{\"@type\":\"WebSite\",\"@id\":\"https:\/\/www.peterlang.com\/#website\",\"url\":\"https:\/\/www.peterlang.com\/\",\"name\":\"Peter Lang\",\"description\":\"Peter Lang specializes in the Humanities and Social Sciences, covering the complete publication spectrum from monographs to student textbooks.\",\"potentialAction\":[{\"@type\":\"SearchAction\",\"target\":{\"@type\":\"EntryPoint\",\"urlTemplate\":\"https:\/\/www.peterlang.com\/?s={search_term_string}\"},\"query-input\":{\"@type\":\"PropertyValueSpecification\",\"valueRequired\":true,\"valueName\":\"search_term_string\"}}],\"inLanguage\":\"de-DE\"}]}<\/script>\n<!-- \/ Yoast SEO Premium plugin. -->","yoast_head_json":{"title":"Slawistik \u2013 Literatur & Kulturwissenschaften bei Peter Lang","description":"Entdecken Sie die neuesten Titel zur slawischen Literatur und Kulturwissenschaften bei Peter Lang. Forschung zu slawischen Sprachen, Literatur und Geschichte \u2013 jetzt mehr erfahren!","robots":{"index":"index","follow":"follow","max-snippet":"max-snippet:-1","max-image-preview":"max-image-preview:large","max-video-preview":"max-video-preview:-1"},"canonical":"https:\/\/www.peterlang.com\/de\/fachgebiete\/slawische-literatur-kulturwissenschaften\/","og_locale":"de_DE","og_type":"article","og_title":"Slawistik","og_description":"Entdecken Sie die neuesten Titel zur slawischen Literatur und Kulturwissenschaften bei Peter Lang. Forschung zu slawischen Sprachen, Literatur und Geschichte \u2013 jetzt mehr erfahren!","og_url":"https:\/\/www.peterlang.com\/de\/fachgebiete\/slawische-literatur-kulturwissenschaften\/","og_site_name":"Peter Lang","article_modified_time":"2026-03-05T11:23:54+00:00","twitter_card":"summary_large_image","schema":{"@context":"https:\/\/schema.org","@graph":[{"@type":"WebPage","@id":"https:\/\/www.peterlang.com\/de\/fachgebiete\/slawische-literatur-kulturwissenschaften\/","url":"https:\/\/www.peterlang.com\/de\/fachgebiete\/slawische-literatur-kulturwissenschaften\/","name":"Slawistik \u2013 Literatur & Kulturwissenschaften bei Peter Lang","isPartOf":{"@id":"https:\/\/www.peterlang.com\/#website"},"datePublished":"2021-08-04T20:28:16+00:00","dateModified":"2026-03-05T11:23:54+00:00","description":"Entdecken Sie die neuesten Titel zur slawischen Literatur und Kulturwissenschaften bei Peter Lang. Forschung zu slawischen Sprachen, Literatur und Geschichte \u2013 jetzt mehr erfahren!","breadcrumb":{"@id":"https:\/\/www.peterlang.com\/de\/fachgebiete\/slawische-literatur-kulturwissenschaften\/#breadcrumb"},"inLanguage":"de-DE","potentialAction":[{"@type":"ReadAction","target":["https:\/\/www.peterlang.com\/de\/fachgebiete\/slawische-literatur-kulturwissenschaften\/"]}]},{"@type":"BreadcrumbList","@id":"https:\/\/www.peterlang.com\/de\/fachgebiete\/slawische-literatur-kulturwissenschaften\/#breadcrumb","itemListElement":[{"@type":"ListItem","position":1,"name":"Home","item":"https:\/\/www.peterlang.com\/de\/"},{"@type":"ListItem","position":2,"name":"Fachgebiete","item":"https:\/\/www.peterlang.com\/de\/fachgebiete\/"},{"@type":"ListItem","position":3,"name":"Slawistik"}]},{"@type":"WebSite","@id":"https:\/\/www.peterlang.com\/#website","url":"https:\/\/www.peterlang.com\/","name":"Peter Lang","description":"Peter Lang specializes in the Humanities and Social Sciences, covering the complete publication spectrum from monographs to student textbooks.","potentialAction":[{"@type":"SearchAction","target":{"@type":"EntryPoint","urlTemplate":"https:\/\/www.peterlang.com\/?s={search_term_string}"},"query-input":{"@type":"PropertyValueSpecification","valueRequired":true,"valueName":"search_term_string"}}],"inLanguage":"de-DE"}]}},"_links":{"self":[{"href":"https:\/\/www.peterlang.com\/de\/wp-json\/wp\/v2\/pages\/3437","targetHints":{"allow":["GET"]}}],"collection":[{"href":"https:\/\/www.peterlang.com\/de\/wp-json\/wp\/v2\/pages"}],"about":[{"href":"https:\/\/www.peterlang.com\/de\/wp-json\/wp\/v2\/types\/page"}],"author":[{"embeddable":true,"href":"https:\/\/www.peterlang.com\/de\/wp-json\/wp\/v2\/users\/1"}],"replies":[{"embeddable":true,"href":"https:\/\/www.peterlang.com\/de\/wp-json\/wp\/v2\/comments?post=3437"}],"version-history":[{"count":65,"href":"https:\/\/www.peterlang.com\/de\/wp-json\/wp\/v2\/pages\/3437\/revisions"}],"predecessor-version":[{"id":56424,"href":"https:\/\/www.peterlang.com\/de\/wp-json\/wp\/v2\/pages\/3437\/revisions\/56424"}],"up":[{"embeddable":true,"href":"https:\/\/www.peterlang.com\/de\/wp-json\/wp\/v2\/pages\/3401"}],"wp:attachment":[{"href":"https:\/\/www.peterlang.com\/de\/wp-json\/wp\/v2\/media?parent=3437"}],"curies":[{"name":"wp","href":"https:\/\/api.w.org\/{rel}","templated":true}]}}