{"id":3474,"date":"2021-08-04T22:07:05","date_gmt":"2021-08-04T21:07:05","guid":{"rendered":"https:\/\/www.peterlang.com\/?page_id=3474"},"modified":"2025-11-20T13:56:34","modified_gmt":"2025-11-20T13:56:34","slug":"stellenangebote","status":"publish","type":"page","link":"https:\/\/www.peterlang.com\/de\/stellenangebote\/","title":{"rendered":"Stellenangebote"},"content":{"rendered":"\n\n\r\n\r\n<div class=\"appeal-spacer  appeal-spacer--69d72f3ac3352\" aria-hidden=\"true\">\r\n    <style>\r\n        .appeal-spacer--69d72f3ac3352 { height: 100px; }<!--\r\n        -->@media (max-width: 1919px) {\r\n            .appeal-spacer--69d72f3ac3352 { height: 100px; }\r\n        }<!--\r\n        -->@media (max-width: 1023px) {\r\n            .appeal-spacer--69d72f3ac3352 { height: 75px; }\r\n        }<!--\r\n        -->@media (max-width: 599px) {\r\n            .appeal-spacer--69d72f3ac3352 { height: 50px; }\r\n        }\r\n    <\/style>\r\n<\/div>\r\n\n\n\n<h2 class=\"wp-block-heading\" id=\"h-vielen-dank-fur-ihr-interesse\">Vielen Dank f\u00fcr Ihr Interesse<\/h2>\n\n\n\n\n<section class=\"tiles-section remove-spacing\">\n\t<div class=\"tiles__container\">\n\t\t\t\t\t<div class=\"tiles \">\n\t\t\t\t\t\t\t\t\t\t\t\t\t\t <a href=\"https:\/\/wkf.ms\/4euloYk\" class=\"tile\">\n\t\t\t\t\t\t\t\t\t\t\t\t\t<h3 class=\"tile__title\">Publishing Success Manager &#8211; German<\/h3>\n\t\t\t\t\t\t\t<p class=\"tile__description\">Zur Verst\u00e4rkung unseres Teams suchen wir ab sofort einen Publishing Success Manager. In dieser Funktion sind Sie f\u00fcr eine erfolgreiche Autorenbeziehung und Buchproduktion, von der Manuskript\u00fcbermittlung bis zur Ver\u00f6ffentlichung, verantwortlich. Sie fungieren als Bindeglied zwischen Autor:in und verschiedenen Abteilungen (Lektorat, Design, Distribution, Marketing usw.) und stellen die rechtzeitige Erbringung unserer Leistungen, die Einhaltung des Publikationszeitplans und die Zufriedenheit unserer Autor:innen sicher. Sie sind in der Lage gleichzeitig verschiedenste gleichzeitige Buchproduktionen zu koordinieren und voranzutreiben. Ihre proaktive und l\u00f6sungsorientierte Arbeitsweise kommt Ihnen dabei zur Hilfe. Sie werden von uns geschult und eingef\u00fchrt, verf\u00fcgen aber bereits \u00fcber solide Grundkenntnisse in der Buchproduktion und im Projektmanagement.<\/p>\n\t\t\t\t\t\t\t <\/a>\n\t\t\t\t\t\t\t\t\t\t\t\t\t\t\t\t <a href=\"https:\/\/wkf.ms\/3GUCYJz\" class=\"tile\">\n\t\t\t\t\t\t\t\t\t\t\t\t\t<h3 class=\"tile__title\">Data Manager<\/h3>\n\t\t\t\t\t\t\t<p class=\"tile__description\">We are seeking a Data Manager to lead and oversee data governance, quality, and integration initiatives across our organization. This role will be critical in ensuring the reliability, consistency, and strategic value of our data assets. You will work cross-functionally with business stakeholders, data engineers, BI developers, and compliance officers to structure, enrich and deliver data that supports informed decision-making and digital transformation.<\/p>\n\t\t\t\t\t\t\t <\/a>\n\t\t\t\t\t\t\t\t\t\t\t\t\t\t\t\t <a href=\"https:\/\/wkf.ms\/4oStaAR\" class=\"tile\">\n\t\t\t\t\t\t\t\t\t\t\t\t\t<h3 class=\"tile__title\">Financial Analyst Associate<\/h3>\n\t\t\t\t\t\t\t<p class=\"tile__description\">We are looking for a driven and ambitious Financial Analyst Associate to join our growing international team. This is an exciting opportunity to work in a truly global environment, with exposure to diverse markets and business operations. As part of our finance team, you will play a key role in shaping strategic decisions through management reporting, cash flow analysis, cost monitoring, ad treasury support.  If you enjoy working with numbers, solving problems, and collaborating across cultures, this role will give you the platform to grow your expertise and make a real impact. Join us and be part of a forward-thinking organization where your contributions are valued, and your career can thrive.<\/p>\n\t\t\t\t\t\t\t <\/a>\n\t\t\t\t\t\t\t\t\t\t\t\t\t\t\t\t <a href=\"https:\/\/wkf.ms\/3IfVP2m\" class=\"tile\">\n\t\t\t\t\t\t\t\t\t\t\t\t\t<h3 class=\"tile__title\">Publishing Assistant &#8211; Chinese<\/h3>\n\t\t\t\t\t\t\t<p class=\"tile__description\">We are looking for a Publishing Assistant with Chinese to join us in supporting the preparation of our publishing projects for production. You will guide authors through manuscript preparation and submission, coordinate peer reviews, check manuscripts for quality, and keep project data accurate in our ERP system. You will work closely with colleagues in various departments, and should have a proactive, critical-thinking approach to managing your work. Training and support will be given, but a self-starter approach is very welcome.<\/p>\n\t\t\t\t\t\t\t <\/a>\n\t\t\t\t\t\t\t\t\t\t\t\t\t\t\t\t <a href=\"https:\/\/wkf.ms\/43f1TPL%20\" class=\"tile\">\n\t\t\t\t\t\t\t\t\t\t\t\t\t<h3 class=\"tile__title\">Publishing Assistant &#8211; Deutsch<\/h3>\n\t\t\t\t\t\t\t<p class=\"tile__description\">Wir suchen eine *n Publishing Assistant, der uns bei der Vorbereitung unserer Verlagsprojekte f\u00fcr die Produktion unterst\u00fctzt. Sie begleiten Autorinnen und Autoren bei der Manuskriptvorbereitung und -einreichung, koordinieren Peer Reviews, pr\u00fcfen Manuskripte auf Qualit\u00e4t und pflegen die Projektdaten sorgf\u00e4ltig in unserem ERP-System. Sie arbeiten eng mit Kolleginnen und Kollegen aus verschiedenen Abteilungen zusammen und sollten eine proaktive, analytische Denkweise bei der Organisation Ihrer Aufgaben mitbringen. Eine Einarbeitung und Unterst\u00fctzung werden geboten, dennoch ist eine eigenst\u00e4ndige Arbeitsweise sehr willkommen.<\/p>\n\t\t\t\t\t\t\t <\/a>\n\t\t\t\t\t\t\t\t\t\t\t\t\t\t\t\t <a href=\"https:\/\/wkf.ms\/3ZkbClZ\" class=\"tile\">\n\t\t\t\t\t\t\t\t\t\t\t\t\t<h3 class=\"tile__title\">Publishing Assistant &#8211; English<\/h3>\n\t\t\t\t\t\t\t<p class=\"tile__description\">We are looking for a Publishing Assistant to join us in supporting the preparation of our publishing projects for production. You will guide authors through manuscript preparation and submission, coordinate peer reviews, check manuscripts for quality, and keep project data accurate in our ERP system.     You will work closely with colleagues in various departments, and should have a proactive, critical-thinking approach to managing your work. Training and support will be given, but a self-starter approach is very welcome.<\/p>\n\t\t\t\t\t\t\t <\/a>\n\t\t\t\t\t\t\t\t\t\t\t\t\t\t\t\t <a href=\"https:\/\/wkf.ms\/4mYgS7Z\" class=\"tile\">\n\t\t\t\t\t\t\t\t\t\t\t\t\t<h3 class=\"tile__title\">Copyediting Assistant<\/h3>\n\t\t\t\t\t\t\t<p class=\"tile__description\">We are seeking a detail-oriented and technologically proficient individual to assist our copyediting team. The ideal candidate will have excellent command of Microsoft Word and strong attention to detail. This role involves working with complex documents in a variety of languages, ensuring consistency and quality across manuscripts, and supporting the editorial workflow. Knowledge of Romance languages (particularly French or Spanish) will be considered a valuable asset.<\/p>\n\t\t\t\t\t\t\t <\/a>\n\t\t\t\t\t\t\t\t\t\t\t\t\t\t\t\t <a href=\"https:\/\/wkf.ms\/4h4Cpuf\" class=\"tile\">\n\t\t\t\t\t\t\t\t\t\t\t\t\t<h3 class=\"tile__title\">Indexer<\/h3>\n\t\t\t\t\t\t\t<p class=\"tile__description\">We are seeking a professional indexer to create high-quality, reader-friendly indexes for scholarly manuscripts in the arts and humanities. The ideal candidate will have a strong academic background in these fields, combined with hands-on expertise in indexing tools and best practices.<\/p>\n\t\t\t\t\t\t\t <\/a>\n\t\t\t\t\t\t\t\t\t\t\t\t\t\t\t\t <a href=\"https:\/\/wkf.ms\/47fq8zJ\" class=\"tile\">\n\t\t\t\t\t\t\t\t\t\t\t\t\t<h3 class=\"tile__title\">Publishing Success Intern &#8211; French\/ Spanish<\/h3>\n\t\t\t\t\t\t\t<p class=\"tile__description\">We are looking for a Publishing Success Intern with French and Spanish to support our Publishing Success team. In this role, you will support project coordination, perform quality control on manuscripts and materials, and facilitate multilingual communication between authors, service providers, and internal departments. Training and support will be given, but a solid book production knowledge and experience, and project management skills are required. <\/p>\n\t\t\t\t\t\t\t <\/a>\n\t\t\t\t\t\t\t\t\t\t\t\t\t\t\t\t <a href=\"https:\/\/wkf.ms\/4h4qbBZ\" class=\"tile\">\n\t\t\t\t\t\t\t\t\t\t\t\t\t<h3 class=\"tile__title\">Publishing Success Intern &#8211; German<\/h3>\n\t\t\t\t\t\t\t<p class=\"tile__description\">We are looking for a Publishing Success Intern with German to support our Publishing Success team. In this role, you will support project coordination, perform quality control on manuscripts and materials, and facilitate multilingual communication between authors, service providers, and internal departments. Training and support will be given, but a solid book production knowledge and experience, and project management skills are required.<\/p>\n\t\t\t\t\t\t\t <\/a>\n\t\t\t\t\t\t\t\t\t\t\t\t\t\t\t\t <a href=\"https:\/\/wkf.ms\/41E893j\" class=\"tile\">\n\t\t\t\t\t\t\t\t\t\t\t\t\t<h3 class=\"tile__title\">Open Application<\/h3>\n\t\t\t\t\t\t\t<p class=\"tile__description\">Are you interested to work with Peter Lang? You can spontaneously apply with this form.  Share your CV and describe the role you are interested in. We will get back to you.<\/p>\n\t\t\t\t\t\t\t <\/a>\n\t\t\t\t\t\t\t<\/div>\n<\/div>\n<\/section>\n\n\n\r\n\r\n<div class=\"appeal-spacer  appeal-spacer--69d72f3ac42ae\" aria-hidden=\"true\">\r\n    <style>\r\n        .appeal-spacer--69d72f3ac42ae { height: 75px; }<!--\r\n        -->@media (max-width: 1919px) {\r\n            .appeal-spacer--69d72f3ac42ae { height: 75px; }\r\n        }<!--\r\n        -->@media (max-width: 1023px) {\r\n            .appeal-spacer--69d72f3ac42ae { height: 75px; }\r\n        }<!--\r\n        -->@media (max-width: 599px) {\r\n            .appeal-spacer--69d72f3ac42ae { height: 50px; }\r\n        }\r\n    <\/style>\r\n<\/div>\r\n","protected":false},"excerpt":{"rendered":"<p>Vielen Dank f\u00fcr Ihr Interesse<\/p>\n","protected":false},"author":1,"featured_media":0,"parent":0,"menu_order":0,"comment_status":"closed","ping_status":"closed","template":"","meta":{"_acf_changed":false,"content-type":"","footnotes":""},"class_list":["post-3474","page","type-page","status-publish","hentry"],"acf":[],"yoast_head":"<!-- This site is optimized with the Yoast SEO Premium plugin v24.6 (Yoast SEO v24.9) - https:\/\/yoast.com\/wordpress\/plugins\/seo\/ -->\n<title>Stellenangebote - Peter Lang<\/title>\n<meta name=\"description\" content=\"Finden Sie spannende Stellenangebote bei der Peter Lang Group. Werden Sie Teil unseres Teams und gestalten Sie die Zukunft des akademischen Verlagswesens \u2013 jetzt bewerben!\" \/>\n<meta name=\"robots\" content=\"index, follow, max-snippet:-1, max-image-preview:large, max-video-preview:-1\" \/>\n<link rel=\"canonical\" href=\"https:\/\/www.peterlang.com\/de\/stellenangebote\/\" \/>\n<meta property=\"og:locale\" content=\"de_DE\" \/>\n<meta property=\"og:type\" content=\"article\" \/>\n<meta property=\"og:title\" content=\"Stellenangebote\" \/>\n<meta property=\"og:description\" content=\"Finden Sie spannende Stellenangebote bei der Peter Lang Group. Werden Sie Teil unseres Teams und gestalten Sie die Zukunft des akademischen Verlagswesens \u2013 jetzt bewerben!\" \/>\n<meta property=\"og:url\" content=\"https:\/\/www.peterlang.com\/de\/stellenangebote\/\" \/>\n<meta property=\"og:site_name\" content=\"Peter Lang\" \/>\n<meta property=\"article:modified_time\" content=\"2025-11-20T13:56:34+00:00\" \/>\n<meta name=\"twitter:card\" content=\"summary_large_image\" \/>\n<meta name=\"twitter:label1\" content=\"Est. reading time\" \/>\n\t<meta name=\"twitter:data1\" content=\"1 minute\" \/>\n<script type=\"application\/ld+json\" class=\"yoast-schema-graph\">{\"@context\":\"https:\/\/schema.org\",\"@graph\":[{\"@type\":\"WebPage\",\"@id\":\"https:\/\/www.peterlang.com\/de\/stellenangebote\/\",\"url\":\"https:\/\/www.peterlang.com\/de\/stellenangebote\/\",\"name\":\"Stellenangebote - Peter Lang\",\"isPartOf\":{\"@id\":\"https:\/\/www.peterlang.com\/#website\"},\"datePublished\":\"2021-08-04T21:07:05+00:00\",\"dateModified\":\"2025-11-20T13:56:34+00:00\",\"description\":\"Finden Sie spannende Stellenangebote bei der Peter Lang Group. Werden Sie Teil unseres Teams und gestalten Sie die Zukunft des akademischen Verlagswesens \u2013 jetzt bewerben!\",\"breadcrumb\":{\"@id\":\"https:\/\/www.peterlang.com\/de\/stellenangebote\/#breadcrumb\"},\"inLanguage\":\"de-DE\",\"potentialAction\":[{\"@type\":\"ReadAction\",\"target\":[\"https:\/\/www.peterlang.com\/de\/stellenangebote\/\"]}]},{\"@type\":\"BreadcrumbList\",\"@id\":\"https:\/\/www.peterlang.com\/de\/stellenangebote\/#breadcrumb\",\"itemListElement\":[{\"@type\":\"ListItem\",\"position\":1,\"name\":\"Home\",\"item\":\"https:\/\/www.peterlang.com\/de\/\"},{\"@type\":\"ListItem\",\"position\":2,\"name\":\"Stellenangebote\"}]},{\"@type\":\"WebSite\",\"@id\":\"https:\/\/www.peterlang.com\/#website\",\"url\":\"https:\/\/www.peterlang.com\/\",\"name\":\"Peter Lang\",\"description\":\"Peter Lang specializes in the Humanities and Social Sciences, covering the complete publication spectrum from monographs to student textbooks.\",\"potentialAction\":[{\"@type\":\"SearchAction\",\"target\":{\"@type\":\"EntryPoint\",\"urlTemplate\":\"https:\/\/www.peterlang.com\/?s={search_term_string}\"},\"query-input\":{\"@type\":\"PropertyValueSpecification\",\"valueRequired\":true,\"valueName\":\"search_term_string\"}}],\"inLanguage\":\"de-DE\"}]}<\/script>\n<!-- \/ Yoast SEO Premium plugin. -->","yoast_head_json":{"title":"Stellenangebote - Peter Lang","description":"Finden Sie spannende Stellenangebote bei der Peter Lang Group. Werden Sie Teil unseres Teams und gestalten Sie die Zukunft des akademischen Verlagswesens \u2013 jetzt bewerben!","robots":{"index":"index","follow":"follow","max-snippet":"max-snippet:-1","max-image-preview":"max-image-preview:large","max-video-preview":"max-video-preview:-1"},"canonical":"https:\/\/www.peterlang.com\/de\/stellenangebote\/","og_locale":"de_DE","og_type":"article","og_title":"Stellenangebote","og_description":"Finden Sie spannende Stellenangebote bei der Peter Lang Group. Werden Sie Teil unseres Teams und gestalten Sie die Zukunft des akademischen Verlagswesens \u2013 jetzt bewerben!","og_url":"https:\/\/www.peterlang.com\/de\/stellenangebote\/","og_site_name":"Peter Lang","article_modified_time":"2025-11-20T13:56:34+00:00","twitter_card":"summary_large_image","twitter_misc":{"Est. reading time":"1 minute"},"schema":{"@context":"https:\/\/schema.org","@graph":[{"@type":"WebPage","@id":"https:\/\/www.peterlang.com\/de\/stellenangebote\/","url":"https:\/\/www.peterlang.com\/de\/stellenangebote\/","name":"Stellenangebote - Peter Lang","isPartOf":{"@id":"https:\/\/www.peterlang.com\/#website"},"datePublished":"2021-08-04T21:07:05+00:00","dateModified":"2025-11-20T13:56:34+00:00","description":"Finden Sie spannende Stellenangebote bei der Peter Lang Group. Werden Sie Teil unseres Teams und gestalten Sie die Zukunft des akademischen Verlagswesens \u2013 jetzt bewerben!","breadcrumb":{"@id":"https:\/\/www.peterlang.com\/de\/stellenangebote\/#breadcrumb"},"inLanguage":"de-DE","potentialAction":[{"@type":"ReadAction","target":["https:\/\/www.peterlang.com\/de\/stellenangebote\/"]}]},{"@type":"BreadcrumbList","@id":"https:\/\/www.peterlang.com\/de\/stellenangebote\/#breadcrumb","itemListElement":[{"@type":"ListItem","position":1,"name":"Home","item":"https:\/\/www.peterlang.com\/de\/"},{"@type":"ListItem","position":2,"name":"Stellenangebote"}]},{"@type":"WebSite","@id":"https:\/\/www.peterlang.com\/#website","url":"https:\/\/www.peterlang.com\/","name":"Peter Lang","description":"Peter Lang specializes in the Humanities and Social Sciences, covering the complete publication spectrum from monographs to student textbooks.","potentialAction":[{"@type":"SearchAction","target":{"@type":"EntryPoint","urlTemplate":"https:\/\/www.peterlang.com\/?s={search_term_string}"},"query-input":{"@type":"PropertyValueSpecification","valueRequired":true,"valueName":"search_term_string"}}],"inLanguage":"de-DE"}]}},"_links":{"self":[{"href":"https:\/\/www.peterlang.com\/de\/wp-json\/wp\/v2\/pages\/3474","targetHints":{"allow":["GET"]}}],"collection":[{"href":"https:\/\/www.peterlang.com\/de\/wp-json\/wp\/v2\/pages"}],"about":[{"href":"https:\/\/www.peterlang.com\/de\/wp-json\/wp\/v2\/types\/page"}],"author":[{"embeddable":true,"href":"https:\/\/www.peterlang.com\/de\/wp-json\/wp\/v2\/users\/1"}],"replies":[{"embeddable":true,"href":"https:\/\/www.peterlang.com\/de\/wp-json\/wp\/v2\/comments?post=3474"}],"version-history":[{"count":73,"href":"https:\/\/www.peterlang.com\/de\/wp-json\/wp\/v2\/pages\/3474\/revisions"}],"predecessor-version":[{"id":54243,"href":"https:\/\/www.peterlang.com\/de\/wp-json\/wp\/v2\/pages\/3474\/revisions\/54243"}],"wp:attachment":[{"href":"https:\/\/www.peterlang.com\/de\/wp-json\/wp\/v2\/media?parent=3474"}],"curies":[{"name":"wp","href":"https:\/\/api.w.org\/{rel}","templated":true}]}}