{"id":3477,"date":"2021-08-04T22:10:12","date_gmt":"2021-08-04T21:10:12","guid":{"rendered":"https:\/\/www.peterlang.com\/?page_id=3477"},"modified":"2026-02-24T21:26:22","modified_gmt":"2026-02-24T21:26:22","slug":"ueber-uns","status":"publish","type":"page","link":"https:\/\/www.peterlang.com\/de\/ueber-uns\/","title":{"rendered":"\u00dcber uns"},"content":{"rendered":"\n\n\r\n\r\n<div class=\"appeal-spacer  appeal-spacer--69d6bfe124e0b\" aria-hidden=\"true\">\r\n    <style>\r\n        .appeal-spacer--69d6bfe124e0b { height: 50px; }<!--\r\n        -->@media (max-width: 1919px) {\r\n            .appeal-spacer--69d6bfe124e0b { height: 50px; }\r\n        }<!--\r\n        -->@media (max-width: 1023px) {\r\n            .appeal-spacer--69d6bfe124e0b { height: 25px; }\r\n        }<!--\r\n        -->@media (max-width: 599px) {\r\n            .appeal-spacer--69d6bfe124e0b { height: 25px; }\r\n        }\r\n    <\/style>\r\n<\/div>\r\n\n\n\r\n\r\n<section data-loaded class=\"tam tam--ltr\" data-block=\"appeal\/text-and-image\">\r\n  <div class=\"tam__container\">\r\n    <div class=\"tam__content\">\r\n              <div class=\"tam__image\">\r\n                      <img decoding=\"async\" src=\"https:\/\/www.peterlang.com\/app\/uploads\/2021\/07\/anastasia-zhenina-6hVbn-iMrdA-unsplash-scaled.jpg\" alt=\"Open book on a table\">\r\n                  <\/div>\r\n          <\/div>\r\n\r\n    <div class=\"tam__block wysiwyg\">\r\n      \n\n<h2 class=\"wp-block-heading\" id=\"h-uber-uns\">\u00dcber uns<\/h2>\n\n\n\n<p>Sie publiziert jedes Jahr rund 1.400 Titel auf Deutsch, Englisch und Franz\u00f6sisch sowie in vielen weiteren Sprachen als traditionelle Print-Produkte, eBooks sowie Open Access Publikationen<\/p>\n\n\n\n<p>Die hochqualitativen Verlagsdienstleistungen richten sich an weiterf\u00fchrende Bildungseinrichtungen und Universit\u00e4ten, mit einem besonderen Engagement f\u00fcr die weltweite Verbreitung akademischer Forschungsergebnisse.<\/p>\n\n\n\n<p>Der Hauptsitz in Lausanne (Schweiz) zentralisiert Management und Verwaltung. Unser Lektorats-Team ist in Europa, India und im angloamerikanischen Raum t\u00e4tig, mit Niederlassungen in Berlin, New York, Oxford, Br\u00fcssel, Chennai und Redaktionen in Wien, Dublin, Warschau und Istanbul. Wir bieten eine lokale Zusammenarbeit mit den Autoren bei weltweitem Vertrieb.<\/p>\n\n\r\n\r\n          <\/div>\r\n  <\/div>\r\n<\/section>\n\n\r\n\r\n<section data-loaded class=\"tam tam--rtl\" data-block=\"appeal\/text-and-image\">\r\n  <div class=\"tam__container\">\r\n    <div class=\"tam__content\">\r\n              <div class=\"tam__image\">\r\n                      <img decoding=\"async\" src=\"https:\/\/www.peterlang.com\/app\/uploads\/2021\/07\/pexels-cottonbro-6334870-scaled.jpg\" alt=\"People in a library sat on different desks reading\">\r\n                  <\/div>\r\n          <\/div>\r\n\r\n    <div class=\"tam__block wysiwyg\">\r\n      \n\n<h2 class=\"wp-block-heading\" id=\"h-leitbild\">Leitbild<\/h2>\n\n\n\n<p>F\u00fcr Akademiker der Geistes- und Sozialwissenschaften sind wir Verbreiter wertvoller akademischer Forschungsarbeit, die es leidenschaftlichen Autoren erm\u00f6glicht, anspruchsvolle Leser zu erreichen. Da wir uns dies seit \u00fcber 50 Jahren zur Aufgabe gemacht haben, bem\u00fchen wir uns um kurze Produktionszeiten bei gleichbleibend hoher Qualit\u00e4t. Wir stehen hinter dem, was wir tun und k\u00f6nnen so nachhaltige Erfolge f\u00fcr Autoren, Leser und Mitarbeiter verzeichnen.&nbsp;&nbsp;&nbsp;<\/p>\n\n\r\n\r\n          <\/div>\r\n  <\/div>\r\n<\/section>\n\n\r\n\r\n<section data-loaded class=\"tam tam--ltr\" data-block=\"appeal\/text-and-image\">\r\n  <div class=\"tam__container\">\r\n    <div class=\"tam__content\">\r\n              <div class=\"tam__image\">\r\n                      <img decoding=\"async\" src=\"https:\/\/www.peterlang.com\/app\/uploads\/2021\/07\/pexels-polina-zimmerman-3747593-scaled.jpg\" alt=\"Library full of loads of colourful books, with a table and reading area\">\r\n                  <\/div>\r\n          <\/div>\r\n\r\n    <div class=\"tam__block wysiwyg\">\r\n      \n\n<h2 class=\"wp-block-heading\" id=\"h-verlagsgeschichte\">Verlagsgeschichte<\/h2>\n\n\n\n<p>1970 gr\u00fcndete der Schweizer Peter Lang in Frankfurt am Main die Peter Lang GmbH, die sich schnell zu einem bekannten Verlag f\u00fcr geistes- und sozialwissenschaftliche Forschung entwickelte. Sein verlegerisches Fachwissen hatte er im Unternehmen seines Vaters, des Berner Verlegers und Buchh\u00e4ndlers Herbert Lang, gesammelt und nutzte es mit viel Eigeninitiative und Dynamik zum Aufbau seines Verlags.<\/p>\n\n\n\n<p>Internationalit\u00e4t und die N\u00e4he zu den betreuten Autorinnen und Autoren standen im Zentrum seines Handels und so folgten \u00fcber die Jahre weitere Verlagsgr\u00fcndungen an Universit\u00e4tszentren weltweit.&nbsp;<\/p>\n\n\r\n\r\n          <\/div>\r\n  <\/div>\r\n<\/section>\n\n\n\n<section class=\"team__section \" data-block=\"appeal\/team\">\n\t<div class=\"team__container\">\n\t\t<h1 class=\"team__title\">Globales F\u00fchrungsteam<\/h1>\n\t\t\t\t\t<p class=\"team__intro\"> <\/p>\n\t\t\t\t\t\t\t<div class=\"team-members\">\n\t\t\t\t\t\t\t\t\t\t\t\t\t\t<div class=\"team-member\">\n\t\t\t\t\t\t<div class=\"team-member__image\">\n\t\t\t\t\t\t\t<img decoding=\"async\" src=\"https:\/\/www.peterlang.com\/app\/uploads\/2021\/08\/Arnaud-Begle.jpg\" alt=\"\">\n\t\t\t\t\t\t<\/div>\n\t\t\t\t\t\t<div class=\"team-member__text\">\n\t\t\t\t\t\t\t<h3 class=\"team-member__title\">Arnaud B\u00e9gl\u00e9<\/h3>\n\t\t\t\t\t\t\t<h4 class=\"team-member__role\">Chief Executive Officer<\/h4>\n\t\t\t\t\t\t\t<button class=\"team-member__link\">Click here for more info<\/button>\n\t\t\t\t\t\t<\/div>\n\n\t\t\t\t\t\t<div class=\"modal\">\n\t\t\t\t\t\t\t<div class=\"modal__container\">\n\t\t\t\t\t\t\t\t<div class=\"modal__container-inner\">\n\t\t\t\t\t\t\t\t\t<button class=\"modal__close\">\n\t\t\t\t\t\t\t\t\t\t<div class=\"modal__close-inner\"><\/div>\n\t\t\t\t\t\t\t\t\t<\/button>\n\t\t\t\t\t\t\t\t\t<div class=\"modal__image\">\n\t\t\t\t\t\t\t\t\t\t<img decoding=\"async\" src=\"https:\/\/www.peterlang.com\/app\/uploads\/2021\/08\/Arnaud-Begle.jpg\" alt=\"\">\n\t\t\t\t\t\t\t\t\t<\/div>\n\t\t\t\t\t\t\t\t\t<div class=\"modal__content\">\n\t\t\t\t\t\t\t\t\t\t<h3 class=\"modal__title\">Arnaud B\u00e9gl\u00e9<\/h3>\n\t\t\t\t\t\t\t\t\t\t<h4 class=\"modal__role\">Chief Executive Officer<\/h4>\n\t\t\t\t\t\t\t\t\t\t<p class=\"modal__description\">Arnaud B\u00e9gl\u00e9 joined Peter Lang&#8217;s Board of Directors in March 2015 and became CEO of the Peter Lang Publishing Group in December 2018. In this role, he manages and oversees all six companies: Peter Lang AG, Peter Lang Copyright AG, Peter Lang GmbH, Peter Lang Inc., Peter Lang Ltd, Peter Lang S.A.<\/p>\n\n\t\t\t\t\t\t\t\t\t\t<div class=\"share\">\n\t\t\t\t\t\t\t\t\t\t\t<div class=\"share-icons\">\n\t\t\t\t\t\t\t\t\t\t\t\t\t\t\t\t\t\t\t\t\t\t\t\t\t\t\t\t\t\t\t\t\t\t\t\t\t\t\t\t\t\t\t\t\t\t\t\t\t\t\t\t\t\t\t\t\t\t\t<\/div>\n\t\t\t\t\t\t\t\t\t\t<\/div>\n\t\t\t\t\t\t\t\t\t<\/div>\n\t\t\t\t\t\t\t\t<\/div>\n\t\t\t\t\t\t\t<\/div>\n\t\t\t\t\t\t<\/div>\n\t\t\t\t\t<\/div>\n\t\t\t\t\t\t\t\t\t\t\t\t\t\t<div class=\"team-member\">\n\t\t\t\t\t\t<div class=\"team-member__image\">\n\t\t\t\t\t\t\t<img decoding=\"async\" src=\"https:\/\/www.peterlang.com\/app\/uploads\/2021\/07\/PatriciaClayton2.jpg\" alt=\"\">\n\t\t\t\t\t\t<\/div>\n\t\t\t\t\t\t<div class=\"team-member__text\">\n\t\t\t\t\t\t\t<h3 class=\"team-member__title\">Patricia Mulrane Clayton<\/h3>\n\t\t\t\t\t\t\t<h4 class=\"team-member__role\">Global Sales and Marketing Director<\/h4>\n\t\t\t\t\t\t\t<button class=\"team-member__link\">Click here for more info<\/button>\n\t\t\t\t\t\t<\/div>\n\n\t\t\t\t\t\t<div class=\"modal\">\n\t\t\t\t\t\t\t<div class=\"modal__container\">\n\t\t\t\t\t\t\t\t<div class=\"modal__container-inner\">\n\t\t\t\t\t\t\t\t\t<button class=\"modal__close\">\n\t\t\t\t\t\t\t\t\t\t<div class=\"modal__close-inner\"><\/div>\n\t\t\t\t\t\t\t\t\t<\/button>\n\t\t\t\t\t\t\t\t\t<div class=\"modal__image\">\n\t\t\t\t\t\t\t\t\t\t<img decoding=\"async\" src=\"https:\/\/www.peterlang.com\/app\/uploads\/2021\/07\/PatriciaClayton2.jpg\" alt=\"\">\n\t\t\t\t\t\t\t\t\t<\/div>\n\t\t\t\t\t\t\t\t\t<div class=\"modal__content\">\n\t\t\t\t\t\t\t\t\t\t<h3 class=\"modal__title\">Patricia Mulrane Clayton<\/h3>\n\t\t\t\t\t\t\t\t\t\t<h4 class=\"modal__role\">Global Sales and Marketing Director<\/h4>\n\t\t\t\t\t\t\t\t\t\t<p class=\"modal__description\">Patricia is Global Sales and Marketing Director and has been with Peter Lang Inc. since 1997, most recently as Executive Editor and Publisher of the US Education list and previously North American Sales &#038; Marketing Director. Prior to joining Peter Lang Inc, Patricia worked at Macmillan Library Reference and holds a B.A. in media studies from Wagner College.<\/p>\n\n\t\t\t\t\t\t\t\t\t\t<div class=\"share\">\n\t\t\t\t\t\t\t\t\t\t\t<div class=\"share-icons\">\n\t\t\t\t\t\t\t\t\t\t\t\t\t\t\t\t\t\t\t\t\t\t\t\t\t\t\t\t\t\t\t\t\t\t\t\t\t\t\t\t\t\t\t\t\t\t\t\t\t\t\t\t\t\t\t\t\t\t\t\t\t<a href=\"mailto:P.Mulrane@peterlang.com?&#038;subject=Patricia Mulrane Clayton : Global Sales and Marketing Director\" target=\"_blank\" class=\"share-icon\">\n\t\t\t\t\t\t\t\t\t\t\t\t\t\t<svg id=\"Group_7\" data-name=\"Group 7\" xmlns=\"http:\/\/www.w3.org\/2000\/svg\" width=\"28\" height=\"19\" viewBox=\"0 0 28 19\">\r\n  <path id=\"Path\" d=\"M26.25,0H1.75A1.609,1.609,0,0,0,0,1.412v.8L14,7,28,2.214v-.8A1.609,1.609,0,0,0,26.25,0Z\" fill=\"#2a2382\"\/>\r\n  <path id=\"Path-2\" data-name=\"Path\" d=\"M14.341,5.941a.846.846,0,0,1-.683,0L0,0V13.2A1.775,1.775,0,0,0,1.75,15h24.5A1.775,1.775,0,0,0,28,13.2V0Z\" transform=\"translate(0 4)\" fill=\"#2a2382\"\/>\r\n<\/svg>\r\n\t\t\t\t\t\t\t\t\t\t\t\t\t<\/a>\n\t\t\t\t\t\t\t\t\t\t\t\t\t\t\t\t\t\t\t\t\t\t\t<\/div>\n\t\t\t\t\t\t\t\t\t\t<\/div>\n\t\t\t\t\t\t\t\t\t<\/div>\n\t\t\t\t\t\t\t\t<\/div>\n\t\t\t\t\t\t\t<\/div>\n\t\t\t\t\t\t<\/div>\n\t\t\t\t\t<\/div>\n\t\t\t\t\t\t\t<\/div>\n\t\t\t<\/div>\n<\/section>\n\n\r\n<section data-loaded class=\"events-carousel events-carousel--orange\">\r\n  <div class=\"events-carousel__container\">\r\n    <img decoding=\"async\" class=\"events-carousel__background\" src=\"https:\/\/www.peterlang.com\/app\/themes\/peter-lang\/images\/patterns\/block-pattern.png\" alt=\"block background\">\r\n          <h3 class=\"events-carousel__title\">Neuigkeiten<\/h3>\r\n              <p class=\"events-carousel__text\">Lesen Sie mehr zu Unternehmensereignissen und -veranstaltungen<\/p>\r\n              <div class=\"events-carousel__news\">\r\n                            <div class=\"events-carousel__item\">\r\n            <a class=\"events-carousel__link\" href=\"https:\/\/www.peterlang.com\/de\/peter-lang-feiert-open-access-meilenstein-mehr-als-1390-buecher-frei-verfuegbar\/\"><\/a>\r\n                          <h4 class=\"events-carousel__post-title\">Peter Lang feiert Open-Access-Meilenstein: Mehr als 1390 B\u00fccher frei verf\u00fcgbar<\/h4>\r\n                        <div class=\"events-carousel__footer\">\r\n                            <p class=\"events-carousel__date\">Oct 9th, 2018<\/p>\r\n            <\/div>\r\n          <\/div>\r\n                            <div class=\"events-carousel__item\">\r\n            <a class=\"events-carousel__link\" href=\"https:\/\/www.peterlang.com\/the-american-journalist-in-the-digital-age-wins-sigma-delta-chi-award\/\"><\/a>\r\n                          <h4 class=\"events-carousel__post-title\">&#8216;The American Journalist in the Digital Age&#8217; wins Sigma Delta Chi Award<\/h4>\r\n                        <div class=\"events-carousel__footer\">\r\n                              <p class=\"events-carousel__category\">Awards<\/p>\r\n                <i><\/i>\r\n                            <p class=\"events-carousel__date\">Apr 30th, 2018<\/p>\r\n            <\/div>\r\n          <\/div>\r\n                            <div class=\"events-carousel__item\">\r\n            <a class=\"events-carousel__link\" href=\"https:\/\/www.peterlang.com\/volunteering-and-communication-receives-distinguished-edited-book-award\/\"><\/a>\r\n                          <h4 class=\"events-carousel__post-title\">&#8216;Volunteering and Communication&#8217; receives Distinguished Edited Book Award<\/h4>\r\n                        <div class=\"events-carousel__footer\">\r\n                              <p class=\"events-carousel__category\">Awards<\/p>\r\n                <i><\/i>\r\n                            <p class=\"events-carousel__date\">Dec 4th, 2017<\/p>\r\n            <\/div>\r\n          <\/div>\r\n                            <div class=\"events-carousel__item\">\r\n            <a class=\"events-carousel__link\" href=\"https:\/\/www.peterlang.com\/women-in-german-literature-series-broadens-its-focus\/\"><\/a>\r\n                          <h4 class=\"events-carousel__post-title\">\u2018Women in German Literature\u2019 series broadens its focus<\/h4>\r\n                        <div class=\"events-carousel__footer\">\r\n                              <p class=\"events-carousel__category\">Company News<\/p>\r\n                <i><\/i>\r\n                            <p class=\"events-carousel__date\">Apr 25th, 2018<\/p>\r\n            <\/div>\r\n          <\/div>\r\n                            <div class=\"events-carousel__item\">\r\n            <a class=\"events-carousel__link\" href=\"https:\/\/www.peterlang.com\/media-ecology-wins-2018-marshall-mcluhan-award-for-outstanding-book\/\"><\/a>\r\n                          <h4 class=\"events-carousel__post-title\">\u201cMedia Ecology\u201d wins 2018 Marshall McLuhan Award for Outstanding Book<\/h4>\r\n                        <div class=\"events-carousel__footer\">\r\n                              <p class=\"events-carousel__category\">Awards<\/p>\r\n                <i><\/i>\r\n                            <p class=\"events-carousel__date\">Jul 13th, 2018<\/p>\r\n            <\/div>\r\n          <\/div>\r\n                            <div class=\"events-carousel__item\">\r\n            <a class=\"events-carousel__link\" href=\"https:\/\/www.peterlang.com\/sir-david-nairne-shortlisted-for-the-2018-saltire-society-literary-awards\/\"><\/a>\r\n                          <h4 class=\"events-carousel__post-title\">\u00abSir David Nairne\u00bb shortlisted for the 2018 Saltire Society Literary Awards<\/h4>\r\n                        <div class=\"events-carousel__footer\">\r\n                              <p class=\"events-carousel__category\">Awards<\/p>\r\n                <i><\/i>\r\n                            <p class=\"events-carousel__date\">Oct 26th, 2018<\/p>\r\n            <\/div>\r\n          <\/div>\r\n                            <div class=\"events-carousel__item\">\r\n            <a class=\"events-carousel__link\" href=\"https:\/\/www.peterlang.com\/staatenlexikon-afrika-erstauflage-nach-sechs-monaten-vergriffen\/\"><\/a>\r\n                          <h4 class=\"events-carousel__post-title\">\u00abStaatenlexikon Afrika\u00bb: Erstauflage nach sechs Monaten vergriffen<\/h4>\r\n                        <div class=\"events-carousel__footer\">\r\n                              <p class=\"events-carousel__category\">Company News<\/p>\r\n                <i><\/i>\r\n                            <p class=\"events-carousel__date\">Dec 1st, 2016<\/p>\r\n            <\/div>\r\n          <\/div>\r\n                            <div class=\"events-carousel__item\">\r\n            <a class=\"events-carousel__link\" href=\"https:\/\/www.peterlang.com\/2017-peter-lang-young-scholars-competition-launches\/\"><\/a>\r\n                          <h4 class=\"events-carousel__post-title\">2017 Peter Lang Young Scholars Competition launches<\/h4>\r\n                        <div class=\"events-carousel__footer\">\r\n                              <p class=\"events-carousel__category\">Competitions<\/p>\r\n                <i><\/i>\r\n                            <p class=\"events-carousel__date\">May 4th, 2017<\/p>\r\n            <\/div>\r\n          <\/div>\r\n              <\/div>\r\n              <div class=\"events-carousel__button\">\r\n          <span><svg xmlns=\"http:\/\/www.w3.org\/2000\/svg\" width=\"13\" height=\"14\" viewBox=\"0 0 13 14\"><g><g><path fill=\"#2a2382\" d=\"M8.832 7.022L5.976 9.94a.564.564 0 0 1-.808 0 .591.591 0 0 1 0-.825L7.62 6.61 5.168 4.106a.591.591 0 0 1 0-.825.563.563 0 0 1 .808 0l2.856 2.917a.591.591 0 0 1 0 .824zM6.5.11A6.507 6.507 0 0 0 0 6.61c0 3.584 2.916 6.5 6.5 6.5s6.5-2.916 6.5-6.5S10.084.11 6.5.11z\"\/><\/g><\/g><\/svg><\/span>\r\n          <a href=\"http:\/\/www.peterlang.com\/news\/\">Sehen Sie mehr<\/a>\r\n        <\/div>\r\n            <\/div>\r\n<\/section>","protected":false},"excerpt":{"rendered":"","protected":false},"author":1,"featured_media":0,"parent":0,"menu_order":0,"comment_status":"closed","ping_status":"closed","template":"","meta":{"_acf_changed":false,"content-type":"","footnotes":""},"class_list":["post-3477","page","type-page","status-publish","hentry"],"acf":[],"yoast_head":"<!-- This site is optimized with the Yoast SEO Premium plugin v24.6 (Yoast SEO v24.9) - https:\/\/yoast.com\/wordpress\/plugins\/seo\/ -->\n<title>\u00dcber uns \u2013 Peter Lang Group: 50 Jahre akademisches Verlagswesen<\/title>\n<meta name=\"description\" content=\"Erfahren Sie mehr \u00fcber die Peter Lang Group, einen f\u00fchrenden Verlag im Bereich der Geistes- und Sozialwissenschaften mit \u00fcber 50 Jahren Erfahrung und einem globalen Netzwerk.\" \/>\n<meta name=\"robots\" content=\"index, follow, max-snippet:-1, max-image-preview:large, max-video-preview:-1\" \/>\n<link rel=\"canonical\" href=\"https:\/\/www.peterlang.com\/de\/ueber-uns\/\" \/>\n<meta property=\"og:locale\" content=\"de_DE\" \/>\n<meta property=\"og:type\" content=\"article\" \/>\n<meta property=\"og:title\" content=\"\u00dcber uns\" \/>\n<meta property=\"og:description\" content=\"Erfahren Sie mehr \u00fcber die Peter Lang Group, einen f\u00fchrenden Verlag im Bereich der Geistes- und Sozialwissenschaften mit \u00fcber 50 Jahren Erfahrung und einem globalen Netzwerk.\" \/>\n<meta property=\"og:url\" content=\"https:\/\/www.peterlang.com\/de\/ueber-uns\/\" \/>\n<meta property=\"og:site_name\" content=\"Peter Lang\" \/>\n<meta property=\"article:modified_time\" content=\"2026-02-24T21:26:22+00:00\" \/>\n<meta name=\"twitter:card\" content=\"summary_large_image\" \/>\n<meta name=\"twitter:label1\" content=\"Est. reading time\" \/>\n\t<meta name=\"twitter:data1\" content=\"2 minutes\" \/>\n<script type=\"application\/ld+json\" class=\"yoast-schema-graph\">{\"@context\":\"https:\/\/schema.org\",\"@graph\":[{\"@type\":\"WebPage\",\"@id\":\"https:\/\/www.peterlang.com\/de\/ueber-uns\/\",\"url\":\"https:\/\/www.peterlang.com\/de\/ueber-uns\/\",\"name\":\"\u00dcber uns \u2013 Peter Lang Group: 50 Jahre akademisches Verlagswesen\",\"isPartOf\":{\"@id\":\"https:\/\/www.peterlang.com\/#website\"},\"datePublished\":\"2021-08-04T21:10:12+00:00\",\"dateModified\":\"2026-02-24T21:26:22+00:00\",\"description\":\"Erfahren Sie mehr \u00fcber die Peter Lang Group, einen f\u00fchrenden Verlag im Bereich der Geistes- und Sozialwissenschaften mit \u00fcber 50 Jahren Erfahrung und einem globalen Netzwerk.\",\"breadcrumb\":{\"@id\":\"https:\/\/www.peterlang.com\/de\/ueber-uns\/#breadcrumb\"},\"inLanguage\":\"de-DE\",\"potentialAction\":[{\"@type\":\"ReadAction\",\"target\":[\"https:\/\/www.peterlang.com\/de\/ueber-uns\/\"]}]},{\"@type\":\"BreadcrumbList\",\"@id\":\"https:\/\/www.peterlang.com\/de\/ueber-uns\/#breadcrumb\",\"itemListElement\":[{\"@type\":\"ListItem\",\"position\":1,\"name\":\"Home\",\"item\":\"https:\/\/www.peterlang.com\/de\/\"},{\"@type\":\"ListItem\",\"position\":2,\"name\":\"\u00dcber uns\"}]},{\"@type\":\"WebSite\",\"@id\":\"https:\/\/www.peterlang.com\/#website\",\"url\":\"https:\/\/www.peterlang.com\/\",\"name\":\"Peter Lang\",\"description\":\"Peter Lang specializes in the Humanities and Social Sciences, covering the complete publication spectrum from monographs to student textbooks.\",\"potentialAction\":[{\"@type\":\"SearchAction\",\"target\":{\"@type\":\"EntryPoint\",\"urlTemplate\":\"https:\/\/www.peterlang.com\/?s={search_term_string}\"},\"query-input\":{\"@type\":\"PropertyValueSpecification\",\"valueRequired\":true,\"valueName\":\"search_term_string\"}}],\"inLanguage\":\"de-DE\"}]}<\/script>\n<!-- \/ Yoast SEO Premium plugin. -->","yoast_head_json":{"title":"\u00dcber uns \u2013 Peter Lang Group: 50 Jahre akademisches Verlagswesen","description":"Erfahren Sie mehr \u00fcber die Peter Lang Group, einen f\u00fchrenden Verlag im Bereich der Geistes- und Sozialwissenschaften mit \u00fcber 50 Jahren Erfahrung und einem globalen Netzwerk.","robots":{"index":"index","follow":"follow","max-snippet":"max-snippet:-1","max-image-preview":"max-image-preview:large","max-video-preview":"max-video-preview:-1"},"canonical":"https:\/\/www.peterlang.com\/de\/ueber-uns\/","og_locale":"de_DE","og_type":"article","og_title":"\u00dcber uns","og_description":"Erfahren Sie mehr \u00fcber die Peter Lang Group, einen f\u00fchrenden Verlag im Bereich der Geistes- und Sozialwissenschaften mit \u00fcber 50 Jahren Erfahrung und einem globalen Netzwerk.","og_url":"https:\/\/www.peterlang.com\/de\/ueber-uns\/","og_site_name":"Peter Lang","article_modified_time":"2026-02-24T21:26:22+00:00","twitter_card":"summary_large_image","twitter_misc":{"Est. reading time":"2 minutes"},"schema":{"@context":"https:\/\/schema.org","@graph":[{"@type":"WebPage","@id":"https:\/\/www.peterlang.com\/de\/ueber-uns\/","url":"https:\/\/www.peterlang.com\/de\/ueber-uns\/","name":"\u00dcber uns \u2013 Peter Lang Group: 50 Jahre akademisches Verlagswesen","isPartOf":{"@id":"https:\/\/www.peterlang.com\/#website"},"datePublished":"2021-08-04T21:10:12+00:00","dateModified":"2026-02-24T21:26:22+00:00","description":"Erfahren Sie mehr \u00fcber die Peter Lang Group, einen f\u00fchrenden Verlag im Bereich der Geistes- und Sozialwissenschaften mit \u00fcber 50 Jahren Erfahrung und einem globalen Netzwerk.","breadcrumb":{"@id":"https:\/\/www.peterlang.com\/de\/ueber-uns\/#breadcrumb"},"inLanguage":"de-DE","potentialAction":[{"@type":"ReadAction","target":["https:\/\/www.peterlang.com\/de\/ueber-uns\/"]}]},{"@type":"BreadcrumbList","@id":"https:\/\/www.peterlang.com\/de\/ueber-uns\/#breadcrumb","itemListElement":[{"@type":"ListItem","position":1,"name":"Home","item":"https:\/\/www.peterlang.com\/de\/"},{"@type":"ListItem","position":2,"name":"\u00dcber uns"}]},{"@type":"WebSite","@id":"https:\/\/www.peterlang.com\/#website","url":"https:\/\/www.peterlang.com\/","name":"Peter Lang","description":"Peter Lang specializes in the Humanities and Social Sciences, covering the complete publication spectrum from monographs to student textbooks.","potentialAction":[{"@type":"SearchAction","target":{"@type":"EntryPoint","urlTemplate":"https:\/\/www.peterlang.com\/?s={search_term_string}"},"query-input":{"@type":"PropertyValueSpecification","valueRequired":true,"valueName":"search_term_string"}}],"inLanguage":"de-DE"}]}},"_links":{"self":[{"href":"https:\/\/www.peterlang.com\/de\/wp-json\/wp\/v2\/pages\/3477","targetHints":{"allow":["GET"]}}],"collection":[{"href":"https:\/\/www.peterlang.com\/de\/wp-json\/wp\/v2\/pages"}],"about":[{"href":"https:\/\/www.peterlang.com\/de\/wp-json\/wp\/v2\/types\/page"}],"author":[{"embeddable":true,"href":"https:\/\/www.peterlang.com\/de\/wp-json\/wp\/v2\/users\/1"}],"replies":[{"embeddable":true,"href":"https:\/\/www.peterlang.com\/de\/wp-json\/wp\/v2\/comments?post=3477"}],"version-history":[{"count":48,"href":"https:\/\/www.peterlang.com\/de\/wp-json\/wp\/v2\/pages\/3477\/revisions"}],"predecessor-version":[{"id":56282,"href":"https:\/\/www.peterlang.com\/de\/wp-json\/wp\/v2\/pages\/3477\/revisions\/56282"}],"wp:attachment":[{"href":"https:\/\/www.peterlang.com\/de\/wp-json\/wp\/v2\/media?parent=3477"}],"curies":[{"name":"wp","href":"https:\/\/api.w.org\/{rel}","templated":true}]}}