{"id":42674,"date":"2024-12-16T16:03:54","date_gmt":"2024-12-16T16:03:54","guid":{"rendered":"https:\/\/www.peterlang.com\/?page_id=42674"},"modified":"2025-02-19T15:15:41","modified_gmt":"2025-02-19T15:15:41","slug":"2025-emerging-scholars-competition","status":"publish","type":"page","link":"https:\/\/www.peterlang.com\/de\/2025-emerging-scholars-competition\/","title":{"rendered":"2025 Emerging Scholars Competition"},"content":{"rendered":"\n\n\r\n<section class=\"secondary-nav remove-spacing\" data-block=\"appeal\/secondary-nav\">\r\n  <div class=\"secondary-nav__container\">\r\n    <div class=\"secondary-nav__arrow secondary-nav__arrow--left\">\r\n      <svg version=\"1.1\" id=\"Capa_1\" xmlns=\"http:\/\/www.w3.org\/2000\/svg\" xmlns:xlink=\"http:\/\/www.w3.org\/1999\/xlink\" x=\"0px\" y=\"0px\"\r\n\t width=\"792.033px\" height=\"792.033px\" viewBox=\"0 0 792.033 792.033\" style=\"enable-background:new 0 0 792.033 792.033;\"\r\n\t xml:space=\"preserve\">\r\n<g>\r\n\t<g id=\"_x38_\">\r\n\t\t<g>\r\n\t\t\t<path d=\"M617.858,370.896L221.513,9.705c-13.006-12.94-34.099-12.94-47.105,0c-13.006,12.939-13.006,33.934,0,46.874\r\n\t\t\t\tl372.447,339.438L174.441,735.454c-13.006,12.94-13.006,33.935,0,46.874s34.099,12.939,47.104,0l396.346-361.191\r\n\t\t\t\tc6.932-6.898,9.904-16.043,9.441-25.087C627.763,386.972,624.792,377.828,617.858,370.896z\"\/>\r\n\t\t<\/g>\r\n\t<\/g>\r\n<\/g>\r\n<g>\r\n<\/g>\r\n<g>\r\n<\/g>\r\n<g>\r\n<\/g>\r\n<g>\r\n<\/g>\r\n<g>\r\n<\/g>\r\n<g>\r\n<\/g>\r\n<g>\r\n<\/g>\r\n<g>\r\n<\/g>\r\n<g>\r\n<\/g>\r\n<g>\r\n<\/g>\r\n<g>\r\n<\/g>\r\n<g>\r\n<\/g>\r\n<g>\r\n<\/g>\r\n<g>\r\n<\/g>\r\n<g>\r\n<\/g>\r\n<\/svg>\r\n    <\/div>\r\n    <nav class=\"secondary-nav__nav\">\r\n              <ul class=\"secondary-nav__links draggable\">\r\n                                    <li class=\"secondary-nav__link\">\r\n                                <a href=\"https:\/\/www.peterlang.com\/de\/2025-emerging-scholars-competition\/#esc-Geschichte\">Geschichte<\/a>\r\n              <\/li>\r\n                                                    <\/ul>\r\n          <\/nav>\r\n    <div class=\"secondary-nav__arrow secondary-nav__arrow--right\">\r\n      <svg version=\"1.1\" id=\"Capa_1\" xmlns=\"http:\/\/www.w3.org\/2000\/svg\" xmlns:xlink=\"http:\/\/www.w3.org\/1999\/xlink\" x=\"0px\" y=\"0px\"\r\n\t width=\"792.033px\" height=\"792.033px\" viewBox=\"0 0 792.033 792.033\" style=\"enable-background:new 0 0 792.033 792.033;\"\r\n\t xml:space=\"preserve\">\r\n<g>\r\n\t<g id=\"_x38_\">\r\n\t\t<g>\r\n\t\t\t<path d=\"M617.858,370.896L221.513,9.705c-13.006-12.94-34.099-12.94-47.105,0c-13.006,12.939-13.006,33.934,0,46.874\r\n\t\t\t\tl372.447,339.438L174.441,735.454c-13.006,12.94-13.006,33.935,0,46.874s34.099,12.939,47.104,0l396.346-361.191\r\n\t\t\t\tc6.932-6.898,9.904-16.043,9.441-25.087C627.763,386.972,624.792,377.828,617.858,370.896z\"\/>\r\n\t\t<\/g>\r\n\t<\/g>\r\n<\/g>\r\n<g>\r\n<\/g>\r\n<g>\r\n<\/g>\r\n<g>\r\n<\/g>\r\n<g>\r\n<\/g>\r\n<g>\r\n<\/g>\r\n<g>\r\n<\/g>\r\n<g>\r\n<\/g>\r\n<g>\r\n<\/g>\r\n<g>\r\n<\/g>\r\n<g>\r\n<\/g>\r\n<g>\r\n<\/g>\r\n<g>\r\n<\/g>\r\n<g>\r\n<\/g>\r\n<g>\r\n<\/g>\r\n<g>\r\n<\/g>\r\n<\/svg>\r\n    <\/div>\r\n  <\/div>\r\n<\/section>\n\n\r\n\r\n<div class=\"appeal-spacer  appeal-spacer--69f0373cf3b46\" aria-hidden=\"true\">\r\n    <style>\r\n        .appeal-spacer--69f0373cf3b46 { height: 50px; }<!--\r\n        -->@media (max-width: 1919px) {\r\n            .appeal-spacer--69f0373cf3b46 { height: 50px; }\r\n        }<!--\r\n        -->@media (max-width: 1023px) {\r\n            .appeal-spacer--69f0373cf3b46 { height: 25px; }\r\n        }<!--\r\n        -->@media (max-width: 599px) {\r\n            .appeal-spacer--69f0373cf3b46 { height: 25px; }\r\n        }\r\n    <\/style>\r\n<\/div>\r\n\n\n\n<p class=\"has-t-p-font-size\">Die <a href=\"https:\/\/www.peterlang.com\/de\/diversitaet-gleichberechtigung-und-inklusion-bei-peter-lang\/\" title=\"Erfahren Sie mehr \u00fcber die Peter Lang-Arbeitsgruppe \u2018Diversity, Equity, Inclusion\u2019\">Peter Lang-Arbeitsgruppe\u202f\u201c<strong>Diversity, Equity, Inclusion<\/strong>\u201d<\/a> freut sich, das Thema des diesj\u00e4hrigen Wettbewerbs<em> 2025 Emerging Scholars Competition<\/em> f\u00fcr Nachwuchswissenschaftler:innen bekanntzugeben: <strong>Queer Studies<\/strong>. Damit setzen wir unser Engagement f\u00fcr ein vielf\u00e4ltiges und diverses Verlagsprogramm fort. Bereits im dritten Jahr in Folge wird der Preis in Form eines Vertrags f\u00fcr eine Gold-Open-Access-Publikation vergeben.<\/p>\n\n\n\r\n\r\n<div class=\"appeal-spacer  appeal-spacer--69f0373cf3eac\" aria-hidden=\"true\">\r\n    <style>\r\n        .appeal-spacer--69f0373cf3eac { height: 50px; }<!--\r\n        -->@media (max-width: 1919px) {\r\n            .appeal-spacer--69f0373cf3eac { height: 50px; }\r\n        }<!--\r\n        -->@media (max-width: 1023px) {\r\n            .appeal-spacer--69f0373cf3eac { height: 25px; }\r\n        }<!--\r\n        -->@media (max-width: 599px) {\r\n            .appeal-spacer--69f0373cf3eac { height: 25px; }\r\n        }\r\n    <\/style>\r\n<\/div>\r\n\n\n\n<h2 class=\"wp-block-heading has-t-h-2-font-size\"><strong>2025 <\/strong><strong>Peter Lang\u202fEmerging Scholars Competition<\/strong><strong> <\/strong><strong>in<\/strong><strong> Queer Studies<\/strong><strong><\/strong>&nbsp;<\/h2>\n\n\n\n<p class=\"has-t-p-font-size\">Peter Lang l\u00e4dt Nachwuchswissenschaftler:innen zur <strong>2025<\/strong> <strong>Emerging Scholars Competition<\/strong> im Bereich der <strong>Queer Studies<\/strong> ein.&nbsp;<\/p>\n\n\n\n<p class=\"has-t-p-font-size\">Wir laden Nachwuchswissenschaftler:innen aus dem Gebiet der\u202f<strong>Queer Studies\u202f<\/strong>ein, Publikationsvorschl\u00e4ge f\u00fcr Monografien einzureichen. Alle eingereichten Vorschl\u00e4ge werden von einem renommierten Editorial Board begutachtet werden. Wir begr\u00fc\u00dfen Einreichungen aus den Queer Studies aus einer geistes- und sozialwissenschaftlichen Perspektive.&nbsp;<\/p>\n\n\n\r\n\r\n<div class=\"appeal-spacer  appeal-spacer--69f0373d00220\" aria-hidden=\"true\">\r\n    <style>\r\n        .appeal-spacer--69f0373d00220 { height: 25px; }<!--\r\n        -->@media (max-width: 1919px) {\r\n            .appeal-spacer--69f0373d00220 { height: 25px; }\r\n        }<!--\r\n        -->@media (max-width: 1023px) {\r\n            .appeal-spacer--69f0373d00220 { height: 15px; }\r\n        }<!--\r\n        -->@media (max-width: 599px) {\r\n            .appeal-spacer--69f0373d00220 { height: 15px; }\r\n        }\r\n    <\/style>\r\n<\/div>\r\n\n\n\n<h3 class=\"wp-block-heading has-t-h-3-font-size\">So reichen Sie Ihren Vorschlag ein<\/h3>\n\n\n\n<p class=\"has-t-p-font-size\">Bitte senden Sie Ihren Projektvorschlag bis zum\u202f<strong>30. April 2025<\/strong>\u202fper E-Mail an\u202f<a href=\"mailto:editorial@peterlang.com\" target=\"_blank\" rel=\"noreferrer noopener\"><strong>editorial@peterlang.com<\/strong><\/a>. Ihr Vorschlag sollte bestehen aus (in einzelnen Word-Dokumenten):<\/p>\n\n\n\n<ul class=\"wp-block-list\">\n<li class=\"has-t-p-font-size\"><strong>einem Abstract<\/strong> (einschlie\u00dflich einer Kapitelzusammenfassung)<\/li>\n\n\n\n<li class=\"has-t-p-font-size\"><strong>einem Probekapitel <\/strong>(36.000 bis 72.000 Zeichen)<\/li>\n\n\n\n<li class=\"has-t-p-font-size\"><strong>Ihrem Lebenslauf<\/strong><\/li>\n\n\n\n<li class=\"has-t-p-font-size\"><strong>einer Erl\u00e4uterung<\/strong>, warum Sie als Nachwuchswissenschaftler:in gelten<\/li>\n<\/ul>\n\n\n\r\n\r\n<div class=\"appeal-spacer  appeal-spacer--69f0373d0097d\" aria-hidden=\"true\">\r\n    <style>\r\n        .appeal-spacer--69f0373d0097d { height: 25px; }<!--\r\n        -->@media (max-width: 1919px) {\r\n            .appeal-spacer--69f0373d0097d { height: 25px; }\r\n        }<!--\r\n        -->@media (max-width: 1023px) {\r\n            .appeal-spacer--69f0373d0097d { height: 15px; }\r\n        }<!--\r\n        -->@media (max-width: 599px) {\r\n            .appeal-spacer--69f0373d0097d { height: 15px; }\r\n        }\r\n    <\/style>\r\n<\/div>\r\n\n\n\n<h3 class=\"wp-block-heading has-t-h-3-font-size\">Richtlinien<\/h3>\n\n\n\n<p class=\"has-t-p-font-size\">Manuskripte k\u00f6nnen in Deutsch, Englisch, Franz\u00f6sisch oder Spanisch verfasst sein. Bewerber:innen um eine Teilnahme sollten in den letzten f\u00fcnf Jahren eine Promotion (PhD oder EdD einer P\u00e4dagogischen Hochschule) abgeschlossen haben oder diese bis 2025 abschlie\u00dfen. Bitte reichen Sie uns keine Vorschl\u00e4ge f\u00fcr Projekte ein, die sich bereits im Begutachtungsverfahren bei anderen Verlagen befinden.&nbsp;<\/p>\n\n\n\n<p class=\"has-t-p-font-size\">Den Gewinner:innen wird ein Verlagsvertrag f\u00fcr eine <strong>Gold Open Access<\/strong>-Publikation angeboten. Die pr\u00e4mierten Titel werden als kostenloser digitaler Download verf\u00fcgbar gemacht.&nbsp;&nbsp;<\/p>\n\n\n\n<p class=\"has-t-p-font-size\">Eingereichte Manuskripte sollten einen Umfang von 432.000 bis 720.000 Zeichen haben und den vom Verlag vorgegebenen Richtlinien entsprechen.&nbsp;<\/p>\n\n\n\r\n\r\n<div class=\"appeal-spacer  appeal-spacer--69f0373d00f22\" aria-hidden=\"true\">\r\n    <style>\r\n        .appeal-spacer--69f0373d00f22 { height: 25px; }<!--\r\n        -->@media (max-width: 1919px) {\r\n            .appeal-spacer--69f0373d00f22 { height: 25px; }\r\n        }<!--\r\n        -->@media (max-width: 1023px) {\r\n            .appeal-spacer--69f0373d00f22 { height: 15px; }\r\n        }<!--\r\n        -->@media (max-width: 599px) {\r\n            .appeal-spacer--69f0373d00f22 { height: 15px; }\r\n        }\r\n    <\/style>\r\n<\/div>\r\n\n\n\n<h3 class=\"wp-block-heading has-t-h-3-font-size\">Timeline<\/h3>\n\n\n\n<p class=\"has-t-p-font-size\">Die Auswahl der Gewinnerprojekte erfolgt bis zum <strong>30. Juni 2025<\/strong>. Die Benachrichtigung der Gewinner:innen erfolgt kurz darauf.&nbsp;<\/p>\n\n\n\r\n\r\n<div class=\"appeal-spacer  appeal-spacer--69f0373d012c4\" aria-hidden=\"true\">\r\n    <style>\r\n        .appeal-spacer--69f0373d012c4 { height: 25px; }<!--\r\n        -->@media (max-width: 1919px) {\r\n            .appeal-spacer--69f0373d012c4 { height: 25px; }\r\n        }<!--\r\n        -->@media (max-width: 1023px) {\r\n            .appeal-spacer--69f0373d012c4 { height: 15px; }\r\n        }<!--\r\n        -->@media (max-width: 599px) {\r\n            .appeal-spacer--69f0373d012c4 { height: 15px; }\r\n        }\r\n    <\/style>\r\n<\/div>\r\n\n\n\n<h3 class=\"wp-block-heading has-t-h-3-font-size\">Weitere Informationen<\/h3>\n\n\n\n<p class=\"has-t-p-font-size\">F\u00fcr weitere Informationen wenden Sie sich bitte an:<\/p>\n\n\n\n<ul class=\"wp-block-list\">\n<li><strong>Phil Dunshea (<\/strong><a href=\"mailto:p.dunshea@peterlang.com\" target=\"_blank\" rel=\"noreferrer noopener\"><strong>p.dunshea@peterlang.com<\/strong><\/a><strong>)<\/strong>,<\/li>\n\n\n\n<li><strong>Alison Jefferson (<\/strong><a href=\"mailto:a.jefferson@peterlang.com\" target=\"_blank\" rel=\"noreferrer noopener\"><strong>a.jefferson@peterlang.com<\/strong><\/a><strong>)<\/strong><\/li>\n\n\n\n<li><strong>Johanna L\u00fcder (<\/strong><a href=\"mailto:j.lueder@peterlang.com&quot; \\t &quot;_blank\" target=\"_blank\" rel=\"noreferrer noopener\"><strong>j.lueder@peterlang.com<\/strong><\/a><strong>)<\/strong><\/li>\n\n\n\n<li class=\"has-t-p-font-size\"><strong>Laurel Plapp (<\/strong><a href=\"mailto:l.plapp@peterlang.com\" target=\"_blank\" rel=\"noreferrer noopener\"><strong>l.plapp@peterlang.com<\/strong><\/a><strong>)<\/strong>&nbsp;<\/li>\n<\/ul>\n\n\n\r\n\r\n<div class=\"appeal-spacer  appeal-spacer--69f0373d01851\" aria-hidden=\"true\">\r\n    <style>\r\n        .appeal-spacer--69f0373d01851 { height: 50px; }<!--\r\n        -->@media (max-width: 1919px) {\r\n            .appeal-spacer--69f0373d01851 { height: 50px; }\r\n        }<!--\r\n        -->@media (max-width: 1023px) {\r\n            .appeal-spacer--69f0373d01851 { height: 25px; }\r\n        }<!--\r\n        -->@media (max-width: 599px) {\r\n            .appeal-spacer--69f0373d01851 { height: 25px; }\r\n        }\r\n    <\/style>\r\n<\/div>\r\n\n\n\n<h3 class=\"wp-block-heading has-t-h-3-font-size\">Reihenber\u00fccksichtigung<\/h3>\n\n\n\n<p class=\"has-t-p-font-size\">Publikationsprojekte k\u00f6nnen f\u00fcr die Aufnahme in eine der folgenden Reihen ber\u00fccksichtigt werden. Auch Projekte, die thematisch relevant sind, aber nicht direkt in eine dieser Reihen passen, sind herzlich willkommen:&nbsp;<\/p>\n\n\n\n<ul class=\"wp-block-list\">\n<li> <strong><a title=\"Explore the series 'Women, Gender and Sexuality in German Literature and Culture'\" href=\"http:\/\/www.peterlang.com\/series\/wgl\" target=\"_blank\" rel=\"noreferrer noopener\">Women, Gender and Sexuality in German Literature and Culture<\/a><\/strong><br>  <\/li>\n\n\n\n<li> <strong><a title=\"Discover the series 'Gender and Sexualities in Education'\" href=\"http:\/\/www.peterlang.com\/series\/gss\" target=\"_blank\" rel=\"noreferrer noopener\">Gender and Sexualities in Education<\/a><\/strong><br>  <\/li>\n\n\n\n<li><strong> <a title=\"Learn more about the 'Queering Paradigms' series\" href=\"http:\/\/www.peterlang.com\/series\/qp\" target=\"_blank\" rel=\"noreferrer noopener\">Queering Paradigms<\/a><br><\/strong>  <\/li>\n<\/ul>\n\n\n\r\n\r\n<div class=\"appeal-spacer  appeal-spacer--69f0373d01d80\" aria-hidden=\"true\">\r\n    <style>\r\n        .appeal-spacer--69f0373d01d80 { height: 50px; }<!--\r\n        -->@media (max-width: 1919px) {\r\n            .appeal-spacer--69f0373d01d80 { height: 50px; }\r\n        }<!--\r\n        -->@media (max-width: 1023px) {\r\n            .appeal-spacer--69f0373d01d80 { height: 25px; }\r\n        }<!--\r\n        -->@media (max-width: 599px) {\r\n            .appeal-spacer--69f0373d01d80 { height: 25px; }\r\n        }\r\n    <\/style>\r\n<\/div>\r\n\n\n\n<h2 class=\"wp-block-heading anchor has-t-h-2-font-size\" id=\"esc-Geschichte\"><strong>Geschichte<\/strong><\/h2>\n\n\n\n<p class=\"has-t-p-font-size\">Die Peter Lang Emerging Scholars Competition <em>(fr\u00fcher bekannt als Young Scholars Competition)<\/em> ist ein j\u00e4hrlicher Wettbewerb f\u00fcr Nachwuchswissenschaftler:innen in ausgew\u00e4hlten Bereichen. Er findet seit 2011 jedes Jahr, unter anderem in den Bereichen Black Studies, Irish Studies, Women&#8217;s Writing, Education, French Studies und weiteren, statt.<\/p>\n\n\n\n<p class=\"has-t-p-font-size\">Bei jedem Wettbewerb werden Buchvorschl\u00e4ge f\u00fcr Monografien von Nachwuchswissenschaftlern zur Bewertung durch ein angesehenes Editorial Board eingeladen. Die Gewinner:innen erhalten einen Vertrag f\u00fcr ein vollst\u00e4ndig finanziertes Buch und den Titel der Gewinner:innen. Auch die Zweitplatzierten und andere Teilnehmer:innen erhalten die M\u00f6glichkeit zur Ver\u00f6ffentlichung.<\/p>\n\n\n\n<p class=\"has-t-p-font-size\">Wir sind stolz darauf, im Laufe der Jahre \u00fcber 30 Gewinner:innen des Wettbewerbs zu haben, und wir freuen uns, einige unserer Gewinnerb\u00fccher vorzustellen. Sehen Sie sich die Interviews mit drei Gewinnern unseres Franz\u00f6sisch-Wettbewerbs 2019 an &#8211; <a href=\"https:\/\/www.youtube.com\/watch?v=TEMC5aR2fZ0\">Polly Galis<\/a>,&nbsp;<a href=\"https:\/\/www.youtube.com\/watch?v=90uBWT6s1ZY\">Mathew Rickard<\/a>, and <a href=\"https:\/\/www.youtube.com\/watch?v=z2NGIkWCzRI\" target=\"_blank\" rel=\"noreferrer noopener\">Natalie Berkman<\/a> &#8211;&nbsp;und erfahren Sie, was der Gewinn des Wettbewerbs f\u00fcr sie bedeutet.<\/p>\n\n\n\r\n\r\n<div class=\"appeal-spacer  appeal-spacer--69f0373d021b4\" aria-hidden=\"true\">\r\n    <style>\r\n        .appeal-spacer--69f0373d021b4 { height: 25px; }<!--\r\n        -->@media (max-width: 1919px) {\r\n            .appeal-spacer--69f0373d021b4 { height: 25px; }\r\n        }<!--\r\n        -->@media (max-width: 1023px) {\r\n            .appeal-spacer--69f0373d021b4 { height: 15px; }\r\n        }<!--\r\n        -->@media (max-width: 599px) {\r\n            .appeal-spacer--69f0373d021b4 { height: 15px; }\r\n        }\r\n    <\/style>\r\n<\/div>\r\n\n\n\n<p>Bild von <a href=\"https:\/\/commons.wikimedia.org\/wiki\/User:Acediscovery\" target=\"_blank\" rel=\"noreferrer noopener\">Acediscovery<\/a> auf WIKIMEDIA COMMONS<\/p>\n\n\n\n<p><\/p>\n\n\n\r\n\r\n<section class=\"books js-book-carousel\">\r\n  <div class=\"books__container\">\r\n    <div class=\"books__titles\">\r\n      <h2 class=\"books__title\"><\/h2>\r\n      <h3 class=\"books__subtitle\"><\/h3>\r\n    <\/div>\r\n  \r\n    <book-carousel class=\"books__slider\" :ids='[\"1288815\",\"1140532\",\"1188353\",\"1055271\",\"1057902\",\"1056603\",\"1056647\",\"1055884\",\"1052531\",\"1053377\"]'><\/book-carousel>\r\n  <\/div>\r\n<\/section>","protected":false},"excerpt":{"rendered":"<p>Die Peter Lang-Arbeitsgruppe\u202f\u201cDiversity, Equity, Inclusion\u201d freut sich, das Thema des diesj\u00e4hrigen Wettbewerbs 2025 Emerging Scholars Competition f\u00fcr Nachwuchswissenschaftler:innen bekanntzugeben: Queer Studies. Damit setzen wir unser Engagement f\u00fcr ein vielf\u00e4ltiges und diverses Verlagsprogramm fort. Bereits im dritten Jahr in Folge wird der Preis in Form eines Vertrags f\u00fcr eine Gold-Open-Access-Publikation vergeben. 2025 Peter Lang\u202fEmerging Scholars Competition [&hellip;]<\/p>\n","protected":false},"author":23,"featured_media":0,"parent":0,"menu_order":0,"comment_status":"closed","ping_status":"closed","template":"","meta":{"_acf_changed":false,"content-type":"","footnotes":""},"class_list":["post-42674","page","type-page","status-publish","hentry"],"acf":[],"yoast_head":"<!-- This site is optimized with the Yoast SEO Premium plugin v24.6 (Yoast SEO v24.9) - https:\/\/yoast.com\/wordpress\/plugins\/seo\/ -->\n<title>2025 Emerging Scholars Competition<\/title>\n<meta name=\"description\" content=\"Nehmen Sie an der 2025 Emerging Scholars Competition im Bereich Queer Studies teil und gewinnen Sie eine Gold-Open-Access-Publikation.\" \/>\n<meta name=\"robots\" content=\"index, follow, max-snippet:-1, max-image-preview:large, max-video-preview:-1\" \/>\n<link rel=\"canonical\" href=\"https:\/\/www.peterlang.com\/de\/2025-emerging-scholars-competition\/\" \/>\n<meta property=\"og:locale\" content=\"de_DE\" \/>\n<meta property=\"og:type\" content=\"article\" \/>\n<meta property=\"og:title\" content=\"2025 Emerging Scholars Competition\" \/>\n<meta property=\"og:description\" content=\"Nehmen Sie an der 2025 Emerging Scholars Competition im Bereich Queer Studies teil und gewinnen Sie eine Gold-Open-Access-Publikation.\" \/>\n<meta property=\"og:url\" content=\"https:\/\/www.peterlang.com\/de\/2025-emerging-scholars-competition\/\" \/>\n<meta property=\"og:site_name\" content=\"Peter Lang\" \/>\n<meta property=\"article:modified_time\" content=\"2025-02-19T15:15:41+00:00\" \/>\n<meta name=\"twitter:card\" content=\"summary_large_image\" \/>\n<meta name=\"twitter:label1\" content=\"Est. reading time\" \/>\n\t<meta name=\"twitter:data1\" content=\"3 minutes\" \/>\n<script type=\"application\/ld+json\" class=\"yoast-schema-graph\">{\"@context\":\"https:\/\/schema.org\",\"@graph\":[{\"@type\":\"WebPage\",\"@id\":\"https:\/\/www.peterlang.com\/de\/2025-emerging-scholars-competition\/\",\"url\":\"https:\/\/www.peterlang.com\/de\/2025-emerging-scholars-competition\/\",\"name\":\"2025 Emerging Scholars Competition\",\"isPartOf\":{\"@id\":\"https:\/\/www.peterlang.com\/#website\"},\"datePublished\":\"2024-12-16T16:03:54+00:00\",\"dateModified\":\"2025-02-19T15:15:41+00:00\",\"description\":\"Nehmen Sie an der 2025 Emerging Scholars Competition im Bereich Queer Studies teil und gewinnen Sie eine Gold-Open-Access-Publikation.\",\"breadcrumb\":{\"@id\":\"https:\/\/www.peterlang.com\/de\/2025-emerging-scholars-competition\/#breadcrumb\"},\"inLanguage\":\"de-DE\",\"potentialAction\":[{\"@type\":\"ReadAction\",\"target\":[\"https:\/\/www.peterlang.com\/de\/2025-emerging-scholars-competition\/\"]}]},{\"@type\":\"BreadcrumbList\",\"@id\":\"https:\/\/www.peterlang.com\/de\/2025-emerging-scholars-competition\/#breadcrumb\",\"itemListElement\":[{\"@type\":\"ListItem\",\"position\":1,\"name\":\"Home\",\"item\":\"https:\/\/www.peterlang.com\/de\/\"},{\"@type\":\"ListItem\",\"position\":2,\"name\":\"2025 Emerging Scholars Competition\"}]},{\"@type\":\"WebSite\",\"@id\":\"https:\/\/www.peterlang.com\/#website\",\"url\":\"https:\/\/www.peterlang.com\/\",\"name\":\"Peter Lang\",\"description\":\"Peter Lang specializes in the Humanities and Social Sciences, covering the complete publication spectrum from monographs to student textbooks.\",\"potentialAction\":[{\"@type\":\"SearchAction\",\"target\":{\"@type\":\"EntryPoint\",\"urlTemplate\":\"https:\/\/www.peterlang.com\/?s={search_term_string}\"},\"query-input\":{\"@type\":\"PropertyValueSpecification\",\"valueRequired\":true,\"valueName\":\"search_term_string\"}}],\"inLanguage\":\"de-DE\"}]}<\/script>\n<!-- \/ Yoast SEO Premium plugin. -->","yoast_head_json":{"title":"2025 Emerging Scholars Competition","description":"Nehmen Sie an der 2025 Emerging Scholars Competition im Bereich Queer Studies teil und gewinnen Sie eine Gold-Open-Access-Publikation.","robots":{"index":"index","follow":"follow","max-snippet":"max-snippet:-1","max-image-preview":"max-image-preview:large","max-video-preview":"max-video-preview:-1"},"canonical":"https:\/\/www.peterlang.com\/de\/2025-emerging-scholars-competition\/","og_locale":"de_DE","og_type":"article","og_title":"2025 Emerging Scholars Competition","og_description":"Nehmen Sie an der 2025 Emerging Scholars Competition im Bereich Queer Studies teil und gewinnen Sie eine Gold-Open-Access-Publikation.","og_url":"https:\/\/www.peterlang.com\/de\/2025-emerging-scholars-competition\/","og_site_name":"Peter Lang","article_modified_time":"2025-02-19T15:15:41+00:00","twitter_card":"summary_large_image","twitter_misc":{"Est. reading time":"3 minutes"},"schema":{"@context":"https:\/\/schema.org","@graph":[{"@type":"WebPage","@id":"https:\/\/www.peterlang.com\/de\/2025-emerging-scholars-competition\/","url":"https:\/\/www.peterlang.com\/de\/2025-emerging-scholars-competition\/","name":"2025 Emerging Scholars Competition","isPartOf":{"@id":"https:\/\/www.peterlang.com\/#website"},"datePublished":"2024-12-16T16:03:54+00:00","dateModified":"2025-02-19T15:15:41+00:00","description":"Nehmen Sie an der 2025 Emerging Scholars Competition im Bereich Queer Studies teil und gewinnen Sie eine Gold-Open-Access-Publikation.","breadcrumb":{"@id":"https:\/\/www.peterlang.com\/de\/2025-emerging-scholars-competition\/#breadcrumb"},"inLanguage":"de-DE","potentialAction":[{"@type":"ReadAction","target":["https:\/\/www.peterlang.com\/de\/2025-emerging-scholars-competition\/"]}]},{"@type":"BreadcrumbList","@id":"https:\/\/www.peterlang.com\/de\/2025-emerging-scholars-competition\/#breadcrumb","itemListElement":[{"@type":"ListItem","position":1,"name":"Home","item":"https:\/\/www.peterlang.com\/de\/"},{"@type":"ListItem","position":2,"name":"2025 Emerging Scholars Competition"}]},{"@type":"WebSite","@id":"https:\/\/www.peterlang.com\/#website","url":"https:\/\/www.peterlang.com\/","name":"Peter Lang","description":"Peter Lang specializes in the Humanities and Social Sciences, covering the complete publication spectrum from monographs to student textbooks.","potentialAction":[{"@type":"SearchAction","target":{"@type":"EntryPoint","urlTemplate":"https:\/\/www.peterlang.com\/?s={search_term_string}"},"query-input":{"@type":"PropertyValueSpecification","valueRequired":true,"valueName":"search_term_string"}}],"inLanguage":"de-DE"}]}},"_links":{"self":[{"href":"https:\/\/www.peterlang.com\/de\/wp-json\/wp\/v2\/pages\/42674","targetHints":{"allow":["GET"]}}],"collection":[{"href":"https:\/\/www.peterlang.com\/de\/wp-json\/wp\/v2\/pages"}],"about":[{"href":"https:\/\/www.peterlang.com\/de\/wp-json\/wp\/v2\/types\/page"}],"author":[{"embeddable":true,"href":"https:\/\/www.peterlang.com\/de\/wp-json\/wp\/v2\/users\/23"}],"replies":[{"embeddable":true,"href":"https:\/\/www.peterlang.com\/de\/wp-json\/wp\/v2\/comments?post=42674"}],"version-history":[{"count":32,"href":"https:\/\/www.peterlang.com\/de\/wp-json\/wp\/v2\/pages\/42674\/revisions"}],"predecessor-version":[{"id":43590,"href":"https:\/\/www.peterlang.com\/de\/wp-json\/wp\/v2\/pages\/42674\/revisions\/43590"}],"wp:attachment":[{"href":"https:\/\/www.peterlang.com\/de\/wp-json\/wp\/v2\/media?parent=42674"}],"curies":[{"name":"wp","href":"https:\/\/api.w.org\/{rel}","templated":true}]}}