{"id":4270,"date":"2021-08-19T17:46:13","date_gmt":"2021-08-19T16:46:13","guid":{"rendered":"https:\/\/www.peterlang.com\/?page_id=4270"},"modified":"2025-03-21T06:38:16","modified_gmt":"2025-03-21T06:38:16","slug":"repositoriumsrichtlinien","status":"publish","type":"page","link":"https:\/\/www.peterlang.com\/de\/repositoriumsrichtlinien\/","title":{"rendered":"Repositoriumsrichtlinien"},"content":{"rendered":"\n\n\n<h2 class=\"wp-block-heading\" id=\"h-wissen-teilen-richtlinien-fur-den-austausch-von-buchern-und-buchkapiteln\">Wissen teilen: Richtlinien f\u00fcr den Austausch von B\u00fcchern und Buchkapiteln<\/h2>\n\n\n\n<p>Die Verbreitung von Wissen liegt uns als Wissenschaftsverlag am Herzen. Daher unterst\u00fctzen wir Autor\/-innen dabei, ihre Publikation interessierten Lesern und Leserinnen zug\u00e4nglich zu machen. Dabei m\u00fcssen jedoch die Zugriffs- und Nutzungsrechte von Autor\/-innen und Verlag stets ber\u00fccksichtigt werden.<\/p>\n\n\n\n<p>Der einfachste Weg, um eine Publikation anderen zug\u00e4nglich zu machen, ist, diese Open Access zu ver\u00f6ffentlichen. Deswegen bieten wir unseren Autor\/-innen eine Ver\u00f6ffentlichung \u00fcber den goldenen Open-Access-Weg unter einer CC-BY Lizenz an.<a href=\"https:\/\/www.peterlang.com\/page\/Golden$0020Open$0020Access\/notre-option-open-access-gold\" target=\"_blank\" rel=\"noreferrer noopener\">&nbsp;Erfahren Sie mehr dazu<\/a>.<\/p>\n\n\n\n<h2 class=\"wp-block-heading\" id=\"h-teilen-mittels-doi-link\">Teilen mittels DOI-Link<\/h2>\n\n\n\n<p>Wenn Sie andere \u00fcber Ihre Publikation informieren m\u00f6chten, sollten Sie sie auf die finale und vom Verlag ver\u00f6ffentlichte Version hinweisen. Hierf\u00fcr sollten Sie den DOI-Link nutzen, da dieser im Gegensatz zur URL dauerhaft g\u00fcltig ist und unver\u00e4ndert bleibt, auch wenn sich der Speicherort \u00e4ndert.<\/p>\n\n\n\n<p><strong>Was ist ein DOI?<\/strong>&nbsp;Jedem vom Peter-Lang-Verlag ver\u00f6ffentlichten Buch wird ein Digital Object Identifier (DOI) zugewiesen. Dieser hat eine \u00e4hnliche Funktion wie die ISBN, n\u00e4mlich Inhalte eindeutig zu identifizieren. Verkettet man den DOI mit&nbsp;<a href=\"http:\/\/dx.doi.org\/\" target=\"_blank\" rel=\"noreferrer noopener\">http:\/\/dx.doi.org\/<\/a>, wird man zum korrekten Inhalt weitergeleitet. DOIs werden von daf\u00fcr autorisierten Agenturen f\u00fcr digitale Dokumente und Datens\u00e4tze vergeben (z.B. CrossRef). Ein DOI identifiziert nicht nur B\u00fccher, sondern auch Einzelkapitel und viele andere elektronische Ressourcen eindeutig und dauerhaft. Bei Peter Lang finden Sie den DOI-Link auf jeder Publikationswebseite (z.B.&nbsp;<a href=\"http:\/\/dx.doi.org\/10.3726\/b10435\" target=\"_blank\" rel=\"noreferrer noopener\">http:\/\/dx.doi.org\/10.3726\/b10435<\/a><\/p>\n\n\n\n<h2 class=\"wp-block-heading\" id=\"h-teilen-von-volltexten-z-b-pdfs\">Teilen von Volltexten (z.B. PDFs)<\/h2>\n\n\n\n<p>Um unsere Regelungen m\u00f6glichst leicht verst\u00e4ndlich zu machen, unterscheiden wir im Folgenden zwischen drei verschiedenen Manuskriptstadien:<\/p>\n\n\n\n<p>Eingereichte Manuskriptfassung: Dies bezeichnet Ihr Manuskript zum Zeitpunkt der Einreichung. Es weist zu diesem Zeitpunkt keinerlei Modifikationen von Dritten auf.<\/p>\n\n\n\n<p>Akzeptierte Manuskriptfassung:&nbsp;Dies ist die Version Ihres Manuskriptes, welche f\u00fcr die Publikation zugelassen wurde. Es kann zu diesem Zeitpunkt Modifikationen aufweisen, die zum Beispiel aus dem Begutachtungsprozess resultieren.<\/p>\n\n\n\n<p>Ver\u00f6ffentlichte Manuskriptfassung: Dies ist die finale und ver\u00f6ffentlichte Version des Manuskriptes, welche im Layout des Peter-Lang-Verlages publiziert wurde.<\/p>\n\n\n\n<p>Je nachdem, welche Manuskriptfassung Sie teilen wollen, stehen Ihnen unterschiedliche M\u00f6glichkeiten zur Verf\u00fcgung. Lehrb\u00fccher sind von den hier dargestellten Richtlinien ausgenommen. Bitte<a href=\"mailto:permissions@peterlang.com\">&nbsp;kontaktieren Sie uns&nbsp;<\/a>in diesem Fall direkt.<\/p>\n\n\n\n<p>Falls Ihre Arbeit&nbsp;<strong>nicht<\/strong>&nbsp;bei uns im Open Access ver\u00f6ffentlicht wurde, k\u00f6nnen Sie die verschiedenen Versionen Ihres Manuskripts gem\u00e4\u00df den folgenden Richtlinien verwenden:<\/p>\n\n\n<div class=\"wp-block-image is-resized\">\n<figure class=\"aligncenter size-full\"><img loading=\"lazy\" decoding=\"async\" width=\"2560\" height=\"1810\" src=\"https:\/\/www.peterlang.com\/app\/uploads\/2024\/10\/Repository-chart-revised_GER-1-edited-scaled.jpg\" alt=\"\" class=\"wp-image-30466\" style=\"object-fit:cover;width:1100px;height:700px\" srcset=\"https:\/\/www.peterlang.com\/app\/uploads\/2024\/10\/Repository-chart-revised_GER-1-edited-scaled.jpg 2560w, https:\/\/www.peterlang.com\/app\/uploads\/2024\/10\/Repository-chart-revised_GER-1-edited-300x212.jpg 300w, https:\/\/www.peterlang.com\/app\/uploads\/2024\/10\/Repository-chart-revised_GER-1-edited-1024x724.jpg 1024w, https:\/\/www.peterlang.com\/app\/uploads\/2024\/10\/Repository-chart-revised_GER-1-edited-768x543.jpg 768w, https:\/\/www.peterlang.com\/app\/uploads\/2024\/10\/Repository-chart-revised_GER-1-edited-1536x1086.jpg 1536w, https:\/\/www.peterlang.com\/app\/uploads\/2024\/10\/Repository-chart-revised_GER-1-edited-2048x1448.jpg 2048w\" sizes=\"auto, (max-width: 2560px) 100vw, 2560px\" \/><\/figure>\n<\/div>\n\n\n<p class=\"has-text-align-center\"><a href=\"https:\/\/www.peterlang.com\/app\/uploads\/2024\/10\/Repository-chart-revised_GER.docx\">Downloaden Sie den Repositoriumsrichtlinien<\/a><\/p>\n\n\n\n<p><strong>Was ist ein Repositorium?<\/strong>&nbsp;Ein akademisches Repositorium archiviert wissenschaftliche Dokumente und bietet zu diesen meist \u00f6ffentlichen Zugang. In einem Repositorium k\u00f6nnen z.B. alle Publikationen einer bestimmten Universit\u00e4t oder eines gesamten Fachgebietes gesammelt werden.<\/p>\n\n\n\n<p><strong>Was ist eine Sperrfrist?<\/strong>&nbsp;Dies ist der Zeitraum, der abgewartet werden muss, bevor eine Publikation zug\u00e4nglich gemacht werden darf. Die Sperrfrist erm\u00f6glicht dem Verlag, die Publikationskosten durch Verk\u00e4ufe zu kompensieren.<\/p>\n\n\n\n<p><strong>Was bedeutet CC-BY\/CC-BY-NC-ND?<\/strong>&nbsp;Wenn Sie Materialien online zug\u00e4nglich machen, muss definiert werden, auf welche Art und Weise deren Nutzer diese weiterverwenden d\u00fcrfen. Zu diesem Zweck k\u00f6nnen Sie Online-Materialien unter einer&nbsp;<a href=\"http:\/\/www.creativecommons.ch\/wie-funktionierts\/#cc_lizenzen\" target=\"_blank\" rel=\"noreferrer noopener\">Creative-Commons-Lizenz<\/a>&nbsp;ver\u00f6ffentlichen.<\/p>\n\n\n\n<p><strong>CC-BY<\/strong>&nbsp;bedeutet, dass Nutzer den Namen des Autors\/der Autorin nennen, einen Link zur Lizenz beif\u00fcgen und angeben m\u00fcssen, ob \u00c4nderungen vorgenommen wurden. Diese Angaben d\u00fcrfen in jeder angemessenen Art und Weise gemacht werden, allerdings nicht so, dass der Eindruck entsteht, der Lizenzgeber unterst\u00fctze den Nutzer oder dessen Nutzung.<\/p>\n\n\n\n<p>Eine&nbsp;<strong>CC-BY-NC-ND-Lizenz<\/strong>&nbsp;schr\u00e4nkt die Verwendung der Materialien zus\u00e4tzlich ein. Unter dieser Lizenz gelten die gleichen Vorgaben wie bei CC-BY. Ausserdem d\u00fcrfen die Inhalte nicht f\u00fcr kommerzielle Zwecke verwendet werden. Sollte ein Nutzer die Materialien neu zusammenstellen, ver\u00e4ndern oder darauf anderweitig direkt aufbauen, darf dieser die bearbeitete Fassung des Materials zudem nicht verbreiten.<\/p>\n\n\n\n<h2 class=\"wp-block-heading\" id=\"h-was-sie-beim-teilen-beachten-mussen\">Was Sie beim Teilen beachten m\u00fcssen:<\/h2>\n\n\n\n<ul class=\"wp-block-list\">\n<li>Bitte vermerken Sie auf dem Material deutlich sichtbar, welche Manuskriptversion zug\u00e4nglich gemacht wird: \u00abEingereichte Manuskriptfassung\u00bb\/Akzeptierte Manuskriptfassung\u00bb\/\u00abVer\u00f6ffentlichte Manuskriptfassung\u00bb.<\/li>\n\n\n\n<li>Bitte geben Sie an, unter welchen Bedingungen das Material weiterverwendet werden darf, zum Beispiel indem Sie eine Creative-Commons-Lizenz hinzuf\u00fcgen. Bei der Verwendung einer ver\u00f6ffentlichten Manuskriptfassung, die nicht Open Access verf\u00fcgbar ist, sollten&nbsp;Sie hinzuf\u00fcgen: Alle Rechte vorbehalten&nbsp;\/ all&nbsp;rights&nbsp;reserved&nbsp;&nbsp;<\/li>\n\n\n\n<li>Bitte stellen Sie sicher, dass Sie die Rechte Dritter wahren (z.B. Bildrechte).<\/li>\n\n\n\n<li>Wenn mehrere Angestellte einer Universit\u00e4t oder Institution in der gleichen Publikation (z.B. einem Sammelband) ver\u00f6ffentlicht haben, sollten sich diese auf ein einziges Kapitel einigen, welches im Repositorium der Universit\u00e4t bzw. Institution zug\u00e4nglich gemacht wird. Es ist nicht gestattet, Einzelkapitel auf eine Art und Weise zug\u00e4nglich zu machen, die die Originalpublikation ersetzt (z.B. Sammlung, Verlinkung etc.).<\/li>\n<\/ul>\n\n\n\n<p>Bitte f\u00fcgen Sie dem geteilten Material stets einen Vermerk hinzu, zum Beispiel:<\/p>\n\n\n\n<p>&#8212;<\/p>\n\n\n\n<p>Dies ist<\/p>\n\n\n\n<ul class=\"wp-block-list\">\n<li>ein eingereichtes Manuskript, welches noch nicht begutachtet wurde.<\/li>\n\n\n\n<li>eine akzeptierte Manuskriptfassung, welche ver\u00f6ffentlicht wird\/ver\u00f6ffentlicht wurde in [Titel] von\/hrsg. von [Autor\/-in\/Herausgeber\/-in] in der Buchreihe [Titel])<\/li>\n\n\n\n<li>eine ver\u00f6ffentlichte Manuskriptfassung des Titels [Titel] von\/hrsg. von [Autor\/-in\/ Herausgeber\/-in] in der Buchreihe [Titel]).&nbsp;Das Originalwerk kann unter dem folgenden Link aufgerufen werden: [DOI link\/ peterlang.com link].\u00a9 [Rechteinhaber, Copyright Jahr]Alle Rechte vorbehalten \/ All rights reservedODER, falls zutreffend, f\u00fcgen Sie eine Creative Commons Lizenz hinzu, wie:Nutzer des Materials m\u00fcssen angemessene Urheber- und Rechteangaben machen, einen Link zur Lizenz beif\u00fcgen und angeben, ob \u00c4nderungen vorgenommen wurden. Diese Angaben d\u00fcrfen in jeder angemessenen Art und Weise gemacht werden, allerdings nicht so, dass der Eindruck entsteht, der Lizenzgeber unterst\u00fctze den Lizenznehmer oder dessen Nutzung besonders. Das Material darf nicht f\u00fcr kommerzielle Zwecke genutzt werden. Wenn Nutzer das Material remixen, ver\u00e4ndern oder darauf anderweitig direkt aufbauen, d\u00fcrfen sie die bearbeitete Fassung des Materials nicht verbreiten.CC-BY-NC-ND 4.0&nbsp;<a href=\"https:\/\/creativecommons.org\/licenses\/by-nc-nd\/4.0\/legalcode\" target=\"_blank\" rel=\"noreferrer noopener\">https:\/\/creativecommons.org\/licenses\/by-nc-nd\/4.0\/legalcode<\/a><\/li>\n<\/ul>\n\n\n\n<p>&#8212;<\/p>\n\n\n\n<h2 class=\"wp-block-heading\" id=\"h-sie-mochten-ein-ganzes-buch-teilen\">Sie m\u00f6chten ein ganzes Buch teilen?<\/h2>\n\n\n\n<p>Wir bieten die M\u00f6glichkeit, B\u00fccher, die vor 2017 publiziert wurden, nach einer Sperrfrist von 12 Monaten im Open-Access-Format zug\u00e4nglich zu machen. In diesen F\u00e4llen wird eine Pauschalgeb\u00fchr erhoben. Bitte\u00a0<a href=\"mailto:openaccess@peterlang.com\">kontaktieren Sie uns,<\/a>\u00a0um mehr \u00fcber diese Option zu erfahren.<\/p>\n\n\n\n<h2 class=\"wp-block-heading\" id=\"h-unsere-richtlinien-entsprechen-nicht-den-anforderungen-ihres-forschungsforderers\">Unsere Richtlinien entsprechen nicht den Anforderungen Ihres Forschungsf\u00f6rderers?<\/h2>\n\n\n\n<p>Als serviceorientierter Verlag bietet Peter Lang flexible L\u00f6sungen, um den individuellen Anforderungen von Autor\/-innen und F\u00f6rderern zu entsprechen. Unter anderem bieten wir besondere L\u00f6sungen f\u00fcr Autor\/-innen, die durch den Wellcome Trust gef\u00f6rdert werden.<\/p>\n\n\n\n<p><a href=\"mailto:openaccess@peterlang.com\">Bitte sprechen Sie uns in solchen F\u00e4llen direkt an.<\/a><\/p>\n\n\n\n<h2 class=\"wp-block-heading\" id=\"h-was-kann-ich-in-sozialen-netzwerken-teilen\">Was kann ich in sozialen Netzwerken teilen?<\/h2>\n\n\n\n<p>Um Ihr Buch zu bewerben, k\u00f6nnen Sie dieses in sozialen Netzwerken verlinken, bibliographische Informationen zitieren oder den Klappentext ver\u00f6ffentlichen. Volltexte (z.B. PDFs) d\u00fcrfen nicht zug\u00e4nglich gemacht werden, unter anderem, weil die meisten sozialen Netzwerke (z.B. Facebook, ResearchGate, academia.edu) kommerzielle Ziele verfolgen. Sie k\u00f6nnen bis zu 20 Kopien der akzeptierten Manuskriptfassung via E-Mail versenden. Bitte f\u00fcgen Sie dem Manuskript in diesem Fall einen Link zu der ver\u00f6ffentlichten Version hinzu sowie den Hinweis \u00abfor personal use only\u00bb.<\/p>\n\n\n\r\n\r\n<div class=\"appeal-spacer  appeal-spacer--69ec8c20af49e\" aria-hidden=\"true\">\r\n    <style>\r\n        .appeal-spacer--69ec8c20af49e { height: 50px; }<!--\r\n        -->@media (max-width: 1919px) {\r\n            .appeal-spacer--69ec8c20af49e { height: 50px; }\r\n        }<!--\r\n        -->@media (max-width: 1023px) {\r\n            .appeal-spacer--69ec8c20af49e { height: 25px; }\r\n        }<!--\r\n        -->@media (max-width: 599px) {\r\n            .appeal-spacer--69ec8c20af49e { height: 25px; }\r\n        }\r\n    <\/style>\r\n<\/div>\r\n","protected":false},"excerpt":{"rendered":"<p>Wissen teilen: Richtlinien f\u00fcr den Austausch von B\u00fcchern und Buchkapiteln Die Verbreitung von Wissen liegt uns als Wissenschaftsverlag am Herzen. Daher unterst\u00fctzen wir Autor\/-innen dabei, ihre Publikation interessierten Lesern und Leserinnen zug\u00e4nglich zu machen. Dabei m\u00fcssen jedoch die Zugriffs- und Nutzungsrechte von Autor\/-innen und Verlag stets ber\u00fccksichtigt werden. Der einfachste Weg, um eine Publikation anderen [&hellip;]<\/p>\n","protected":false},"author":1,"featured_media":0,"parent":0,"menu_order":0,"comment_status":"closed","ping_status":"closed","template":"","meta":{"_acf_changed":false,"content-type":"","footnotes":""},"class_list":["post-4270","page","type-page","status-publish","hentry"],"acf":[],"yoast_head":"<!-- This site is optimized with the Yoast SEO Premium plugin v24.6 (Yoast SEO v24.9) - https:\/\/yoast.com\/wordpress\/plugins\/seo\/ -->\n<title>Repositoriumsrichtlinien - Peter Lang<\/title>\n<meta name=\"robots\" content=\"index, follow, max-snippet:-1, max-image-preview:large, max-video-preview:-1\" \/>\n<link rel=\"canonical\" href=\"https:\/\/www.peterlang.com\/de\/repositoriumsrichtlinien\/\" \/>\n<meta property=\"og:locale\" content=\"de_DE\" \/>\n<meta property=\"og:type\" content=\"article\" \/>\n<meta property=\"og:title\" content=\"Repositoriumsrichtlinien\" \/>\n<meta property=\"og:description\" content=\"Wissen teilen: Richtlinien f\u00fcr den Austausch von B\u00fcchern und Buchkapiteln Die Verbreitung von Wissen liegt uns als Wissenschaftsverlag am Herzen. Daher unterst\u00fctzen wir Autor\/-innen dabei, ihre Publikation interessierten Lesern und Leserinnen zug\u00e4nglich zu machen. Dabei m\u00fcssen jedoch die Zugriffs- und Nutzungsrechte von Autor\/-innen und Verlag stets ber\u00fccksichtigt werden. Der einfachste Weg, um eine Publikation anderen [&hellip;]\" \/>\n<meta property=\"og:url\" content=\"https:\/\/www.peterlang.com\/de\/repositoriumsrichtlinien\/\" \/>\n<meta property=\"og:site_name\" content=\"Peter Lang\" \/>\n<meta property=\"article:modified_time\" content=\"2025-03-21T06:38:16+00:00\" \/>\n<meta property=\"og:image\" content=\"https:\/\/www.peterlang.com\/app\/uploads\/2024\/10\/Repository-chart-revised_GER-1-edited-scaled.jpg\" \/>\n\t<meta property=\"og:image:width\" content=\"2560\" \/>\n\t<meta property=\"og:image:height\" content=\"1810\" \/>\n\t<meta property=\"og:image:type\" content=\"image\/jpeg\" \/>\n<meta name=\"twitter:card\" content=\"summary_large_image\" \/>\n<meta name=\"twitter:label1\" content=\"Est. reading time\" \/>\n\t<meta name=\"twitter:data1\" content=\"5 minutes\" \/>\n<script type=\"application\/ld+json\" class=\"yoast-schema-graph\">{\"@context\":\"https:\/\/schema.org\",\"@graph\":[{\"@type\":\"WebPage\",\"@id\":\"https:\/\/www.peterlang.com\/de\/repositoriumsrichtlinien\/\",\"url\":\"https:\/\/www.peterlang.com\/de\/repositoriumsrichtlinien\/\",\"name\":\"Repositoriumsrichtlinien - Peter Lang\",\"isPartOf\":{\"@id\":\"https:\/\/www.peterlang.com\/#website\"},\"primaryImageOfPage\":{\"@id\":\"https:\/\/www.peterlang.com\/de\/repositoriumsrichtlinien\/#primaryimage\"},\"image\":{\"@id\":\"https:\/\/www.peterlang.com\/de\/repositoriumsrichtlinien\/#primaryimage\"},\"thumbnailUrl\":\"https:\/\/www.peterlang.com\/app\/uploads\/2024\/10\/Repository-chart-revised_GER-1-edited-scaled.jpg\",\"datePublished\":\"2021-08-19T16:46:13+00:00\",\"dateModified\":\"2025-03-21T06:38:16+00:00\",\"breadcrumb\":{\"@id\":\"https:\/\/www.peterlang.com\/de\/repositoriumsrichtlinien\/#breadcrumb\"},\"inLanguage\":\"de-DE\",\"potentialAction\":[{\"@type\":\"ReadAction\",\"target\":[\"https:\/\/www.peterlang.com\/de\/repositoriumsrichtlinien\/\"]}]},{\"@type\":\"ImageObject\",\"inLanguage\":\"de-DE\",\"@id\":\"https:\/\/www.peterlang.com\/de\/repositoriumsrichtlinien\/#primaryimage\",\"url\":\"https:\/\/www.peterlang.com\/app\/uploads\/2024\/10\/Repository-chart-revised_GER-1-edited-scaled.jpg\",\"contentUrl\":\"https:\/\/www.peterlang.com\/app\/uploads\/2024\/10\/Repository-chart-revised_GER-1-edited-scaled.jpg\"},{\"@type\":\"BreadcrumbList\",\"@id\":\"https:\/\/www.peterlang.com\/de\/repositoriumsrichtlinien\/#breadcrumb\",\"itemListElement\":[{\"@type\":\"ListItem\",\"position\":1,\"name\":\"Home\",\"item\":\"https:\/\/www.peterlang.com\/de\/\"},{\"@type\":\"ListItem\",\"position\":2,\"name\":\"Repositoriumsrichtlinien\"}]},{\"@type\":\"WebSite\",\"@id\":\"https:\/\/www.peterlang.com\/#website\",\"url\":\"https:\/\/www.peterlang.com\/\",\"name\":\"Peter Lang\",\"description\":\"Peter Lang specializes in the Humanities and Social Sciences, covering the complete publication spectrum from monographs to student textbooks.\",\"potentialAction\":[{\"@type\":\"SearchAction\",\"target\":{\"@type\":\"EntryPoint\",\"urlTemplate\":\"https:\/\/www.peterlang.com\/?s={search_term_string}\"},\"query-input\":{\"@type\":\"PropertyValueSpecification\",\"valueRequired\":true,\"valueName\":\"search_term_string\"}}],\"inLanguage\":\"de-DE\"}]}<\/script>\n<!-- \/ Yoast SEO Premium plugin. -->","yoast_head_json":{"title":"Repositoriumsrichtlinien - Peter Lang","robots":{"index":"index","follow":"follow","max-snippet":"max-snippet:-1","max-image-preview":"max-image-preview:large","max-video-preview":"max-video-preview:-1"},"canonical":"https:\/\/www.peterlang.com\/de\/repositoriumsrichtlinien\/","og_locale":"de_DE","og_type":"article","og_title":"Repositoriumsrichtlinien","og_description":"Wissen teilen: Richtlinien f\u00fcr den Austausch von B\u00fcchern und Buchkapiteln Die Verbreitung von Wissen liegt uns als Wissenschaftsverlag am Herzen. Daher unterst\u00fctzen wir Autor\/-innen dabei, ihre Publikation interessierten Lesern und Leserinnen zug\u00e4nglich zu machen. Dabei m\u00fcssen jedoch die Zugriffs- und Nutzungsrechte von Autor\/-innen und Verlag stets ber\u00fccksichtigt werden. Der einfachste Weg, um eine Publikation anderen [&hellip;]","og_url":"https:\/\/www.peterlang.com\/de\/repositoriumsrichtlinien\/","og_site_name":"Peter Lang","article_modified_time":"2025-03-21T06:38:16+00:00","og_image":[{"width":2560,"height":1810,"url":"https:\/\/www.peterlang.com\/app\/uploads\/2024\/10\/Repository-chart-revised_GER-1-edited-scaled.jpg","type":"image\/jpeg"}],"twitter_card":"summary_large_image","twitter_misc":{"Est. reading time":"5 minutes"},"schema":{"@context":"https:\/\/schema.org","@graph":[{"@type":"WebPage","@id":"https:\/\/www.peterlang.com\/de\/repositoriumsrichtlinien\/","url":"https:\/\/www.peterlang.com\/de\/repositoriumsrichtlinien\/","name":"Repositoriumsrichtlinien - Peter Lang","isPartOf":{"@id":"https:\/\/www.peterlang.com\/#website"},"primaryImageOfPage":{"@id":"https:\/\/www.peterlang.com\/de\/repositoriumsrichtlinien\/#primaryimage"},"image":{"@id":"https:\/\/www.peterlang.com\/de\/repositoriumsrichtlinien\/#primaryimage"},"thumbnailUrl":"https:\/\/www.peterlang.com\/app\/uploads\/2024\/10\/Repository-chart-revised_GER-1-edited-scaled.jpg","datePublished":"2021-08-19T16:46:13+00:00","dateModified":"2025-03-21T06:38:16+00:00","breadcrumb":{"@id":"https:\/\/www.peterlang.com\/de\/repositoriumsrichtlinien\/#breadcrumb"},"inLanguage":"de-DE","potentialAction":[{"@type":"ReadAction","target":["https:\/\/www.peterlang.com\/de\/repositoriumsrichtlinien\/"]}]},{"@type":"ImageObject","inLanguage":"de-DE","@id":"https:\/\/www.peterlang.com\/de\/repositoriumsrichtlinien\/#primaryimage","url":"https:\/\/www.peterlang.com\/app\/uploads\/2024\/10\/Repository-chart-revised_GER-1-edited-scaled.jpg","contentUrl":"https:\/\/www.peterlang.com\/app\/uploads\/2024\/10\/Repository-chart-revised_GER-1-edited-scaled.jpg"},{"@type":"BreadcrumbList","@id":"https:\/\/www.peterlang.com\/de\/repositoriumsrichtlinien\/#breadcrumb","itemListElement":[{"@type":"ListItem","position":1,"name":"Home","item":"https:\/\/www.peterlang.com\/de\/"},{"@type":"ListItem","position":2,"name":"Repositoriumsrichtlinien"}]},{"@type":"WebSite","@id":"https:\/\/www.peterlang.com\/#website","url":"https:\/\/www.peterlang.com\/","name":"Peter Lang","description":"Peter Lang specializes in the Humanities and Social Sciences, covering the complete publication spectrum from monographs to student textbooks.","potentialAction":[{"@type":"SearchAction","target":{"@type":"EntryPoint","urlTemplate":"https:\/\/www.peterlang.com\/?s={search_term_string}"},"query-input":{"@type":"PropertyValueSpecification","valueRequired":true,"valueName":"search_term_string"}}],"inLanguage":"de-DE"}]}},"_links":{"self":[{"href":"https:\/\/www.peterlang.com\/de\/wp-json\/wp\/v2\/pages\/4270","targetHints":{"allow":["GET"]}}],"collection":[{"href":"https:\/\/www.peterlang.com\/de\/wp-json\/wp\/v2\/pages"}],"about":[{"href":"https:\/\/www.peterlang.com\/de\/wp-json\/wp\/v2\/types\/page"}],"author":[{"embeddable":true,"href":"https:\/\/www.peterlang.com\/de\/wp-json\/wp\/v2\/users\/1"}],"replies":[{"embeddable":true,"href":"https:\/\/www.peterlang.com\/de\/wp-json\/wp\/v2\/comments?post=4270"}],"version-history":[{"count":21,"href":"https:\/\/www.peterlang.com\/de\/wp-json\/wp\/v2\/pages\/4270\/revisions"}],"predecessor-version":[{"id":44103,"href":"https:\/\/www.peterlang.com\/de\/wp-json\/wp\/v2\/pages\/4270\/revisions\/44103"}],"wp:attachment":[{"href":"https:\/\/www.peterlang.com\/de\/wp-json\/wp\/v2\/media?parent=4270"}],"curies":[{"name":"wp","href":"https:\/\/api.w.org\/{rel}","templated":true}]}}