{"id":4382,"date":"2021-08-19T21:31:55","date_gmt":"2021-08-19T20:31:55","guid":{"rendered":"https:\/\/www.peterlang.com\/?page_id=4382"},"modified":"2025-01-13T15:21:14","modified_gmt":"2025-01-13T15:21:14","slug":"probeexemplare","status":"publish","type":"page","link":"https:\/\/www.peterlang.com\/de\/serviceleistungen\/probeexemplare\/","title":{"rendered":"Probeexemplare"},"content":{"rendered":"\n\n\r\n\r\n<div class=\"appeal-spacer  appeal-spacer--69d6bfec93655\" aria-hidden=\"true\">\r\n    <style>\r\n        .appeal-spacer--69d6bfec93655 { height: 50px; }<!--\r\n        -->@media (max-width: 1919px) {\r\n            .appeal-spacer--69d6bfec93655 { height: 50px; }\r\n        }<!--\r\n        -->@media (max-width: 1023px) {\r\n            .appeal-spacer--69d6bfec93655 { height: 25px; }\r\n        }<!--\r\n        -->@media (max-width: 599px) {\r\n            .appeal-spacer--69d6bfec93655 { height: 25px; }\r\n        }\r\n    <\/style>\r\n<\/div>\r\n\n\n\n<h2 class=\"wp-block-heading anchor\" id=\"F\u00fcr-Dozenten\">F\u00fcr Dozenten<\/h2>\n\n\n\n<h3 class=\"wp-block-heading\">M\u00f6chten Sie eines unserer B\u00fccher in Ihrer Lehrveranstaltung verwenden?<\/h3>\n\n\n\n<p>Damit Sie herausfinden k\u00f6nnen, ob ein Titel geeignet ist, senden wir Ihnen gerne ein elektronisches Probeexemplar. Probeexemplare werden Ihnen f\u00fcr 60 Tage digital zur Pr\u00fcfung zur Verf\u00fcgung gestellt und k\u00f6nnen \u00fcber unser&nbsp;Online-Formular&nbsp;bestellt werden. Bitte er\u00f6ffnen Sie ein Konto bei uns, damit Ihre Adressangaben hinterlegt sind.<\/p>\n\n\n\n<p>Beim Versand Ihrer elektronischen Lehrb\u00fccher arbeiten wir mit&nbsp;<a href=\"https:\/\/www.vitalsource.com\/\" target=\"_blank\" rel=\"noreferrer noopener\" title=\"Besuchen Sie VitalSource f\u00fcr Ihre Lehrbuchbed\u00fcrfnisse\">VitalSource<\/a>&nbsp;und&nbsp;<a href=\"http:\/\/www.kortext.com\/\" target=\"_blank\" rel=\"noreferrer noopener\" title=\"Besuchen Sie Kortext f\u00fcr Ihre Lehrbuchbed\u00fcrfnisse\">Kortext<\/a>&nbsp;zusammen \u2013 Sie k\u00f6nnen auch \u00fcber diese Anbieter ein elektronisches Probeexemplar anfordern.<\/p>\n\n\n\r\n\r\n<div class=\"appeal-spacer  appeal-spacer--69d6bfec93bd8\" aria-hidden=\"true\">\r\n    <style>\r\n        .appeal-spacer--69d6bfec93bd8 { height: 75px; }<!--\r\n        -->@media (max-width: 1919px) {\r\n            .appeal-spacer--69d6bfec93bd8 { height: 75px; }\r\n        }<!--\r\n        -->@media (max-width: 1023px) {\r\n            .appeal-spacer--69d6bfec93bd8 { height: 50px; }\r\n        }<!--\r\n        -->@media (max-width: 599px) {\r\n            .appeal-spacer--69d6bfec93bd8 { height: 50px; }\r\n        }\r\n    <\/style>\r\n<\/div>\r\n\n\n\n<h2 class=\"wp-block-heading anchor\" id=\"Arbeitsexemplare\">Arbeitsexemplare<\/h2>\n\n\n\n<p>Gedruckte Arbeitsexemplare f\u00fcr Titel, die Sie in Ihrer Veranstaltung einsetzen, bestellen Sie \u00fcber unser&nbsp;Online-Formular.<\/p>\n\n\n\r\n\r\n<div class=\"appeal-spacer  appeal-spacer--69d6bfec93e2d\" aria-hidden=\"true\">\r\n    <style>\r\n        .appeal-spacer--69d6bfec93e2d { height: 50px; }<!--\r\n        -->@media (max-width: 1919px) {\r\n            .appeal-spacer--69d6bfec93e2d { height: 50px; }\r\n        }<!--\r\n        -->@media (max-width: 1023px) {\r\n            .appeal-spacer--69d6bfec93e2d { height: 25px; }\r\n        }<!--\r\n        -->@media (max-width: 599px) {\r\n            .appeal-spacer--69d6bfec93e2d { height: 25px; }\r\n        }\r\n    <\/style>\r\n<\/div>\r\n\n\n\n<script charset=\"utf-8\" type=\"text\/javascript\" src=\"\/\/js.hsforms.net\/forms\/shell.js\"><\/script>\n<script>\n  hbspt.forms.create({\n        region: \"na1\",\n        portalId: \"5381528\",\n        formId: \"9b4313e6-17eb-417d-95b4-b6192eb15bae\"\n});\n<\/script>\n\n\n\r\n\r\n<div class=\"appeal-spacer  appeal-spacer--69d6bfec94032\" aria-hidden=\"true\">\r\n    <style>\r\n        .appeal-spacer--69d6bfec94032 { height: 50px; }<!--\r\n        -->@media (max-width: 1919px) {\r\n            .appeal-spacer--69d6bfec94032 { height: 50px; }\r\n        }<!--\r\n        -->@media (max-width: 1023px) {\r\n            .appeal-spacer--69d6bfec94032 { height: 25px; }\r\n        }<!--\r\n        -->@media (max-width: 599px) {\r\n            .appeal-spacer--69d6bfec94032 { height: 25px; }\r\n        }\r\n    <\/style>\r\n<\/div>\r\n","protected":false},"excerpt":{"rendered":"<p>F\u00fcr Dozenten M\u00f6chten Sie eines unserer B\u00fccher in Ihrer Lehrveranstaltung verwenden? Damit Sie herausfinden k\u00f6nnen, ob ein Titel geeignet ist, senden wir Ihnen gerne ein elektronisches Probeexemplar. Probeexemplare werden Ihnen f\u00fcr 60 Tage digital zur Pr\u00fcfung zur Verf\u00fcgung gestellt und k\u00f6nnen \u00fcber unser&nbsp;Online-Formular&nbsp;bestellt werden. Bitte er\u00f6ffnen Sie ein Konto bei uns, damit Ihre Adressangaben hinterlegt [&hellip;]<\/p>\n","protected":false},"author":1,"featured_media":0,"parent":4963,"menu_order":0,"comment_status":"closed","ping_status":"closed","template":"","meta":{"_acf_changed":false,"content-type":"","footnotes":""},"class_list":["post-4382","page","type-page","status-publish","hentry"],"acf":[],"yoast_head":"<!-- This site is optimized with the Yoast SEO Premium plugin v24.6 (Yoast SEO v24.9) - https:\/\/yoast.com\/wordpress\/plugins\/seo\/ -->\n<title>Probeexemplare f\u00fcr Lehrveranstaltungen - Peter Lang<\/title>\n<meta name=\"description\" content=\"Bestellen Sie Probeexemplare von Peter Lang f\u00fcr den Einsatz in Ihrer Lehrveranstaltung. Elektronische Pr\u00fcfexemplare stehen 60 Tage lang zur Verf\u00fcgung \u2013 informieren Sie sich jetzt!\" \/>\n<meta name=\"robots\" content=\"index, follow, max-snippet:-1, max-image-preview:large, max-video-preview:-1\" \/>\n<link rel=\"canonical\" href=\"https:\/\/www.peterlang.com\/de\/serviceleistungen\/probeexemplare\/\" \/>\n<meta property=\"og:locale\" content=\"de_DE\" \/>\n<meta property=\"og:type\" content=\"article\" \/>\n<meta property=\"og:title\" content=\"Probeexemplare\" \/>\n<meta property=\"og:description\" content=\"Bestellen Sie Probeexemplare von Peter Lang f\u00fcr den Einsatz in Ihrer Lehrveranstaltung. Elektronische Pr\u00fcfexemplare stehen 60 Tage lang zur Verf\u00fcgung \u2013 informieren Sie sich jetzt!\" \/>\n<meta property=\"og:url\" content=\"https:\/\/www.peterlang.com\/de\/serviceleistungen\/probeexemplare\/\" \/>\n<meta property=\"og:site_name\" content=\"Peter Lang\" \/>\n<meta property=\"article:modified_time\" content=\"2025-01-13T15:21:14+00:00\" \/>\n<meta name=\"twitter:card\" content=\"summary_large_image\" \/>\n<meta name=\"twitter:label1\" content=\"Est. reading time\" \/>\n\t<meta name=\"twitter:data1\" content=\"1 minute\" \/>\n<script type=\"application\/ld+json\" class=\"yoast-schema-graph\">{\"@context\":\"https:\/\/schema.org\",\"@graph\":[{\"@type\":\"WebPage\",\"@id\":\"https:\/\/www.peterlang.com\/de\/serviceleistungen\/probeexemplare\/\",\"url\":\"https:\/\/www.peterlang.com\/de\/serviceleistungen\/probeexemplare\/\",\"name\":\"Probeexemplare f\u00fcr Lehrveranstaltungen - Peter Lang\",\"isPartOf\":{\"@id\":\"https:\/\/www.peterlang.com\/#website\"},\"datePublished\":\"2021-08-19T20:31:55+00:00\",\"dateModified\":\"2025-01-13T15:21:14+00:00\",\"description\":\"Bestellen Sie Probeexemplare von Peter Lang f\u00fcr den Einsatz in Ihrer Lehrveranstaltung. Elektronische Pr\u00fcfexemplare stehen 60 Tage lang zur Verf\u00fcgung \u2013 informieren Sie sich jetzt!\",\"breadcrumb\":{\"@id\":\"https:\/\/www.peterlang.com\/de\/serviceleistungen\/probeexemplare\/#breadcrumb\"},\"inLanguage\":\"de-DE\",\"potentialAction\":[{\"@type\":\"ReadAction\",\"target\":[\"https:\/\/www.peterlang.com\/de\/serviceleistungen\/probeexemplare\/\"]}]},{\"@type\":\"BreadcrumbList\",\"@id\":\"https:\/\/www.peterlang.com\/de\/serviceleistungen\/probeexemplare\/#breadcrumb\",\"itemListElement\":[{\"@type\":\"ListItem\",\"position\":1,\"name\":\"Home\",\"item\":\"https:\/\/www.peterlang.com\/de\/\"},{\"@type\":\"ListItem\",\"position\":2,\"name\":\"Serviceleistungen\",\"item\":\"https:\/\/www.peterlang.com\/de\/serviceleistungen\/\"},{\"@type\":\"ListItem\",\"position\":3,\"name\":\"Probeexemplare\"}]},{\"@type\":\"WebSite\",\"@id\":\"https:\/\/www.peterlang.com\/#website\",\"url\":\"https:\/\/www.peterlang.com\/\",\"name\":\"Peter Lang\",\"description\":\"Peter Lang specializes in the Humanities and Social Sciences, covering the complete publication spectrum from monographs to student textbooks.\",\"potentialAction\":[{\"@type\":\"SearchAction\",\"target\":{\"@type\":\"EntryPoint\",\"urlTemplate\":\"https:\/\/www.peterlang.com\/?s={search_term_string}\"},\"query-input\":{\"@type\":\"PropertyValueSpecification\",\"valueRequired\":true,\"valueName\":\"search_term_string\"}}],\"inLanguage\":\"de-DE\"}]}<\/script>\n<!-- \/ Yoast SEO Premium plugin. -->","yoast_head_json":{"title":"Probeexemplare f\u00fcr Lehrveranstaltungen - Peter Lang","description":"Bestellen Sie Probeexemplare von Peter Lang f\u00fcr den Einsatz in Ihrer Lehrveranstaltung. Elektronische Pr\u00fcfexemplare stehen 60 Tage lang zur Verf\u00fcgung \u2013 informieren Sie sich jetzt!","robots":{"index":"index","follow":"follow","max-snippet":"max-snippet:-1","max-image-preview":"max-image-preview:large","max-video-preview":"max-video-preview:-1"},"canonical":"https:\/\/www.peterlang.com\/de\/serviceleistungen\/probeexemplare\/","og_locale":"de_DE","og_type":"article","og_title":"Probeexemplare","og_description":"Bestellen Sie Probeexemplare von Peter Lang f\u00fcr den Einsatz in Ihrer Lehrveranstaltung. Elektronische Pr\u00fcfexemplare stehen 60 Tage lang zur Verf\u00fcgung \u2013 informieren Sie sich jetzt!","og_url":"https:\/\/www.peterlang.com\/de\/serviceleistungen\/probeexemplare\/","og_site_name":"Peter Lang","article_modified_time":"2025-01-13T15:21:14+00:00","twitter_card":"summary_large_image","twitter_misc":{"Est. reading time":"1 minute"},"schema":{"@context":"https:\/\/schema.org","@graph":[{"@type":"WebPage","@id":"https:\/\/www.peterlang.com\/de\/serviceleistungen\/probeexemplare\/","url":"https:\/\/www.peterlang.com\/de\/serviceleistungen\/probeexemplare\/","name":"Probeexemplare f\u00fcr Lehrveranstaltungen - Peter Lang","isPartOf":{"@id":"https:\/\/www.peterlang.com\/#website"},"datePublished":"2021-08-19T20:31:55+00:00","dateModified":"2025-01-13T15:21:14+00:00","description":"Bestellen Sie Probeexemplare von Peter Lang f\u00fcr den Einsatz in Ihrer Lehrveranstaltung. Elektronische Pr\u00fcfexemplare stehen 60 Tage lang zur Verf\u00fcgung \u2013 informieren Sie sich jetzt!","breadcrumb":{"@id":"https:\/\/www.peterlang.com\/de\/serviceleistungen\/probeexemplare\/#breadcrumb"},"inLanguage":"de-DE","potentialAction":[{"@type":"ReadAction","target":["https:\/\/www.peterlang.com\/de\/serviceleistungen\/probeexemplare\/"]}]},{"@type":"BreadcrumbList","@id":"https:\/\/www.peterlang.com\/de\/serviceleistungen\/probeexemplare\/#breadcrumb","itemListElement":[{"@type":"ListItem","position":1,"name":"Home","item":"https:\/\/www.peterlang.com\/de\/"},{"@type":"ListItem","position":2,"name":"Serviceleistungen","item":"https:\/\/www.peterlang.com\/de\/serviceleistungen\/"},{"@type":"ListItem","position":3,"name":"Probeexemplare"}]},{"@type":"WebSite","@id":"https:\/\/www.peterlang.com\/#website","url":"https:\/\/www.peterlang.com\/","name":"Peter Lang","description":"Peter Lang specializes in the Humanities and Social Sciences, covering the complete publication spectrum from monographs to student textbooks.","potentialAction":[{"@type":"SearchAction","target":{"@type":"EntryPoint","urlTemplate":"https:\/\/www.peterlang.com\/?s={search_term_string}"},"query-input":{"@type":"PropertyValueSpecification","valueRequired":true,"valueName":"search_term_string"}}],"inLanguage":"de-DE"}]}},"_links":{"self":[{"href":"https:\/\/www.peterlang.com\/de\/wp-json\/wp\/v2\/pages\/4382","targetHints":{"allow":["GET"]}}],"collection":[{"href":"https:\/\/www.peterlang.com\/de\/wp-json\/wp\/v2\/pages"}],"about":[{"href":"https:\/\/www.peterlang.com\/de\/wp-json\/wp\/v2\/types\/page"}],"author":[{"embeddable":true,"href":"https:\/\/www.peterlang.com\/de\/wp-json\/wp\/v2\/users\/1"}],"replies":[{"embeddable":true,"href":"https:\/\/www.peterlang.com\/de\/wp-json\/wp\/v2\/comments?post=4382"}],"version-history":[{"count":13,"href":"https:\/\/www.peterlang.com\/de\/wp-json\/wp\/v2\/pages\/4382\/revisions"}],"predecessor-version":[{"id":43317,"href":"https:\/\/www.peterlang.com\/de\/wp-json\/wp\/v2\/pages\/4382\/revisions\/43317"}],"up":[{"embeddable":true,"href":"https:\/\/www.peterlang.com\/de\/wp-json\/wp\/v2\/pages\/4963"}],"wp:attachment":[{"href":"https:\/\/www.peterlang.com\/de\/wp-json\/wp\/v2\/media?parent=4382"}],"curies":[{"name":"wp","href":"https:\/\/api.w.org\/{rel}","templated":true}]}}