{"id":4963,"date":"2021-08-25T23:31:52","date_gmt":"2021-08-25T22:31:52","guid":{"rendered":"https:\/\/www.peterlang.com\/?page_id=4963"},"modified":"2025-01-13T12:22:59","modified_gmt":"2025-01-13T12:22:59","slug":"serviceleistungen","status":"publish","type":"page","link":"https:\/\/www.peterlang.com\/de\/serviceleistungen\/","title":{"rendered":"Serviceleistungen"},"content":{"rendered":"\n\n\r\n\r\n<div class=\"appeal-spacer  appeal-spacer--69d718edca780\" aria-hidden=\"true\">\r\n    <style>\r\n        .appeal-spacer--69d718edca780 { height: 50px; }<!--\r\n        -->@media (max-width: 1919px) {\r\n            .appeal-spacer--69d718edca780 { height: 50px; }\r\n        }<!--\r\n        -->@media (max-width: 1023px) {\r\n            .appeal-spacer--69d718edca780 { height: 25px; }\r\n        }<!--\r\n        -->@media (max-width: 599px) {\r\n            .appeal-spacer--69d718edca780 { height: 25px; }\r\n        }\r\n    <\/style>\r\n<\/div>\r\n\n\n\n<h2 class=\"wp-block-heading\">Serviceleistungen<\/h2>\n\n\n\n<p>Die enge Zusammenarbeit mit unseren Partnern und deren Unterst\u00fctzung ist uns ein Hauptanliegen. Gedruckte und elektronische Titel sind f\u00fcr Bibliotheken und Buchh\u00e4ndler sowohl \u00fcber Bibliothekszulieferer als auch \u00fcber ein Konto direkt bei Peter Lang erh\u00e4ltlich. Hierbei bieten wir Bibliotheken eine Vielzahl von Gesch\u00e4ftsmodellen und Unterst\u00fctzung beim Zugriff auf unsere digitale Plattform. Wenden Sie sich mit Ihren Fragen gerne an unser <a href=\"mailto:sales@peterlang.com\" title=\"Kontaktieren Sie unser Vertriebsteam f\u00fcr Unterst\u00fctzung\">Vertriebsteam<\/a> oder die <a href=\"mailto:orders@peterlang.com\" title=\"Kontaktieren Sie die Kundenbetreuung bei Peter Lang f\u00fcr Bestellungen und Anfragen\">Kundenbetreuung<\/a>, melden Sie sich f\u00fcr unsere Themen-Newsletter an und erfahren Sie mehr \u00fcber Veranstaltungen und Initiativen unserer <a href=\"mailto:marketing@peterlang.com\" title=\"Kontaktieren Sie die Marketingabteilung von Peter Lang, um mehr \u00fcber Veranstaltungen und Initiativen zu erfahren\">Marketingabteilung<\/a>. Unser Open-Access-Programm f\u00f6rdert die Verbreitung von Forschung und Kommunikation in der akademischen Gemeinschaft.<\/p>\n\n\n\r\n\r\n<div class=\"appeal-spacer  appeal-spacer--69d718edcaca3\" aria-hidden=\"true\">\r\n    <style>\r\n        .appeal-spacer--69d718edcaca3 { height: 75px; }<!--\r\n        -->@media (max-width: 1919px) {\r\n            .appeal-spacer--69d718edcaca3 { height: 75px; }\r\n        }<!--\r\n        -->@media (max-width: 1023px) {\r\n            .appeal-spacer--69d718edcaca3 { height: 50px; }\r\n        }<!--\r\n        -->@media (max-width: 599px) {\r\n            .appeal-spacer--69d718edcaca3 { height: 50px; }\r\n        }\r\n    <\/style>\r\n<\/div>\r\n\n\n\n\n\n<section class=\"tiles-section tile-section--with-images has-background\">\n\t<div class=\"tiles__container\">\n\t\t\t\t\t<div class=\"tiles tiles--with-image\">\n\t\t\t\t\t\t\t\t\t\t\t\t\t\t<div class=\"tile-with-image\">\n\t\t\t\t\t\t<div class=\"tile__image\">\n\t\t\t\t\t\t\t<img decoding=\"async\" src=\"https:\/\/www.peterlang.com\/app\/uploads\/2021\/07\/dollar-gill-O-8uehnvlM8-unsplash.jpg\" alt=\"Man sitting on a step that is positioned in between two long bookshelves. He is reading a book.\">\n\t\t\t\t\t\t<\/div>\n\t\t\t\t\t\t<div class=\"tile tile--blue\">\n\t\t\t\t\t\t\t\t\t\t\t\t\t\t\t<a href=\"https:\/\/www.peterlang.com\/de\/serviceleistungen\/bibliotheken\/\" class=\"tile__title\">Bibliotheken<\/a>\n\t\t\t\t\t\t\t\t\t\t\t\t\t\t\t\t\t\t\t\t\t\t<ul>\n\t\t\t\t\t\t\t\t\t\t\t\t\t\t\t\t\t\t\t\t\t\t\t\t\t\t\t\t\t\t\t\t\t\t\t\t\t\t\t\t<li><a href=\"http:\/\/www.peterlang.com\/de\/serviceleistungen\/bibliotheken\/#F\u00fcr-Bibliotheken\">F\u00fcr Bibliotheken<\/a><\/li>\n\t\t\t\t\t\t\t\t\t\t\t\t\t\t\t\t\t\t\t\t\t\t\t\t\t\t\t\t\t\t\t\t\t\t\t\t\t\t\t\t\t\t\t\t\t\t\t\t\t\t<li><a href=\"http:\/\/www.peterlang.com\/de\/serviceleistungen\/bibliotheken\/#Hilfeleistungen\">Hilfeleistungen<\/a><\/li>\n\t\t\t\t\t\t\t\t\t\t\t\t\t\t\t\t\t\t\t\t\t\t\t\t\t\t\t\t\t\t\t\t\t\t\t\t\t\t\t\t\t\t\t\t\t\t\t\t\t\t<li><a href=\"http:\/\/www.peterlang.com\/de\/serviceleistungen\/bibliotheken\/#Bibliothekszulieferer\">Bibliothekszulieferer<\/a><\/li>\n\t\t\t\t\t\t\t\t\t\t\t\t\t\t\t\t\t\t\t\t\t\t\t\t\t\t\t<\/ul>\n\t\t\t\t\t\t\t\t\t\t\t\t\t<\/div>\n\t\t\t\t\t<\/div>\n\t\t\t\t\t\t\t\t\t\t\t\t\t\t<div class=\"tile-with-image\">\n\t\t\t\t\t\t<div class=\"tile__image\">\n\t\t\t\t\t\t\t<img decoding=\"async\" src=\"https:\/\/www.peterlang.com\/app\/uploads\/2021\/07\/kimberly-farmer-lUaaKCUANVI-unsplash-2-scaled.jpg\" alt=\"Pile of different coloured books.\">\n\t\t\t\t\t\t<\/div>\n\t\t\t\t\t\t<div class=\"tile tile--blue\">\n\t\t\t\t\t\t\t\t\t\t\t\t\t\t\t<a href=\"https:\/\/www.peterlang.com\/de\/serviceleistungen\/buchhaendler\/\" class=\"tile__title\">Buchh\u00e4ndler<\/a>\n\t\t\t\t\t\t\t\t\t\t\t\t\t\t\t\t\t\t\t\t\t\t<ul>\n\t\t\t\t\t\t\t\t\t\t\t\t\t\t\t\t\t\t\t\t\t\t\t\t\t\t\t\t\t\t\t\t\t\t\t\t\t\t\t\t<li><a href=\"http:\/\/www.peterlang.com\/de\/serviceleistungen\/buchhaendler\/#Buchhandler\">Buchh\u00e4ndler<\/a><\/li>\n\t\t\t\t\t\t\t\t\t\t\t\t\t\t\t\t\t\t\t\t\t\t\t\t\t\t\t\t\t\t\t\t\t\t\t\t\t\t\t\t\t\t\t\t\t\t\t\t\t\t<li><a href=\"http:\/\/www.peterlang.com\/de\/buchhaendler\/#accordion\/Reprasentanten\">Repr\u00e4sentanten<\/a><\/li>\n\t\t\t\t\t\t\t\t\t\t\t\t\t\t\t\t\t\t\t\t\t\t\t\t\t\t\t\t\t\t\t\t\t\t\t\t\t\t\t\t\t\t\t\t\t\t\t\t\t\t<li><a href=\"http:\/\/www.peterlang.com\/de\/buchhaendler\/#Distribution\">Distribution<\/a><\/li>\n\t\t\t\t\t\t\t\t\t\t\t\t\t\t\t\t\t\t\t\t\t\t\t\t\t\t\t\t\t\t\t\t\t\t\t\t\t\t\t\t\t\t\t\t\t\t\t\t\t\t<li><a href=\"http:\/\/www.peterlang.com\/de\/buchhaendler\/#accordion\/Gro\u00dfh\u00e4ndler\">Gro\u00dfh\u00e4ndler<\/a><\/li>\n\t\t\t\t\t\t\t\t\t\t\t\t\t\t\t\t\t\t\t\t\t\t\t\t\t\t\t<\/ul>\n\t\t\t\t\t\t\t\t\t\t\t\t\t<\/div>\n\t\t\t\t\t<\/div>\n\t\t\t\t\t\t\t\t\t\t\t\t\t\t<div class=\"tile-with-image\">\n\t\t\t\t\t\t<div class=\"tile__image\">\n\t\t\t\t\t\t\t<img decoding=\"async\" src=\"https:\/\/www.peterlang.com\/app\/uploads\/2021\/08\/fausto-sandoval-vlCbTrSntVU-unsplash-1-scaled.jpg\" alt=\"Woman writing in a notebook whilst sitting on a sofa. She has a kindle on her lap, and headphones plugged into her phone.\">\n\t\t\t\t\t\t<\/div>\n\t\t\t\t\t\t<div class=\"tile tile--blue\">\n\t\t\t\t\t\t\t\t\t\t\t\t\t\t\t<a href=\"https:\/\/www.peterlang.com\/de\/serviceleistungen\/ebooks\/\" class=\"tile__title\">ebooks<\/a>\n\t\t\t\t\t\t\t\t\t\t\t\t\t\t\t\t\t\t\t\t\t\t<ul>\n\t\t\t\t\t\t\t\t\t\t\t\t\t\t\t\t\t\t\t\t\t\t\t\t\t\t\t\t\t\t\t\t\t\t\t\t\t\t\t\t<li><a href=\"http:\/\/www.peterlang.com\/de\/ebooks\/#text-and-image\/eProducts\">eProducts<\/a><\/li>\n\t\t\t\t\t\t\t\t\t\t\t\t\t\t\t\t\t\t\t\t\t\t\t\t\t\t\t\t\t\t\t\t\t\t\t\t\t\t\t\t\t\t\t\t\t\t\t\t\t\t<li><a href=\"http:\/\/www.peterlang.com\/de\/ebooks\/#text-and-image\/eBook-Einzelhandel\">eBook Einzelhandel<\/a><\/li>\n\t\t\t\t\t\t\t\t\t\t\t\t\t\t\t\t\t\t\t\t\t\t\t\t\t\t\t\t\t\t\t\t\t\t\t\t\t\t\t\t\t\t\t\t\t\t\t\t\t\t<li><a href=\"http:\/\/www.peterlang.com\/de\/ebooks\/#eBooks-Preislisten\">eBooks Preislisten<\/a><\/li>\n\t\t\t\t\t\t\t\t\t\t\t\t\t\t\t\t\t\t\t\t\t\t\t\t\t\t\t\t\t\t\t\t\t\t\t\t\t\t\t\t\t\t\t\t\t\t\t\t\t\t<li><a href=\"\/de\/serviceleistungen\/ebooks\/#form\/Access-Token\">Access Token einl\u00f6sen<\/a><\/li>\n\t\t\t\t\t\t\t\t\t\t\t\t\t\t\t\t\t\t\t\t\t\t\t\t\t\t\t<\/ul>\n\t\t\t\t\t\t\t\t\t\t\t\t\t<\/div>\n\t\t\t\t\t<\/div>\n\t\t\t\t\t\t\t\t\t\t\t\t\t\t<div class=\"tile-with-image\">\n\t\t\t\t\t\t<div class=\"tile__image\">\n\t\t\t\t\t\t\t<img decoding=\"async\" src=\"https:\/\/www.peterlang.com\/app\/uploads\/2021\/08\/pauline-andan-7YaVepdV6Is-unsplash-1.jpg\" alt=\"Bookshelf with an indoor seating and study area behind in the distance.\">\n\t\t\t\t\t\t<\/div>\n\t\t\t\t\t\t<div class=\"tile tile--blue\">\n\t\t\t\t\t\t\t\t\t\t\t\t\t\t\t<a href=\"https:\/\/www.peterlang.com\/de\/serviceleistungen\/open-access-bei-peter-lang\/\" class=\"tile__title\">Open Access<\/a>\n\t\t\t\t\t\t\t\t\t\t\t\t\t\t\t\t\t\t\t\t\t\t<ul>\n\t\t\t\t\t\t\t\t\t\t\t\t\t\t\t\t\t\t\t\t\t\t\t\t\t\t\t\t\t\t\t\t\t\t\t\t\t\t\t\t<li><a href=\"http:\/\/www.peterlang.com\/de\/serviceleistungen\/open-access-bei-peter-lang\/#Einsatz-f\u00fcr-die-Open-Access-Transformation\">Einsatz f\u00fcr die Open Access Transformation<\/a><\/li>\n\t\t\t\t\t\t\t\t\t\t\t\t\t\t\t\t\t\t\t\t\t\t\t\t\t\t\t\t\t\t\t\t\t\t\t\t\t\t\t\t\t\t\t\t\t\t\t\t\t\t<li><a href=\"http:\/\/www.peterlang.com\/de\/serviceleistungen\/open-access-bei-peter-lang\/#Unsere-L\u00f6sungen-f\u00fcr-Wissenschaftler\">Unsere L\u00f6sungen f\u00fcr Wissenschaftler:innen<\/a><\/li>\n\t\t\t\t\t\t\t\t\t\t\t\t\t\t\t\t\t\t\t\t\t\t\t\t\t\t\t\t\t\t\t\t\t\t\t\t\t\t\t\t\t\t\t\t\t\t\t\t\t\t<li><a href=\"http:\/\/www.peterlang.com\/de\/open-access-bei-peter-lang\/#L\u00f6sungen-f\u00fcr-Bibliotheken-und-F\u00f6rdergeber\">L\u00f6sungen f\u00fcr Bibliotheken und F\u00f6rdergeber:innen<\/a><\/li>\n\t\t\t\t\t\t\t\t\t\t\t\t\t\t\t\t\t\t\t\t\t\t\t\t\t\t\t\t\t\t\t\t\t\t\t\t\t\t\t\t\t\t\t\t\t\t\t\t\t\t<li><a href=\"http:\/\/www.peterlang.com\/de\/open-access-bei-peter-lang\/#Gold-Open-Access-Modell\">Gold Open Access Modell<\/a><\/li>\n\t\t\t\t\t\t\t\t\t\t\t\t\t\t\t\t\t\t\t\t\t\t\t\t\t\t\t\t\t\t\t\t\t\t\t\t\t\t\t\t\t\t\t\t\t\t\t\t\t\t<li><a href=\"http:\/\/www.peterlang.com\/de\/open-access-bei-peter-lang\/#Open-Access-und-Copyright\">Open Access und Copyright<\/a><\/li>\n\t\t\t\t\t\t\t\t\t\t\t\t\t\t\t\t\t\t\t\t\t\t\t\t\t\t\t\t\t\t\t\t\t\t\t\t\t\t\t\t\t\t\t\t\t\t\t\t\t\t<li><a href=\"http:\/\/www.peterlang.com\/de\/open-access-bei-peter-lang\/#text-and-image\/Open-Access-Partner\">Open Access Partner:innen<\/a><\/li>\n\t\t\t\t\t\t\t\t\t\t\t\t\t\t\t\t\t\t\t\t\t\t\t\t\t\t\t\t\t\t\t\t\t\t\t\t\t\t\t\t\t\t\t\t\t\t\t\t\t\t<li><a href=\"http:\/\/www.peterlang.com\/de\/open-access-bei-peter-lang\/#F\u00f6rderm\u00f6glichkeiten\">F\u00f6rderm\u00f6glichkeiten<\/a><\/li>\n\t\t\t\t\t\t\t\t\t\t\t\t\t\t\t\t\t\t\t\t\t\t\t\t\t\t\t<\/ul>\n\t\t\t\t\t\t\t\t\t\t\t\t\t<\/div>\n\t\t\t\t\t<\/div>\n\t\t\t\t\t\t\t\t\t\t\t\t\t\t<div class=\"tile-with-image\">\n\t\t\t\t\t\t<div class=\"tile__image\">\n\t\t\t\t\t\t\t<img decoding=\"async\" src=\"https:\/\/www.peterlang.com\/app\/uploads\/2024\/07\/books-1204029_1280-768x416.jpg\" alt=\"Regal mit B\u00fcchern\">\n\t\t\t\t\t\t<\/div>\n\t\t\t\t\t\t<div class=\"tile tile--blue\">\n\t\t\t\t\t\t\t\t\t\t\t\t\t\t\t<a href=\"https:\/\/www.peterlang.com\/de\/serviceleistungen\/open-eba\/\" class=\"tile__title\">Open EBA<\/a>\n\t\t\t\t\t\t\t\t\t\t\t\t\t\t\t\t\t\t\t\t\t\t<ul>\n\t\t\t\t\t\t\t\t\t\t\t\t\t\t\t\t\t\t\t\t\t\t\t\t\t\t\t\t\t\t\t\t\t\t\t\t\t\t\t\t<li><a href=\"https:\/\/www.peterlang.com\/de\/serviceleistungen\/open-eba\/#Was-ist-Open-EBA?\">Was ist Open EBA?<\/a><\/li>\n\t\t\t\t\t\t\t\t\t\t\t\t\t\t\t\t\t\t\t\t\t\t\t\t\t\t\t\t\t\t\t\t\t\t\t\t\t\t\t\t\t\t\t\t\t\t\t\t\t\t<li><a href=\"https:\/\/www.peterlang.com\/de\/serviceleistungen\/open-eba\/#Ihre-Vorteile\">Ihre Vorteile<\/a><\/li>\n\t\t\t\t\t\t\t\t\t\t\t\t\t\t\t\t\t\t\t\t\t\t\t\t\t\t\t<\/ul>\n\t\t\t\t\t\t\t\t\t\t\t\t\t<\/div>\n\t\t\t\t\t<\/div>\n\t\t\t\t\t\t\t\t\t\t\t\t\t\t<div class=\"tile-with-image\">\n\t\t\t\t\t\t<div class=\"tile__image\">\n\t\t\t\t\t\t\t<img decoding=\"async\" src=\"https:\/\/www.peterlang.com\/app\/uploads\/2021\/08\/tim-mossholder-H6eaxcGNQbU-unsplash-1.jpg\" alt=\"Close up of a pile of newspapers, neatly held together with a piece of string.\">\n\t\t\t\t\t\t<\/div>\n\t\t\t\t\t\t<div class=\"tile tile--blue\">\n\t\t\t\t\t\t\t\t\t\t\t\t\t\t\t<a href=\"https:\/\/www.peterlang.com\/de\/serviceleistungen\/marketing-presse\/\" class=\"tile__title\">Marketing &#038; Presse<\/a>\n\t\t\t\t\t\t\t\t\t\t\t\t\t\t\t\t\t\t\t\t\t\t<ul>\n\t\t\t\t\t\t\t\t\t\t\t\t\t\t\t\t\t\t\t\t\t\t\t\t\t\t\t\t\t\t\t\t\t\t\t\t\t\t\t\t<li><a href=\"http:\/\/www.peterlang.com\/de\/serviceleistungen\/marketing-presse\/#text-and-image\/Pressebereich\">Pressebereich<\/a><\/li>\n\t\t\t\t\t\t\t\t\t\t\t\t\t\t\t\t\t\t\t\t\t\t\t\t\t\t\t\t\t\t\t\t\t\t\t\t\t\t\t\t\t\t\t\t\t\t\t\t\t\t<li><a href=\"http:\/\/www.peterlang.com\/de\/serviceleistungen\/marketing-presse\/#text-and-image\/Rezensionsexemplare\">Rezensionsexemplare<\/a><\/li>\n\t\t\t\t\t\t\t\t\t\t\t\t\t\t\t\t\t\t\t\t\t\t\t\t\t\t\t\t\t\t\t\t\t\t\t\t\t\t\t\t\t\t\t\t\t\t\t\t\t\t<li><a href=\"http:\/\/www.peterlang.com\/de\/serviceleistungen\/marketing-presse\/#text-and-image\/Rezensionsexemplar-bestellen\">Rezensionsexemplar bestellen<\/a><\/li>\n\t\t\t\t\t\t\t\t\t\t\t\t\t\t\t\t\t\t\t\t\t\t\t\t\t\t\t\t\t\t\t\t\t\t\t\t\t\t\t\t\t\t\t\t\t\t\t\t\t\t<li><a href=\"http:\/\/www.peterlang.com\/de\/serviceleistungen\/marketing-presse\/#Marketing-und-Verkaufsmaterial\">Marketing- und Verkaufsmaterial<\/a><\/li>\n\t\t\t\t\t\t\t\t\t\t\t\t\t\t\t\t\t\t\t\t\t\t\t\t\t\t\t<\/ul>\n\t\t\t\t\t\t\t\t\t\t\t\t\t<\/div>\n\t\t\t\t\t<\/div>\n\t\t\t\t\t\t\t\t\t\t\t\t\t\t<div class=\"tile-with-image\">\n\t\t\t\t\t\t<div class=\"tile__image\">\n\t\t\t\t\t\t\t<img decoding=\"async\" src=\"https:\/\/www.peterlang.com\/app\/uploads\/2021\/08\/dom-fou-YRMWVcdyhmI-unsplash-1.jpg\" alt=\"Lecture theatre of scholars sitting in tiered seating in front of a projection screen.\">\n\t\t\t\t\t\t<\/div>\n\t\t\t\t\t\t<div class=\"tile tile--blue\">\n\t\t\t\t\t\t\t\t\t\t\t\t\t\t\t<a href=\"https:\/\/www.peterlang.com\/de\/serviceleistungen\/probeexemplare\/\" class=\"tile__title\">Probeexemplare<\/a>\n\t\t\t\t\t\t\t\t\t\t\t\t\t\t\t\t\t\t\t\t\t\t<ul>\n\t\t\t\t\t\t\t\t\t\t\t\t\t\t\t\t\t\t\t\t\t\t\t\t\t\t\t\t\t\t\t\t\t\t\t\t\t\t\t\t<li><a href=\"http:\/\/www.peterlang.com\/de\/serviceleistungen\/probeexemplare\/#F\u00fcr-Dozenten\">Lecturers<\/a><\/li>\n\t\t\t\t\t\t\t\t\t\t\t\t\t\t\t\t\t\t\t\t\t\t\t\t\t\t\t\t\t\t\t\t\t\t\t\t\t\t\t\t\t\t\t\t\t\t\t\t\t\t<li><a href=\"http:\/\/www.peterlang.com\/de\/serviceleistungen\/probeexemplare\/#Arbeitsexemplare\">Desk Copies<\/a><\/li>\n\t\t\t\t\t\t\t\t\t\t\t\t\t\t\t\t\t\t\t\t\t\t\t\t\t\t\t<\/ul>\n\t\t\t\t\t\t\t\t\t\t\t\t\t<\/div>\n\t\t\t\t\t<\/div>\n\t\t\t\t\t\t\t<\/div>\n\t\t\t<\/div>\n<\/section>","protected":false},"excerpt":{"rendered":"<p>Serviceleistungen Die enge Zusammenarbeit mit unseren Partnern und deren Unterst\u00fctzung ist uns ein Hauptanliegen. Gedruckte und elektronische Titel sind f\u00fcr Bibliotheken und Buchh\u00e4ndler sowohl \u00fcber Bibliothekszulieferer als auch \u00fcber ein Konto direkt bei Peter Lang erh\u00e4ltlich. Hierbei bieten wir Bibliotheken eine Vielzahl von Gesch\u00e4ftsmodellen und Unterst\u00fctzung beim Zugriff auf unsere digitale Plattform. Wenden Sie sich [&hellip;]<\/p>\n","protected":false},"author":1,"featured_media":0,"parent":0,"menu_order":0,"comment_status":"closed","ping_status":"closed","template":"","meta":{"_acf_changed":false,"content-type":"","footnotes":""},"class_list":["post-4963","page","type-page","status-publish","hentry"],"acf":[],"yoast_head":"<!-- This site is optimized with the Yoast SEO Premium plugin v24.6 (Yoast SEO v24.9) - https:\/\/yoast.com\/wordpress\/plugins\/seo\/ -->\n<title>Serviceleistungen \u2013 Bibliotheken und Buchh\u00e4ndler unterst\u00fctzen<\/title>\n<meta name=\"description\" content=\"Entdecken Sie die umfassenden Serviceleistungen von Peter Lang, von Bibliothekszulieferungen bis zur Unterst\u00fctzung von Buchh\u00e4ndlern. Lernen Sie unsere Gesch\u00e4ftsmodelle f\u00fcr gedruckte und digitale Titel kennen.\" \/>\n<meta name=\"robots\" content=\"index, follow, max-snippet:-1, max-image-preview:large, max-video-preview:-1\" \/>\n<link rel=\"canonical\" href=\"https:\/\/www.peterlang.com\/de\/serviceleistungen\/\" \/>\n<meta property=\"og:locale\" content=\"de_DE\" \/>\n<meta property=\"og:type\" content=\"article\" \/>\n<meta property=\"og:title\" content=\"Serviceleistungen\" \/>\n<meta property=\"og:description\" content=\"Entdecken Sie die umfassenden Serviceleistungen von Peter Lang, von Bibliothekszulieferungen bis zur Unterst\u00fctzung von Buchh\u00e4ndlern. Lernen Sie unsere Gesch\u00e4ftsmodelle f\u00fcr gedruckte und digitale Titel kennen.\" \/>\n<meta property=\"og:url\" content=\"https:\/\/www.peterlang.com\/de\/serviceleistungen\/\" \/>\n<meta property=\"og:site_name\" content=\"Peter Lang\" \/>\n<meta property=\"article:modified_time\" content=\"2025-01-13T12:22:59+00:00\" \/>\n<meta name=\"twitter:card\" content=\"summary_large_image\" \/>\n<meta name=\"twitter:label1\" content=\"Est. reading time\" \/>\n\t<meta name=\"twitter:data1\" content=\"1 minute\" \/>\n<script type=\"application\/ld+json\" class=\"yoast-schema-graph\">{\"@context\":\"https:\/\/schema.org\",\"@graph\":[{\"@type\":\"WebPage\",\"@id\":\"https:\/\/www.peterlang.com\/de\/serviceleistungen\/\",\"url\":\"https:\/\/www.peterlang.com\/de\/serviceleistungen\/\",\"name\":\"Serviceleistungen \u2013 Bibliotheken und Buchh\u00e4ndler unterst\u00fctzen\",\"isPartOf\":{\"@id\":\"https:\/\/www.peterlang.com\/#website\"},\"datePublished\":\"2021-08-25T22:31:52+00:00\",\"dateModified\":\"2025-01-13T12:22:59+00:00\",\"description\":\"Entdecken Sie die umfassenden Serviceleistungen von Peter Lang, von Bibliothekszulieferungen bis zur Unterst\u00fctzung von Buchh\u00e4ndlern. Lernen Sie unsere Gesch\u00e4ftsmodelle f\u00fcr gedruckte und digitale Titel kennen.\",\"breadcrumb\":{\"@id\":\"https:\/\/www.peterlang.com\/de\/serviceleistungen\/#breadcrumb\"},\"inLanguage\":\"de-DE\",\"potentialAction\":[{\"@type\":\"ReadAction\",\"target\":[\"https:\/\/www.peterlang.com\/de\/serviceleistungen\/\"]}]},{\"@type\":\"BreadcrumbList\",\"@id\":\"https:\/\/www.peterlang.com\/de\/serviceleistungen\/#breadcrumb\",\"itemListElement\":[{\"@type\":\"ListItem\",\"position\":1,\"name\":\"Home\",\"item\":\"https:\/\/www.peterlang.com\/de\/\"},{\"@type\":\"ListItem\",\"position\":2,\"name\":\"Serviceleistungen\"}]},{\"@type\":\"WebSite\",\"@id\":\"https:\/\/www.peterlang.com\/#website\",\"url\":\"https:\/\/www.peterlang.com\/\",\"name\":\"Peter Lang\",\"description\":\"Peter Lang specializes in the Humanities and Social Sciences, covering the complete publication spectrum from monographs to student textbooks.\",\"potentialAction\":[{\"@type\":\"SearchAction\",\"target\":{\"@type\":\"EntryPoint\",\"urlTemplate\":\"https:\/\/www.peterlang.com\/?s={search_term_string}\"},\"query-input\":{\"@type\":\"PropertyValueSpecification\",\"valueRequired\":true,\"valueName\":\"search_term_string\"}}],\"inLanguage\":\"de-DE\"}]}<\/script>\n<!-- \/ Yoast SEO Premium plugin. -->","yoast_head_json":{"title":"Serviceleistungen \u2013 Bibliotheken und Buchh\u00e4ndler unterst\u00fctzen","description":"Entdecken Sie die umfassenden Serviceleistungen von Peter Lang, von Bibliothekszulieferungen bis zur Unterst\u00fctzung von Buchh\u00e4ndlern. Lernen Sie unsere Gesch\u00e4ftsmodelle f\u00fcr gedruckte und digitale Titel kennen.","robots":{"index":"index","follow":"follow","max-snippet":"max-snippet:-1","max-image-preview":"max-image-preview:large","max-video-preview":"max-video-preview:-1"},"canonical":"https:\/\/www.peterlang.com\/de\/serviceleistungen\/","og_locale":"de_DE","og_type":"article","og_title":"Serviceleistungen","og_description":"Entdecken Sie die umfassenden Serviceleistungen von Peter Lang, von Bibliothekszulieferungen bis zur Unterst\u00fctzung von Buchh\u00e4ndlern. Lernen Sie unsere Gesch\u00e4ftsmodelle f\u00fcr gedruckte und digitale Titel kennen.","og_url":"https:\/\/www.peterlang.com\/de\/serviceleistungen\/","og_site_name":"Peter Lang","article_modified_time":"2025-01-13T12:22:59+00:00","twitter_card":"summary_large_image","twitter_misc":{"Est. reading time":"1 minute"},"schema":{"@context":"https:\/\/schema.org","@graph":[{"@type":"WebPage","@id":"https:\/\/www.peterlang.com\/de\/serviceleistungen\/","url":"https:\/\/www.peterlang.com\/de\/serviceleistungen\/","name":"Serviceleistungen \u2013 Bibliotheken und Buchh\u00e4ndler unterst\u00fctzen","isPartOf":{"@id":"https:\/\/www.peterlang.com\/#website"},"datePublished":"2021-08-25T22:31:52+00:00","dateModified":"2025-01-13T12:22:59+00:00","description":"Entdecken Sie die umfassenden Serviceleistungen von Peter Lang, von Bibliothekszulieferungen bis zur Unterst\u00fctzung von Buchh\u00e4ndlern. Lernen Sie unsere Gesch\u00e4ftsmodelle f\u00fcr gedruckte und digitale Titel kennen.","breadcrumb":{"@id":"https:\/\/www.peterlang.com\/de\/serviceleistungen\/#breadcrumb"},"inLanguage":"de-DE","potentialAction":[{"@type":"ReadAction","target":["https:\/\/www.peterlang.com\/de\/serviceleistungen\/"]}]},{"@type":"BreadcrumbList","@id":"https:\/\/www.peterlang.com\/de\/serviceleistungen\/#breadcrumb","itemListElement":[{"@type":"ListItem","position":1,"name":"Home","item":"https:\/\/www.peterlang.com\/de\/"},{"@type":"ListItem","position":2,"name":"Serviceleistungen"}]},{"@type":"WebSite","@id":"https:\/\/www.peterlang.com\/#website","url":"https:\/\/www.peterlang.com\/","name":"Peter Lang","description":"Peter Lang specializes in the Humanities and Social Sciences, covering the complete publication spectrum from monographs to student textbooks.","potentialAction":[{"@type":"SearchAction","target":{"@type":"EntryPoint","urlTemplate":"https:\/\/www.peterlang.com\/?s={search_term_string}"},"query-input":{"@type":"PropertyValueSpecification","valueRequired":true,"valueName":"search_term_string"}}],"inLanguage":"de-DE"}]}},"_links":{"self":[{"href":"https:\/\/www.peterlang.com\/de\/wp-json\/wp\/v2\/pages\/4963","targetHints":{"allow":["GET"]}}],"collection":[{"href":"https:\/\/www.peterlang.com\/de\/wp-json\/wp\/v2\/pages"}],"about":[{"href":"https:\/\/www.peterlang.com\/de\/wp-json\/wp\/v2\/types\/page"}],"author":[{"embeddable":true,"href":"https:\/\/www.peterlang.com\/de\/wp-json\/wp\/v2\/users\/1"}],"replies":[{"embeddable":true,"href":"https:\/\/www.peterlang.com\/de\/wp-json\/wp\/v2\/comments?post=4963"}],"version-history":[{"count":38,"href":"https:\/\/www.peterlang.com\/de\/wp-json\/wp\/v2\/pages\/4963\/revisions"}],"predecessor-version":[{"id":43282,"href":"https:\/\/www.peterlang.com\/de\/wp-json\/wp\/v2\/pages\/4963\/revisions\/43282"}],"wp:attachment":[{"href":"https:\/\/www.peterlang.com\/de\/wp-json\/wp\/v2\/media?parent=4963"}],"curies":[{"name":"wp","href":"https:\/\/api.w.org\/{rel}","templated":true}]}}