{"id":5404,"date":"2021-07-09T09:48:01","date_gmt":"2021-07-09T08:48:01","guid":{"rendered":"https:\/\/www.peterlang.com\/?page_id=5404"},"modified":"2023-12-22T12:24:43","modified_gmt":"2023-12-22T12:24:43","slug":"impressum","status":"publish","type":"page","link":"https:\/\/www.peterlang.com\/de\/impressum\/","title":{"rendered":"Impressum"},"content":{"rendered":"\n\n\n<h2 class=\"wp-block-heading\"><strong>EN<\/strong><\/h2>\n\n\n\n<p>Company Name: Peter Lang Group AG<br>Address: Avenue du Th\u00e9\u00e2tre 7, 1005 Lausanne<br>Country: Switzerland<br>Telephone Number: +41 43 216 13 63<br>Chairman of the Board of Directors: Claude B\u00e9gl\u00e9<br>Responsible for the Content: Arnaud B\u00e9gl\u00e9<br>Country Registration Number: CHE-112.675.033<br>VAT Number: CHE-112.675.033 MWST<\/p>\n\n\n\r\n\r\n<div class=\"appeal-spacer  appeal-spacer--69d034e929574\" aria-hidden=\"true\">\r\n    <style>\r\n        .appeal-spacer--69d034e929574 { height: 50px; }<!--\r\n        -->@media (max-width: 1919px) {\r\n            .appeal-spacer--69d034e929574 { height: 50px; }\r\n        }<!--\r\n        -->@media (max-width: 1023px) {\r\n            .appeal-spacer--69d034e929574 { height: 25px; }\r\n        }<!--\r\n        -->@media (max-width: 599px) {\r\n            .appeal-spacer--69d034e929574 { height: 25px; }\r\n        }\r\n    <\/style>\r\n<\/div>\r\n\n\n\n<h2 class=\"wp-block-heading\">DE<\/h2>\n\n\n\n<p>Firma: Peter Lang Group AG<br>Anschrift: Avenue du Th\u00e9\u00e2tre 7, 1005 Lausanne<br>Land: Switzerland<br>Telefon: +41 43 216 13 63<br>Vorsitzender des Verwaltungsrats: Claude B\u00e9gl\u00e9<br>F\u00fcr den Inhalt verantwortlich: Arnaud B\u00e9gl\u00e9<br>Firmenregistrierung\/Handelsregister: CHE-112.675.033<br>Umsatzteuerkennung: CHE-112.675.033 MWST<\/p>\n\n\n\r\n\r\n<div class=\"appeal-spacer  appeal-spacer--69d034e92989d\" aria-hidden=\"true\">\r\n    <style>\r\n        .appeal-spacer--69d034e92989d { height: 50px; }<!--\r\n        -->@media (max-width: 1919px) {\r\n            .appeal-spacer--69d034e92989d { height: 50px; }\r\n        }<!--\r\n        -->@media (max-width: 1023px) {\r\n            .appeal-spacer--69d034e92989d { height: 25px; }\r\n        }<!--\r\n        -->@media (max-width: 599px) {\r\n            .appeal-spacer--69d034e92989d { height: 25px; }\r\n        }\r\n    <\/style>\r\n<\/div>\r\n\n\n\n<h2 class=\"wp-block-heading\"><strong>FR<\/strong><\/h2>\n\n\n\n<p>Nom de la soci\u00e9t\u00e9: Peter Lang Group AG<br>Adresse: Avenue du Th\u00e9\u00e2tre 7, 1005 Lausanne<br>Pays: Switzerland<br>Num\u00e9ro de t\u00e9l\u00e9phone: +41 43 216 13 63<br>Pr\u00e9sident du Conseil d\u2019administration: Claude B\u00e9gl\u00e9<br>Responsable du contenu: Arnaud B\u00e9gl\u00e9<br>Num\u00e9ro d\u2019entreprise: CHE-112.675.033<br>Num\u00e9ro de TVA: CHE-112.675.033 MWST<\/p>\n\n\n\r\n\r\n<div class=\"appeal-spacer  appeal-spacer--69d034e929bbb\" aria-hidden=\"true\">\r\n    <style>\r\n        .appeal-spacer--69d034e929bbb { height: 50px; }<!--\r\n        -->@media (max-width: 1919px) {\r\n            .appeal-spacer--69d034e929bbb { height: 50px; }\r\n        }<!--\r\n        -->@media (max-width: 1023px) {\r\n            .appeal-spacer--69d034e929bbb { height: 25px; }\r\n        }<!--\r\n        -->@media (max-width: 599px) {\r\n            .appeal-spacer--69d034e929bbb { height: 25px; }\r\n        }\r\n    <\/style>\r\n<\/div>\r\n","protected":false},"excerpt":{"rendered":"<p>EN Company Name: Peter Lang Group AGAddress: Avenue du Th\u00e9\u00e2tre 7, 1005 LausanneCountry: SwitzerlandTelephone Number: +41 43 216 13 63Chairman of the Board of Directors: Claude B\u00e9gl\u00e9Responsible for the Content: Arnaud B\u00e9gl\u00e9Country Registration Number: CHE-112.675.033VAT Number: CHE-112.675.033 MWST DE Firma: Peter Lang Group AGAnschrift: Avenue du Th\u00e9\u00e2tre 7, 1005 LausanneLand: SwitzerlandTelefon: +41 43 216 13 [&hellip;]<\/p>\n","protected":false},"author":1,"featured_media":0,"parent":0,"menu_order":0,"comment_status":"closed","ping_status":"closed","template":"","meta":{"_acf_changed":false,"content-type":"","footnotes":""},"class_list":["post-5404","page","type-page","status-publish","hentry"],"acf":[],"yoast_head":"<!-- This site is optimized with the Yoast SEO Premium plugin v24.6 (Yoast SEO v24.9) - https:\/\/yoast.com\/wordpress\/plugins\/seo\/ -->\n<title>Impressum - Peter Lang<\/title>\n<meta name=\"robots\" content=\"index, follow, max-snippet:-1, max-image-preview:large, max-video-preview:-1\" \/>\n<link rel=\"canonical\" href=\"https:\/\/www.peterlang.com\/de\/impressum\/\" \/>\n<meta property=\"og:locale\" content=\"de_DE\" \/>\n<meta property=\"og:type\" content=\"article\" \/>\n<meta property=\"og:title\" content=\"Impressum\" \/>\n<meta property=\"og:description\" content=\"EN Company Name: Peter Lang Group AGAddress: Avenue du Th\u00e9\u00e2tre 7, 1005 LausanneCountry: SwitzerlandTelephone Number: +41 43 216 13 63Chairman of the Board of Directors: Claude B\u00e9gl\u00e9Responsible for the Content: Arnaud B\u00e9gl\u00e9Country Registration Number: CHE-112.675.033VAT Number: CHE-112.675.033 MWST DE Firma: Peter Lang Group AGAnschrift: Avenue du Th\u00e9\u00e2tre 7, 1005 LausanneLand: SwitzerlandTelefon: +41 43 216 13 [&hellip;]\" \/>\n<meta property=\"og:url\" content=\"https:\/\/www.peterlang.com\/de\/impressum\/\" \/>\n<meta property=\"og:site_name\" content=\"Peter Lang\" \/>\n<meta property=\"article:modified_time\" content=\"2023-12-22T12:24:43+00:00\" \/>\n<meta name=\"twitter:card\" content=\"summary_large_image\" \/>\n<meta name=\"twitter:label1\" content=\"Est. reading time\" \/>\n\t<meta name=\"twitter:data1\" content=\"1 minute\" \/>\n<script type=\"application\/ld+json\" class=\"yoast-schema-graph\">{\"@context\":\"https:\/\/schema.org\",\"@graph\":[{\"@type\":\"WebPage\",\"@id\":\"https:\/\/www.peterlang.com\/de\/impressum\/\",\"url\":\"https:\/\/www.peterlang.com\/de\/impressum\/\",\"name\":\"Impressum - Peter Lang\",\"isPartOf\":{\"@id\":\"https:\/\/www.peterlang.com\/#website\"},\"datePublished\":\"2021-07-09T08:48:01+00:00\",\"dateModified\":\"2023-12-22T12:24:43+00:00\",\"breadcrumb\":{\"@id\":\"https:\/\/www.peterlang.com\/de\/impressum\/#breadcrumb\"},\"inLanguage\":\"de-DE\",\"potentialAction\":[{\"@type\":\"ReadAction\",\"target\":[\"https:\/\/www.peterlang.com\/de\/impressum\/\"]}]},{\"@type\":\"BreadcrumbList\",\"@id\":\"https:\/\/www.peterlang.com\/de\/impressum\/#breadcrumb\",\"itemListElement\":[{\"@type\":\"ListItem\",\"position\":1,\"name\":\"Home\",\"item\":\"https:\/\/www.peterlang.com\/de\/\"},{\"@type\":\"ListItem\",\"position\":2,\"name\":\"Impressum\"}]},{\"@type\":\"WebSite\",\"@id\":\"https:\/\/www.peterlang.com\/#website\",\"url\":\"https:\/\/www.peterlang.com\/\",\"name\":\"Peter Lang\",\"description\":\"Peter Lang specializes in the Humanities and Social Sciences, covering the complete publication spectrum from monographs to student textbooks.\",\"potentialAction\":[{\"@type\":\"SearchAction\",\"target\":{\"@type\":\"EntryPoint\",\"urlTemplate\":\"https:\/\/www.peterlang.com\/?s={search_term_string}\"},\"query-input\":{\"@type\":\"PropertyValueSpecification\",\"valueRequired\":true,\"valueName\":\"search_term_string\"}}],\"inLanguage\":\"de-DE\"}]}<\/script>\n<!-- \/ Yoast SEO Premium plugin. -->","yoast_head_json":{"title":"Impressum - Peter Lang","robots":{"index":"index","follow":"follow","max-snippet":"max-snippet:-1","max-image-preview":"max-image-preview:large","max-video-preview":"max-video-preview:-1"},"canonical":"https:\/\/www.peterlang.com\/de\/impressum\/","og_locale":"de_DE","og_type":"article","og_title":"Impressum","og_description":"EN Company Name: Peter Lang Group AGAddress: Avenue du Th\u00e9\u00e2tre 7, 1005 LausanneCountry: SwitzerlandTelephone Number: +41 43 216 13 63Chairman of the Board of Directors: Claude B\u00e9gl\u00e9Responsible for the Content: Arnaud B\u00e9gl\u00e9Country Registration Number: CHE-112.675.033VAT Number: CHE-112.675.033 MWST DE Firma: Peter Lang Group AGAnschrift: Avenue du Th\u00e9\u00e2tre 7, 1005 LausanneLand: SwitzerlandTelefon: +41 43 216 13 [&hellip;]","og_url":"https:\/\/www.peterlang.com\/de\/impressum\/","og_site_name":"Peter Lang","article_modified_time":"2023-12-22T12:24:43+00:00","twitter_card":"summary_large_image","twitter_misc":{"Est. reading time":"1 minute"},"schema":{"@context":"https:\/\/schema.org","@graph":[{"@type":"WebPage","@id":"https:\/\/www.peterlang.com\/de\/impressum\/","url":"https:\/\/www.peterlang.com\/de\/impressum\/","name":"Impressum - Peter Lang","isPartOf":{"@id":"https:\/\/www.peterlang.com\/#website"},"datePublished":"2021-07-09T08:48:01+00:00","dateModified":"2023-12-22T12:24:43+00:00","breadcrumb":{"@id":"https:\/\/www.peterlang.com\/de\/impressum\/#breadcrumb"},"inLanguage":"de-DE","potentialAction":[{"@type":"ReadAction","target":["https:\/\/www.peterlang.com\/de\/impressum\/"]}]},{"@type":"BreadcrumbList","@id":"https:\/\/www.peterlang.com\/de\/impressum\/#breadcrumb","itemListElement":[{"@type":"ListItem","position":1,"name":"Home","item":"https:\/\/www.peterlang.com\/de\/"},{"@type":"ListItem","position":2,"name":"Impressum"}]},{"@type":"WebSite","@id":"https:\/\/www.peterlang.com\/#website","url":"https:\/\/www.peterlang.com\/","name":"Peter Lang","description":"Peter Lang specializes in the Humanities and Social Sciences, covering the complete publication spectrum from monographs to student textbooks.","potentialAction":[{"@type":"SearchAction","target":{"@type":"EntryPoint","urlTemplate":"https:\/\/www.peterlang.com\/?s={search_term_string}"},"query-input":{"@type":"PropertyValueSpecification","valueRequired":true,"valueName":"search_term_string"}}],"inLanguage":"de-DE"}]}},"_links":{"self":[{"href":"https:\/\/www.peterlang.com\/de\/wp-json\/wp\/v2\/pages\/5404","targetHints":{"allow":["GET"]}}],"collection":[{"href":"https:\/\/www.peterlang.com\/de\/wp-json\/wp\/v2\/pages"}],"about":[{"href":"https:\/\/www.peterlang.com\/de\/wp-json\/wp\/v2\/types\/page"}],"author":[{"embeddable":true,"href":"https:\/\/www.peterlang.com\/de\/wp-json\/wp\/v2\/users\/1"}],"replies":[{"embeddable":true,"href":"https:\/\/www.peterlang.com\/de\/wp-json\/wp\/v2\/comments?post=5404"}],"version-history":[{"count":8,"href":"https:\/\/www.peterlang.com\/de\/wp-json\/wp\/v2\/pages\/5404\/revisions"}],"predecessor-version":[{"id":19295,"href":"https:\/\/www.peterlang.com\/de\/wp-json\/wp\/v2\/pages\/5404\/revisions\/19295"}],"wp:attachment":[{"href":"https:\/\/www.peterlang.com\/de\/wp-json\/wp\/v2\/media?parent=5404"}],"curies":[{"name":"wp","href":"https:\/\/api.w.org\/{rel}","templated":true}]}}