{"id":7226,"date":"2021-10-25T20:09:03","date_gmt":"2021-10-25T19:09:03","guid":{"rendered":"https:\/\/www.peterlang.com\/?page_id=7226"},"modified":"2021-10-25T20:09:03","modified_gmt":"2021-10-25T19:09:03","slug":"benoetigen-sie-eine-genehmigung-weil-sie-auszuege-aus-einem-unserer-werke-verwenden-moechten","status":"publish","type":"page","link":"https:\/\/www.peterlang.com\/de\/benoetigen-sie-eine-genehmigung-weil-sie-auszuege-aus-einem-unserer-werke-verwenden-moechten\/","title":{"rendered":"Ben\u00f6tigen Sie eine Genehmigung, weil Sie Ausz\u00fcge aus einem unserer Werke verwenden m\u00f6chten?"},"content":{"rendered":"\n\n\n<script charset=\"utf-8\" type=\"text\/javascript\" src=\"\/\/js.hsforms.net\/forms\/shell.js\"><\/script>\n<script>\n  hbspt.forms.create({\n        region: \"na1\",\n        portalId: \"5381528\",\n        formId: \"a779cba6-da83-43e6-814d-507e5bc65f64\"\n});\n<\/script>\n\n\n\r\n\r\n<div class=\"appeal-spacer  appeal-spacer--69d0b036bf51f\" aria-hidden=\"true\">\r\n    <style>\r\n        .appeal-spacer--69d0b036bf51f { height: 50px; }<!--\r\n        -->@media (max-width: 1919px) {\r\n            .appeal-spacer--69d0b036bf51f { height: 50px; }\r\n        }<!--\r\n        -->@media (max-width: 1023px) {\r\n            .appeal-spacer--69d0b036bf51f { height: 25px; }\r\n        }<!--\r\n        -->@media (max-width: 599px) {\r\n            .appeal-spacer--69d0b036bf51f { height: 25px; }\r\n        }\r\n    <\/style>\r\n<\/div>\r\n","protected":false},"excerpt":{"rendered":"","protected":false},"author":1,"featured_media":0,"parent":0,"menu_order":0,"comment_status":"closed","ping_status":"closed","template":"","meta":{"_acf_changed":false,"content-type":"","footnotes":""},"class_list":["post-7226","page","type-page","status-publish","hentry"],"acf":[],"yoast_head":"<!-- This site is optimized with the Yoast SEO Premium plugin v24.6 (Yoast SEO v24.9) - https:\/\/yoast.com\/wordpress\/plugins\/seo\/ -->\n<title>Ben\u00f6tigen Sie eine Genehmigung, weil Sie Ausz\u00fcge aus einem unserer Werke verwenden m\u00f6chten? - Peter Lang<\/title>\n<meta name=\"robots\" content=\"index, follow, max-snippet:-1, max-image-preview:large, max-video-preview:-1\" \/>\n<link rel=\"canonical\" href=\"https:\/\/www.peterlang.com\/submit-a-permissions-request-form\/\" \/>\n<meta property=\"og:locale\" content=\"de_DE\" \/>\n<meta property=\"og:type\" content=\"article\" \/>\n<meta property=\"og:title\" content=\"Ben\u00f6tigen Sie eine Genehmigung, weil Sie Ausz\u00fcge aus einem unserer Werke verwenden m\u00f6chten?\" \/>\n<meta property=\"og:url\" content=\"https:\/\/www.peterlang.com\/submit-a-permissions-request-form\/\" \/>\n<meta property=\"og:site_name\" content=\"Peter Lang\" \/>\n<meta name=\"twitter:card\" content=\"summary_large_image\" \/>\n<script type=\"application\/ld+json\" class=\"yoast-schema-graph\">{\"@context\":\"https:\/\/schema.org\",\"@graph\":[{\"@type\":\"WebPage\",\"@id\":\"https:\/\/www.peterlang.com\/submit-a-permissions-request-form\/\",\"url\":\"https:\/\/www.peterlang.com\/submit-a-permissions-request-form\/\",\"name\":\"Ben\u00f6tigen Sie eine Genehmigung, weil Sie Ausz\u00fcge aus einem unserer Werke verwenden m\u00f6chten? - Peter Lang\",\"isPartOf\":{\"@id\":\"https:\/\/www.peterlang.com\/#website\"},\"datePublished\":\"2021-10-25T19:09:03+00:00\",\"breadcrumb\":{\"@id\":\"https:\/\/www.peterlang.com\/submit-a-permissions-request-form\/#breadcrumb\"},\"inLanguage\":\"de-DE\",\"potentialAction\":[{\"@type\":\"ReadAction\",\"target\":[\"https:\/\/www.peterlang.com\/submit-a-permissions-request-form\/\"]}]},{\"@type\":\"BreadcrumbList\",\"@id\":\"https:\/\/www.peterlang.com\/submit-a-permissions-request-form\/#breadcrumb\",\"itemListElement\":[{\"@type\":\"ListItem\",\"position\":1,\"name\":\"Home\",\"item\":\"https:\/\/www.peterlang.com\/de\/\"},{\"@type\":\"ListItem\",\"position\":2,\"name\":\"Ben\u00f6tigen Sie eine Genehmigung, weil Sie Ausz\u00fcge aus einem unserer Werke verwenden m\u00f6chten?\"}]},{\"@type\":\"WebSite\",\"@id\":\"https:\/\/www.peterlang.com\/#website\",\"url\":\"https:\/\/www.peterlang.com\/\",\"name\":\"Peter Lang\",\"description\":\"Peter Lang specializes in the Humanities and Social Sciences, covering the complete publication spectrum from monographs to student textbooks.\",\"potentialAction\":[{\"@type\":\"SearchAction\",\"target\":{\"@type\":\"EntryPoint\",\"urlTemplate\":\"https:\/\/www.peterlang.com\/?s={search_term_string}\"},\"query-input\":{\"@type\":\"PropertyValueSpecification\",\"valueRequired\":true,\"valueName\":\"search_term_string\"}}],\"inLanguage\":\"de-DE\"}]}<\/script>\n<!-- \/ Yoast SEO Premium plugin. -->","yoast_head_json":{"title":"Ben\u00f6tigen Sie eine Genehmigung, weil Sie Ausz\u00fcge aus einem unserer Werke verwenden m\u00f6chten? - Peter Lang","robots":{"index":"index","follow":"follow","max-snippet":"max-snippet:-1","max-image-preview":"max-image-preview:large","max-video-preview":"max-video-preview:-1"},"canonical":"https:\/\/www.peterlang.com\/submit-a-permissions-request-form\/","og_locale":"de_DE","og_type":"article","og_title":"Ben\u00f6tigen Sie eine Genehmigung, weil Sie Ausz\u00fcge aus einem unserer Werke verwenden m\u00f6chten?","og_url":"https:\/\/www.peterlang.com\/submit-a-permissions-request-form\/","og_site_name":"Peter Lang","twitter_card":"summary_large_image","schema":{"@context":"https:\/\/schema.org","@graph":[{"@type":"WebPage","@id":"https:\/\/www.peterlang.com\/submit-a-permissions-request-form\/","url":"https:\/\/www.peterlang.com\/submit-a-permissions-request-form\/","name":"Ben\u00f6tigen Sie eine Genehmigung, weil Sie Ausz\u00fcge aus einem unserer Werke verwenden m\u00f6chten? - Peter Lang","isPartOf":{"@id":"https:\/\/www.peterlang.com\/#website"},"datePublished":"2021-10-25T19:09:03+00:00","breadcrumb":{"@id":"https:\/\/www.peterlang.com\/submit-a-permissions-request-form\/#breadcrumb"},"inLanguage":"de-DE","potentialAction":[{"@type":"ReadAction","target":["https:\/\/www.peterlang.com\/submit-a-permissions-request-form\/"]}]},{"@type":"BreadcrumbList","@id":"https:\/\/www.peterlang.com\/submit-a-permissions-request-form\/#breadcrumb","itemListElement":[{"@type":"ListItem","position":1,"name":"Home","item":"https:\/\/www.peterlang.com\/de\/"},{"@type":"ListItem","position":2,"name":"Ben\u00f6tigen Sie eine Genehmigung, weil Sie Ausz\u00fcge aus einem unserer Werke verwenden m\u00f6chten?"}]},{"@type":"WebSite","@id":"https:\/\/www.peterlang.com\/#website","url":"https:\/\/www.peterlang.com\/","name":"Peter Lang","description":"Peter Lang specializes in the Humanities and Social Sciences, covering the complete publication spectrum from monographs to student textbooks.","potentialAction":[{"@type":"SearchAction","target":{"@type":"EntryPoint","urlTemplate":"https:\/\/www.peterlang.com\/?s={search_term_string}"},"query-input":{"@type":"PropertyValueSpecification","valueRequired":true,"valueName":"search_term_string"}}],"inLanguage":"de-DE"}]}},"_links":{"self":[{"href":"https:\/\/www.peterlang.com\/de\/wp-json\/wp\/v2\/pages\/7226","targetHints":{"allow":["GET"]}}],"collection":[{"href":"https:\/\/www.peterlang.com\/de\/wp-json\/wp\/v2\/pages"}],"about":[{"href":"https:\/\/www.peterlang.com\/de\/wp-json\/wp\/v2\/types\/page"}],"author":[{"embeddable":true,"href":"https:\/\/www.peterlang.com\/de\/wp-json\/wp\/v2\/users\/1"}],"replies":[{"embeddable":true,"href":"https:\/\/www.peterlang.com\/de\/wp-json\/wp\/v2\/comments?post=7226"}],"version-history":[{"count":2,"href":"https:\/\/www.peterlang.com\/de\/wp-json\/wp\/v2\/pages\/7226\/revisions"}],"predecessor-version":[{"id":7229,"href":"https:\/\/www.peterlang.com\/de\/wp-json\/wp\/v2\/pages\/7226\/revisions\/7229"}],"wp:attachment":[{"href":"https:\/\/www.peterlang.com\/de\/wp-json\/wp\/v2\/media?parent=7226"}],"curies":[{"name":"wp","href":"https:\/\/api.w.org\/{rel}","templated":true}]}}