{"id":28539,"date":"2024-06-07T15:02:26","date_gmt":"2024-06-07T14:02:26","guid":{"rendered":"https:\/\/www.peterlang.com\/?page_id=28539"},"modified":"2025-10-13T15:29:18","modified_gmt":"2025-10-13T14:29:18","slug":"diversite-equite-et-inclusion-chez-peter-lang-group","status":"publish","type":"page","link":"https:\/\/www.peterlang.com\/fr\/diversite-equite-et-inclusion-chez-peter-lang-group\/","title":{"rendered":"Diversit\u00e9, \u00e9quit\u00e9 et inclusion"},"content":{"rendered":"\n\n\r\n<section class=\"secondary-nav remove-spacing\" data-block=\"appeal\/secondary-nav\">\r\n  <div class=\"secondary-nav__container\">\r\n    <div class=\"secondary-nav__arrow secondary-nav__arrow--left\">\r\n      <svg version=\"1.1\" id=\"Capa_1\" xmlns=\"http:\/\/www.w3.org\/2000\/svg\" xmlns:xlink=\"http:\/\/www.w3.org\/1999\/xlink\" x=\"0px\" y=\"0px\"\r\n\t width=\"792.033px\" height=\"792.033px\" viewBox=\"0 0 792.033 792.033\" style=\"enable-background:new 0 0 792.033 792.033;\"\r\n\t xml:space=\"preserve\">\r\n<g>\r\n\t<g id=\"_x38_\">\r\n\t\t<g>\r\n\t\t\t<path d=\"M617.858,370.896L221.513,9.705c-13.006-12.94-34.099-12.94-47.105,0c-13.006,12.939-13.006,33.934,0,46.874\r\n\t\t\t\tl372.447,339.438L174.441,735.454c-13.006,12.94-13.006,33.935,0,46.874s34.099,12.939,47.104,0l396.346-361.191\r\n\t\t\t\tc6.932-6.898,9.904-16.043,9.441-25.087C627.763,386.972,624.792,377.828,617.858,370.896z\"\/>\r\n\t\t<\/g>\r\n\t<\/g>\r\n<\/g>\r\n<g>\r\n<\/g>\r\n<g>\r\n<\/g>\r\n<g>\r\n<\/g>\r\n<g>\r\n<\/g>\r\n<g>\r\n<\/g>\r\n<g>\r\n<\/g>\r\n<g>\r\n<\/g>\r\n<g>\r\n<\/g>\r\n<g>\r\n<\/g>\r\n<g>\r\n<\/g>\r\n<g>\r\n<\/g>\r\n<g>\r\n<\/g>\r\n<g>\r\n<\/g>\r\n<g>\r\n<\/g>\r\n<g>\r\n<\/g>\r\n<\/svg>\r\n    <\/div>\r\n    <nav class=\"secondary-nav__nav\">\r\n              <ul class=\"secondary-nav__links draggable\">\r\n                                        <\/ul>\r\n          <\/nav>\r\n    <div class=\"secondary-nav__arrow secondary-nav__arrow--right\">\r\n      <svg version=\"1.1\" id=\"Capa_1\" xmlns=\"http:\/\/www.w3.org\/2000\/svg\" xmlns:xlink=\"http:\/\/www.w3.org\/1999\/xlink\" x=\"0px\" y=\"0px\"\r\n\t width=\"792.033px\" height=\"792.033px\" viewBox=\"0 0 792.033 792.033\" style=\"enable-background:new 0 0 792.033 792.033;\"\r\n\t xml:space=\"preserve\">\r\n<g>\r\n\t<g id=\"_x38_\">\r\n\t\t<g>\r\n\t\t\t<path d=\"M617.858,370.896L221.513,9.705c-13.006-12.94-34.099-12.94-47.105,0c-13.006,12.939-13.006,33.934,0,46.874\r\n\t\t\t\tl372.447,339.438L174.441,735.454c-13.006,12.94-13.006,33.935,0,46.874s34.099,12.939,47.104,0l396.346-361.191\r\n\t\t\t\tc6.932-6.898,9.904-16.043,9.441-25.087C627.763,386.972,624.792,377.828,617.858,370.896z\"\/>\r\n\t\t<\/g>\r\n\t<\/g>\r\n<\/g>\r\n<g>\r\n<\/g>\r\n<g>\r\n<\/g>\r\n<g>\r\n<\/g>\r\n<g>\r\n<\/g>\r\n<g>\r\n<\/g>\r\n<g>\r\n<\/g>\r\n<g>\r\n<\/g>\r\n<g>\r\n<\/g>\r\n<g>\r\n<\/g>\r\n<g>\r\n<\/g>\r\n<g>\r\n<\/g>\r\n<g>\r\n<\/g>\r\n<g>\r\n<\/g>\r\n<g>\r\n<\/g>\r\n<g>\r\n<\/g>\r\n<\/svg>\r\n    <\/div>\r\n  <\/div>\r\n<\/section>\n\n\r\n\r\n<div class=\"appeal-spacer  appeal-spacer--69d4b278bd661\" aria-hidden=\"true\">\r\n    <style>\r\n        .appeal-spacer--69d4b278bd661 { height: 50px; }<!--\r\n        -->@media (max-width: 1919px) {\r\n            .appeal-spacer--69d4b278bd661 { height: 50px; }\r\n        }<!--\r\n        -->@media (max-width: 1023px) {\r\n            .appeal-spacer--69d4b278bd661 { height: 25px; }\r\n        }<!--\r\n        -->@media (max-width: 599px) {\r\n            .appeal-spacer--69d4b278bd661 { height: 25px; }\r\n        }\r\n    <\/style>\r\n<\/div>\r\n\n\n\n<p class=\"has-t-p-font-size\">Comme maison d\u2019\u00e9dition scientifique, nous prenons tr\u00e8s au s\u00e9rieux notre r\u00f4le dans l\u2019\u00e9laboration des discours et discussions interdisciplinaires, et r\u00e9fl\u00e9chissons notamment \u00e0 quelles voix et th\u00e9matiques nous devons laisser de la place.\u202f Nous nous engageons pour la diversit\u00e9, l\u2019\u00e9quit\u00e9 et l\u2019inclusion durant tout le processus de publication, incluant l\u2019acquisition, l\u2019expertise scientifique et la promotion. Mais nous voulons faire encore plus.<\/p>\n\n\n\n<p class=\"has-t-p-font-size\">Pour cela, notre groupe de travail Diversit\u00e9, \u00c9quit\u00e9 et Inclusion souhaite se pencher sur les efforts\u202f-\u202finternes et externes\u202f-\u202f\u00e0 accomplir pour encourager une approche diversifi\u00e9e et \u00e9quitable de notre travail. Cela inclut de nous former et de participer aux discussions sur l\u2019\u00e9quit\u00e9 dans notre branche, d\u2019analyser et de combattre les in\u00e9galit\u00e9s structurelles existantes et les pr\u00e9jug\u00e9s inconscients, ainsi que de nous inspirer des feedbacks, des points de vue et des positionnements de nos partenaires dans tous les domaines.<\/p>\n\n\n\r\n\r\n<div class=\"appeal-spacer  appeal-spacer--69d4b278bda88\" aria-hidden=\"true\">\r\n    <style>\r\n        .appeal-spacer--69d4b278bda88 { height: 50px; }<!--\r\n        -->@media (max-width: 1919px) {\r\n            .appeal-spacer--69d4b278bda88 { height: 50px; }\r\n        }<!--\r\n        -->@media (max-width: 1023px) {\r\n            .appeal-spacer--69d4b278bda88 { height: 25px; }\r\n        }<!--\r\n        -->@media (max-width: 599px) {\r\n            .appeal-spacer--69d4b278bda88 { height: 25px; }\r\n        }\r\n    <\/style>\r\n<\/div>\r\n\n\n\n<h2 class=\"wp-block-heading has-t-h-2-font-size\"><strong>Catalogue Diversit\u00e9, \u00e9quit\u00e9 et inclusion<\/strong><\/h2>\n\n\n\n<p class=\"has-t-p-font-size\">D\u00e9couvrez notre nouveau catalogue reprenant les meilleurs titres de la th\u00e9matique.<\/p>\n\n\n\n<div class=\"wp-block-columns are-vertically-aligned-top is-layout-flex wp-container-core-columns-is-layout-9d6595d7 wp-block-columns-is-layout-flex\">\n<div class=\"wp-block-column is-vertically-aligned-top is-layout-flow wp-block-column-is-layout-flow\" id=\"Linguistics-and-Translation-Studies-2023\"><div class=\"wp-block-image is-resized is-style-default\">\n<figure class=\"aligncenter size-full\"><a href=\"https:\/\/issuu.com\/peterlangpublishing\/docs\/dei_2024\"><img loading=\"lazy\" decoding=\"async\" width=\"1241\" height=\"1754\" src=\"https:\/\/www.peterlang.com\/app\/uploads\/2024\/11\/DEI-2024_Cover.jpg\" alt=\"\" class=\"wp-image-37190\" style=\"object-fit:cover;width:310px;height:439px\" srcset=\"https:\/\/www.peterlang.com\/app\/uploads\/2024\/11\/DEI-2024_Cover.jpg 1241w, https:\/\/www.peterlang.com\/app\/uploads\/2024\/11\/DEI-2024_Cover-212x300.jpg 212w, https:\/\/www.peterlang.com\/app\/uploads\/2024\/11\/DEI-2024_Cover-725x1024.jpg 725w, https:\/\/www.peterlang.com\/app\/uploads\/2024\/11\/DEI-2024_Cover-768x1085.jpg 768w, https:\/\/www.peterlang.com\/app\/uploads\/2024\/11\/DEI-2024_Cover-1087x1536.jpg 1087w\" sizes=\"auto, (max-width: 1241px) 100vw, 1241px\" \/><\/a><\/figure>\n<\/div>\n\n\n<h3 class=\"wp-block-heading has-text-align-center has-velvet-blue-color has-text-color has-t-h-3-font-size\" id=\"Linguistics-and-Translation-Studies-2023\">Diversity, Equity and Inclusion 2024<\/h3>\n\n\n\n<p class=\"has-text-align-center has-t-p-font-size\"><a href=\"https:\/\/www.peterlang.com\/app\/uploads\/2024\/04\/Theology-Catalogue-2024_spread.pdf\"><\/a><a href=\"https:\/\/www.peterlang.com\/app\/uploads\/2024\/11\/DEI-2024_spread.pdf\">T\u00e9l\u00e9chargez la&nbsp;liste Diversity, Equity and Inclusion 2024&nbsp;au format pdf ici<\/a><\/p>\n<\/div>\n<\/div>\n\n\n\r\n\r\n<div class=\"appeal-spacer  appeal-spacer--69d4b278c0252\" aria-hidden=\"true\">\r\n    <style>\r\n        .appeal-spacer--69d4b278c0252 { height: 50px; }<!--\r\n        -->@media (max-width: 1919px) {\r\n            .appeal-spacer--69d4b278c0252 { height: 50px; }\r\n        }<!--\r\n        -->@media (max-width: 1023px) {\r\n            .appeal-spacer--69d4b278c0252 { height: 25px; }\r\n        }<!--\r\n        -->@media (max-width: 599px) {\r\n            .appeal-spacer--69d4b278c0252 { height: 25px; }\r\n        }\r\n    <\/style>\r\n<\/div>\r\n\n\n\n<h2 class=\"wp-block-heading has-t-h-2-font-size\"><strong>Emerging Scholars Competition<\/strong><\/h2>\n\n\n\n<p style=\"font-size:20px\">Le groupe de travail Diversit\u00e9, \u00e9quit\u00e9 et inclusion de Peter Lang organise un concours annuel intitul\u00e9\u00a0<em>Emerging Scholars Competition<\/em>\u00a0pour soutenir les chercheurs au d\u00e9but de leur carri\u00e8re. Les informations sur le concours actuel, en Queer Studies, sont disponibles sur la <a href=\"https:\/\/www.peterlang.com\/fr\/pour-les-auteurs\/2026-emerging-scholars-competition\/\">page du concours des jeunes chercheurs<\/a>.<\/p>\n\n\n\n\n<section class=\"tiles-section remove-spacing\">\n\t<div class=\"tiles__container\">\n\t\t\t\t\t<div class=\"tiles \">\n\t\t\t\t\t\t\t\t\t\t\t\t\t\t <a href=\"https:\/\/www.peterlang.com\/winners-announced-for-the-2023-peter-lang-emerging-scholars-competition\/\" class=\"tile\">\n\t\t\t\t\t\t\t\t\t\t\t\t\t<h3 class=\"tile__title\">Les vainqueurs sont connus pour l\u2019\u00e9dition 2023 de l\u2019 Emerging Scholars Competition de Peter Lang<\/h3>\n\t\t\t\t\t\t\t<p class=\"tile__description\"><\/p>\n\t\t\t\t\t\t\t <\/a>\n\t\t\t\t\t\t\t\t\t\t\t\t\t\t\t\t <a href=\"https:\/\/www.peterlang.com\/winners-announced-for-the-2022-peter-lang-emerging-scholars-competition\/\" class=\"tile\">\n\t\t\t\t\t\t\t\t\t\t\t\t\t<h3 class=\"tile__title\">Les vainqueurs sont connus pour l\u2019\u00e9dition 2022 de l\u2019 Emerging Scholars Competition de Peter Lang<\/h3>\n\t\t\t\t\t\t\t<p class=\"tile__description\"><\/p>\n\t\t\t\t\t\t\t <\/a>\n\t\t\t\t\t\t\t\t\t\t\t\t\t\t\t\t <a href=\"https:\/\/www.peterlang.com\/winners-announced-for-the-2021-peter-lang-emerging-scholars-competition\/\" class=\"tile\">\n\t\t\t\t\t\t\t\t\t\t\t\t\t<h3 class=\"tile__title\">Les vainqueurs sont connus pour l\u2019\u00e9dition 2021 de l\u2019 Emerging Scholars Competition de Peter Lang<\/h3>\n\t\t\t\t\t\t\t<p class=\"tile__description\"><\/p>\n\t\t\t\t\t\t\t <\/a>\n\t\t\t\t\t\t\t<\/div>\n<\/div>\n<\/section>\n\n\n\r\n\r\n<div class=\"appeal-spacer  appeal-spacer--69d4b278c0a5c\" aria-hidden=\"true\">\r\n    <style>\r\n        .appeal-spacer--69d4b278c0a5c { height: 50px; }<!--\r\n        -->@media (max-width: 1919px) {\r\n            .appeal-spacer--69d4b278c0a5c { height: 50px; }\r\n        }<!--\r\n        -->@media (max-width: 1023px) {\r\n            .appeal-spacer--69d4b278c0a5c { height: 25px; }\r\n        }<!--\r\n        -->@media (max-width: 599px) {\r\n            .appeal-spacer--69d4b278c0a5c { height: 25px; }\r\n        }\r\n    <\/style>\r\n<\/div>\r\n\n\n\r\n\r\n<section class=\"books js-book-carousel\">\r\n  <div class=\"books__container\">\r\n    <div class=\"books__titles\">\r\n      <h2 class=\"books__title\">Derniers titres<\/h2>\r\n      <h3 class=\"books__subtitle\"><\/h3>\r\n    <\/div>\r\n  \r\n    <book-carousel class=\"books__slider\" :ids='[\"1484174\",\"1488088\",\"1455333\",\"1418257\",\"1422979\",\"1282331\",\"1056882\",\"1289254\",\"1307806\",\"1326015\"]'><\/book-carousel>\r\n  <\/div>\r\n<\/section>\n\n\r\n\r\n<div class=\"appeal-spacer  appeal-spacer--69d4b278c0dcc\" aria-hidden=\"true\">\r\n    <style>\r\n        .appeal-spacer--69d4b278c0dcc { height: 50px; }<!--\r\n        -->@media (max-width: 1919px) {\r\n            .appeal-spacer--69d4b278c0dcc { height: 50px; }\r\n        }<!--\r\n        -->@media (max-width: 1023px) {\r\n            .appeal-spacer--69d4b278c0dcc { height: 25px; }\r\n        }<!--\r\n        -->@media (max-width: 599px) {\r\n            .appeal-spacer--69d4b278c0dcc { height: 25px; }\r\n        }\r\n    <\/style>\r\n<\/div>\r\n\n\n\n<h1 class=\"wp-block-heading\"><strong>Publications de blog<\/strong><\/h1>\n\n\n\n\n<section class=\"tiles-section remove-spacing\">\n\t<div class=\"tiles__container\">\n\t\t\t\t\t<div class=\"tiles \">\n\t\t\t\t\t\t\t\t\t\t\t\t\t\t <a href=\"https:\/\/www.peterlang.com\/article\/writing-about-the-next-generation\/\" class=\"tile\">\n\t\t\t\t\t\t\t\t\t\t\t\t\t<h3 class=\"tile__title\">Writing about \u201cThe Next Generation\u201d<\/h3>\n\t\t\t\t\t\t\t<p class=\"tile__description\"><\/p>\n\t\t\t\t\t\t\t <\/a>\n\t\t\t\t\t\t\t\t\t\t\t\t\t\t\t\t <a href=\"https:\/\/www.peterlang.com\/article\/barbie-from-bodies-to-empowerment\/\" class=\"tile\">\n\t\t\t\t\t\t\t\t\t\t\t\t\t<h3 class=\"tile__title\">Barbie: From Bodies to \u2018Empowerment\u2019<\/h3>\n\t\t\t\t\t\t\t<p class=\"tile__description\"><\/p>\n\t\t\t\t\t\t\t <\/a>\n\t\t\t\t\t\t\t\t\t\t\t\t\t\t\t\t <a href=\"https:\/\/www.peterlang.com\/article\/pride-at-the-games\/\" class=\"tile\">\n\t\t\t\t\t\t\t\t\t\t\t\t\t<h3 class=\"tile__title\">Pride at the Games<\/h3>\n\t\t\t\t\t\t\t<p class=\"tile__description\"><\/p>\n\t\t\t\t\t\t\t <\/a>\n\t\t\t\t\t\t\t\t\t\t\t\t\t\t\t\t <a href=\"https:\/\/www.peterlang.com\/article\/the-art-and-science-of-true-eyed-seeing-the-common-ground-and-cause-of-goethean-and-indigenous-science\/\" class=\"tile\">\n\t\t\t\t\t\t\t\t\t\t\t\t\t<h3 class=\"tile__title\">The Art and Science of True-eyed Seeing: The Common Ground and Cause of Goethean and Indigenous Science<\/h3>\n\t\t\t\t\t\t\t<p class=\"tile__description\"><\/p>\n\t\t\t\t\t\t\t <\/a>\n\t\t\t\t\t\t\t<\/div>\n<\/div>\n<\/section>\n\n\n\r\n\r\n<div class=\"appeal-spacer  appeal-spacer--69d4b278c11e4\" aria-hidden=\"true\">\r\n    <style>\r\n        .appeal-spacer--69d4b278c11e4 { height: 50px; }<!--\r\n        -->@media (max-width: 1919px) {\r\n            .appeal-spacer--69d4b278c11e4 { height: 50px; }\r\n        }<!--\r\n        -->@media (max-width: 1023px) {\r\n            .appeal-spacer--69d4b278c11e4 { height: 25px; }\r\n        }<!--\r\n        -->@media (max-width: 599px) {\r\n            .appeal-spacer--69d4b278c11e4 { height: 25px; }\r\n        }\r\n    <\/style>\r\n<\/div>\r\n","protected":false},"excerpt":{"rendered":"<p>Comme maison d\u2019\u00e9dition scientifique, nous prenons tr\u00e8s au s\u00e9rieux notre r\u00f4le dans l\u2019\u00e9laboration des discours et discussions interdisciplinaires, et r\u00e9fl\u00e9chissons notamment \u00e0 quelles voix et th\u00e9matiques nous devons laisser de la place.\u202f Nous nous engageons pour la diversit\u00e9, l\u2019\u00e9quit\u00e9 et l\u2019inclusion durant tout le processus de publication, incluant l\u2019acquisition, l\u2019expertise scientifique et la promotion. Mais [&hellip;]<\/p>\n","protected":false},"author":23,"featured_media":0,"parent":0,"menu_order":0,"comment_status":"closed","ping_status":"closed","template":"","meta":{"_acf_changed":false,"content-type":"","footnotes":""},"class_list":["post-28539","page","type-page","status-publish","hentry"],"acf":[],"yoast_head":"<!-- This site is optimized with the Yoast SEO Premium plugin v24.6 (Yoast SEO v24.9) - https:\/\/yoast.com\/wordpress\/plugins\/seo\/ -->\n<title>Diversit\u00e9 &amp; Inclusion chez Peter Lang Group<\/title>\n<meta name=\"description\" content=\"D\u00e9couvrez l&#039;engagement de Peter Lang Group envers la diversit\u00e9, l&#039;\u00e9quit\u00e9 et l&#039;inclusion dans l&#039;\u00e9dition et la recherche acad\u00e9mique.\" \/>\n<meta name=\"robots\" content=\"index, follow, max-snippet:-1, max-image-preview:large, max-video-preview:-1\" \/>\n<link rel=\"canonical\" href=\"https:\/\/www.peterlang.com\/fr\/diversite-equite-et-inclusion-chez-peter-lang-group\/\" \/>\n<meta property=\"og:locale\" content=\"fr_FR\" \/>\n<meta property=\"og:type\" content=\"article\" \/>\n<meta property=\"og:title\" content=\"Diversit\u00e9, \u00e9quit\u00e9 et inclusion\" \/>\n<meta property=\"og:description\" content=\"D\u00e9couvrez l&#039;engagement de Peter Lang Group envers la diversit\u00e9, l&#039;\u00e9quit\u00e9 et l&#039;inclusion dans l&#039;\u00e9dition et la recherche acad\u00e9mique.\" \/>\n<meta property=\"og:url\" content=\"https:\/\/www.peterlang.com\/fr\/diversite-equite-et-inclusion-chez-peter-lang-group\/\" \/>\n<meta property=\"og:site_name\" content=\"Peter Lang\" \/>\n<meta property=\"article:modified_time\" content=\"2025-10-13T14:29:18+00:00\" \/>\n<meta property=\"og:image\" content=\"https:\/\/www.peterlang.com\/app\/uploads\/2024\/11\/DEI-2024_Cover.jpg\" \/>\n\t<meta property=\"og:image:width\" content=\"1241\" \/>\n\t<meta property=\"og:image:height\" content=\"1754\" \/>\n\t<meta property=\"og:image:type\" content=\"image\/jpeg\" \/>\n<meta name=\"twitter:card\" content=\"summary_large_image\" \/>\n<meta name=\"twitter:label1\" content=\"Est. reading time\" \/>\n\t<meta name=\"twitter:data1\" content=\"2 minutes\" \/>\n<script type=\"application\/ld+json\" class=\"yoast-schema-graph\">{\"@context\":\"https:\/\/schema.org\",\"@graph\":[{\"@type\":\"WebPage\",\"@id\":\"https:\/\/www.peterlang.com\/fr\/diversite-equite-et-inclusion-chez-peter-lang-group\/\",\"url\":\"https:\/\/www.peterlang.com\/fr\/diversite-equite-et-inclusion-chez-peter-lang-group\/\",\"name\":\"Diversit\u00e9 & Inclusion chez Peter Lang Group\",\"isPartOf\":{\"@id\":\"https:\/\/www.peterlang.com\/#website\"},\"primaryImageOfPage\":{\"@id\":\"https:\/\/www.peterlang.com\/fr\/diversite-equite-et-inclusion-chez-peter-lang-group\/#primaryimage\"},\"image\":{\"@id\":\"https:\/\/www.peterlang.com\/fr\/diversite-equite-et-inclusion-chez-peter-lang-group\/#primaryimage\"},\"thumbnailUrl\":\"https:\/\/www.peterlang.com\/app\/uploads\/2024\/11\/DEI-2024_Cover.jpg\",\"datePublished\":\"2024-06-07T14:02:26+00:00\",\"dateModified\":\"2025-10-13T14:29:18+00:00\",\"description\":\"D\u00e9couvrez l'engagement de Peter Lang Group envers la diversit\u00e9, l'\u00e9quit\u00e9 et l'inclusion dans l'\u00e9dition et la recherche acad\u00e9mique.\",\"breadcrumb\":{\"@id\":\"https:\/\/www.peterlang.com\/fr\/diversite-equite-et-inclusion-chez-peter-lang-group\/#breadcrumb\"},\"inLanguage\":\"fr-FR\",\"potentialAction\":[{\"@type\":\"ReadAction\",\"target\":[\"https:\/\/www.peterlang.com\/fr\/diversite-equite-et-inclusion-chez-peter-lang-group\/\"]}]},{\"@type\":\"ImageObject\",\"inLanguage\":\"fr-FR\",\"@id\":\"https:\/\/www.peterlang.com\/fr\/diversite-equite-et-inclusion-chez-peter-lang-group\/#primaryimage\",\"url\":\"https:\/\/www.peterlang.com\/app\/uploads\/2024\/11\/DEI-2024_Cover.jpg\",\"contentUrl\":\"https:\/\/www.peterlang.com\/app\/uploads\/2024\/11\/DEI-2024_Cover.jpg\"},{\"@type\":\"BreadcrumbList\",\"@id\":\"https:\/\/www.peterlang.com\/fr\/diversite-equite-et-inclusion-chez-peter-lang-group\/#breadcrumb\",\"itemListElement\":[{\"@type\":\"ListItem\",\"position\":1,\"name\":\"Home\",\"item\":\"https:\/\/www.peterlang.com\/fr\/\"},{\"@type\":\"ListItem\",\"position\":2,\"name\":\"Diversit\u00e9, \u00e9quit\u00e9 et inclusion\"}]},{\"@type\":\"WebSite\",\"@id\":\"https:\/\/www.peterlang.com\/#website\",\"url\":\"https:\/\/www.peterlang.com\/\",\"name\":\"Peter Lang\",\"description\":\"Peter Lang specializes in the Humanities and Social Sciences, covering the complete publication spectrum from monographs to student textbooks.\",\"potentialAction\":[{\"@type\":\"SearchAction\",\"target\":{\"@type\":\"EntryPoint\",\"urlTemplate\":\"https:\/\/www.peterlang.com\/?s={search_term_string}\"},\"query-input\":{\"@type\":\"PropertyValueSpecification\",\"valueRequired\":true,\"valueName\":\"search_term_string\"}}],\"inLanguage\":\"fr-FR\"}]}<\/script>\n<!-- \/ Yoast SEO Premium plugin. -->","yoast_head_json":{"title":"Diversit\u00e9 & Inclusion chez Peter Lang Group","description":"D\u00e9couvrez l'engagement de Peter Lang Group envers la diversit\u00e9, l'\u00e9quit\u00e9 et l'inclusion dans l'\u00e9dition et la recherche acad\u00e9mique.","robots":{"index":"index","follow":"follow","max-snippet":"max-snippet:-1","max-image-preview":"max-image-preview:large","max-video-preview":"max-video-preview:-1"},"canonical":"https:\/\/www.peterlang.com\/fr\/diversite-equite-et-inclusion-chez-peter-lang-group\/","og_locale":"fr_FR","og_type":"article","og_title":"Diversit\u00e9, \u00e9quit\u00e9 et inclusion","og_description":"D\u00e9couvrez l'engagement de Peter Lang Group envers la diversit\u00e9, l'\u00e9quit\u00e9 et l'inclusion dans l'\u00e9dition et la recherche acad\u00e9mique.","og_url":"https:\/\/www.peterlang.com\/fr\/diversite-equite-et-inclusion-chez-peter-lang-group\/","og_site_name":"Peter Lang","article_modified_time":"2025-10-13T14:29:18+00:00","og_image":[{"width":1241,"height":1754,"url":"https:\/\/www.peterlang.com\/app\/uploads\/2024\/11\/DEI-2024_Cover.jpg","type":"image\/jpeg"}],"twitter_card":"summary_large_image","twitter_misc":{"Est. reading time":"2 minutes"},"schema":{"@context":"https:\/\/schema.org","@graph":[{"@type":"WebPage","@id":"https:\/\/www.peterlang.com\/fr\/diversite-equite-et-inclusion-chez-peter-lang-group\/","url":"https:\/\/www.peterlang.com\/fr\/diversite-equite-et-inclusion-chez-peter-lang-group\/","name":"Diversit\u00e9 & Inclusion chez Peter Lang Group","isPartOf":{"@id":"https:\/\/www.peterlang.com\/#website"},"primaryImageOfPage":{"@id":"https:\/\/www.peterlang.com\/fr\/diversite-equite-et-inclusion-chez-peter-lang-group\/#primaryimage"},"image":{"@id":"https:\/\/www.peterlang.com\/fr\/diversite-equite-et-inclusion-chez-peter-lang-group\/#primaryimage"},"thumbnailUrl":"https:\/\/www.peterlang.com\/app\/uploads\/2024\/11\/DEI-2024_Cover.jpg","datePublished":"2024-06-07T14:02:26+00:00","dateModified":"2025-10-13T14:29:18+00:00","description":"D\u00e9couvrez l'engagement de Peter Lang Group envers la diversit\u00e9, l'\u00e9quit\u00e9 et l'inclusion dans l'\u00e9dition et la recherche acad\u00e9mique.","breadcrumb":{"@id":"https:\/\/www.peterlang.com\/fr\/diversite-equite-et-inclusion-chez-peter-lang-group\/#breadcrumb"},"inLanguage":"fr-FR","potentialAction":[{"@type":"ReadAction","target":["https:\/\/www.peterlang.com\/fr\/diversite-equite-et-inclusion-chez-peter-lang-group\/"]}]},{"@type":"ImageObject","inLanguage":"fr-FR","@id":"https:\/\/www.peterlang.com\/fr\/diversite-equite-et-inclusion-chez-peter-lang-group\/#primaryimage","url":"https:\/\/www.peterlang.com\/app\/uploads\/2024\/11\/DEI-2024_Cover.jpg","contentUrl":"https:\/\/www.peterlang.com\/app\/uploads\/2024\/11\/DEI-2024_Cover.jpg"},{"@type":"BreadcrumbList","@id":"https:\/\/www.peterlang.com\/fr\/diversite-equite-et-inclusion-chez-peter-lang-group\/#breadcrumb","itemListElement":[{"@type":"ListItem","position":1,"name":"Home","item":"https:\/\/www.peterlang.com\/fr\/"},{"@type":"ListItem","position":2,"name":"Diversit\u00e9, \u00e9quit\u00e9 et inclusion"}]},{"@type":"WebSite","@id":"https:\/\/www.peterlang.com\/#website","url":"https:\/\/www.peterlang.com\/","name":"Peter Lang","description":"Peter Lang specializes in the Humanities and Social Sciences, covering the complete publication spectrum from monographs to student textbooks.","potentialAction":[{"@type":"SearchAction","target":{"@type":"EntryPoint","urlTemplate":"https:\/\/www.peterlang.com\/?s={search_term_string}"},"query-input":{"@type":"PropertyValueSpecification","valueRequired":true,"valueName":"search_term_string"}}],"inLanguage":"fr-FR"}]}},"_links":{"self":[{"href":"https:\/\/www.peterlang.com\/fr\/wp-json\/wp\/v2\/pages\/28539","targetHints":{"allow":["GET"]}}],"collection":[{"href":"https:\/\/www.peterlang.com\/fr\/wp-json\/wp\/v2\/pages"}],"about":[{"href":"https:\/\/www.peterlang.com\/fr\/wp-json\/wp\/v2\/types\/page"}],"author":[{"embeddable":true,"href":"https:\/\/www.peterlang.com\/fr\/wp-json\/wp\/v2\/users\/23"}],"replies":[{"embeddable":true,"href":"https:\/\/www.peterlang.com\/fr\/wp-json\/wp\/v2\/comments?post=28539"}],"version-history":[{"count":23,"href":"https:\/\/www.peterlang.com\/fr\/wp-json\/wp\/v2\/pages\/28539\/revisions"}],"predecessor-version":[{"id":54005,"href":"https:\/\/www.peterlang.com\/fr\/wp-json\/wp\/v2\/pages\/28539\/revisions\/54005"}],"wp:attachment":[{"href":"https:\/\/www.peterlang.com\/fr\/wp-json\/wp\/v2\/media?parent=28539"}],"curies":[{"name":"wp","href":"https:\/\/api.w.org\/{rel}","templated":true}]}}