{"id":29117,"date":"2024-07-08T15:07:18","date_gmt":"2024-07-08T14:07:18","guid":{"rendered":"https:\/\/www.peterlang.com\/?page_id=29117"},"modified":"2024-12-03T10:18:45","modified_gmt":"2024-12-03T10:18:45","slug":"2024-reimagining-ireland-book-prize","status":"publish","type":"page","link":"https:\/\/www.peterlang.com\/fr\/2024-reimagining-ireland-book-prize\/","title":{"rendered":"Prix du livre &#8220;Reimagining Ireland&#8221; 2024"},"content":{"rendered":"\n\n\r\n<section class=\"secondary-nav remove-spacing\" data-block=\"appeal\/secondary-nav\">\r\n  <div class=\"secondary-nav__container\">\r\n    <div class=\"secondary-nav__arrow secondary-nav__arrow--left\">\r\n      <svg version=\"1.1\" id=\"Capa_1\" xmlns=\"http:\/\/www.w3.org\/2000\/svg\" xmlns:xlink=\"http:\/\/www.w3.org\/1999\/xlink\" x=\"0px\" y=\"0px\"\r\n\t width=\"792.033px\" height=\"792.033px\" viewBox=\"0 0 792.033 792.033\" style=\"enable-background:new 0 0 792.033 792.033;\"\r\n\t xml:space=\"preserve\">\r\n<g>\r\n\t<g id=\"_x38_\">\r\n\t\t<g>\r\n\t\t\t<path d=\"M617.858,370.896L221.513,9.705c-13.006-12.94-34.099-12.94-47.105,0c-13.006,12.939-13.006,33.934,0,46.874\r\n\t\t\t\tl372.447,339.438L174.441,735.454c-13.006,12.94-13.006,33.935,0,46.874s34.099,12.939,47.104,0l396.346-361.191\r\n\t\t\t\tc6.932-6.898,9.904-16.043,9.441-25.087C627.763,386.972,624.792,377.828,617.858,370.896z\"\/>\r\n\t\t<\/g>\r\n\t<\/g>\r\n<\/g>\r\n<g>\r\n<\/g>\r\n<g>\r\n<\/g>\r\n<g>\r\n<\/g>\r\n<g>\r\n<\/g>\r\n<g>\r\n<\/g>\r\n<g>\r\n<\/g>\r\n<g>\r\n<\/g>\r\n<g>\r\n<\/g>\r\n<g>\r\n<\/g>\r\n<g>\r\n<\/g>\r\n<g>\r\n<\/g>\r\n<g>\r\n<\/g>\r\n<g>\r\n<\/g>\r\n<g>\r\n<\/g>\r\n<g>\r\n<\/g>\r\n<\/svg>\r\n    <\/div>\r\n    <nav class=\"secondary-nav__nav\">\r\n              <ul class=\"secondary-nav__links draggable\">\r\n                                    <li class=\"secondary-nav__link\">\r\n                                <a href=\"mailto:a.mason@peterlang.com\">Submit Your Proposal<\/a>\r\n              <\/li>\r\n                              <\/ul>\r\n          <\/nav>\r\n    <div class=\"secondary-nav__arrow secondary-nav__arrow--right\">\r\n      <svg version=\"1.1\" id=\"Capa_1\" xmlns=\"http:\/\/www.w3.org\/2000\/svg\" xmlns:xlink=\"http:\/\/www.w3.org\/1999\/xlink\" x=\"0px\" y=\"0px\"\r\n\t width=\"792.033px\" height=\"792.033px\" viewBox=\"0 0 792.033 792.033\" style=\"enable-background:new 0 0 792.033 792.033;\"\r\n\t xml:space=\"preserve\">\r\n<g>\r\n\t<g id=\"_x38_\">\r\n\t\t<g>\r\n\t\t\t<path d=\"M617.858,370.896L221.513,9.705c-13.006-12.94-34.099-12.94-47.105,0c-13.006,12.939-13.006,33.934,0,46.874\r\n\t\t\t\tl372.447,339.438L174.441,735.454c-13.006,12.94-13.006,33.935,0,46.874s34.099,12.939,47.104,0l396.346-361.191\r\n\t\t\t\tc6.932-6.898,9.904-16.043,9.441-25.087C627.763,386.972,624.792,377.828,617.858,370.896z\"\/>\r\n\t\t<\/g>\r\n\t<\/g>\r\n<\/g>\r\n<g>\r\n<\/g>\r\n<g>\r\n<\/g>\r\n<g>\r\n<\/g>\r\n<g>\r\n<\/g>\r\n<g>\r\n<\/g>\r\n<g>\r\n<\/g>\r\n<g>\r\n<\/g>\r\n<g>\r\n<\/g>\r\n<g>\r\n<\/g>\r\n<g>\r\n<\/g>\r\n<g>\r\n<\/g>\r\n<g>\r\n<\/g>\r\n<g>\r\n<\/g>\r\n<g>\r\n<\/g>\r\n<g>\r\n<\/g>\r\n<\/svg>\r\n    <\/div>\r\n  <\/div>\r\n<\/section>\n\n\r\n\r\n<div class=\"appeal-spacer  appeal-spacer--69d8a4c26df77\" aria-hidden=\"true\">\r\n    <style>\r\n        .appeal-spacer--69d8a4c26df77 { height: 50px; }<!--\r\n        -->@media (max-width: 1919px) {\r\n            .appeal-spacer--69d8a4c26df77 { height: 50px; }\r\n        }<!--\r\n        -->@media (max-width: 1023px) {\r\n            .appeal-spacer--69d8a4c26df77 { height: 25px; }\r\n        }<!--\r\n        -->@media (max-width: 599px) {\r\n            .appeal-spacer--69d8a4c26df77 { height: 25px; }\r\n        }\r\n    <\/style>\r\n<\/div>\r\n\n\n\n<h2 class=\"wp-block-heading anchor\" id=\"2023-competition\" style=\"font-style:normal;font-weight:100\"><strong><strong><strong><strong>Prix du livre &#8220;Reimagining Ireland&#8221; 2024<\/strong><\/strong><\/strong><\/strong><\/h2>\n\n\n\n<p>Peter Lang is delighted to announce the\u202f<strong>2024 Reimagining Ireland Book Prize<\/strong>.<\/p>\n\n\n\n<p>We invite scholars in any area of Irish Studies<strong>\u202f<\/strong>to submit proposals<strong>\u202f<\/strong>for single-author books to be evaluated by a distinguished editorial board.<\/p>\n\n\n\n<p>Please submit your proposal to\u202f <a href=\"mailto:a.mason@peterlang.com\" target=\"_blank\" rel=\"noreferrer noopener\"><strong>a.mason@peterlang.com<\/strong><\/a><strong>\u202f<\/strong>or\u202f<strong>series editor Eamon Maher\u202f<\/strong>at<strong>\u202f <\/strong><a href=\"mailto:Eamon.Maher@TUDublin.ie\" target=\"_blank\" rel=\"noreferrer noopener\"><strong>Eamon.Maher@TUDublin.ie<\/strong><\/a>\u202fby\u202f<strong>30 September 2024<\/strong>. Your proposal should consist of an abstract (including chapter synopses), a sample chapter (5,000 to 10,000 words in length), a CV, and a statement describing how you are an emerging scholar, in separate Microsoft Word documents.<\/p>\n\n\n\n<p><strong>*<\/strong>Winner(s) will be offered a publishing contract including Gold Open Access and winning book(s)will be made available for free digital download. Planned manuscripts should be from 60,000 to 100,000 words in length and prepared in accordance with the style guidelines provided.<\/p>\n\n\n\n<p>Decisions will be made by\u202f<strong>1 December 2024\u202f<\/strong>and the winners will be notified shortly thereafter.<\/p>\n\n\n\n<p>For more information, please contact\u202f<strong>Tony Mason (<\/strong><a href=\"mailto:a.mason@peterlang.com\" target=\"_blank\" rel=\"noreferrer noopener\"><strong>a.mason@peterlang.com<\/strong><\/a><strong>)<\/strong><\/p>\n\n\n\r\n\r\n<div class=\"appeal-spacer  appeal-spacer--69d8a4c26e91c\" aria-hidden=\"true\">\r\n    <style>\r\n        .appeal-spacer--69d8a4c26e91c { height: 50px; }<!--\r\n        -->@media (max-width: 1919px) {\r\n            .appeal-spacer--69d8a4c26e91c { height: 50px; }\r\n        }<!--\r\n        -->@media (max-width: 1023px) {\r\n            .appeal-spacer--69d8a4c26e91c { height: 25px; }\r\n        }<!--\r\n        -->@media (max-width: 599px) {\r\n            .appeal-spacer--69d8a4c26e91c { height: 25px; }\r\n        }\r\n    <\/style>\r\n<\/div>\r\n","protected":false},"excerpt":{"rendered":"<p>Prix du livre &#8220;Reimagining Ireland&#8221; 2024 Peter Lang is delighted to announce the\u202f2024 Reimagining Ireland Book Prize. We invite scholars in any area of Irish Studies\u202fto submit proposals\u202ffor single-author books to be evaluated by a distinguished editorial board. Please submit your proposal to\u202f a.mason@peterlang.com\u202for\u202fseries editor Eamon Maher\u202fat\u202f Eamon.Maher@TUDublin.ie\u202fby\u202f30 September 2024. Your proposal should consist of [&hellip;]<\/p>\n","protected":false},"author":23,"featured_media":0,"parent":0,"menu_order":0,"comment_status":"closed","ping_status":"closed","template":"","meta":{"_acf_changed":false,"content-type":"","footnotes":""},"class_list":["post-29117","page","type-page","status-publish","hentry"],"acf":[],"yoast_head":"<!-- This site is optimized with the Yoast SEO Premium plugin v24.6 (Yoast SEO v24.9) - https:\/\/yoast.com\/wordpress\/plugins\/seo\/ -->\n<title>Prix du livre &quot;Reimagining Ireland&quot; 2024 - Peter Lang<\/title>\n<meta name=\"description\" content=\"D\u00e9couvrez le Prix du livre &quot;Reimagining Ireland&quot; 2024, une initiative de Peter Lang pour r\u00e9compenser les meilleures contributions acad\u00e9miques sur l&#039;Irlande. Participez et faites conna\u00eetre vos travaux dans le domaine des \u00e9tudes irlandaises.\" \/>\n<meta name=\"robots\" content=\"index, follow, max-snippet:-1, max-image-preview:large, max-video-preview:-1\" \/>\n<link rel=\"canonical\" href=\"https:\/\/www.peterlang.com\/fr\/2024-reimagining-ireland-book-prize\/\" \/>\n<meta property=\"og:locale\" content=\"fr_FR\" \/>\n<meta property=\"og:type\" content=\"article\" \/>\n<meta property=\"og:title\" content=\"Prix du livre &quot;Reimagining Ireland&quot; 2024\" \/>\n<meta property=\"og:description\" content=\"D\u00e9couvrez le Prix du livre &quot;Reimagining Ireland&quot; 2024, une initiative de Peter Lang pour r\u00e9compenser les meilleures contributions acad\u00e9miques sur l&#039;Irlande. Participez et faites conna\u00eetre vos travaux dans le domaine des \u00e9tudes irlandaises.\" \/>\n<meta property=\"og:url\" content=\"https:\/\/www.peterlang.com\/fr\/2024-reimagining-ireland-book-prize\/\" \/>\n<meta property=\"og:site_name\" content=\"Peter Lang\" \/>\n<meta property=\"article:modified_time\" content=\"2024-12-03T10:18:45+00:00\" \/>\n<meta name=\"twitter:card\" content=\"summary_large_image\" \/>\n<meta name=\"twitter:label1\" content=\"Est. reading time\" \/>\n\t<meta name=\"twitter:data1\" content=\"1 minute\" \/>\n<script type=\"application\/ld+json\" class=\"yoast-schema-graph\">{\"@context\":\"https:\/\/schema.org\",\"@graph\":[{\"@type\":\"WebPage\",\"@id\":\"https:\/\/www.peterlang.com\/fr\/2024-reimagining-ireland-book-prize\/\",\"url\":\"https:\/\/www.peterlang.com\/fr\/2024-reimagining-ireland-book-prize\/\",\"name\":\"Prix du livre \\\"Reimagining Ireland\\\" 2024 - Peter Lang\",\"isPartOf\":{\"@id\":\"https:\/\/www.peterlang.com\/#website\"},\"datePublished\":\"2024-07-08T14:07:18+00:00\",\"dateModified\":\"2024-12-03T10:18:45+00:00\",\"description\":\"D\u00e9couvrez le Prix du livre \\\"Reimagining Ireland\\\" 2024, une initiative de Peter Lang pour r\u00e9compenser les meilleures contributions acad\u00e9miques sur l'Irlande. Participez et faites conna\u00eetre vos travaux dans le domaine des \u00e9tudes irlandaises.\",\"breadcrumb\":{\"@id\":\"https:\/\/www.peterlang.com\/fr\/2024-reimagining-ireland-book-prize\/#breadcrumb\"},\"inLanguage\":\"fr-FR\",\"potentialAction\":[{\"@type\":\"ReadAction\",\"target\":[\"https:\/\/www.peterlang.com\/fr\/2024-reimagining-ireland-book-prize\/\"]}]},{\"@type\":\"BreadcrumbList\",\"@id\":\"https:\/\/www.peterlang.com\/fr\/2024-reimagining-ireland-book-prize\/#breadcrumb\",\"itemListElement\":[{\"@type\":\"ListItem\",\"position\":1,\"name\":\"Home\",\"item\":\"https:\/\/www.peterlang.com\/fr\/\"},{\"@type\":\"ListItem\",\"position\":2,\"name\":\"Prix du livre &#8220;Reimagining Ireland&#8221; 2024\"}]},{\"@type\":\"WebSite\",\"@id\":\"https:\/\/www.peterlang.com\/#website\",\"url\":\"https:\/\/www.peterlang.com\/\",\"name\":\"Peter Lang\",\"description\":\"Peter Lang specializes in the Humanities and Social Sciences, covering the complete publication spectrum from monographs to student textbooks.\",\"potentialAction\":[{\"@type\":\"SearchAction\",\"target\":{\"@type\":\"EntryPoint\",\"urlTemplate\":\"https:\/\/www.peterlang.com\/?s={search_term_string}\"},\"query-input\":{\"@type\":\"PropertyValueSpecification\",\"valueRequired\":true,\"valueName\":\"search_term_string\"}}],\"inLanguage\":\"fr-FR\"}]}<\/script>\n<!-- \/ Yoast SEO Premium plugin. -->","yoast_head_json":{"title":"Prix du livre \"Reimagining Ireland\" 2024 - Peter Lang","description":"D\u00e9couvrez le Prix du livre \"Reimagining Ireland\" 2024, une initiative de Peter Lang pour r\u00e9compenser les meilleures contributions acad\u00e9miques sur l'Irlande. Participez et faites conna\u00eetre vos travaux dans le domaine des \u00e9tudes irlandaises.","robots":{"index":"index","follow":"follow","max-snippet":"max-snippet:-1","max-image-preview":"max-image-preview:large","max-video-preview":"max-video-preview:-1"},"canonical":"https:\/\/www.peterlang.com\/fr\/2024-reimagining-ireland-book-prize\/","og_locale":"fr_FR","og_type":"article","og_title":"Prix du livre \"Reimagining Ireland\" 2024","og_description":"D\u00e9couvrez le Prix du livre \"Reimagining Ireland\" 2024, une initiative de Peter Lang pour r\u00e9compenser les meilleures contributions acad\u00e9miques sur l'Irlande. Participez et faites conna\u00eetre vos travaux dans le domaine des \u00e9tudes irlandaises.","og_url":"https:\/\/www.peterlang.com\/fr\/2024-reimagining-ireland-book-prize\/","og_site_name":"Peter Lang","article_modified_time":"2024-12-03T10:18:45+00:00","twitter_card":"summary_large_image","twitter_misc":{"Est. reading time":"1 minute"},"schema":{"@context":"https:\/\/schema.org","@graph":[{"@type":"WebPage","@id":"https:\/\/www.peterlang.com\/fr\/2024-reimagining-ireland-book-prize\/","url":"https:\/\/www.peterlang.com\/fr\/2024-reimagining-ireland-book-prize\/","name":"Prix du livre \"Reimagining Ireland\" 2024 - Peter Lang","isPartOf":{"@id":"https:\/\/www.peterlang.com\/#website"},"datePublished":"2024-07-08T14:07:18+00:00","dateModified":"2024-12-03T10:18:45+00:00","description":"D\u00e9couvrez le Prix du livre \"Reimagining Ireland\" 2024, une initiative de Peter Lang pour r\u00e9compenser les meilleures contributions acad\u00e9miques sur l'Irlande. Participez et faites conna\u00eetre vos travaux dans le domaine des \u00e9tudes irlandaises.","breadcrumb":{"@id":"https:\/\/www.peterlang.com\/fr\/2024-reimagining-ireland-book-prize\/#breadcrumb"},"inLanguage":"fr-FR","potentialAction":[{"@type":"ReadAction","target":["https:\/\/www.peterlang.com\/fr\/2024-reimagining-ireland-book-prize\/"]}]},{"@type":"BreadcrumbList","@id":"https:\/\/www.peterlang.com\/fr\/2024-reimagining-ireland-book-prize\/#breadcrumb","itemListElement":[{"@type":"ListItem","position":1,"name":"Home","item":"https:\/\/www.peterlang.com\/fr\/"},{"@type":"ListItem","position":2,"name":"Prix du livre &#8220;Reimagining Ireland&#8221; 2024"}]},{"@type":"WebSite","@id":"https:\/\/www.peterlang.com\/#website","url":"https:\/\/www.peterlang.com\/","name":"Peter Lang","description":"Peter Lang specializes in the Humanities and Social Sciences, covering the complete publication spectrum from monographs to student textbooks.","potentialAction":[{"@type":"SearchAction","target":{"@type":"EntryPoint","urlTemplate":"https:\/\/www.peterlang.com\/?s={search_term_string}"},"query-input":{"@type":"PropertyValueSpecification","valueRequired":true,"valueName":"search_term_string"}}],"inLanguage":"fr-FR"}]}},"_links":{"self":[{"href":"https:\/\/www.peterlang.com\/fr\/wp-json\/wp\/v2\/pages\/29117","targetHints":{"allow":["GET"]}}],"collection":[{"href":"https:\/\/www.peterlang.com\/fr\/wp-json\/wp\/v2\/pages"}],"about":[{"href":"https:\/\/www.peterlang.com\/fr\/wp-json\/wp\/v2\/types\/page"}],"author":[{"embeddable":true,"href":"https:\/\/www.peterlang.com\/fr\/wp-json\/wp\/v2\/users\/23"}],"replies":[{"embeddable":true,"href":"https:\/\/www.peterlang.com\/fr\/wp-json\/wp\/v2\/comments?post=29117"}],"version-history":[{"count":4,"href":"https:\/\/www.peterlang.com\/fr\/wp-json\/wp\/v2\/pages\/29117\/revisions"}],"predecessor-version":[{"id":37233,"href":"https:\/\/www.peterlang.com\/fr\/wp-json\/wp\/v2\/pages\/29117\/revisions\/37233"}],"wp:attachment":[{"href":"https:\/\/www.peterlang.com\/fr\/wp-json\/wp\/v2\/media?parent=29117"}],"curies":[{"name":"wp","href":"https:\/\/api.w.org\/{rel}","templated":true}]}}