{"id":3385,"date":"2021-08-04T21:05:24","date_gmt":"2021-08-04T20:05:24","guid":{"rendered":"https:\/\/www.peterlang.com\/?page_id=3385"},"modified":"2025-01-13T12:21:51","modified_gmt":"2025-01-13T12:21:51","slug":"nos-services","status":"publish","type":"page","link":"https:\/\/www.peterlang.com\/fr\/nos-services\/","title":{"rendered":"Nos services"},"content":{"rendered":"\n\n\r\n\r\n<div class=\"appeal-spacer  appeal-spacer--69d7190cf2fdf\" aria-hidden=\"true\">\r\n    <style>\r\n        .appeal-spacer--69d7190cf2fdf { height: 50px; }<!--\r\n        -->@media (max-width: 1919px) {\r\n            .appeal-spacer--69d7190cf2fdf { height: 50px; }\r\n        }<!--\r\n        -->@media (max-width: 1023px) {\r\n            .appeal-spacer--69d7190cf2fdf { height: 25px; }\r\n        }<!--\r\n        -->@media (max-width: 599px) {\r\n            .appeal-spacer--69d7190cf2fdf { height: 25px; }\r\n        }\r\n    <\/style>\r\n<\/div>\r\n\n\n\n<h2 class=\"wp-block-heading\">Our Services Overview<\/h2>\n\n\n\n<p>We value relationships by providing excellent support to our partners for our products in the humanities and social sciences. Libraries and Booksellers can choose our titles in digital or print format by opening an account with us directly or through suppliers.&nbsp; We offer libraries a variety of business models and assistance when accessing our digital platform. Reach out to our <a href=\"mailto:sales@peterlang.com\" title=\"Contact the sales team at Peter Lang for assistance\">sales<\/a> and <a href=\"mailto:orders@peterlang.com\" title=\"Get in touch with the customer care team at Peter Lang for queries and orders\">customer care<\/a> teams with your queries, sign up for our subject newsletters and learn more about our events and initiatives from our <a href=\"mailto:marketing@peterlang.com\" title=\"Contact the marketing team at Peter Lang to learn about events, initiatives, and newsletters\">marketing<\/a> department.&nbsp; Our Open Access program encourages the dissemination of research and communication across the academic community.<\/p>\n\n\n\r\n\r\n<div class=\"appeal-spacer  appeal-spacer--69d7190cf35fe\" aria-hidden=\"true\">\r\n    <style>\r\n        .appeal-spacer--69d7190cf35fe { height: 75px; }<!--\r\n        -->@media (max-width: 1919px) {\r\n            .appeal-spacer--69d7190cf35fe { height: 75px; }\r\n        }<!--\r\n        -->@media (max-width: 1023px) {\r\n            .appeal-spacer--69d7190cf35fe { height: 50px; }\r\n        }<!--\r\n        -->@media (max-width: 599px) {\r\n            .appeal-spacer--69d7190cf35fe { height: 50px; }\r\n        }\r\n    <\/style>\r\n<\/div>\r\n\n\n\n\n\n<section class=\"tiles-section tile-section--with-images has-background\">\n\t<div class=\"tiles__container\">\n\t\t\t\t\t<div class=\"tiles tiles--with-image\">\n\t\t\t\t\t\t\t\t\t\t\t\t\t\t<div class=\"tile-with-image\">\n\t\t\t\t\t\t<div class=\"tile__image\">\n\t\t\t\t\t\t\t<img decoding=\"async\" src=\"https:\/\/www.peterlang.com\/app\/uploads\/2021\/07\/dollar-gill-O-8uehnvlM8-unsplash.jpg\" alt=\"Man sitting on a step that is positioned in between two long bookshelves. He is reading a book.\">\n\t\t\t\t\t\t<\/div>\n\t\t\t\t\t\t<div class=\"tile tile--blue\">\n\t\t\t\t\t\t\t\t\t\t\t\t\t\t\t<a href=\"https:\/\/www.peterlang.com\/fr\/nos-services\/bibliotheques\/\" class=\"tile__title\">Biblioth\u00e8ques<\/a>\n\t\t\t\t\t\t\t\t\t\t\t\t\t\t\t\t\t\t\t\t\t\t<ul>\n\t\t\t\t\t\t\t\t\t\t\t\t\t\t\t\t\t\t\t\t\t\t\t\t\t\t\t\t\t\t\t\t\t\t\t\t\t\t\t\t<li><a href=\"http:\/\/www.peterlang.com\/fr\/nos-services\/bibliotheques\/#Pour-les-bibliothecaires\">Pour les biblioth\u00e9caires<\/a><\/li>\n\t\t\t\t\t\t\t\t\t\t\t\t\t\t\t\t\t\t\t\t\t\t\t\t\t\t\t\t\t\t\t\t\t\t\t\t\t\t\t\t\t\t\t\t\t\t\t\t\t\t<li><a href=\"http:\/\/www.peterlang.com\/fr\/nos-services\/bibliotheques\/#Aide-aux-bibliothecaires\">Aide aux biblioth\u00e9caires<\/a><\/li>\n\t\t\t\t\t\t\t\t\t\t\t\t\t\t\t\t\t\t\t\t\t\t\t\t\t\t\t\t\t\t\t\t\t\t\t\t\t\t\t\t\t\t\t\t\t\t\t\t\t\t<li><a href=\"http:\/\/www.peterlang.com\/fr\/nos-services\/bibliotheques\/#Fournisseurs-aux-bibliotheques\">Fournisseurs aux biblioth\u00e8ques<\/a><\/li>\n\t\t\t\t\t\t\t\t\t\t\t\t\t\t\t\t\t\t\t\t\t\t\t\t\t\t\t<\/ul>\n\t\t\t\t\t\t\t\t\t\t\t\t\t<\/div>\n\t\t\t\t\t<\/div>\n\t\t\t\t\t\t\t\t\t\t\t\t\t\t<div class=\"tile-with-image\">\n\t\t\t\t\t\t<div class=\"tile__image\">\n\t\t\t\t\t\t\t<img decoding=\"async\" src=\"https:\/\/www.peterlang.com\/app\/uploads\/2021\/07\/kimberly-farmer-lUaaKCUANVI-unsplash-2-scaled.jpg\" alt=\"Pile of different coloured books.\">\n\t\t\t\t\t\t<\/div>\n\t\t\t\t\t\t<div class=\"tile tile--blue\">\n\t\t\t\t\t\t\t\t\t\t\t\t\t\t\t<a href=\"https:\/\/www.peterlang.com\/fr\/nos-services\/libraires\/\" class=\"tile__title\">Libraires<\/a>\n\t\t\t\t\t\t\t\t\t\t\t\t\t\t\t\t\t\t\t\t\t\t<ul>\n\t\t\t\t\t\t\t\t\t\t\t\t\t\t\t\t\t\t\t\t\t\t\t\t\t\t\t\t\t\t\t\t\t\t\t\t\t\t\t\t<li><a href=\"http:\/\/www.peterlang.com\/fr\/nos-services\/libraires\/#Pour-les-libraires\">Pour les libraires<\/a><\/li>\n\t\t\t\t\t\t\t\t\t\t\t\t\t\t\t\t\t\t\t\t\t\t\t\t\t\t\t\t\t\t\t\t\t\t\t\t\t\t\t\t\t\t\t\t\t\t\t\t\t\t<li><a href=\"http:\/\/www.peterlang.com\/fr\/nos-services\/libraires\/#accordion\/Agents-repr\u00e9sentants\">Agents &#038; repr\u00e9sentants<\/a><\/li>\n\t\t\t\t\t\t\t\t\t\t\t\t\t\t\t\t\t\t\t\t\t\t\t\t\t\t\t\t\t\t\t\t\t\t\t\t\t\t\t\t\t\t\t\t\t\t\t\t\t\t<li><a href=\"http:\/\/www.peterlang.com\/fr\/nos-services\/libraires\/#Distributeurs\">Distributeurs<\/a><\/li>\n\t\t\t\t\t\t\t\t\t\t\t\t\t\t\t\t\t\t\t\t\t\t\t\t\t\t\t\t\t\t\t\t\t\t\t\t\t\t\t\t\t\t\t\t\t\t\t\t\t\t<li><a href=\"http:\/\/www.peterlang.com\/fr\/nos-services\/libraires\/#accordion\/Grossistes\">Grossistes<\/a><\/li>\n\t\t\t\t\t\t\t\t\t\t\t\t\t\t\t\t\t\t\t\t\t\t\t\t\t\t\t<\/ul>\n\t\t\t\t\t\t\t\t\t\t\t\t\t<\/div>\n\t\t\t\t\t<\/div>\n\t\t\t\t\t\t\t\t\t\t\t\t\t\t<div class=\"tile-with-image\">\n\t\t\t\t\t\t<div class=\"tile__image\">\n\t\t\t\t\t\t\t<img decoding=\"async\" src=\"https:\/\/www.peterlang.com\/app\/uploads\/2021\/08\/fausto-sandoval-vlCbTrSntVU-unsplash-1-scaled.jpg\" alt=\"Woman writing in a notebook whilst sitting on a sofa. She has a kindle on her lap, and headphones plugged into her phone.\">\n\t\t\t\t\t\t<\/div>\n\t\t\t\t\t\t<div class=\"tile tile--blue\">\n\t\t\t\t\t\t\t\t\t\t\t\t\t\t\t<a href=\"https:\/\/www.peterlang.com\/fr\/nos-services\/ebooks\/\" class=\"tile__title\">ebooks<\/a>\n\t\t\t\t\t\t\t\t\t\t\t\t\t\t\t\t\t\t\t\t\t\t<ul>\n\t\t\t\t\t\t\t\t\t\t\t\t\t\t\t\t\t\t\t\t\t\t\t\t\t\t\t\t\t\t\t\t\t\t\t\t\t\t\t\t<li><a href=\"http:\/\/www.peterlang.com\/fr\/nos-services\/ebooks\/#text-and-image\/eProducts\">eProducts<\/a><\/li>\n\t\t\t\t\t\t\t\t\t\t\t\t\t\t\t\t\t\t\t\t\t\t\t\t\t\t\t\t\t\t\t\t\t\t\t\t\t\t\t\t\t\t\t\t\t\t\t\t\t\t<li><a href=\"http:\/\/www.peterlang.com\/fr\/nos-services\/ebooks\/#text-and-image\/Sites-eBooks-de-vente-aux-particuliers\">Sites eBooks de vente aux particuliers<\/a><\/li>\n\t\t\t\t\t\t\t\t\t\t\t\t\t\t\t\t\t\t\t\t\t\t\t\t\t\t\t\t\t\t\t\t\t\t\t\t\t\t\t\t\t\t\t\t\t\t\t\t\t\t<li><a href=\"http:\/\/www.peterlang.com\/fr\/nos-services\/ebooks\/#prix-des-eBooks\">Listes de prix des eBooks pour les biblioth\u00e8que<\/a><\/li>\n\t\t\t\t\t\t\t\t\t\t\t\t\t\t\t\t\t\t\t\t\t\t\t\t\t\t\t\t\t\t\t\t\t\t\t\t\t\t\t\t\t\t\t\t\t\t\t\t\t\t<li><a href=\"\/fr\/nos-services\/ebooks\/#form\/Access-Token\">Redeem an Access Token<\/a><\/li>\n\t\t\t\t\t\t\t\t\t\t\t\t\t\t\t\t\t\t\t\t\t\t\t\t\t\t\t<\/ul>\n\t\t\t\t\t\t\t\t\t\t\t\t\t<\/div>\n\t\t\t\t\t<\/div>\n\t\t\t\t\t\t\t\t\t\t\t\t\t\t<div class=\"tile-with-image\">\n\t\t\t\t\t\t<div class=\"tile__image\">\n\t\t\t\t\t\t\t<img decoding=\"async\" src=\"https:\/\/www.peterlang.com\/app\/uploads\/2021\/08\/pauline-andan-7YaVepdV6Is-unsplash-1.jpg\" alt=\"Bookshelf with an indoor seating and study area behind in the distance.\">\n\t\t\t\t\t\t<\/div>\n\t\t\t\t\t\t<div class=\"tile tile--blue\">\n\t\t\t\t\t\t\t\t\t\t\t\t\t\t\t<a href=\"https:\/\/www.peterlang.com\/fr\/nos-services\/publier-en-open-access\/\" class=\"tile__title\">Publier en Open Access<\/a>\n\t\t\t\t\t\t\t\t\t\t\t\t\t\t\t\t\t\t\t\t\t\t<ul>\n\t\t\t\t\t\t\t\t\t\t\t\t\t\t\t\t\t\t\t\t\t\t\t\t\t\t\t\t\t\t\t\t\t\t\t\t\t\t\t\t<li><a href=\"http:\/\/www.peterlang.com\/fr\/nos-services\/publier-en-open-access\/#Engagements-en-mati\u00e8re-de-transition-vers-le-Libre-acc\u00e8s\">Engagements en mati\u00e8re de transition vers le Libre acc\u00e8s<\/a><\/li>\n\t\t\t\t\t\t\t\t\t\t\t\t\t\t\t\t\t\t\t\t\t\t\t\t\t\t\t\t\t\t\t\t\t\t\t\t\t\t\t\t\t\t\t\t\t\t\t\t\t\t<li><a href=\"http:\/\/www.peterlang.com\/fr\/nos-services\/publier-en-open-access\/#Our-Solutions-for-Researchers\">Nos solutions pour les chercheurs<\/a><\/li>\n\t\t\t\t\t\t\t\t\t\t\t\t\t\t\t\t\t\t\t\t\t\t\t\t\t\t\t\t\t\t\t\t\t\t\t\t\t\t\t\t\t\t\t\t\t\t\t\t\t\t<li><a href=\"http:\/\/www.peterlang.com\/fr\/nos-services\/publier-en-open-access\/#Solutions-pour-biblioth\u00e8ques-et-organismes-de-financement\">Solutions pour biblioth\u00e8ques et organismes de financement<\/a><\/li>\n\t\t\t\t\t\t\t\t\t\t\t\t\t\t\t\t\t\t\t\t\t\t\t\t\t\t\t\t\t\t\t\t\t\t\t\t\t\t\t\t\t\t\t\t\t\t\t\t\t\t<li><a href=\"http:\/\/www.peterlang.com\/fr\/nos-services\/publier-en-open-access\/#Notre-option-Open-Access-Gold\">Notre option Open Access Gold<\/a><\/li>\n\t\t\t\t\t\t\t\t\t\t\t\t\t\t\t\t\t\t\t\t\t\t\t\t\t\t\t\t\t\t\t\t\t\t\t\t\t\t\t\t\t\t\t\t\t\t\t\t\t\t<li><a href=\"https:\/\/www.peterlang.com\/fr\/nos-services\/publier-en-open-access\/#Open-Access-et-droits-d'auteur\">Open Access et droits d\u2019auteur<\/a><\/li>\n\t\t\t\t\t\t\t\t\t\t\t\t\t\t\t\t\t\t\t\t\t\t\t\t\t\t\t\t\t\t\t\t\t\t\t\t\t\t\t\t\t\t\t\t\t\t\t\t\t\t<li><a href=\"http:\/\/www.peterlang.com\/fr\/nos-services\/publier-en-open-access\/#text-and-image\/Nos-partenaires-de-l\u2019Open-Access\">Nos partenaires de l\u2019Open Access<\/a><\/li>\n\t\t\t\t\t\t\t\t\t\t\t\t\t\t\t\t\t\t\t\t\t\t\t\t\t\t\t\t\t\t\t\t\t\t\t\t\t\t\t\t\t\t\t\t\t\t\t\t\t\t<li><a href=\"http:\/\/www.peterlang.com\/fr\/nos-services\/publier-en-open-access\/#Opportunit\u00e9s-de-financement\">Opportunit\u00e9s de financement<\/a><\/li>\n\t\t\t\t\t\t\t\t\t\t\t\t\t\t\t\t\t\t\t\t\t\t\t\t\t\t\t<\/ul>\n\t\t\t\t\t\t\t\t\t\t\t\t\t<\/div>\n\t\t\t\t\t<\/div>\n\t\t\t\t\t\t\t\t\t\t\t\t\t\t<div class=\"tile-with-image\">\n\t\t\t\t\t\t<div class=\"tile__image\">\n\t\t\t\t\t\t\t<img decoding=\"async\" src=\"https:\/\/www.peterlang.com\/app\/uploads\/2024\/07\/books-1204029_1280-768x416.jpg\" alt=\"\u00c9tag\u00e8re avec des livres\">\n\t\t\t\t\t\t<\/div>\n\t\t\t\t\t\t<div class=\"tile tile--blue\">\n\t\t\t\t\t\t\t\t\t\t\t\t\t\t\t<a href=\"https:\/\/www.peterlang.com\/fr\/nos-services\/open-eba\/\" class=\"tile__title\">Open EBA<\/a>\n\t\t\t\t\t\t\t\t\t\t\t\t\t\t\t\t\t\t\t\t\t\t<ul>\n\t\t\t\t\t\t\t\t\t\t\t\t\t\t\t\t\t\t\t\t\t\t\t\t\t\t\t\t\t\t\t\t\t\t\t\t\t\t\t\t<li><a href=\"http:\/\/www.peterlang.com\/fr\/nos-services\/open-EBA\/#Qu\u2019est-ce-qu\u2019Open-EBA-?\">Qu\u2019est-ce qu\u2019Open EBA ?<\/a><\/li>\n\t\t\t\t\t\t\t\t\t\t\t\t\t\t\t\t\t\t\t\t\t\t\t\t\t\t\t\t\t\t\t\t\t\t\t\t\t\t\t\t\t\t\t\t\t\t\t\t\t\t<li><a href=\"http:\/\/www.peterlang.com\/fr\/nos-services\/open-EBA\/#Les-avantages\">Les advantages<\/a><\/li>\n\t\t\t\t\t\t\t\t\t\t\t\t\t\t\t\t\t\t\t\t\t\t\t\t\t\t\t<\/ul>\n\t\t\t\t\t\t\t\t\t\t\t\t\t<\/div>\n\t\t\t\t\t<\/div>\n\t\t\t\t\t\t\t\t\t\t\t\t\t\t<div class=\"tile-with-image\">\n\t\t\t\t\t\t<div class=\"tile__image\">\n\t\t\t\t\t\t\t<img decoding=\"async\" src=\"https:\/\/www.peterlang.com\/app\/uploads\/2021\/08\/tim-mossholder-H6eaxcGNQbU-unsplash-1.jpg\" alt=\"Close up of a pile of newspapers, neatly held together with a piece of string.\">\n\t\t\t\t\t\t<\/div>\n\t\t\t\t\t\t<div class=\"tile tile--blue\">\n\t\t\t\t\t\t\t\t\t\t\t\t\t\t\t<a href=\"https:\/\/www.peterlang.com\/fr\/nos-services\/marketing-presse\/\" class=\"tile__title\">Marketing et press<\/a>\n\t\t\t\t\t\t\t\t\t\t\t\t\t\t\t\t\t\t\t\t\t\t<ul>\n\t\t\t\t\t\t\t\t\t\t\t\t\t\t\t\t\t\t\t\t\t\t\t\t\t\t\t\t\t\t\t\t\t\t\t\t\t\t\t\t<li><a href=\"http:\/\/www.peterlang.com\/fr\/nos-services\/marketing-presse\/#text-and-image\/service-de-presse\">Service de presse<\/a><\/li>\n\t\t\t\t\t\t\t\t\t\t\t\t\t\t\t\t\t\t\t\t\t\t\t\t\t\t\t\t\t\t\t\t\t\t\t\t\t\t\t\t\t\t\t\t\t\t\t\t\t\t<li><a href=\"http:\/\/www.peterlang.com\/fr\/nos-services\/marketing-presse\/#text-and-image\/Fonctionnement-des-exemplaires-de-recension\">Fonctionnement des exemplaires de recension<\/a><\/li>\n\t\t\t\t\t\t\t\t\t\t\t\t\t\t\t\t\t\t\t\t\t\t\t\t\t\t\t\t\t\t\t\t\t\t\t\t\t\t\t\t\t\t\t\t\t\t\t\t\t\t<li><a href=\"http:\/\/www.peterlang.com\/fr\/nos-services\/marketing-presse\/#text-and-image\/Commander-un-exemplaire-de-recension\">Commander un exemplaire de recension<\/a><\/li>\n\t\t\t\t\t\t\t\t\t\t\t\t\t\t\t\t\t\t\t\t\t\t\t\t\t\t\t\t\t\t\t\t\t\t\t\t\t\t\t\t\t\t\t\t\t\t\t\t\t\t<li><a href=\"http:\/\/www.peterlang.com\/fr\/nos-services\/marketing-presse\/#Port\u00e9e-commerciale\">Port\u00e9e commerciale<\/a><\/li>\n\t\t\t\t\t\t\t\t\t\t\t\t\t\t\t\t\t\t\t\t\t\t\t\t\t\t\t<\/ul>\n\t\t\t\t\t\t\t\t\t\t\t\t\t<\/div>\n\t\t\t\t\t<\/div>\n\t\t\t\t\t\t\t\t\t\t\t\t\t\t<div class=\"tile-with-image\">\n\t\t\t\t\t\t<div class=\"tile__image\">\n\t\t\t\t\t\t\t<img decoding=\"async\" src=\"https:\/\/www.peterlang.com\/app\/uploads\/2021\/08\/dom-fou-YRMWVcdyhmI-unsplash-1.jpg\" alt=\"Lecture theatre of scholars sitting in tiered seating in front of a projection screen.\">\n\t\t\t\t\t\t<\/div>\n\t\t\t\t\t\t<div class=\"tile tile--blue\">\n\t\t\t\t\t\t\t\t\t\t\t\t\t\t\t<a href=\"https:\/\/www.peterlang.com\/fr\/nos-services\/consultation-de-specimens\/\" class=\"tile__title\">Consultation de sp\u00e9cimens<\/a>\n\t\t\t\t\t\t\t\t\t\t\t\t\t\t\t\t\t\t\t\t\t\t<ul>\n\t\t\t\t\t\t\t\t\t\t\t\t\t\t\t\t\t\t\t\t\t\t\t\t\t\t\t\t\t\t\t\t\t\t\t\t\t\t\t\t<li><a href=\"http:\/\/www.peterlang.com\/fr\/nos-services\/consultation-de-specimens\/#les-professeurs\">les professeurs<\/a><\/li>\n\t\t\t\t\t\t\t\t\t\t\t\t\t\t\t\t\t\t\t\t\t\t\t\t\t\t\t\t\t\t\t\t\t\t\t\t\t\t\t\t\t\t\t\t\t\t\t\t\t\t<li><a href=\"http:\/\/www.peterlang.com\/fr\/nos-services\/consultation-de-specimens\/#Specimens-papier\">Specimens papier<\/a><\/li>\n\t\t\t\t\t\t\t\t\t\t\t\t\t\t\t\t\t\t\t\t\t\t\t\t\t\t\t<\/ul>\n\t\t\t\t\t\t\t\t\t\t\t\t\t<\/div>\n\t\t\t\t\t<\/div>\n\t\t\t\t\t\t\t<\/div>\n\t\t\t<\/div>\n<\/section>","protected":false},"excerpt":{"rendered":"<p>Our Services Overview We value relationships by providing excellent support to our partners for our products in the humanities and social sciences. Libraries and Booksellers can choose our titles in digital or print format by opening an account with us directly or through suppliers.&nbsp; We offer libraries a variety of business models and assistance when [&hellip;]<\/p>\n","protected":false},"author":1,"featured_media":0,"parent":0,"menu_order":0,"comment_status":"closed","ping_status":"closed","template":"","meta":{"_acf_changed":false,"content-type":"","footnotes":""},"class_list":["post-3385","page","type-page","status-publish","hentry"],"acf":[],"yoast_head":"<!-- This site is optimized with the Yoast SEO Premium plugin v24.6 (Yoast SEO v24.9) - https:\/\/yoast.com\/wordpress\/plugins\/seo\/ -->\n<title>Nos services pour auteurs et \u00e9diteurs - Peter Lang<\/title>\n<meta name=\"description\" content=\"D\u00e9couvrez l&#039;ensemble des services offerts par Peter Lang pour les auteurs, les biblioth\u00e8ques et les libraires, allant de l&#039;\u00e9dition \u00e0 la distribution, en passant par le marketing et l&#039;acc\u00e8s aux publications \u00e9lectroniques.\" \/>\n<meta name=\"robots\" content=\"index, follow, max-snippet:-1, max-image-preview:large, max-video-preview:-1\" \/>\n<link rel=\"canonical\" href=\"https:\/\/www.peterlang.com\/fr\/nos-services\/\" \/>\n<meta property=\"og:locale\" content=\"fr_FR\" \/>\n<meta property=\"og:type\" content=\"article\" \/>\n<meta property=\"og:title\" content=\"Nos services\" \/>\n<meta property=\"og:description\" content=\"D\u00e9couvrez l&#039;ensemble des services offerts par Peter Lang pour les auteurs, les biblioth\u00e8ques et les libraires, allant de l&#039;\u00e9dition \u00e0 la distribution, en passant par le marketing et l&#039;acc\u00e8s aux publications \u00e9lectroniques.\" \/>\n<meta property=\"og:url\" content=\"https:\/\/www.peterlang.com\/fr\/nos-services\/\" \/>\n<meta property=\"og:site_name\" content=\"Peter Lang\" \/>\n<meta property=\"article:modified_time\" content=\"2025-01-13T12:21:51+00:00\" \/>\n<meta name=\"twitter:card\" content=\"summary_large_image\" \/>\n<meta name=\"twitter:label1\" content=\"Est. reading time\" \/>\n\t<meta name=\"twitter:data1\" content=\"1 minute\" \/>\n<script type=\"application\/ld+json\" class=\"yoast-schema-graph\">{\"@context\":\"https:\/\/schema.org\",\"@graph\":[{\"@type\":\"WebPage\",\"@id\":\"https:\/\/www.peterlang.com\/fr\/nos-services\/\",\"url\":\"https:\/\/www.peterlang.com\/fr\/nos-services\/\",\"name\":\"Nos services pour auteurs et \u00e9diteurs - Peter Lang\",\"isPartOf\":{\"@id\":\"https:\/\/www.peterlang.com\/#website\"},\"datePublished\":\"2021-08-04T20:05:24+00:00\",\"dateModified\":\"2025-01-13T12:21:51+00:00\",\"description\":\"D\u00e9couvrez l'ensemble des services offerts par Peter Lang pour les auteurs, les biblioth\u00e8ques et les libraires, allant de l'\u00e9dition \u00e0 la distribution, en passant par le marketing et l'acc\u00e8s aux publications \u00e9lectroniques.\",\"breadcrumb\":{\"@id\":\"https:\/\/www.peterlang.com\/fr\/nos-services\/#breadcrumb\"},\"inLanguage\":\"fr-FR\",\"potentialAction\":[{\"@type\":\"ReadAction\",\"target\":[\"https:\/\/www.peterlang.com\/fr\/nos-services\/\"]}]},{\"@type\":\"BreadcrumbList\",\"@id\":\"https:\/\/www.peterlang.com\/fr\/nos-services\/#breadcrumb\",\"itemListElement\":[{\"@type\":\"ListItem\",\"position\":1,\"name\":\"Home\",\"item\":\"https:\/\/www.peterlang.com\/fr\/\"},{\"@type\":\"ListItem\",\"position\":2,\"name\":\"Nos services\"}]},{\"@type\":\"WebSite\",\"@id\":\"https:\/\/www.peterlang.com\/#website\",\"url\":\"https:\/\/www.peterlang.com\/\",\"name\":\"Peter Lang\",\"description\":\"Peter Lang specializes in the Humanities and Social Sciences, covering the complete publication spectrum from monographs to student textbooks.\",\"potentialAction\":[{\"@type\":\"SearchAction\",\"target\":{\"@type\":\"EntryPoint\",\"urlTemplate\":\"https:\/\/www.peterlang.com\/?s={search_term_string}\"},\"query-input\":{\"@type\":\"PropertyValueSpecification\",\"valueRequired\":true,\"valueName\":\"search_term_string\"}}],\"inLanguage\":\"fr-FR\"}]}<\/script>\n<!-- \/ Yoast SEO Premium plugin. -->","yoast_head_json":{"title":"Nos services pour auteurs et \u00e9diteurs - Peter Lang","description":"D\u00e9couvrez l'ensemble des services offerts par Peter Lang pour les auteurs, les biblioth\u00e8ques et les libraires, allant de l'\u00e9dition \u00e0 la distribution, en passant par le marketing et l'acc\u00e8s aux publications \u00e9lectroniques.","robots":{"index":"index","follow":"follow","max-snippet":"max-snippet:-1","max-image-preview":"max-image-preview:large","max-video-preview":"max-video-preview:-1"},"canonical":"https:\/\/www.peterlang.com\/fr\/nos-services\/","og_locale":"fr_FR","og_type":"article","og_title":"Nos services","og_description":"D\u00e9couvrez l'ensemble des services offerts par Peter Lang pour les auteurs, les biblioth\u00e8ques et les libraires, allant de l'\u00e9dition \u00e0 la distribution, en passant par le marketing et l'acc\u00e8s aux publications \u00e9lectroniques.","og_url":"https:\/\/www.peterlang.com\/fr\/nos-services\/","og_site_name":"Peter Lang","article_modified_time":"2025-01-13T12:21:51+00:00","twitter_card":"summary_large_image","twitter_misc":{"Est. reading time":"1 minute"},"schema":{"@context":"https:\/\/schema.org","@graph":[{"@type":"WebPage","@id":"https:\/\/www.peterlang.com\/fr\/nos-services\/","url":"https:\/\/www.peterlang.com\/fr\/nos-services\/","name":"Nos services pour auteurs et \u00e9diteurs - Peter Lang","isPartOf":{"@id":"https:\/\/www.peterlang.com\/#website"},"datePublished":"2021-08-04T20:05:24+00:00","dateModified":"2025-01-13T12:21:51+00:00","description":"D\u00e9couvrez l'ensemble des services offerts par Peter Lang pour les auteurs, les biblioth\u00e8ques et les libraires, allant de l'\u00e9dition \u00e0 la distribution, en passant par le marketing et l'acc\u00e8s aux publications \u00e9lectroniques.","breadcrumb":{"@id":"https:\/\/www.peterlang.com\/fr\/nos-services\/#breadcrumb"},"inLanguage":"fr-FR","potentialAction":[{"@type":"ReadAction","target":["https:\/\/www.peterlang.com\/fr\/nos-services\/"]}]},{"@type":"BreadcrumbList","@id":"https:\/\/www.peterlang.com\/fr\/nos-services\/#breadcrumb","itemListElement":[{"@type":"ListItem","position":1,"name":"Home","item":"https:\/\/www.peterlang.com\/fr\/"},{"@type":"ListItem","position":2,"name":"Nos services"}]},{"@type":"WebSite","@id":"https:\/\/www.peterlang.com\/#website","url":"https:\/\/www.peterlang.com\/","name":"Peter Lang","description":"Peter Lang specializes in the Humanities and Social Sciences, covering the complete publication spectrum from monographs to student textbooks.","potentialAction":[{"@type":"SearchAction","target":{"@type":"EntryPoint","urlTemplate":"https:\/\/www.peterlang.com\/?s={search_term_string}"},"query-input":{"@type":"PropertyValueSpecification","valueRequired":true,"valueName":"search_term_string"}}],"inLanguage":"fr-FR"}]}},"_links":{"self":[{"href":"https:\/\/www.peterlang.com\/fr\/wp-json\/wp\/v2\/pages\/3385","targetHints":{"allow":["GET"]}}],"collection":[{"href":"https:\/\/www.peterlang.com\/fr\/wp-json\/wp\/v2\/pages"}],"about":[{"href":"https:\/\/www.peterlang.com\/fr\/wp-json\/wp\/v2\/types\/page"}],"author":[{"embeddable":true,"href":"https:\/\/www.peterlang.com\/fr\/wp-json\/wp\/v2\/users\/1"}],"replies":[{"embeddable":true,"href":"https:\/\/www.peterlang.com\/fr\/wp-json\/wp\/v2\/comments?post=3385"}],"version-history":[{"count":33,"href":"https:\/\/www.peterlang.com\/fr\/wp-json\/wp\/v2\/pages\/3385\/revisions"}],"predecessor-version":[{"id":43281,"href":"https:\/\/www.peterlang.com\/fr\/wp-json\/wp\/v2\/pages\/3385\/revisions\/43281"}],"wp:attachment":[{"href":"https:\/\/www.peterlang.com\/fr\/wp-json\/wp\/v2\/media?parent=3385"}],"curies":[{"name":"wp","href":"https:\/\/api.w.org\/{rel}","templated":true}]}}