{"id":3518,"date":"2021-08-04T22:33:44","date_gmt":"2021-08-04T21:33:44","guid":{"rendered":"https:\/\/www.peterlang.com\/?page_id=3518"},"modified":"2026-03-30T14:29:56","modified_gmt":"2026-03-30T13:29:56","slug":"carrieres","status":"publish","type":"page","link":"https:\/\/www.peterlang.com\/fr\/carrieres\/","title":{"rendered":"Carri\u00e8res"},"content":{"rendered":"\n\n\r\n\r\n<div class=\"appeal-spacer  appeal-spacer--69d72f6dd87d4\" aria-hidden=\"true\">\r\n    <style>\r\n        .appeal-spacer--69d72f6dd87d4 { height: 100px; }<!--\r\n        -->@media (max-width: 1919px) {\r\n            .appeal-spacer--69d72f6dd87d4 { height: 100px; }\r\n        }<!--\r\n        -->@media (max-width: 1023px) {\r\n            .appeal-spacer--69d72f6dd87d4 { height: 75px; }\r\n        }<!--\r\n        -->@media (max-width: 599px) {\r\n            .appeal-spacer--69d72f6dd87d4 { height: 50px; }\r\n        }\r\n    <\/style>\r\n<\/div>\r\n\n\n\n<h2 class=\"wp-block-heading\" id=\"h-offres-d-emploi\">Offres d\u2019emploi<\/h2>\n\n\n\n\n<section class=\"tiles-section remove-spacing\">\n\t<div class=\"tiles__container\">\n\t\t\t\t\t<div class=\"tiles \">\n\t\t\t\t\t\t\t\t\t\t\t\t\t\t <a href=\"https:\/\/wkf.ms\/4s1qMb6\" class=\"tile\">\n\t\t\t\t\t\t\t\t\t\t\t\t\t<h3 class=\"tile__title\">Associate Lawyer Corporate In-house Publishing<\/h3>\n\t\t\t\t\t\t\t<p class=\"tile__description\">We are seeking a corporate in-house lawyer with a dynamic personality and strong communication skills to deal with a variety of legal requests. You will prepare and review contracts, prepare documents and answer legal requests. You will support team members of different departments to ensure their requirements are reflected in our legal documents. You will work closely with external lawyers and legal advisors in different areas.<\/p>\n\t\t\t\t\t\t\t <\/a>\n\t\t\t\t\t\t\t\t\t\t\t\t\t\t\t\t <a href=\"https:\/\/wkf.ms\/4euloYk\" class=\"tile\">\n\t\t\t\t\t\t\t\t\t\t\t\t\t<h3 class=\"tile__title\">Publishing Success Manager- German<\/h3>\n\t\t\t\t\t\t\t<p class=\"tile__description\">In dieser Funktion sind Sie f\u00fcr eine erfolgreiche Autorenbeziehung und Buchproduktion, von der Manuskript\u00fcbermittlung bis zur Ver\u00f6ffentlichung, verantwortlich. Sie fungieren als Bindeglied zwischen Autor:in und verschiedenen Abteilungen (Lektorat, Design, Distribution, Marketing usw.) und stellen die rechtzeitige Erbringung unserer Leistungen, die Einhaltung des Publikationszeitplans und die Zufriedenheit unserer Autor:innen sicher. Sie sind in der Lage gleichzeitig verschiedenste gleichzeitige Buchproduktionen zu koordinieren und voranzutreiben. Ihre proaktive und l\u00f6sungsorientierte Arbeitsweise kommt Ihnen dabei zur Hilfe. Sie werden von uns geschult und eingef\u00fchrt, verf\u00fcgen aber bereits \u00fcber solide Grundkenntnisse in der Buchproduktion und im Projektmanagement.<\/p>\n\t\t\t\t\t\t\t <\/a>\n\t\t\t\t\t\t\t\t\t\t\t\t\t\t\t\t <a href=\"https:\/\/wkf.ms\/3IfVP2m\" class=\"tile\">\n\t\t\t\t\t\t\t\t\t\t\t\t\t<h3 class=\"tile__title\">Publishing Assistant &#8211; Chinese<\/h3>\n\t\t\t\t\t\t\t<p class=\"tile__description\">We are looking for a Publishing Assistant with Chinese to join us in supporting the preparation of our publishing projects for production. You will guide authors through manuscript preparation and submission, coordinate peer reviews, check manuscripts for quality, and keep project data accurate in our ERP system. You will work closely with colleagues in various departments, and should have a proactive, critical-thinking approach to managing your work. Training and support will be given, but a self-starter approach is very welcome.<\/p>\n\t\t\t\t\t\t\t <\/a>\n\t\t\t\t\t\t\t\t\t\t\t\t\t\t\t\t <a href=\"https:\/\/wkf.ms\/47fq8zJ\" class=\"tile\">\n\t\t\t\t\t\t\t\t\t\t\t\t\t<h3 class=\"tile__title\">Publishing Success Intern &#8211; French\/ Spanish<\/h3>\n\t\t\t\t\t\t\t<p class=\"tile__description\">We are looking for a Publishing Success Intern with French and Spanish to support our Publishing Success team. In this role, you will support project coordination, perform quality control on manuscripts and materials, and facilitate multilingual communication between authors, service providers, and internal departments. Training and support will be given, but a solid book production knowledge and experience, and project management skills are required.<\/p>\n\t\t\t\t\t\t\t <\/a>\n\t\t\t\t\t\t\t\t\t\t\t\t\t\t\t\t <a href=\"https:\/\/wkf.ms\/4h4qbBZ\" class=\"tile\">\n\t\t\t\t\t\t\t\t\t\t\t\t\t<h3 class=\"tile__title\">Publishing Success Intern &#8211; German<\/h3>\n\t\t\t\t\t\t\t<p class=\"tile__description\">We are looking for a Publishing Success Intern with German to support our Publishing Success team. In this role, you will support project coordination, perform quality control on manuscripts and materials, and facilitate multilingual communication between authors, service providers, and internal departments. Training and support will be given, but a solid book production knowledge and experience, and project management skills are required. <\/p>\n\t\t\t\t\t\t\t <\/a>\n\t\t\t\t\t\t\t\t\t\t\t\t\t\t\t\t <a href=\"https:\/\/wkf.ms\/41E893j\" class=\"tile\">\n\t\t\t\t\t\t\t\t\t\t\t\t\t<h3 class=\"tile__title\">Open Application<\/h3>\n\t\t\t\t\t\t\t<p class=\"tile__description\">Are you interested to work with Peter Lang? You can spontaneously apply with this form.  Share your CV and describe the role you are interested in. We will get back to you.<\/p>\n\t\t\t\t\t\t\t <\/a>\n\t\t\t\t\t\t\t<\/div>\n<\/div>\n<\/section>\n\n\n\r\n\r\n<div class=\"appeal-spacer  appeal-spacer--69d72f6dd8f54\" aria-hidden=\"true\">\r\n    <style>\r\n        .appeal-spacer--69d72f6dd8f54 { height: 75px; }<!--\r\n        -->@media (max-width: 1919px) {\r\n            .appeal-spacer--69d72f6dd8f54 { height: 75px; }\r\n        }<!--\r\n        -->@media (max-width: 1023px) {\r\n            .appeal-spacer--69d72f6dd8f54 { height: 75px; }\r\n        }<!--\r\n        -->@media (max-width: 599px) {\r\n            .appeal-spacer--69d72f6dd8f54 { height: 50px; }\r\n        }\r\n    <\/style>\r\n<\/div>\r\n","protected":false},"excerpt":{"rendered":"<p>Offres d\u2019emploi<\/p>\n","protected":false},"author":1,"featured_media":0,"parent":0,"menu_order":0,"comment_status":"closed","ping_status":"closed","template":"","meta":{"_acf_changed":false,"content-type":"","footnotes":""},"class_list":["post-3518","page","type-page","status-publish","hentry"],"acf":[],"yoast_head":"<!-- This site is optimized with the Yoast SEO Premium plugin v24.6 (Yoast SEO v24.9) - https:\/\/yoast.com\/wordpress\/plugins\/seo\/ -->\n<title>Carri\u00e8res - Peter Lang<\/title>\n<meta name=\"description\" content=\"D\u00e9couvrez les opportunit\u00e9s de carri\u00e8re chez Peter Lang, une maison d&#039;\u00e9dition internationale. Rejoignez notre \u00e9quipe et contribuez \u00e0 fa\u00e7onner l&#039;avenir de l&#039;\u00e9dition acad\u00e9mique.\" \/>\n<meta name=\"robots\" content=\"index, follow, max-snippet:-1, max-image-preview:large, max-video-preview:-1\" \/>\n<link rel=\"canonical\" href=\"https:\/\/www.peterlang.com\/fr\/carrieres\/\" \/>\n<meta property=\"og:locale\" content=\"fr_FR\" \/>\n<meta property=\"og:type\" content=\"article\" \/>\n<meta property=\"og:title\" content=\"Carri\u00e8res\" \/>\n<meta property=\"og:description\" content=\"D\u00e9couvrez les opportunit\u00e9s de carri\u00e8re chez Peter Lang, une maison d&#039;\u00e9dition internationale. Rejoignez notre \u00e9quipe et contribuez \u00e0 fa\u00e7onner l&#039;avenir de l&#039;\u00e9dition acad\u00e9mique.\" \/>\n<meta property=\"og:url\" content=\"https:\/\/www.peterlang.com\/fr\/carrieres\/\" \/>\n<meta property=\"og:site_name\" content=\"Peter Lang\" \/>\n<meta property=\"article:modified_time\" content=\"2026-03-30T13:29:56+00:00\" \/>\n<meta name=\"twitter:card\" content=\"summary_large_image\" \/>\n<meta name=\"twitter:label1\" content=\"Est. reading time\" \/>\n\t<meta name=\"twitter:data1\" content=\"1 minute\" \/>\n<script type=\"application\/ld+json\" class=\"yoast-schema-graph\">{\"@context\":\"https:\/\/schema.org\",\"@graph\":[{\"@type\":\"WebPage\",\"@id\":\"https:\/\/www.peterlang.com\/fr\/carrieres\/\",\"url\":\"https:\/\/www.peterlang.com\/fr\/carrieres\/\",\"name\":\"Carri\u00e8res - Peter Lang\",\"isPartOf\":{\"@id\":\"https:\/\/www.peterlang.com\/#website\"},\"datePublished\":\"2021-08-04T21:33:44+00:00\",\"dateModified\":\"2026-03-30T13:29:56+00:00\",\"description\":\"D\u00e9couvrez les opportunit\u00e9s de carri\u00e8re chez Peter Lang, une maison d'\u00e9dition internationale. Rejoignez notre \u00e9quipe et contribuez \u00e0 fa\u00e7onner l'avenir de l'\u00e9dition acad\u00e9mique.\",\"breadcrumb\":{\"@id\":\"https:\/\/www.peterlang.com\/fr\/carrieres\/#breadcrumb\"},\"inLanguage\":\"fr-FR\",\"potentialAction\":[{\"@type\":\"ReadAction\",\"target\":[\"https:\/\/www.peterlang.com\/fr\/carrieres\/\"]}]},{\"@type\":\"BreadcrumbList\",\"@id\":\"https:\/\/www.peterlang.com\/fr\/carrieres\/#breadcrumb\",\"itemListElement\":[{\"@type\":\"ListItem\",\"position\":1,\"name\":\"Home\",\"item\":\"https:\/\/www.peterlang.com\/fr\/\"},{\"@type\":\"ListItem\",\"position\":2,\"name\":\"Carri\u00e8res\"}]},{\"@type\":\"WebSite\",\"@id\":\"https:\/\/www.peterlang.com\/#website\",\"url\":\"https:\/\/www.peterlang.com\/\",\"name\":\"Peter Lang\",\"description\":\"Peter Lang specializes in the Humanities and Social Sciences, covering the complete publication spectrum from monographs to student textbooks.\",\"potentialAction\":[{\"@type\":\"SearchAction\",\"target\":{\"@type\":\"EntryPoint\",\"urlTemplate\":\"https:\/\/www.peterlang.com\/?s={search_term_string}\"},\"query-input\":{\"@type\":\"PropertyValueSpecification\",\"valueRequired\":true,\"valueName\":\"search_term_string\"}}],\"inLanguage\":\"fr-FR\"}]}<\/script>\n<!-- \/ Yoast SEO Premium plugin. -->","yoast_head_json":{"title":"Carri\u00e8res - Peter Lang","description":"D\u00e9couvrez les opportunit\u00e9s de carri\u00e8re chez Peter Lang, une maison d'\u00e9dition internationale. Rejoignez notre \u00e9quipe et contribuez \u00e0 fa\u00e7onner l'avenir de l'\u00e9dition acad\u00e9mique.","robots":{"index":"index","follow":"follow","max-snippet":"max-snippet:-1","max-image-preview":"max-image-preview:large","max-video-preview":"max-video-preview:-1"},"canonical":"https:\/\/www.peterlang.com\/fr\/carrieres\/","og_locale":"fr_FR","og_type":"article","og_title":"Carri\u00e8res","og_description":"D\u00e9couvrez les opportunit\u00e9s de carri\u00e8re chez Peter Lang, une maison d'\u00e9dition internationale. Rejoignez notre \u00e9quipe et contribuez \u00e0 fa\u00e7onner l'avenir de l'\u00e9dition acad\u00e9mique.","og_url":"https:\/\/www.peterlang.com\/fr\/carrieres\/","og_site_name":"Peter Lang","article_modified_time":"2026-03-30T13:29:56+00:00","twitter_card":"summary_large_image","twitter_misc":{"Est. reading time":"1 minute"},"schema":{"@context":"https:\/\/schema.org","@graph":[{"@type":"WebPage","@id":"https:\/\/www.peterlang.com\/fr\/carrieres\/","url":"https:\/\/www.peterlang.com\/fr\/carrieres\/","name":"Carri\u00e8res - Peter Lang","isPartOf":{"@id":"https:\/\/www.peterlang.com\/#website"},"datePublished":"2021-08-04T21:33:44+00:00","dateModified":"2026-03-30T13:29:56+00:00","description":"D\u00e9couvrez les opportunit\u00e9s de carri\u00e8re chez Peter Lang, une maison d'\u00e9dition internationale. Rejoignez notre \u00e9quipe et contribuez \u00e0 fa\u00e7onner l'avenir de l'\u00e9dition acad\u00e9mique.","breadcrumb":{"@id":"https:\/\/www.peterlang.com\/fr\/carrieres\/#breadcrumb"},"inLanguage":"fr-FR","potentialAction":[{"@type":"ReadAction","target":["https:\/\/www.peterlang.com\/fr\/carrieres\/"]}]},{"@type":"BreadcrumbList","@id":"https:\/\/www.peterlang.com\/fr\/carrieres\/#breadcrumb","itemListElement":[{"@type":"ListItem","position":1,"name":"Home","item":"https:\/\/www.peterlang.com\/fr\/"},{"@type":"ListItem","position":2,"name":"Carri\u00e8res"}]},{"@type":"WebSite","@id":"https:\/\/www.peterlang.com\/#website","url":"https:\/\/www.peterlang.com\/","name":"Peter Lang","description":"Peter Lang specializes in the Humanities and Social Sciences, covering the complete publication spectrum from monographs to student textbooks.","potentialAction":[{"@type":"SearchAction","target":{"@type":"EntryPoint","urlTemplate":"https:\/\/www.peterlang.com\/?s={search_term_string}"},"query-input":{"@type":"PropertyValueSpecification","valueRequired":true,"valueName":"search_term_string"}}],"inLanguage":"fr-FR"}]}},"_links":{"self":[{"href":"https:\/\/www.peterlang.com\/fr\/wp-json\/wp\/v2\/pages\/3518","targetHints":{"allow":["GET"]}}],"collection":[{"href":"https:\/\/www.peterlang.com\/fr\/wp-json\/wp\/v2\/pages"}],"about":[{"href":"https:\/\/www.peterlang.com\/fr\/wp-json\/wp\/v2\/types\/page"}],"author":[{"embeddable":true,"href":"https:\/\/www.peterlang.com\/fr\/wp-json\/wp\/v2\/users\/1"}],"replies":[{"embeddable":true,"href":"https:\/\/www.peterlang.com\/fr\/wp-json\/wp\/v2\/comments?post=3518"}],"version-history":[{"count":66,"href":"https:\/\/www.peterlang.com\/fr\/wp-json\/wp\/v2\/pages\/3518\/revisions"}],"predecessor-version":[{"id":56603,"href":"https:\/\/www.peterlang.com\/fr\/wp-json\/wp\/v2\/pages\/3518\/revisions\/56603"}],"wp:attachment":[{"href":"https:\/\/www.peterlang.com\/fr\/wp-json\/wp\/v2\/media?parent=3518"}],"curies":[{"name":"wp","href":"https:\/\/api.w.org\/{rel}","templated":true}]}}