{"id":3563,"date":"2021-08-05T18:00:47","date_gmt":"2021-08-05T17:00:47","guid":{"rendered":"https:\/\/www.peterlang.com\/?page_id=3563"},"modified":"2025-03-19T19:06:18","modified_gmt":"2025-03-19T19:06:18","slug":"catalogues","status":"publish","type":"page","link":"https:\/\/www.peterlang.com\/fr\/catalogues\/","title":{"rendered":"Catalogues"},"content":{"rendered":"\n\n\n\n\n<section class=\"tiles-section tile-section--with-images has-background\">\n\t<div class=\"tiles__container\">\n\t\t\t\t\t<div class=\"tiles tiles--with-image\">\n\t\t\t\t\t\t\t\t\t\t\t\t\t\t<div class=\"tile-with-image\">\n\t\t\t\t\t\t<div class=\"tile__image\">\n\t\t\t\t\t\t\t<img decoding=\"async\" src=\"https:\/\/www.peterlang.com\/app\/uploads\/2021\/07\/maarten-van-den-heuvel-8EzNkvLQosk-unsplash-scaled.jpg\" alt=\"Colourful books on a shelf\">\n\t\t\t\t\t\t<\/div>\n\t\t\t\t\t\t<div class=\"tile tile--blue\">\n\t\t\t\t\t\t\t\t\t\t\t\t\t\t\t<a href=\"https:\/\/www.peterlang.com\/fr\/catalogues\/nouvelles-parutions-du-mois\/\" class=\"tile__title\">Nouvelles parutions du mois<\/a>\n\t\t\t\t\t\t\t\t\t\t\t\t\t\t\t\t\t\t\t\t\t\t<ul>\n\t\t\t\t\t\t\t\t\t\t\t\t\t\t\t\t\t\t\t\t\t\t\t\t\t\t\t\t\t\t\t\t\t\t\t\t\t\t\t\t<li><a href=\"https:\/\/www.peterlang.com\/fr\/catalogues\/nouvelles-parutions-du-mois\/#Nouvelles-parutions-du-f\u00e9vrier-2025\">Nouvelles parutions du f\u00e9vrier 2025<\/a><\/li>\n\t\t\t\t\t\t\t\t\t\t\t\t\t\t\t\t\t\t\t\t\t\t\t\t\t\t\t\t\t\t\t\t\t\t\t\t\t\t\t\t\t\t\t\t\t\t\t\t\t\t<li><a href=\"https:\/\/www.peterlang.com\/fr\/catalogues\/nouvelles-parutions-du-mois\/#Nouvelles-parutions-du-janvier-2025\">Nouvelles parutions du janvier 2025<\/a><\/li>\n\t\t\t\t\t\t\t\t\t\t\t\t\t\t\t\t\t\t\t\t\t\t\t\t\t\t\t\t\t\t\t\t\t\t\t\t\t\t\t\t\t\t\t\t\t\t\t\t\t\t<li><a href=\"https:\/\/www.peterlang.com\/catalogues\/new-publications\/#Nouvelles-parutions-du-d%C3%A9cembre-2024\">Nouvelles parutions du d\u00e9cembre 2024<\/a><\/li>\n\t\t\t\t\t\t\t\t\t\t\t\t\t\t\t\t\t\t\t\t\t\t\t\t\t\t\t\t\t\t\t\t\t\t\t\t\t\t\t\t\t\t\t\t\t\t\t\t\t\t<li><a href=\"https:\/\/www.peterlang.com\/fr\/catalogues\/nouvelles-parutions-du-mois\/#Nouvelles-parutions-du-novembre-2024\">Nouvelles parutions du novembre 2024<\/a><\/li>\n\t\t\t\t\t\t\t\t\t\t\t\t\t\t\t\t\t\t\t\t\t\t\t\t\t\t\t\t\t\t\t\t\t\t\t\t\t\t\t\t\t\t\t\t\t\t\t\t\t\t<li><a href=\"https:\/\/www.peterlang.com\/fr\/catalogues\/nouvelles-parutions-du-mois\/#Nouvelles-parutions-du-octobre-2024\">Nouvelles parutions du octobre 2024<\/a><\/li>\n\t\t\t\t\t\t\t\t\t\t\t\t\t\t\t\t\t\t\t\t\t\t\t\t\t\t\t\t\t\t\t\t\t\t\t\t\t\t\t\t\t\t\t\t\t\t\t\t\t\t<li><a href=\"https:\/\/www.peterlang.com\/fr\/catalogues\/nouvelles-parutions-du-mois\/#Nouvelles-parutions-du-septembre-2024\">Nouvelles parutions du septembre 2024<\/a><\/li>\n\t\t\t\t\t\t\t\t\t\t\t\t\t\t\t\t\t\t\t\t\t\t\t\t\t\t\t\t\t\t\t\t\t\t\t\t\t\t\t\t\t\t\t\t\t\t\t\t\t\t<li><a href=\"https:\/\/www.peterlang.com\/catalogues\/new-publications\/#Nouvelles-parutions-du-ao\u00fbt-2024\">Nouvelles parutions du ao\u00fbt 2024<\/a><\/li>\n\t\t\t\t\t\t\t\t\t\t\t\t\t\t\t\t\t\t\t\t\t\t\t\t\t\t\t<\/ul>\n\t\t\t\t\t\t\t\t\t\t\t\t\t<\/div>\n\t\t\t\t\t<\/div>\n\t\t\t\t\t\t\t\t\t\t\t\t\t\t<div class=\"tile-with-image\">\n\t\t\t\t\t\t<div class=\"tile__image\">\n\t\t\t\t\t\t\t<img decoding=\"async\" src=\"https:\/\/www.peterlang.com\/app\/uploads\/2021\/08\/hannah-grace-Los9FHOLZfo-unsplash-1.jpg\" alt=\"Ladder in an old bookshop with shelves full of books\">\n\t\t\t\t\t\t<\/div>\n\t\t\t\t\t\t<div class=\"tile tile--blue\">\n\t\t\t\t\t\t\t\t\t\t\t\t\t\t\t<a href=\"https:\/\/www.peterlang.com\/fr\/catalogues\/catalogues-thematiques\/\" class=\"tile__title\">Catalogues th\u00e9matiques<\/a>\n\t\t\t\t\t\t\t\t\t\t\t\t\t\t\t\t\t\t\t\t\t\t<ul>\n\t\t\t\t\t\t\t\t\t\t\t\t\t\t\t\t\t\t\t\t\t\t\t\t\t\t\t\t\t\t\t\t\t\t\t\t\t\t\t\t<li><a href=\"https:\/\/www.peterlang.com\/fr\/catalogues\/catalogues-thematiques\/#Law-2025\">Law 2025<\/a><\/li>\n\t\t\t\t\t\t\t\t\t\t\t\t\t\t\t\t\t\t\t\t\t\t\t\t\t\t\t\t\t\t\t\t\t\t\t\t\t\t\t\t\t\t\t\t\t\t\t\t\t\t<li><a href=\"https:\/\/www.peterlang.com\/fr\/catalogues\/catalogues-thematiques\/#European-Studies-2025\">European Studies 2025<\/a><\/li>\n\t\t\t\t\t\t\t\t\t\t\t\t\t\t\t\t\t\t\t\t\t\t\t\t\t\t\t\t\t\t\t\t\t\t\t\t\t\t\t\t\t\t\t\t\t\t\t\t\t\t<li><a href=\"https:\/\/www.peterlang.com\/fr\/catalogues\/catalogues-thematiques\/#Education-2025\">Education 2025<\/a><\/li>\n\t\t\t\t\t\t\t\t\t\t\t\t\t\t\t\t\t\t\t\t\t\t\t\t\t\t\t\t\t\t\t\t\t\t\t\t\t\t\t\t\t\t\t\t\t\t\t\t\t\t<li><a href=\"https:\/\/www.peterlang.com\/fr\/catalogues\/catalogues-thematiques\/#Romance-Studies-2025\">Romance Studies 2025<\/a><\/li>\n\t\t\t\t\t\t\t\t\t\t\t\t\t\t\t\t\t\t\t\t\t\t\t\t\t\t\t\t\t\t\t\t\t\t\t\t\t\t\t\t\t\t\t\t\t\t\t\t\t\t<li><a href=\"https:\/\/www.peterlang.com\/fr\/catalogues\/catalogues-thematiques\/#Economics-and-Management-2025\">Economics and Management 2025<\/a><\/li>\n\t\t\t\t\t\t\t\t\t\t\t\t\t\t\t\t\t\t\t\t\t\t\t\t\t\t\t\t\t\t\t\t\t\t\t\t\t\t\t\t\t\t\t\t\t\t\t\t\t\t<li><a href=\"https:\/\/www.peterlang.com\/fr\/catalogues\/catalogues-thematiques\/#History-2025\">History 2025<\/a><\/li>\n\t\t\t\t\t\t\t\t\t\t\t\t\t\t\t\t\t\t\t\t\t\t\t\t\t\t\t\t\t\t\t\t\t\t\t\t\t\t\t\t\t\t\t\t\t\t\t\t\t\t<li><a href=\"https:\/\/www.peterlang.com\/fr\/catalogues\/catalogues-thematiques\/#English-Studies-2024\">English Studies 2024<\/a><\/li>\n\t\t\t\t\t\t\t\t\t\t\t\t\t\t\t\t\t\t\t\t\t\t\t\t\t\t\t\t\t\t\t\t\t\t\t\t\t\t\t\t\t\t\t\t\t\t\t\t\t\t<li><a href=\"https:\/\/www.peterlang.com\/fr\/catalogues\/catalogues-thematiques\/#Political-Science-2024\">Political Science 2024<\/a><\/li>\n\t\t\t\t\t\t\t\t\t\t\t\t\t\t\t\t\t\t\t\t\t\t\t\t\t\t\t\t\t\t\t\t\t\t\t\t\t\t\t\t\t\t\t\t\t\t\t\t\t\t<li><a href=\"https:\/\/www.peterlang.com\/fr\/catalogues\/catalogues-thematiques\/#Media-&#038;-Communication-2024\">Media &#038; Communication 2024<\/a><\/li>\n\t\t\t\t\t\t\t\t\t\t\t\t\t\t\t\t\t\t\t\t\t\t\t\t\t\t\t\t\t\t\t\t\t\t\t\t\t\t\t\t\t\t\t\t\t\t\t\t\t\t<li><a href=\"https:\/\/www.peterlang.com\/fr\/catalogues\/catalogues-thematiques\/#Philosophy-2024\">Philosophy 2024<\/a><\/li>\n\t\t\t\t\t\t\t\t\t\t\t\t\t\t\t\t\t\t\t\t\t\t\t\t\t\t\t\t\t\t\t\t\t\t\t\t\t\t\t\t\t\t\t\t\t\t\t\t\t\t<li><a href=\"https:\/\/www.peterlang.com\/fr\/catalogues\/catalogues-thematiques\/#Cultural-Studies-2024\">Cultural Studies 2024<\/a><\/li>\n\t\t\t\t\t\t\t\t\t\t\t\t\t\t\t\t\t\t\t\t\t\t\t\t\t\t\t\t\t\t\t\t\t\t\t\t\t\t\t\t\t\t\t\t\t\t\t\t\t\t<li><a href=\"https:\/\/www.peterlang.com\/fr\/catalogues\/catalogues-thematiques\/#The-Arts-2024\">The Arts 2024<\/a><\/li>\n\t\t\t\t\t\t\t\t\t\t\t\t\t\t\t\t\t\t\t\t\t\t\t\t\t\t\t\t\t\t\t\t\t\t\t\t\t\t\t\t\t\t\t\t\t\t\t\t\t\t<li><a href=\"https:\/\/www.peterlang.com\/fr\/catalogues\/catalogues-thematiques\/#Germanistik\/-German-Studies-2024\">Germanistik\/ German Studies 2024<\/a><\/li>\n\t\t\t\t\t\t\t\t\t\t\t\t\t\t\t\t\t\t\t\t\t\t\t\t\t\t\t\t\t\t\t\t\t\t\t\t\t\t\t\t\t\t\t\t\t\t\t\t\t\t<li><a href=\"https:\/\/www.peterlang.com\/fr\/catalogues\/catalogues-thematiques\/#Linguistics-and-Translation-Studies-2024\">Linguistics and Translation Studies 2024<\/a><\/li>\n\t\t\t\t\t\t\t\t\t\t\t\t\t\t\t\t\t\t\t\t\t\t\t\t\t\t\t\t\t\t\t\t\t\t\t\t\t\t\t\t\t\t\t\t\t\t\t\t\t\t<li><a href=\"https:\/\/www.peterlang.com\/fr\/catalogues\/catalogues-thematiques\/#Theology-2024\">Theology 2024<\/a><\/li>\n\t\t\t\t\t\t\t\t\t\t\t\t\t\t\t\t\t\t\t\t\t\t\t\t\t\t\t<\/ul>\n\t\t\t\t\t\t\t\t\t\t\t\t\t<\/div>\n\t\t\t\t\t<\/div>\n\t\t\t\t\t\t\t\t\t\t\t\t\t\t<div class=\"tile-with-image\">\n\t\t\t\t\t\t<div class=\"tile__image\">\n\t\t\t\t\t\t\t<img decoding=\"async\" src=\"https:\/\/www.peterlang.com\/app\/uploads\/2021\/07\/catalogs-2754663_1920-1-e1627315176926.jpg\" alt=\"Close up of a pile of grey books.\">\n\t\t\t\t\t\t<\/div>\n\t\t\t\t\t\t<div class=\"tile tile--blue\">\n\t\t\t\t\t\t\t\t\t\t\t\t\t\t\t<a href=\"https:\/\/www.peterlang.com\/fr\/catalogues\/catalogues-textbook\/\" class=\"tile__title\">Catalogues \u00abCoursebook\u00bb<\/a>\n\t\t\t\t\t\t\t\t\t\t\t\t\t\t\t\t\t\t\t\t\t\t<ul>\n\t\t\t\t\t\t\t\t\t\t\t\t\t\t\t\t\t\t\t\t\t\t\t\t\t\t\t\t\t\t\t\t\t\t\t\t\t\t\t\t<li><a href=\"https:\/\/www.peterlang.com\/fr\/catalogues\/catalogues-textbook\/#Fall-2024-Multidisciplinary-Coursebook-Catalogue\">Automne 2024 Multidisciplinary Coursebook Catalogue<\/a><\/li>\n\t\t\t\t\t\t\t\t\t\t\t\t\t\t\t\t\t\t\t\t\t\t\t\t\t\t\t\t\t\t\t\t\t\t\t\t\t\t\t\t\t\t\t\t\t\t\t\t\t\t<li><a href=\"https:\/\/www.peterlang.com\/fr\/catalogues\/catalogues-textbook\/#Fall-2023-Multidisciplinary-Coursebook-Catalogue\">Automne 2023 Multidisciplinary Coursebook Catalogue<\/a><\/li>\n\t\t\t\t\t\t\t\t\t\t\t\t\t\t\t\t\t\t\t\t\t\t\t\t\t\t\t\t\t\t\t\t\t\t\t\t\t\t\t\t\t\t\t\t\t\t\t\t\t\t<li><a href=\"https:\/\/www.peterlang.com\/fr\/catalogues\/catalogues-textbook\/#Spring-2023-Multidisciplinary-Coursebook-Catalogue\">Printemps 2023 Multidisciplinary Coursebook Catalogue<\/a><\/li>\n\t\t\t\t\t\t\t\t\t\t\t\t\t\t\t\t\t\t\t\t\t\t\t\t\t\t\t<\/ul>\n\t\t\t\t\t\t\t\t\t\t\t\t\t<\/div>\n\t\t\t\t\t<\/div>\n\t\t\t\t\t\t\t\t\t\t\t\t\t\t<div class=\"tile-with-image\">\n\t\t\t\t\t\t<div class=\"tile__image\">\n\t\t\t\t\t\t\t<img decoding=\"async\" src=\"https:\/\/www.peterlang.com\/app\/uploads\/2021\/07\/pexels-brotin-biswas-518543-scaled.jpg\" alt=\"Pile of book and newspaper pages on a table\">\n\t\t\t\t\t\t<\/div>\n\t\t\t\t\t\t<div class=\"tile tile--blue\">\n\t\t\t\t\t\t\t\t\t\t\t\t\t\t\t<a href=\"https:\/\/www.peterlang.com\/fr\/catalogues\/autre-materiel-de-promotion\/\" class=\"tile__title\">Autre mat\u00e9riel de promotion<\/a>\n\t\t\t\t\t\t\t\t\t\t\t\t\t\t\t\t\t\t\t\t\t\t<ul>\n\t\t\t\t\t\t\t\t\t\t\t\t\t\t\t\t\t\t\t\t\t\t\t\t\t\t\t\t\t\t\t\t\t\t\t\t\t\t\t\t<li><a href=\"https:\/\/www.peterlang.com\/fr\/catalogues\/autre-materiel-de-promotion\/#Rights-Catalogue-Spring-2025\">Rights Catalogue Spring 2025<\/a><\/li>\n\t\t\t\t\t\t\t\t\t\t\t\t\t\t\t\t\t\t\t\t\t\t\t\t\t\t\t\t\t\t\t\t\t\t\t\t\t\t\t\t\t\t\t\t\t\t\t\t\t\t<li><a href=\"https:\/\/www.peterlang.com\/fr\/catalogues\/autre-materiel-de-promotion\/#Diversity,-Equity-and-Inclusion-2024\">Diversity, Equity and Inclusion 2024<\/a><\/li>\n\t\t\t\t\t\t\t\t\t\t\t\t\t\t\t\t\t\t\t\t\t\t\t\t\t\t\t\t\t\t\t\t\t\t\t\t\t\t\t\t\t\t\t\t\t\t\t\t\t\t<li><a href=\"https:\/\/www.peterlang.com\/fr\/catalogues\/autre-materiel-de-promotion\/#Environmental-Studies-2024\">Environmental Studies 2024<\/a><\/li>\n\t\t\t\t\t\t\t\t\t\t\t\t\t\t\t\t\t\t\t\t\t\t\t\t\t\t\t\t\t\t\t\t\t\t\t\t\t\t\t\t\t\t\t\t\t\t\t\t\t\t<li><a href=\"https:\/\/www.peterlang.com\/fr\/catalogues\/autre-materiel-de-promotion\/#Rights-Catalogue-Summer\/Fall-2024\">Rights Catalogue Summer\/Fall 2024<\/a><\/li>\n\t\t\t\t\t\t\t\t\t\t\t\t\t\t\t\t\t\t\t\t\t\t\t\t\t\t\t\t\t\t\t\t\t\t\t\t\t\t\t\t\t\t\t\t\t\t\t\t\t\t<li><a href=\"https:\/\/www.peterlang.com\/fr\/catalogues\/autre-materiel-de-promotion\/#French-Language-Catalogue-2023\">French Language Catalogue 2023<\/a><\/li>\n\t\t\t\t\t\t\t\t\t\t\t\t\t\t\t\t\t\t\t\t\t\t\t\t\t\t\t<\/ul>\n\t\t\t\t\t\t\t\t\t\t\t\t\t<\/div>\n\t\t\t\t\t<\/div>\n\t\t\t\t\t\t\t<\/div>\n\t\t\t<\/div>\n<\/section>\n\n\n<p><\/p>\n","protected":false},"excerpt":{"rendered":"","protected":false},"author":1,"featured_media":0,"parent":0,"menu_order":0,"comment_status":"closed","ping_status":"closed","template":"","meta":{"_acf_changed":false,"content-type":"","footnotes":""},"class_list":["post-3563","page","type-page","status-publish","hentry"],"acf":[],"yoast_head":"<!-- This site is optimized with the Yoast SEO Premium plugin v24.6 (Yoast SEO v24.9) - https:\/\/yoast.com\/wordpress\/plugins\/seo\/ -->\n<title>Aper\u00e7u des Catalogues - Peter Lang<\/title>\n<meta name=\"description\" content=\"Consultez les catalogues de Peter Lang pour obtenir des listes d\u00e9taill\u00e9es des nouvelles publications et des collections th\u00e9matiques dans diverses disciplines.\" \/>\n<meta name=\"robots\" content=\"index, follow, max-snippet:-1, max-image-preview:large, max-video-preview:-1\" \/>\n<link rel=\"canonical\" href=\"https:\/\/www.peterlang.com\/fr\/catalogues\/\" \/>\n<meta property=\"og:locale\" content=\"fr_FR\" \/>\n<meta property=\"og:type\" content=\"article\" \/>\n<meta property=\"og:title\" content=\"Catalogues\" \/>\n<meta property=\"og:description\" content=\"Consultez les catalogues de Peter Lang pour obtenir des listes d\u00e9taill\u00e9es des nouvelles publications et des collections th\u00e9matiques dans diverses disciplines.\" \/>\n<meta property=\"og:url\" content=\"https:\/\/www.peterlang.com\/fr\/catalogues\/\" \/>\n<meta property=\"og:site_name\" content=\"Peter Lang\" \/>\n<meta property=\"article:modified_time\" content=\"2025-03-19T19:06:18+00:00\" \/>\n<meta name=\"twitter:card\" content=\"summary_large_image\" \/>\n<script type=\"application\/ld+json\" class=\"yoast-schema-graph\">{\"@context\":\"https:\/\/schema.org\",\"@graph\":[{\"@type\":\"WebPage\",\"@id\":\"https:\/\/www.peterlang.com\/fr\/catalogues\/\",\"url\":\"https:\/\/www.peterlang.com\/fr\/catalogues\/\",\"name\":\"Aper\u00e7u des Catalogues - Peter Lang\",\"isPartOf\":{\"@id\":\"https:\/\/www.peterlang.com\/#website\"},\"datePublished\":\"2021-08-05T17:00:47+00:00\",\"dateModified\":\"2025-03-19T19:06:18+00:00\",\"description\":\"Consultez les catalogues de Peter Lang pour obtenir des listes d\u00e9taill\u00e9es des nouvelles publications et des collections th\u00e9matiques dans diverses disciplines.\",\"breadcrumb\":{\"@id\":\"https:\/\/www.peterlang.com\/fr\/catalogues\/#breadcrumb\"},\"inLanguage\":\"fr-FR\",\"potentialAction\":[{\"@type\":\"ReadAction\",\"target\":[\"https:\/\/www.peterlang.com\/fr\/catalogues\/\"]}]},{\"@type\":\"BreadcrumbList\",\"@id\":\"https:\/\/www.peterlang.com\/fr\/catalogues\/#breadcrumb\",\"itemListElement\":[{\"@type\":\"ListItem\",\"position\":1,\"name\":\"Home\",\"item\":\"https:\/\/www.peterlang.com\/fr\/\"},{\"@type\":\"ListItem\",\"position\":2,\"name\":\"Catalogues\"}]},{\"@type\":\"WebSite\",\"@id\":\"https:\/\/www.peterlang.com\/#website\",\"url\":\"https:\/\/www.peterlang.com\/\",\"name\":\"Peter Lang\",\"description\":\"Peter Lang specializes in the Humanities and Social Sciences, covering the complete publication spectrum from monographs to student textbooks.\",\"potentialAction\":[{\"@type\":\"SearchAction\",\"target\":{\"@type\":\"EntryPoint\",\"urlTemplate\":\"https:\/\/www.peterlang.com\/?s={search_term_string}\"},\"query-input\":{\"@type\":\"PropertyValueSpecification\",\"valueRequired\":true,\"valueName\":\"search_term_string\"}}],\"inLanguage\":\"fr-FR\"}]}<\/script>\n<!-- \/ Yoast SEO Premium plugin. -->","yoast_head_json":{"title":"Aper\u00e7u des Catalogues - Peter Lang","description":"Consultez les catalogues de Peter Lang pour obtenir des listes d\u00e9taill\u00e9es des nouvelles publications et des collections th\u00e9matiques dans diverses disciplines.","robots":{"index":"index","follow":"follow","max-snippet":"max-snippet:-1","max-image-preview":"max-image-preview:large","max-video-preview":"max-video-preview:-1"},"canonical":"https:\/\/www.peterlang.com\/fr\/catalogues\/","og_locale":"fr_FR","og_type":"article","og_title":"Catalogues","og_description":"Consultez les catalogues de Peter Lang pour obtenir des listes d\u00e9taill\u00e9es des nouvelles publications et des collections th\u00e9matiques dans diverses disciplines.","og_url":"https:\/\/www.peterlang.com\/fr\/catalogues\/","og_site_name":"Peter Lang","article_modified_time":"2025-03-19T19:06:18+00:00","twitter_card":"summary_large_image","schema":{"@context":"https:\/\/schema.org","@graph":[{"@type":"WebPage","@id":"https:\/\/www.peterlang.com\/fr\/catalogues\/","url":"https:\/\/www.peterlang.com\/fr\/catalogues\/","name":"Aper\u00e7u des Catalogues - Peter Lang","isPartOf":{"@id":"https:\/\/www.peterlang.com\/#website"},"datePublished":"2021-08-05T17:00:47+00:00","dateModified":"2025-03-19T19:06:18+00:00","description":"Consultez les catalogues de Peter Lang pour obtenir des listes d\u00e9taill\u00e9es des nouvelles publications et des collections th\u00e9matiques dans diverses disciplines.","breadcrumb":{"@id":"https:\/\/www.peterlang.com\/fr\/catalogues\/#breadcrumb"},"inLanguage":"fr-FR","potentialAction":[{"@type":"ReadAction","target":["https:\/\/www.peterlang.com\/fr\/catalogues\/"]}]},{"@type":"BreadcrumbList","@id":"https:\/\/www.peterlang.com\/fr\/catalogues\/#breadcrumb","itemListElement":[{"@type":"ListItem","position":1,"name":"Home","item":"https:\/\/www.peterlang.com\/fr\/"},{"@type":"ListItem","position":2,"name":"Catalogues"}]},{"@type":"WebSite","@id":"https:\/\/www.peterlang.com\/#website","url":"https:\/\/www.peterlang.com\/","name":"Peter Lang","description":"Peter Lang specializes in the Humanities and Social Sciences, covering the complete publication spectrum from monographs to student textbooks.","potentialAction":[{"@type":"SearchAction","target":{"@type":"EntryPoint","urlTemplate":"https:\/\/www.peterlang.com\/?s={search_term_string}"},"query-input":{"@type":"PropertyValueSpecification","valueRequired":true,"valueName":"search_term_string"}}],"inLanguage":"fr-FR"}]}},"_links":{"self":[{"href":"https:\/\/www.peterlang.com\/fr\/wp-json\/wp\/v2\/pages\/3563","targetHints":{"allow":["GET"]}}],"collection":[{"href":"https:\/\/www.peterlang.com\/fr\/wp-json\/wp\/v2\/pages"}],"about":[{"href":"https:\/\/www.peterlang.com\/fr\/wp-json\/wp\/v2\/types\/page"}],"author":[{"embeddable":true,"href":"https:\/\/www.peterlang.com\/fr\/wp-json\/wp\/v2\/users\/1"}],"replies":[{"embeddable":true,"href":"https:\/\/www.peterlang.com\/fr\/wp-json\/wp\/v2\/comments?post=3563"}],"version-history":[{"count":249,"href":"https:\/\/www.peterlang.com\/fr\/wp-json\/wp\/v2\/pages\/3563\/revisions"}],"predecessor-version":[{"id":44069,"href":"https:\/\/www.peterlang.com\/fr\/wp-json\/wp\/v2\/pages\/3563\/revisions\/44069"}],"wp:attachment":[{"href":"https:\/\/www.peterlang.com\/fr\/wp-json\/wp\/v2\/media?parent=3563"}],"curies":[{"name":"wp","href":"https:\/\/api.w.org\/{rel}","templated":true}]}}