{"id":3576,"date":"2021-08-05T18:14:54","date_gmt":"2021-08-05T17:14:54","guid":{"rendered":"https:\/\/www.peterlang.com\/?page_id=3576"},"modified":"2026-02-24T21:27:15","modified_gmt":"2026-02-24T21:27:15","slug":"a-propos","status":"publish","type":"page","link":"https:\/\/www.peterlang.com\/fr\/a-propos\/","title":{"rendered":"\u00c0 propos"},"content":{"rendered":"\n\n\r\n\r\n<div class=\"appeal-spacer  appeal-spacer--69d58ec3045b2\" aria-hidden=\"true\">\r\n    <style>\r\n        .appeal-spacer--69d58ec3045b2 { height: 50px; }<!--\r\n        -->@media (max-width: 1919px) {\r\n            .appeal-spacer--69d58ec3045b2 { height: 50px; }\r\n        }<!--\r\n        -->@media (max-width: 1023px) {\r\n            .appeal-spacer--69d58ec3045b2 { height: 25px; }\r\n        }<!--\r\n        -->@media (max-width: 599px) {\r\n            .appeal-spacer--69d58ec3045b2 { height: 25px; }\r\n        }\r\n    <\/style>\r\n<\/div>\r\n\n\n\r\n\r\n<section data-loaded class=\"tam tam--ltr\" data-block=\"appeal\/text-and-image\">\r\n  <div class=\"tam__container\">\r\n    <div class=\"tam__content\">\r\n              <div class=\"tam__image\">\r\n                      <img decoding=\"async\" src=\"https:\/\/www.peterlang.com\/app\/uploads\/2021\/07\/anastasia-zhenina-6hVbn-iMrdA-unsplash-scaled.jpg\" alt=\"Open book on a table\">\r\n                  <\/div>\r\n          <\/div>\r\n\r\n    <div class=\"tam__block wysiwyg\">\r\n      \n\n<h2 class=\"wp-block-heading\" id=\"h-a-propos-de-peter-lang-nbsp-group\">\u00c0 propos de Peter Lang&nbsp;Group<\/h2>\n\n\n\n<p>Nous publions plus de 1 400 titres par an en allemand, anglais et fran\u00e7ais, ainsi que dans de nombreuses autres langues, allant des produits imprim\u00e9s traditionnels aux livres \u00e9lectroniques et aux publications en libre acc\u00e8s.<\/p>\n\n\n\n<p>Nous nous consacrons \u00e0 offrir des services d&#8217;\u00e9dition de haute qualit\u00e9 aux \u00e9tablissements d&#8217;enseignement sup\u00e9rieur et aux acad\u00e9miciens, avec un engagement total en faveur de la diffusion mondiale de la recherche universitaire.&nbsp;&nbsp;<\/p>\n\n\n\n<p>Le si\u00e8ge social \u00e0 Lausanne, en Suisse, est le centre de gestion et d&#8217;administration du groupe. Notre \u00e9quipe d&#8217;\u00e9diteurs charg\u00e9s de l&#8217;acquisition de nouveaux titres est bas\u00e9e en Europe continentale, India et dans les r\u00e9gions anglo-am\u00e9ricaines, avec des bureaux \u00e0 Berlin, New York, Oxford, Bruxelles, Chennai et des sites de soutien \u00e0 Vienne, Dublin, Varsovie et Istanbul. Nous travaillons avec les auteurs au niveau local et distribuons nos publications au niveau mondial.&nbsp;<\/p>\n\n\r\n\r\n          <\/div>\r\n  <\/div>\r\n<\/section>\n\n\r\n\r\n<section data-loaded class=\"tam tam--rtl\" data-block=\"appeal\/text-and-image\">\r\n  <div class=\"tam__container\">\r\n    <div class=\"tam__content\">\r\n              <div class=\"tam__image\">\r\n                      <img decoding=\"async\" src=\"https:\/\/www.peterlang.com\/app\/uploads\/2021\/07\/pexels-cottonbro-6334870-scaled.jpg\" alt=\"People in a library sat on different desks reading\">\r\n                  <\/div>\r\n          <\/div>\r\n\r\n    <div class=\"tam__block wysiwyg\">\r\n      \n\n<h2 class=\"wp-block-heading\" id=\"h-declaration-d-intention-nbsp\">D\u00e9claration d&#8217;intention&nbsp;<\/h2>\n\n\n\n<p>Pour les universitaires en sciences humaines et sociales, nous sommes des diffuseurs de recherches universitaires de qualit\u00e9 qui permettent aux auteurs passionn\u00e9s d&#8217;atteindre des lecteurs enthousiastes. Nous nous effor\u00e7ons de le faire plus rapidement qu&#8217;anticip\u00e9 et avec une qualit\u00e9 sup\u00e9rieure \u00e0 celle esp\u00e9r\u00e9e, car nous le faisons depuis plus de 50 ans et sommes pr\u00e9par\u00e9s pour les 50 prochaines ann\u00e9es. Nous croyons en ce que nous faisons, ce qui conduit \u00e0 une croissance positive pour les auteurs, les lecteurs et les employ\u00e9s.&nbsp;&nbsp;<\/p>\n\n\r\n\r\n          <\/div>\r\n  <\/div>\r\n<\/section>\n\n\r\n\r\n<section data-loaded class=\"tam tam--ltr\" data-block=\"appeal\/text-and-image\">\r\n  <div class=\"tam__container\">\r\n    <div class=\"tam__content\">\r\n              <div class=\"tam__image\">\r\n                      <img decoding=\"async\" src=\"https:\/\/www.peterlang.com\/app\/uploads\/2021\/07\/pexels-polina-zimmerman-3747593-scaled.jpg\" alt=\"Library full of loads of colourful books, with a table and reading area\">\r\n                  <\/div>\r\n          <\/div>\r\n\r\n    <div class=\"tam__block wysiwyg\">\r\n      \n\n<h2 class=\"wp-block-heading\" id=\"h-histoire-de-l-entreprise-nbsp\">Histoire de l&#8217;entreprise&nbsp;<\/h2>\n\n\n\n<p>En 1970, l&#8217;homme d&#8217;affaires suisse Peter Lang fondait Peter Lang GmbH \u00e0 Francfort-sur-le-Main, faisant de cette soci\u00e9t\u00e9 un \u00e9diteur r\u00e9put\u00e9 dans le domaine de la recherche en sciences humaines et sociales. Son expertise en mati\u00e8re d&#8217;\u00e9dition, fruit de la collaboration avec son p\u00e8re, l&#8217;\u00e9diteur et libraire bernois Herbert Lang, ainsi que son propre dynamisme et son esprit d&#8217;initiative, conduisirent \u00e0 la croissance rapide de la soci\u00e9t\u00e9.&nbsp;<\/p>\n\n\n\n<p>Les r\u00e9seaux internationaux et les relations de travail \u00e9troites avec les auteurs furent au c\u0153ur de son activit\u00e9. Au fil des ans, d&#8217;autres bureaux ouvrirent dans des centres universitaires du monde entier.&nbsp;&nbsp;<\/p>\n\n\r\n\r\n          <\/div>\r\n  <\/div>\r\n<\/section>\n\n\n\n<section class=\"team__section \" data-block=\"appeal\/team\">\n\t<div class=\"team__container\">\n\t\t<h1 class=\"team__title\">\u00c9quipe de direction mondiale<\/h1>\n\t\t\t\t\t<p class=\"team__intro\"> <\/p>\n\t\t\t\t\t\t\t<div class=\"team-members\">\n\t\t\t\t\t\t\t\t\t\t\t\t\t\t<div class=\"team-member\">\n\t\t\t\t\t\t<div class=\"team-member__image\">\n\t\t\t\t\t\t\t<img decoding=\"async\" src=\"https:\/\/www.peterlang.com\/app\/uploads\/2021\/08\/Arnaud-Begle.jpg\" alt=\"\">\n\t\t\t\t\t\t<\/div>\n\t\t\t\t\t\t<div class=\"team-member__text\">\n\t\t\t\t\t\t\t<h3 class=\"team-member__title\">Arnaud B\u00e9gl\u00e9<\/h3>\n\t\t\t\t\t\t\t<h4 class=\"team-member__role\">Chief Executive Officer<\/h4>\n\t\t\t\t\t\t\t<button class=\"team-member__link\">Click here for more info<\/button>\n\t\t\t\t\t\t<\/div>\n\n\t\t\t\t\t\t<div class=\"modal\">\n\t\t\t\t\t\t\t<div class=\"modal__container\">\n\t\t\t\t\t\t\t\t<div class=\"modal__container-inner\">\n\t\t\t\t\t\t\t\t\t<button class=\"modal__close\">\n\t\t\t\t\t\t\t\t\t\t<div class=\"modal__close-inner\"><\/div>\n\t\t\t\t\t\t\t\t\t<\/button>\n\t\t\t\t\t\t\t\t\t<div class=\"modal__image\">\n\t\t\t\t\t\t\t\t\t\t<img decoding=\"async\" src=\"https:\/\/www.peterlang.com\/app\/uploads\/2021\/08\/Arnaud-Begle.jpg\" alt=\"\">\n\t\t\t\t\t\t\t\t\t<\/div>\n\t\t\t\t\t\t\t\t\t<div class=\"modal__content\">\n\t\t\t\t\t\t\t\t\t\t<h3 class=\"modal__title\">Arnaud B\u00e9gl\u00e9<\/h3>\n\t\t\t\t\t\t\t\t\t\t<h4 class=\"modal__role\">Chief Executive Officer<\/h4>\n\t\t\t\t\t\t\t\t\t\t<p class=\"modal__description\">Arnaud B\u00e9gl\u00e9 joined Peter Lang&#8217;s Board of Directors in March 2015 and became CEO of the Peter Lang Publishing Group in December 2018. In this role, he manages and oversees all six companies: Peter Lang AG, Peter Lang Copyright AG, Peter Lang GmbH, Peter Lang Inc., Peter Lang Ltd, Peter Lang S.A.<\/p>\n\n\t\t\t\t\t\t\t\t\t\t<div class=\"share\">\n\t\t\t\t\t\t\t\t\t\t\t<div class=\"share-icons\">\n\t\t\t\t\t\t\t\t\t\t\t\t\t\t\t\t\t\t\t\t\t\t\t\t\t\t\t\t\t\t\t\t\t\t\t\t\t\t\t\t\t\t\t\t\t\t\t\t\t\t\t\t\t\t\t\t\t\t\t<\/div>\n\t\t\t\t\t\t\t\t\t\t<\/div>\n\t\t\t\t\t\t\t\t\t<\/div>\n\t\t\t\t\t\t\t\t<\/div>\n\t\t\t\t\t\t\t<\/div>\n\t\t\t\t\t\t<\/div>\n\t\t\t\t\t<\/div>\n\t\t\t\t\t\t\t\t\t\t\t\t\t\t<div class=\"team-member\">\n\t\t\t\t\t\t<div class=\"team-member__image\">\n\t\t\t\t\t\t\t<img decoding=\"async\" src=\"https:\/\/www.peterlang.com\/app\/uploads\/2021\/07\/PatriciaClayton2.jpg\" alt=\"\">\n\t\t\t\t\t\t<\/div>\n\t\t\t\t\t\t<div class=\"team-member__text\">\n\t\t\t\t\t\t\t<h3 class=\"team-member__title\">Patricia Mulrane Clayton<\/h3>\n\t\t\t\t\t\t\t<h4 class=\"team-member__role\">Global Sales and Marketing Director<\/h4>\n\t\t\t\t\t\t\t<button class=\"team-member__link\">Click here for more info<\/button>\n\t\t\t\t\t\t<\/div>\n\n\t\t\t\t\t\t<div class=\"modal\">\n\t\t\t\t\t\t\t<div class=\"modal__container\">\n\t\t\t\t\t\t\t\t<div class=\"modal__container-inner\">\n\t\t\t\t\t\t\t\t\t<button class=\"modal__close\">\n\t\t\t\t\t\t\t\t\t\t<div class=\"modal__close-inner\"><\/div>\n\t\t\t\t\t\t\t\t\t<\/button>\n\t\t\t\t\t\t\t\t\t<div class=\"modal__image\">\n\t\t\t\t\t\t\t\t\t\t<img decoding=\"async\" src=\"https:\/\/www.peterlang.com\/app\/uploads\/2021\/07\/PatriciaClayton2.jpg\" alt=\"\">\n\t\t\t\t\t\t\t\t\t<\/div>\n\t\t\t\t\t\t\t\t\t<div class=\"modal__content\">\n\t\t\t\t\t\t\t\t\t\t<h3 class=\"modal__title\">Patricia Mulrane Clayton<\/h3>\n\t\t\t\t\t\t\t\t\t\t<h4 class=\"modal__role\">Global Sales and Marketing Director<\/h4>\n\t\t\t\t\t\t\t\t\t\t<p class=\"modal__description\">Patricia is Global Sales and Marketing Director and has been with Peter Lang Inc. since 1997, most recently as Executive Editor and Publisher of the US Education list and previously North American Sales &#038; Marketing Director. Prior to joining Peter Lang Inc, Patricia worked at Macmillan Library Reference and holds a B.A. in media studies from Wagner College.<\/p>\n\n\t\t\t\t\t\t\t\t\t\t<div class=\"share\">\n\t\t\t\t\t\t\t\t\t\t\t<div class=\"share-icons\">\n\t\t\t\t\t\t\t\t\t\t\t\t\t\t\t\t\t\t\t\t\t\t\t\t\t\t\t\t\t\t\t\t\t\t\t\t\t\t\t\t\t\t\t\t\t\t\t\t\t\t\t\t\t\t\t\t\t\t\t\t\t<a href=\"mailto:P.Mulrane@peterlang.com?&#038;subject=Patricia Mulrane Clayton : Global Sales and Marketing Director\" target=\"_blank\" class=\"share-icon\">\n\t\t\t\t\t\t\t\t\t\t\t\t\t\t<svg id=\"Group_7\" data-name=\"Group 7\" xmlns=\"http:\/\/www.w3.org\/2000\/svg\" width=\"28\" height=\"19\" viewBox=\"0 0 28 19\">\r\n  <path id=\"Path\" d=\"M26.25,0H1.75A1.609,1.609,0,0,0,0,1.412v.8L14,7,28,2.214v-.8A1.609,1.609,0,0,0,26.25,0Z\" fill=\"#2a2382\"\/>\r\n  <path id=\"Path-2\" data-name=\"Path\" d=\"M14.341,5.941a.846.846,0,0,1-.683,0L0,0V13.2A1.775,1.775,0,0,0,1.75,15h24.5A1.775,1.775,0,0,0,28,13.2V0Z\" transform=\"translate(0 4)\" fill=\"#2a2382\"\/>\r\n<\/svg>\r\n\t\t\t\t\t\t\t\t\t\t\t\t\t<\/a>\n\t\t\t\t\t\t\t\t\t\t\t\t\t\t\t\t\t\t\t\t\t\t\t<\/div>\n\t\t\t\t\t\t\t\t\t\t<\/div>\n\t\t\t\t\t\t\t\t\t<\/div>\n\t\t\t\t\t\t\t\t<\/div>\n\t\t\t\t\t\t\t<\/div>\n\t\t\t\t\t\t<\/div>\n\t\t\t\t\t<\/div>\n\t\t\t\t\t\t\t<\/div>\n\t\t\t<\/div>\n<\/section>\n\n\r\n<section data-loaded class=\"events-carousel events-carousel--orange\">\r\n  <div class=\"events-carousel__container\">\r\n    <img decoding=\"async\" class=\"events-carousel__background\" src=\"https:\/\/www.peterlang.com\/app\/themes\/peter-lang\/images\/patterns\/block-pattern.png\" alt=\"block background\">\r\n          <h3 class=\"events-carousel__title\">Actualit\u00e9s<\/h3>\r\n              <p class=\"events-carousel__text\">D\u00e9couvrez les \u00e9v\u00e9nements et manifestations de notre soci\u00e9t\u00e9<\/p>\r\n              <div class=\"events-carousel__news\">\r\n                            <div class=\"events-carousel__item\">\r\n            <a class=\"events-carousel__link\" href=\"https:\/\/www.peterlang.com\/the-american-journalist-in-the-digital-age-wins-sigma-delta-chi-award\/\"><\/a>\r\n                          <h4 class=\"events-carousel__post-title\">&#8216;The American Journalist in the Digital Age&#8217; wins Sigma Delta Chi Award<\/h4>\r\n                        <div class=\"events-carousel__footer\">\r\n                              <p class=\"events-carousel__category\">Awards<\/p>\r\n                <i><\/i>\r\n                            <p class=\"events-carousel__date\">Apr 30th, 2018<\/p>\r\n            <\/div>\r\n          <\/div>\r\n                            <div class=\"events-carousel__item\">\r\n            <a class=\"events-carousel__link\" href=\"https:\/\/www.peterlang.com\/volunteering-and-communication-receives-distinguished-edited-book-award\/\"><\/a>\r\n                          <h4 class=\"events-carousel__post-title\">&#8216;Volunteering and Communication&#8217; receives Distinguished Edited Book Award<\/h4>\r\n                        <div class=\"events-carousel__footer\">\r\n                              <p class=\"events-carousel__category\">Awards<\/p>\r\n                <i><\/i>\r\n                            <p class=\"events-carousel__date\">Dec 4th, 2017<\/p>\r\n            <\/div>\r\n          <\/div>\r\n                            <div class=\"events-carousel__item\">\r\n            <a class=\"events-carousel__link\" href=\"https:\/\/www.peterlang.com\/women-in-german-literature-series-broadens-its-focus\/\"><\/a>\r\n                          <h4 class=\"events-carousel__post-title\">\u2018Women in German Literature\u2019 series broadens its focus<\/h4>\r\n                        <div class=\"events-carousel__footer\">\r\n                              <p class=\"events-carousel__category\">Company News<\/p>\r\n                <i><\/i>\r\n                            <p class=\"events-carousel__date\">Apr 25th, 2018<\/p>\r\n            <\/div>\r\n          <\/div>\r\n                            <div class=\"events-carousel__item\">\r\n            <a class=\"events-carousel__link\" href=\"https:\/\/www.peterlang.com\/media-ecology-wins-2018-marshall-mcluhan-award-for-outstanding-book\/\"><\/a>\r\n                          <h4 class=\"events-carousel__post-title\">\u201cMedia Ecology\u201d wins 2018 Marshall McLuhan Award for Outstanding Book<\/h4>\r\n                        <div class=\"events-carousel__footer\">\r\n                              <p class=\"events-carousel__category\">Awards<\/p>\r\n                <i><\/i>\r\n                            <p class=\"events-carousel__date\">Jul 13th, 2018<\/p>\r\n            <\/div>\r\n          <\/div>\r\n                            <div class=\"events-carousel__item\">\r\n            <a class=\"events-carousel__link\" href=\"https:\/\/www.peterlang.com\/sir-david-nairne-shortlisted-for-the-2018-saltire-society-literary-awards\/\"><\/a>\r\n                          <h4 class=\"events-carousel__post-title\">\u00abSir David Nairne\u00bb shortlisted for the 2018 Saltire Society Literary Awards<\/h4>\r\n                        <div class=\"events-carousel__footer\">\r\n                              <p class=\"events-carousel__category\">Awards<\/p>\r\n                <i><\/i>\r\n                            <p class=\"events-carousel__date\">Oct 26th, 2018<\/p>\r\n            <\/div>\r\n          <\/div>\r\n                            <div class=\"events-carousel__item\">\r\n            <a class=\"events-carousel__link\" href=\"https:\/\/www.peterlang.com\/staatenlexikon-afrika-erstauflage-nach-sechs-monaten-vergriffen\/\"><\/a>\r\n                          <h4 class=\"events-carousel__post-title\">\u00abStaatenlexikon Afrika\u00bb: Erstauflage nach sechs Monaten vergriffen<\/h4>\r\n                        <div class=\"events-carousel__footer\">\r\n                              <p class=\"events-carousel__category\">Company News<\/p>\r\n                <i><\/i>\r\n                            <p class=\"events-carousel__date\">Dec 1st, 2016<\/p>\r\n            <\/div>\r\n          <\/div>\r\n                            <div class=\"events-carousel__item\">\r\n            <a class=\"events-carousel__link\" href=\"https:\/\/www.peterlang.com\/1390-open-access-books-now-available-on-peter-lang\/\"><\/a>\r\n                          <h4 class=\"events-carousel__post-title\">1390+ Open Access books now available on www.peterlang.com<\/h4>\r\n                        <div class=\"events-carousel__footer\">\r\n                              <p class=\"events-carousel__category\">Company News<\/p>\r\n                <i><\/i>\r\n                            <p class=\"events-carousel__date\">Oct 9th, 2018<\/p>\r\n            <\/div>\r\n          <\/div>\r\n                            <div class=\"events-carousel__item\">\r\n            <a class=\"events-carousel__link\" href=\"https:\/\/www.peterlang.com\/2017-peter-lang-young-scholars-competition-launches\/\"><\/a>\r\n                          <h4 class=\"events-carousel__post-title\">2017 Peter Lang Young Scholars Competition launches<\/h4>\r\n                        <div class=\"events-carousel__footer\">\r\n                              <p class=\"events-carousel__category\">Competitions<\/p>\r\n                <i><\/i>\r\n                            <p class=\"events-carousel__date\">May 4th, 2017<\/p>\r\n            <\/div>\r\n          <\/div>\r\n              <\/div>\r\n              <div class=\"events-carousel__button\">\r\n          <span><svg xmlns=\"http:\/\/www.w3.org\/2000\/svg\" width=\"13\" height=\"14\" viewBox=\"0 0 13 14\"><g><g><path fill=\"#2a2382\" d=\"M8.832 7.022L5.976 9.94a.564.564 0 0 1-.808 0 .591.591 0 0 1 0-.825L7.62 6.61 5.168 4.106a.591.591 0 0 1 0-.825.563.563 0 0 1 .808 0l2.856 2.917a.591.591 0 0 1 0 .824zM6.5.11A6.507 6.507 0 0 0 0 6.61c0 3.584 2.916 6.5 6.5 6.5s6.5-2.916 6.5-6.5S10.084.11 6.5.11z\"\/><\/g><\/g><\/svg><\/span>\r\n          <a href=\"http:\/\/www.peterlang.com\/news\/\">Voir plus<\/a>\r\n        <\/div>\r\n            <\/div>\r\n<\/section>","protected":false},"excerpt":{"rendered":"","protected":false},"author":1,"featured_media":0,"parent":0,"menu_order":0,"comment_status":"closed","ping_status":"closed","template":"","meta":{"_acf_changed":false,"content-type":"","footnotes":""},"class_list":["post-3576","page","type-page","status-publish","hentry"],"acf":[],"yoast_head":"<!-- This site is optimized with the Yoast SEO Premium plugin v24.6 (Yoast SEO v24.9) - https:\/\/yoast.com\/wordpress\/plugins\/seo\/ -->\n<title>\u00c0 propos de Peter Lang Group<\/title>\n<meta name=\"description\" content=\"D\u00e9couvrez la mission, l\u2019histoire et l\u2019engagement de Peter Lang \u00e0 publier des ouvrages acad\u00e9miques de haute qualit\u00e9 dans une gamme de disciplines.\" \/>\n<meta name=\"robots\" content=\"index, follow, max-snippet:-1, max-image-preview:large, max-video-preview:-1\" \/>\n<link rel=\"canonical\" href=\"https:\/\/www.peterlang.com\/fr\/a-propos\/\" \/>\n<meta property=\"og:locale\" content=\"fr_FR\" \/>\n<meta property=\"og:type\" content=\"article\" \/>\n<meta property=\"og:title\" content=\"\u00c0 propos\" \/>\n<meta property=\"og:description\" content=\"D\u00e9couvrez la mission, l\u2019histoire et l\u2019engagement de Peter Lang \u00e0 publier des ouvrages acad\u00e9miques de haute qualit\u00e9 dans une gamme de disciplines.\" \/>\n<meta property=\"og:url\" content=\"https:\/\/www.peterlang.com\/fr\/a-propos\/\" \/>\n<meta property=\"og:site_name\" content=\"Peter Lang\" \/>\n<meta property=\"article:modified_time\" content=\"2026-02-24T21:27:15+00:00\" \/>\n<meta name=\"twitter:card\" content=\"summary_large_image\" \/>\n<meta name=\"twitter:label1\" content=\"Est. reading time\" \/>\n\t<meta name=\"twitter:data1\" content=\"2 minutes\" \/>\n<script type=\"application\/ld+json\" class=\"yoast-schema-graph\">{\"@context\":\"https:\/\/schema.org\",\"@graph\":[{\"@type\":\"WebPage\",\"@id\":\"https:\/\/www.peterlang.com\/fr\/a-propos\/\",\"url\":\"https:\/\/www.peterlang.com\/fr\/a-propos\/\",\"name\":\"\u00c0 propos de Peter Lang Group\",\"isPartOf\":{\"@id\":\"https:\/\/www.peterlang.com\/#website\"},\"datePublished\":\"2021-08-05T17:14:54+00:00\",\"dateModified\":\"2026-02-24T21:27:15+00:00\",\"description\":\"D\u00e9couvrez la mission, l\u2019histoire et l\u2019engagement de Peter Lang \u00e0 publier des ouvrages acad\u00e9miques de haute qualit\u00e9 dans une gamme de disciplines.\",\"breadcrumb\":{\"@id\":\"https:\/\/www.peterlang.com\/fr\/a-propos\/#breadcrumb\"},\"inLanguage\":\"fr-FR\",\"potentialAction\":[{\"@type\":\"ReadAction\",\"target\":[\"https:\/\/www.peterlang.com\/fr\/a-propos\/\"]}]},{\"@type\":\"BreadcrumbList\",\"@id\":\"https:\/\/www.peterlang.com\/fr\/a-propos\/#breadcrumb\",\"itemListElement\":[{\"@type\":\"ListItem\",\"position\":1,\"name\":\"Home\",\"item\":\"https:\/\/www.peterlang.com\/fr\/\"},{\"@type\":\"ListItem\",\"position\":2,\"name\":\"\u00c0 propos\"}]},{\"@type\":\"WebSite\",\"@id\":\"https:\/\/www.peterlang.com\/#website\",\"url\":\"https:\/\/www.peterlang.com\/\",\"name\":\"Peter Lang\",\"description\":\"Peter Lang specializes in the Humanities and Social Sciences, covering the complete publication spectrum from monographs to student textbooks.\",\"potentialAction\":[{\"@type\":\"SearchAction\",\"target\":{\"@type\":\"EntryPoint\",\"urlTemplate\":\"https:\/\/www.peterlang.com\/?s={search_term_string}\"},\"query-input\":{\"@type\":\"PropertyValueSpecification\",\"valueRequired\":true,\"valueName\":\"search_term_string\"}}],\"inLanguage\":\"fr-FR\"}]}<\/script>\n<!-- \/ Yoast SEO Premium plugin. -->","yoast_head_json":{"title":"\u00c0 propos de Peter Lang Group","description":"D\u00e9couvrez la mission, l\u2019histoire et l\u2019engagement de Peter Lang \u00e0 publier des ouvrages acad\u00e9miques de haute qualit\u00e9 dans une gamme de disciplines.","robots":{"index":"index","follow":"follow","max-snippet":"max-snippet:-1","max-image-preview":"max-image-preview:large","max-video-preview":"max-video-preview:-1"},"canonical":"https:\/\/www.peterlang.com\/fr\/a-propos\/","og_locale":"fr_FR","og_type":"article","og_title":"\u00c0 propos","og_description":"D\u00e9couvrez la mission, l\u2019histoire et l\u2019engagement de Peter Lang \u00e0 publier des ouvrages acad\u00e9miques de haute qualit\u00e9 dans une gamme de disciplines.","og_url":"https:\/\/www.peterlang.com\/fr\/a-propos\/","og_site_name":"Peter Lang","article_modified_time":"2026-02-24T21:27:15+00:00","twitter_card":"summary_large_image","twitter_misc":{"Est. reading time":"2 minutes"},"schema":{"@context":"https:\/\/schema.org","@graph":[{"@type":"WebPage","@id":"https:\/\/www.peterlang.com\/fr\/a-propos\/","url":"https:\/\/www.peterlang.com\/fr\/a-propos\/","name":"\u00c0 propos de Peter Lang Group","isPartOf":{"@id":"https:\/\/www.peterlang.com\/#website"},"datePublished":"2021-08-05T17:14:54+00:00","dateModified":"2026-02-24T21:27:15+00:00","description":"D\u00e9couvrez la mission, l\u2019histoire et l\u2019engagement de Peter Lang \u00e0 publier des ouvrages acad\u00e9miques de haute qualit\u00e9 dans une gamme de disciplines.","breadcrumb":{"@id":"https:\/\/www.peterlang.com\/fr\/a-propos\/#breadcrumb"},"inLanguage":"fr-FR","potentialAction":[{"@type":"ReadAction","target":["https:\/\/www.peterlang.com\/fr\/a-propos\/"]}]},{"@type":"BreadcrumbList","@id":"https:\/\/www.peterlang.com\/fr\/a-propos\/#breadcrumb","itemListElement":[{"@type":"ListItem","position":1,"name":"Home","item":"https:\/\/www.peterlang.com\/fr\/"},{"@type":"ListItem","position":2,"name":"\u00c0 propos"}]},{"@type":"WebSite","@id":"https:\/\/www.peterlang.com\/#website","url":"https:\/\/www.peterlang.com\/","name":"Peter Lang","description":"Peter Lang specializes in the Humanities and Social Sciences, covering the complete publication spectrum from monographs to student textbooks.","potentialAction":[{"@type":"SearchAction","target":{"@type":"EntryPoint","urlTemplate":"https:\/\/www.peterlang.com\/?s={search_term_string}"},"query-input":{"@type":"PropertyValueSpecification","valueRequired":true,"valueName":"search_term_string"}}],"inLanguage":"fr-FR"}]}},"_links":{"self":[{"href":"https:\/\/www.peterlang.com\/fr\/wp-json\/wp\/v2\/pages\/3576","targetHints":{"allow":["GET"]}}],"collection":[{"href":"https:\/\/www.peterlang.com\/fr\/wp-json\/wp\/v2\/pages"}],"about":[{"href":"https:\/\/www.peterlang.com\/fr\/wp-json\/wp\/v2\/types\/page"}],"author":[{"embeddable":true,"href":"https:\/\/www.peterlang.com\/fr\/wp-json\/wp\/v2\/users\/1"}],"replies":[{"embeddable":true,"href":"https:\/\/www.peterlang.com\/fr\/wp-json\/wp\/v2\/comments?post=3576"}],"version-history":[{"count":48,"href":"https:\/\/www.peterlang.com\/fr\/wp-json\/wp\/v2\/pages\/3576\/revisions"}],"predecessor-version":[{"id":56283,"href":"https:\/\/www.peterlang.com\/fr\/wp-json\/wp\/v2\/pages\/3576\/revisions\/56283"}],"wp:attachment":[{"href":"https:\/\/www.peterlang.com\/fr\/wp-json\/wp\/v2\/media?parent=3576"}],"curies":[{"name":"wp","href":"https:\/\/api.w.org\/{rel}","templated":true}]}}