{"id":56171,"date":"2026-02-09T17:10:19","date_gmt":"2026-02-09T17:10:19","guid":{"rendered":"https:\/\/www.peterlang.com\/?page_id=56171"},"modified":"2026-02-26T15:34:17","modified_gmt":"2026-02-26T15:34:17","slug":"declaration-sur-lia","status":"publish","type":"page","link":"https:\/\/www.peterlang.com\/fr\/declaration-sur-lia\/","title":{"rendered":"D\u00e9claration sur l\u2019IA\u00a0\u00a0"},"content":{"rendered":"\n<p><\/p>\n\n\n\n<p><\/p>\n\n\n\n<p><\/p>\n\n\n\n<p><\/p>\n\n\n\n<h1 class=\"wp-block-heading\" id=\"h-declaration-sur-l-ia-nbsp-nbsp\">D\u00e9claration sur l\u2019IA&nbsp;&nbsp;<\/h1>\n\n\n\n<p><\/p>\n\n\n\n<p><\/p>\n\n\n\n<p>Les avanc\u00e9es de la technologie de l\u2019intelligence artificielle (\u00ab <strong>IA <\/strong>\u00bb) transforment la mani\u00e8re dont la recherche est r\u00e9dig\u00e9e, publi\u00e9e et consult\u00e9e. Chez Peter Lang, nous voyons dans cette p\u00e9riode de changement \u00e0 la fois une opportunit\u00e9 et une responsabilit\u00e9. Nous soutenons l\u2019innovation, mais pas au d\u00e9triment de l\u2019int\u00e9grit\u00e9 acad\u00e9mique, de la paternit\u00e9 des \u0153uvres ou des droits de propri\u00e9t\u00e9 intellectuelle, qui sont essentiels pour les auteurs, les \u00e9diteurs et l\u2019industrie cr\u00e9ative.&nbsp;&nbsp;<\/p>\n\n\n\n<h3 class=\"wp-block-heading\" id=\"h-votre-nbsp-responsabilite-nbsp-en-tant-qu-auteur-nbsp-nbsp\">Votre&nbsp;responsabilit\u00e9&nbsp;en tant qu\u2019auteur&nbsp;&nbsp;<\/h3>\n\n\n\n<p>Bien que nous reconnaissions que les outils d\u2019IA peuvent \u00eatre utiles pour la v\u00e9rification linguistique ou certaines t\u00e2ches administratives, nous encourageons les auteurs \u00e0 les utiliser avec prudence et discernement. Ils doivent \u00eatre conscients que les donn\u00e9es saisies et les r\u00e9sultats g\u00e9n\u00e9r\u00e9s par ces technologies peuvent inclure des contenus prot\u00e9g\u00e9s par des droits de propri\u00e9t\u00e9 intellectuelle ou d\u2019autres droits, notamment en mati\u00e8re de respect de la vie priv\u00e9e et de protection des donn\u00e9es. Les auteurs doivent s\u2019assurer de ne pas t\u00e9l\u00e9charger de contenus prot\u00e9g\u00e9s&nbsp;au moyen de&nbsp;ces outils sans autorisation pr\u00e9alable.&nbsp;<\/p>\n\n\n\n<p><\/p>\n\n\n\n<h5 class=\"wp-block-heading\" id=\"h-droits-attribution-et-exactitude-nbsp-nbsp\">Droits, attribution et exactitude&nbsp;&nbsp;<\/h5>\n\n\n\n<p>Les outils d\u2019IA ne peuvent \u00eatre tenus responsables des travaux soumis, et leur utilisation soul\u00e8ve des pr\u00e9occupations en mati\u00e8re d\u2019exactitude et de biais. Dans le domaine de l\u2019\u00e9dition acad\u00e9mique, l\u2019usage de l\u2019IA comporte des risques particuliers, notamment en raison d\u2019une possible r\u00e9utilisation non autoris\u00e9e de contenus (y compris des \u0153uvres prot\u00e9g\u00e9es par le droit d\u2019auteur), de noms de marque (y compris des marques d\u00e9pos\u00e9es), de droits sur les bases de donn\u00e9es, de droits de propri\u00e9t\u00e9 intellectuelle et d\u2019autres droits prot\u00e9g\u00e9s, ainsi que de l\u2019absence d\u2019attribution, en contradiction avec les pratiques acad\u00e9miques standard.&nbsp;&nbsp;<\/p>\n\n\n\n<p>Par cons\u00e9quent, l\u2019\u00e9diteur n\u2019acceptera pas de manuscrits de livres, de chapitres, d\u2019articles de revues ou d\u2019autres travaux \u00e9crits qui auraient \u00e9t\u00e9 r\u00e9dig\u00e9s ou g\u00e9n\u00e9r\u00e9s, en tout ou en partie, par une IA ou un outil fond\u00e9 sur un grand mod\u00e8le de langage (LLM). Cette politique s\u2019applique non seulement aux textes, mais \u00e0 tous les supports, y compris les images. Les auteurs ne doivent pas utiliser d\u2019outils d\u2019IA pour produire ou modifier des figures, illustrations ou autres images destin\u00e9es \u00e0 \u00eatre incluses dans leurs ouvrages ou utilis\u00e9es pour les couvertures.&nbsp;&nbsp;<\/p>\n\n\n\n<p>Les auteurs sont enti\u00e8rement responsables de l\u2019ensemble des travaux soumis \u00e0 l\u2019\u00e9diteur et de la v\u00e9rification de l\u2019exactitude de tous les faits et r\u00e9f\u00e9rences. Ils doivent garantir l\u2019originalit\u00e9, la pr\u00e9cision et l\u2019int\u00e9grit\u00e9 scientifique de leurs travaux. Les contenus g\u00e9n\u00e9r\u00e9s par l\u2019IA ne doivent pas \u00eatre consid\u00e9r\u00e9s, \u00e0 eux seuls, comme des sources faisant autorit\u00e9.&nbsp;&nbsp;<\/p>\n\n\n\n<p><\/p>\n\n\n\n<h5 class=\"wp-block-heading\" id=\"h-transparence-nbsp-nbsp\">Transparence&nbsp;&nbsp;<\/h5>\n\n\n\n<p>Lorsque le travail traite des capacit\u00e9s de l\u2019IA ou n\u00e9cessite son utilisation pour d\u2019autres raisons, tout recours \u00e0 l\u2019IA doit \u00eatre rendu transparent aupr\u00e8s de l\u2019\u00e9diteur et du lecteur par une citation appropri\u00e9e. En toutes circonstances, les auteurs doivent conserver une copie des conditions g\u00e9n\u00e9rales d\u2019utilisation de tout outil d\u2019IA g\u00e9n\u00e9rative employ\u00e9, au cas o\u00f9&nbsp;une l\u2019ajout ult\u00e9rieur&nbsp;d\u2019une r\u00e9f\u00e9rence serait n\u00e9cessaire. \u00c9tant donn\u00e9 que ces conditions peuvent \u00e9voluer, il est recommand\u00e9 de v\u00e9rifier r\u00e9guli\u00e8rement les mises \u00e0 jour. Des lignes directrices pour citer l\u2019IA g\u00e9n\u00e9rative selon les styles APA, MLA et Chicago sont disponibles.&nbsp;&nbsp;<\/p>\n\n\n\n<p>Toute utilisation autoris\u00e9e de ces outils doit \u00eatre clairement et pr\u00e9cis\u00e9ment d\u00e9clar\u00e9e \u00e0 l\u2019\u00e9diteur lors de la soumission d\u2019une proposition ou d\u2019un manuscrit. En tant qu\u2019auteur, vous pouvez \u00eatre tenu de remplacer tout contenu g\u00e9n\u00e9r\u00e9 par l\u2019IA par un contenu produit par un \u00eatre humain si l\u2019\u00e9diteur l\u2019exige.&nbsp;&nbsp;<\/p>\n\n\n\n<p>Les soumissions peuvent \u00eatre refus\u00e9es ou retourn\u00e9es pour modification si elles ne respectent pas cette politique.&nbsp;&nbsp;<\/p>\n\n\n\n<h3 class=\"wp-block-heading\" id=\"h-votre-responsabilite-en-tant-qu-evaluateur-nbsp-nbsp\">Votre responsabilit\u00e9 en tant qu\u2019\u00e9valuateur&nbsp;&nbsp;<\/h3>\n\n\n\n<p>La r\u00e9vision par les pairs est une partie essentielle du processus de publication universitaire et repose sur un jugement scientifique rigoureux, une expertise \u00e9valuative, ainsi que sur l&#8217;interaction humaine et le jugement, que l&#8217;IA ne peut reproduire. Les&nbsp;textes&nbsp;que vous recevez pour r\u00e9vision par les pairs ne doivent pas \u00eatre t\u00e9l\u00e9charg\u00e9s&nbsp;au moyen d\u2019un outil d&#8217;IA, car cela constituerait une violation de la propri\u00e9t\u00e9 intellectuelle et\/ou d&#8217;autres droits prot\u00e9g\u00e9s de l&#8217;auteur&nbsp;ou des auteurs. Nous vous demandons de ne pas utiliser l&#8217;IA g\u00e9n\u00e9rative pour examiner, r\u00e9sumer, cr\u00e9er, r\u00e9diger ou modifier votre rapport, ni de t\u00e9l\u00e9charger tout ou partie d&#8217;un brouillon ou d&#8217;un manuscrit dans un syst\u00e8me d&#8217;IA.<\/p>\n\n\n\n<h3 class=\"wp-block-heading\" id=\"h-notre-responsabilite-en-tant-qu-editeur-nbsp-nbsp\">Notre responsabilit\u00e9 en tant qu\u2019\u00e9diteur&nbsp;&nbsp;<\/h3>\n\n\n\n<p>Peter Lang s\u2019engage \u00e0 fournir des services d\u2019\u00e9dition de haute qualit\u00e9 aux institutions acad\u00e9miques et aux chercheurs, avec une longue tradition de diffusion mondiale de la recherche scientifique. Faciliter la d\u00e9couverte, l\u2019\u00e9change et l\u2019examen critique des travaux acad\u00e9miques \u2014 et ainsi favoriser des d\u00e9bats \u00e9clair\u00e9s qui fa\u00e7onnent notre soci\u00e9t\u00e9 \u2014 est au c\u0153ur de notre mission.&nbsp;&nbsp;<\/p>\n\n\n\n<p>\u00c0 mesure que les modes d\u2019acc\u00e8s, d\u2019analyse et de r\u00e9utilisation des contenus acad\u00e9miques \u00e9voluent, les \u00e9diteurs ont la responsabilit\u00e9 d\u2019interagir de mani\u00e8re r\u00e9fl\u00e9chie avec les technologies \u00e9mergentes. En particulier, l\u2019utilisation croissante des outils d\u2019IA dans tous les aspects de nos vies, de la recherche et de l\u2019enseignement souligne l\u2019importance de veiller \u00e0 ce que ces outils reposent sur des contenus acad\u00e9miques fiables, \u00e9valu\u00e9s par les pairs et issus de sources \u00e9thiques.&nbsp;&nbsp;<\/p>\n\n\n\n<p>Dans un environnement \u00e9ditorial en \u00e9volution, nous cherchons \u00e0 agir dans l\u2019int\u00e9r\u00eat de la communaut\u00e9 acad\u00e9mique dans son ensemble. Afin que les outils utilis\u00e9s par les chercheurs reposent sur une recherche rigoureuse plut\u00f4t que sur des sources non v\u00e9rifi\u00e9es ou peu fiables, Peter Lang envisagera des collaborations avec des partenaires s\u00e9lectionn\u00e9s que nous jugeons durables et favorables \u00e0 la valeur \u00e0 long terme de la recherche acad\u00e9mique. Cela inclut la protection des droits de propri\u00e9t\u00e9 intellectuelle et l\u2019examen de partenariats viables sur le long terme.&nbsp;&nbsp;<\/p>\n\n\n\n<p>Peter Lang continuera d\u2019examiner et d\u2019affiner son approche \u00e0 mesure que les cadres juridiques, les capacit\u00e9s technologiques et les normes acad\u00e9miques \u00e9volueront.<\/p>\n\n\n\n<p><\/p>\n","protected":false},"excerpt":{"rendered":"<p>D\u00e9claration sur l\u2019IA&nbsp;&nbsp; Les avanc\u00e9es de la technologie de l\u2019intelligence artificielle (\u00ab IA \u00bb) transforment la mani\u00e8re dont la recherche est r\u00e9dig\u00e9e, publi\u00e9e et consult\u00e9e. Chez Peter Lang, nous voyons dans cette p\u00e9riode de changement \u00e0 la fois une opportunit\u00e9 et une responsabilit\u00e9. Nous soutenons l\u2019innovation, mais pas au d\u00e9triment de l\u2019int\u00e9grit\u00e9 acad\u00e9mique, de la [&hellip;]<\/p>\n","protected":false},"author":28,"featured_media":0,"parent":0,"menu_order":0,"comment_status":"closed","ping_status":"closed","template":"","meta":{"_acf_changed":false,"content-type":"","footnotes":""},"class_list":["post-56171","page","type-page","status-publish","hentry"],"acf":[],"yoast_head":"<!-- This site is optimized with the Yoast SEO Premium plugin v24.6 (Yoast SEO v24.9) - https:\/\/yoast.com\/wordpress\/plugins\/seo\/ -->\n<title>D\u00e9claration sur l\u2019IA\u00a0\u00a0 - Peter Lang<\/title>\n<meta name=\"robots\" content=\"index, follow, max-snippet:-1, max-image-preview:large, max-video-preview:-1\" \/>\n<link rel=\"canonical\" href=\"https:\/\/www.peterlang.com\/fr\/declaration-sur-lia\/\" \/>\n<meta property=\"og:locale\" content=\"fr_FR\" \/>\n<meta property=\"og:type\" content=\"article\" \/>\n<meta property=\"og:title\" content=\"D\u00e9claration sur l\u2019IA\u00a0\u00a0\" \/>\n<meta property=\"og:description\" content=\"D\u00e9claration sur l\u2019IA&nbsp;&nbsp; Les avanc\u00e9es de la technologie de l\u2019intelligence artificielle (\u00ab IA \u00bb) transforment la mani\u00e8re dont la recherche est r\u00e9dig\u00e9e, publi\u00e9e et consult\u00e9e. Chez Peter Lang, nous voyons dans cette p\u00e9riode de changement \u00e0 la fois une opportunit\u00e9 et une responsabilit\u00e9. Nous soutenons l\u2019innovation, mais pas au d\u00e9triment de l\u2019int\u00e9grit\u00e9 acad\u00e9mique, de la [&hellip;]\" \/>\n<meta property=\"og:url\" content=\"https:\/\/www.peterlang.com\/fr\/declaration-sur-lia\/\" \/>\n<meta property=\"og:site_name\" content=\"Peter Lang\" \/>\n<meta property=\"article:modified_time\" content=\"2026-02-26T15:34:17+00:00\" \/>\n<meta name=\"twitter:card\" content=\"summary_large_image\" \/>\n<meta name=\"twitter:label1\" content=\"Est. reading time\" \/>\n\t<meta name=\"twitter:data1\" content=\"5 minutes\" \/>\n<script type=\"application\/ld+json\" class=\"yoast-schema-graph\">{\"@context\":\"https:\/\/schema.org\",\"@graph\":[{\"@type\":\"WebPage\",\"@id\":\"https:\/\/www.peterlang.com\/fr\/declaration-sur-lia\/\",\"url\":\"https:\/\/www.peterlang.com\/fr\/declaration-sur-lia\/\",\"name\":\"D\u00e9claration sur l\u2019IA\u00a0\u00a0 - Peter Lang\",\"isPartOf\":{\"@id\":\"https:\/\/www.peterlang.com\/#website\"},\"datePublished\":\"2026-02-09T17:10:19+00:00\",\"dateModified\":\"2026-02-26T15:34:17+00:00\",\"breadcrumb\":{\"@id\":\"https:\/\/www.peterlang.com\/fr\/declaration-sur-lia\/#breadcrumb\"},\"inLanguage\":\"fr-FR\",\"potentialAction\":[{\"@type\":\"ReadAction\",\"target\":[\"https:\/\/www.peterlang.com\/fr\/declaration-sur-lia\/\"]}]},{\"@type\":\"BreadcrumbList\",\"@id\":\"https:\/\/www.peterlang.com\/fr\/declaration-sur-lia\/#breadcrumb\",\"itemListElement\":[{\"@type\":\"ListItem\",\"position\":1,\"name\":\"Home\",\"item\":\"https:\/\/www.peterlang.com\/fr\/\"},{\"@type\":\"ListItem\",\"position\":2,\"name\":\"D\u00e9claration sur l\u2019IA\u00a0\u00a0\"}]},{\"@type\":\"WebSite\",\"@id\":\"https:\/\/www.peterlang.com\/#website\",\"url\":\"https:\/\/www.peterlang.com\/\",\"name\":\"Peter Lang\",\"description\":\"Peter Lang specializes in the Humanities and Social Sciences, covering the complete publication spectrum from monographs to student textbooks.\",\"potentialAction\":[{\"@type\":\"SearchAction\",\"target\":{\"@type\":\"EntryPoint\",\"urlTemplate\":\"https:\/\/www.peterlang.com\/?s={search_term_string}\"},\"query-input\":{\"@type\":\"PropertyValueSpecification\",\"valueRequired\":true,\"valueName\":\"search_term_string\"}}],\"inLanguage\":\"fr-FR\"}]}<\/script>\n<!-- \/ Yoast SEO Premium plugin. -->","yoast_head_json":{"title":"D\u00e9claration sur l\u2019IA\u00a0\u00a0 - Peter Lang","robots":{"index":"index","follow":"follow","max-snippet":"max-snippet:-1","max-image-preview":"max-image-preview:large","max-video-preview":"max-video-preview:-1"},"canonical":"https:\/\/www.peterlang.com\/fr\/declaration-sur-lia\/","og_locale":"fr_FR","og_type":"article","og_title":"D\u00e9claration sur l\u2019IA\u00a0\u00a0","og_description":"D\u00e9claration sur l\u2019IA&nbsp;&nbsp; Les avanc\u00e9es de la technologie de l\u2019intelligence artificielle (\u00ab IA \u00bb) transforment la mani\u00e8re dont la recherche est r\u00e9dig\u00e9e, publi\u00e9e et consult\u00e9e. Chez Peter Lang, nous voyons dans cette p\u00e9riode de changement \u00e0 la fois une opportunit\u00e9 et une responsabilit\u00e9. Nous soutenons l\u2019innovation, mais pas au d\u00e9triment de l\u2019int\u00e9grit\u00e9 acad\u00e9mique, de la [&hellip;]","og_url":"https:\/\/www.peterlang.com\/fr\/declaration-sur-lia\/","og_site_name":"Peter Lang","article_modified_time":"2026-02-26T15:34:17+00:00","twitter_card":"summary_large_image","twitter_misc":{"Est. reading time":"5 minutes"},"schema":{"@context":"https:\/\/schema.org","@graph":[{"@type":"WebPage","@id":"https:\/\/www.peterlang.com\/fr\/declaration-sur-lia\/","url":"https:\/\/www.peterlang.com\/fr\/declaration-sur-lia\/","name":"D\u00e9claration sur l\u2019IA\u00a0\u00a0 - Peter Lang","isPartOf":{"@id":"https:\/\/www.peterlang.com\/#website"},"datePublished":"2026-02-09T17:10:19+00:00","dateModified":"2026-02-26T15:34:17+00:00","breadcrumb":{"@id":"https:\/\/www.peterlang.com\/fr\/declaration-sur-lia\/#breadcrumb"},"inLanguage":"fr-FR","potentialAction":[{"@type":"ReadAction","target":["https:\/\/www.peterlang.com\/fr\/declaration-sur-lia\/"]}]},{"@type":"BreadcrumbList","@id":"https:\/\/www.peterlang.com\/fr\/declaration-sur-lia\/#breadcrumb","itemListElement":[{"@type":"ListItem","position":1,"name":"Home","item":"https:\/\/www.peterlang.com\/fr\/"},{"@type":"ListItem","position":2,"name":"D\u00e9claration sur l\u2019IA\u00a0\u00a0"}]},{"@type":"WebSite","@id":"https:\/\/www.peterlang.com\/#website","url":"https:\/\/www.peterlang.com\/","name":"Peter Lang","description":"Peter Lang specializes in the Humanities and Social Sciences, covering the complete publication spectrum from monographs to student textbooks.","potentialAction":[{"@type":"SearchAction","target":{"@type":"EntryPoint","urlTemplate":"https:\/\/www.peterlang.com\/?s={search_term_string}"},"query-input":{"@type":"PropertyValueSpecification","valueRequired":true,"valueName":"search_term_string"}}],"inLanguage":"fr-FR"}]}},"_links":{"self":[{"href":"https:\/\/www.peterlang.com\/fr\/wp-json\/wp\/v2\/pages\/56171","targetHints":{"allow":["GET"]}}],"collection":[{"href":"https:\/\/www.peterlang.com\/fr\/wp-json\/wp\/v2\/pages"}],"about":[{"href":"https:\/\/www.peterlang.com\/fr\/wp-json\/wp\/v2\/types\/page"}],"author":[{"embeddable":true,"href":"https:\/\/www.peterlang.com\/fr\/wp-json\/wp\/v2\/users\/28"}],"replies":[{"embeddable":true,"href":"https:\/\/www.peterlang.com\/fr\/wp-json\/wp\/v2\/comments?post=56171"}],"version-history":[{"count":7,"href":"https:\/\/www.peterlang.com\/fr\/wp-json\/wp\/v2\/pages\/56171\/revisions"}],"predecessor-version":[{"id":56298,"href":"https:\/\/www.peterlang.com\/fr\/wp-json\/wp\/v2\/pages\/56171\/revisions\/56298"}],"wp:attachment":[{"href":"https:\/\/www.peterlang.com\/fr\/wp-json\/wp\/v2\/media?parent=56171"}],"curies":[{"name":"wp","href":"https:\/\/api.w.org\/{rel}","templated":true}]}}